{"id":9960,"date":"2022-02-05T17:47:49","date_gmt":"2022-02-05T16:47:49","guid":{"rendered":"https:\/\/www.auditsi.eu\/?page_id=9960"},"modified":"2022-02-05T17:47:49","modified_gmt":"2022-02-05T16:47:49","slug":"pancakes","status":"publish","type":"page","link":"https:\/\/www.auditsi.eu\/?page_id=9960","title":{"rendered":"Pancakes"},"content":{"rendered":"<p style=\"text-align: justify;\">Recette r\u00e9alis\u00e9e avec le robot <a href=\"https:\/\/www.auditsi.eu\/?page_id=9704\">Companion de Moulinex<\/a> mais facilement r\u00e9alisable avec une casserole et un mixeur plongeant.<\/p>\n<p style=\"text-align: justify;\"><em>Ingr\u00e9dients (pour 4 personnes) :<\/em><\/p>\n<ul>\n<li>250 g farine<\/li>\n<li>30 cl lait demi-\u00e9cr\u00e9m\u00e9<\/li>\n<li>3 oeufs<\/li>\n<li>30 g sucre<\/li>\n<li>1 sachet de levure chimique<\/li>\n<li>Sel<\/li>\n<\/ul>\n<p style=\"text-align: justify;\"><em>Pr\u00e9paration :<\/em><\/p>\n<ul>\n<li>Dans le robot muni du couteau pour p\u00e9trir\/concasser, mettre le lait, les \u0153ufs, le sucre (personnellement, je ne sucre pas, les pancakes \u00e9tant d\u00e9gust\u00e9s avec de la confiture et autres p\u00e2tes \u00e0 tartiner) et le sel. Lancer le programme manuel vitesse 10 pendant 30 secondes.<\/li>\n<li>Lancer le programme manuel vitesse 10 et ajouter la farine et la levure progressivement par l&#8217;orifice du couvercle.<\/li>\n<li>Faire chauffer une po\u00eale l\u00e9g\u00e8rement huil\u00e9e \u00e0 feu vif.<\/li>\n<li>Verser des petits tas de de p\u00e2te lorsque la po\u00eale est bien chaude.<\/li>\n<li>Faire cuire les pancakes 5 minutes en les retournant mi-cuisson. Renouveler l\u2019op\u00e9ration jusqu\u2019\u00e0 \u00e9puisement de la p\u00e2te.<\/li>\n<\/ul>\n<p style=\"text-align: justify;\">Servir chaud et tartiner de confiture ou de p\u00e2te \u00e0 tartiner.<\/p>\n<p style=\"text-align: justify;\">___<\/p>\n<p style=\"text-align: justify;\">Voir les <a href=\"https:\/\/www.auditsi.eu\/?page_id=9689\">autres recettes<\/a>.<\/p>\n<div id=\"sconnect-is-installed\" style=\"display: none;\">2.13.0.0<\/div>\n<div style=\"padding-bottom:20px; padding-top:10px;\" class=\"hupso-share-buttons\"><!-- Hupso Share Buttons - https:\/\/www.hupso.com\/share\/ --><a class=\"hupso_counters\" href=\"https:\/\/www.hupso.com\/share\/\"><img decoding=\"async\" src=\"https:\/\/static.hupso.com\/share\/buttons\/lang\/fr\/share-small.png\" style=\"border:0px; padding-top:2px; float:left;\" alt=\"Share Button\"\/><\/a><script type=\"text\/javascript\">var hupso_services_c=new Array(\"twitter\",\"facebook_like\",\"facebook_send\",\"email\",\"print\",\"linkedin\");var hupso_counters_lang = \"fr_FR\";var hupso_image_folder_url = \"\";var hupso_twitter_via=\"BenoitRiviere14\";var hupso_url_c=\"\";var hupso_title_c=\"Pancakes\";<\/script><script type=\"text\/javascript\" src=\"https:\/\/static.hupso.com\/share\/js\/counters.js\"><\/script><!-- Hupso Share Buttons --><\/div>","protected":false},"excerpt":{"rendered":"<p>Recette r\u00e9alis\u00e9e avec le robot Companion de Moulinex mais facilement r\u00e9alisable avec une casserole et un mixeur plongeant. Ingr\u00e9dients (pour 4 personnes) : 250 g farine 30 cl lait demi-\u00e9cr\u00e9m\u00e9 3 oeufs 30 g sucre 1 sachet de levure chimique Sel Pr\u00e9paration : Dans le robot muni du couteau pour p\u00e9trir\/concasser, mettre le lait, les &#8230;<\/p>\n<p><a href=\"https:\/\/www.auditsi.eu\/?page_id=9960\" class=\"more-link\">Continue reading &lsquo;Pancakes&rsquo; &raquo;<\/a><\/p>\n<div style=\"padding-bottom:20px; padding-top:10px;\" class=\"hupso-share-buttons\"><!-- Hupso Share Buttons - https:\/\/www.hupso.com\/share\/ --><a class=\"hupso_counters\" href=\"https:\/\/www.hupso.com\/share\/\"><img src=\"https:\/\/static.hupso.com\/share\/buttons\/lang\/fr\/share-small.png\" style=\"border:0px; padding-top:2px; float:left;\" alt=\"Share Button\"\/><\/a><script type=\"text\/javascript\">var hupso_services_c=new Array(\"twitter\",\"facebook_like\",\"facebook_send\",\"email\",\"print\",\"linkedin\");var hupso_counters_lang = \"fr_FR\";var hupso_image_folder_url = \"\";var hupso_twitter_via=\"BenoitRiviere14\";var hupso_url_c=\"\";var hupso_title_c=\"Pancakes\";<\/script><script type=\"text\/javascript\" src=\"https:\/\/static.hupso.com\/share\/js\/counters.js\"><\/script><!-- Hupso Share Buttons --><\/div>","protected":false},"author":1,"featured_media":0,"parent":0,"menu_order":0,"comment_status":"closed","ping_status":"closed","template":"","meta":{"advanced_seo_description":"","jetpack_seo_html_title":"","jetpack_seo_noindex":false,"ngg_post_thumbnail":0,"footnotes":"","_links_to":"","_links_to_target":""},"class_list":["post-9960","page","type-page","status-publish","hentry"],"jetpack_sharing_enabled":true,"jetpack_likes_enabled":false,"_links":{"self":[{"href":"https:\/\/www.auditsi.eu\/index.php?rest_route=\/wp\/v2\/pages\/9960","targetHints":{"allow":["GET"]}}],"collection":[{"href":"https:\/\/www.auditsi.eu\/index.php?rest_route=\/wp\/v2\/pages"}],"about":[{"href":"https:\/\/www.auditsi.eu\/index.php?rest_route=\/wp\/v2\/types\/page"}],"author":[{"embeddable":true,"href":"https:\/\/www.auditsi.eu\/index.php?rest_route=\/wp\/v2\/users\/1"}],"replies":[{"embeddable":true,"href":"https:\/\/www.auditsi.eu\/index.php?rest_route=%2Fwp%2Fv2%2Fcomments&post=9960"}],"version-history":[{"count":2,"href":"https:\/\/www.auditsi.eu\/index.php?rest_route=\/wp\/v2\/pages\/9960\/revisions"}],"predecessor-version":[{"id":9963,"href":"https:\/\/www.auditsi.eu\/index.php?rest_route=\/wp\/v2\/pages\/9960\/revisions\/9963"}],"wp:attachment":[{"href":"https:\/\/www.auditsi.eu\/index.php?rest_route=%2Fwp%2Fv2%2Fmedia&parent=9960"}],"curies":[{"name":"wp","href":"https:\/\/api.w.org\/{rel}","templated":true}]}}