{"id":9894,"date":"2022-01-01T18:49:09","date_gmt":"2022-01-01T17:49:09","guid":{"rendered":"https:\/\/www.auditsi.eu\/?page_id=9894"},"modified":"2025-12-25T22:47:16","modified_gmt":"2025-12-25T21:47:16","slug":"equipe-comptable-groupe-mary","status":"publish","type":"page","link":"https:\/\/www.auditsi.eu\/?page_id=9894","title":{"rendered":"Equipe comptable GROUPE MARY"},"content":{"rendered":"<p style=\"text-align: justify;\">Pull de No\u00ebl (d\u00e9cembre 2025) :<\/p>\n<p><img loading=\"lazy\" decoding=\"async\" class=\"aligncenter size-full wp-image-12923\" src=\"https:\/\/www.auditsi.eu\/wp-content\/uploads\/2025\/12\/20251219_150209-Copie.jpg\" alt=\"Pull de No\u00ebl (d\u00e9cembre 2025)\" width=\"1461\" height=\"666\" srcset=\"https:\/\/www.auditsi.eu\/wp-content\/uploads\/2025\/12\/20251219_150209-Copie.jpg 1461w, https:\/\/www.auditsi.eu\/wp-content\/uploads\/2025\/12\/20251219_150209-Copie-300x137.jpg 300w, https:\/\/www.auditsi.eu\/wp-content\/uploads\/2025\/12\/20251219_150209-Copie-1024x467.jpg 1024w, https:\/\/www.auditsi.eu\/wp-content\/uploads\/2025\/12\/20251219_150209-Copie-768x350.jpg 768w, https:\/\/www.auditsi.eu\/wp-content\/uploads\/2025\/12\/20251219_150209-Copie-730x333.jpg 730w\" sizes=\"auto, (max-width: 1461px) 100vw, 1461px\" \/><\/p>\n<p style=\"text-align: justify;\">Belle \u00e9quipe pour une belle cause (Octobre Rose 2025) :<\/p>\n<p><img loading=\"lazy\" decoding=\"async\" class=\"aligncenter size-full wp-image-12870\" src=\"https:\/\/www.auditsi.eu\/wp-content\/uploads\/2025\/10\/Octobre-Rose-2025-1.jpg\" alt=\"Octobre Rose 2025 1\" width=\"1848\" height=\"1014\" srcset=\"https:\/\/www.auditsi.eu\/wp-content\/uploads\/2025\/10\/Octobre-Rose-2025-1.jpg 1848w, https:\/\/www.auditsi.eu\/wp-content\/uploads\/2025\/10\/Octobre-Rose-2025-1-300x165.jpg 300w, https:\/\/www.auditsi.eu\/wp-content\/uploads\/2025\/10\/Octobre-Rose-2025-1-1024x562.jpg 1024w, https:\/\/www.auditsi.eu\/wp-content\/uploads\/2025\/10\/Octobre-Rose-2025-1-768x421.jpg 768w, https:\/\/www.auditsi.eu\/wp-content\/uploads\/2025\/10\/Octobre-Rose-2025-1-1536x843.jpg 1536w, https:\/\/www.auditsi.eu\/wp-content\/uploads\/2025\/10\/Octobre-Rose-2025-1-730x401.jpg 730w\" sizes=\"auto, (max-width: 1848px) 100vw, 1848px\" \/><\/p>\n<p><img loading=\"lazy\" decoding=\"async\" class=\"aligncenter size-full wp-image-12871\" src=\"https:\/\/www.auditsi.eu\/wp-content\/uploads\/2025\/10\/Octobre-Rose-2025-2.jpg\" alt=\"Octobre Rose 2025 2\" width=\"2408\" height=\"776\" srcset=\"https:\/\/www.auditsi.eu\/wp-content\/uploads\/2025\/10\/Octobre-Rose-2025-2.jpg 2408w, https:\/\/www.auditsi.eu\/wp-content\/uploads\/2025\/10\/Octobre-Rose-2025-2-300x97.jpg 300w, https:\/\/www.auditsi.eu\/wp-content\/uploads\/2025\/10\/Octobre-Rose-2025-2-1024x330.jpg 1024w, https:\/\/www.auditsi.eu\/wp-content\/uploads\/2025\/10\/Octobre-Rose-2025-2-768x247.jpg 768w, https:\/\/www.auditsi.eu\/wp-content\/uploads\/2025\/10\/Octobre-Rose-2025-2-1536x495.jpg 1536w, https:\/\/www.auditsi.eu\/wp-content\/uploads\/2025\/10\/Octobre-Rose-2025-2-2048x660.jpg 2048w, https:\/\/www.auditsi.eu\/wp-content\/uploads\/2025\/10\/Octobre-Rose-2025-2-730x235.jpg 730w\" sizes=\"auto, (max-width: 2408px) 100vw, 2408px\" \/><\/p>\n<p style=\"text-align: justify;\">Formation interne \u00e0 l&#8217;utilisation de l&#8217;IA g\u00e9n\u00e9rative et \u00e0 l&#8217;automatisation de t\u00e2ches (septembre 2025) :<\/p>\n<p><img loading=\"lazy\" decoding=\"async\" class=\"aligncenter size-full wp-image-12873\" src=\"https:\/\/www.auditsi.eu\/wp-content\/uploads\/2025\/10\/PHOTO-IA-2025-09-recadree.jpg\" alt=\"PHOTO IA 2025-09 recadr\u00e9e\" width=\"880\" height=\"532\" srcset=\"https:\/\/www.auditsi.eu\/wp-content\/uploads\/2025\/10\/PHOTO-IA-2025-09-recadree.jpg 880w, https:\/\/www.auditsi.eu\/wp-content\/uploads\/2025\/10\/PHOTO-IA-2025-09-recadree-300x181.jpg 300w, https:\/\/www.auditsi.eu\/wp-content\/uploads\/2025\/10\/PHOTO-IA-2025-09-recadree-768x464.jpg 768w, https:\/\/www.auditsi.eu\/wp-content\/uploads\/2025\/10\/PHOTO-IA-2025-09-recadree-730x441.jpg 730w\" sizes=\"auto, (max-width: 880px) 100vw, 880px\" \/><\/p>\n<p style=\"text-align: justify;\">Formation au maniement des extincteurs (mars 2025) :<\/p>\n<p><img loading=\"lazy\" decoding=\"async\" class=\"aligncenter size-full wp-image-12751\" src=\"https:\/\/www.auditsi.eu\/wp-content\/uploads\/2025\/03\/20250317_115123-scaled.jpg\" alt=\"Formation maniement extincteurs\" width=\"2560\" height=\"1920\" srcset=\"https:\/\/www.auditsi.eu\/wp-content\/uploads\/2025\/03\/20250317_115123-scaled.jpg 2560w, https:\/\/www.auditsi.eu\/wp-content\/uploads\/2025\/03\/20250317_115123-300x225.jpg 300w, https:\/\/www.auditsi.eu\/wp-content\/uploads\/2025\/03\/20250317_115123-1024x768.jpg 1024w, https:\/\/www.auditsi.eu\/wp-content\/uploads\/2025\/03\/20250317_115123-768x576.jpg 768w, https:\/\/www.auditsi.eu\/wp-content\/uploads\/2025\/03\/20250317_115123-1536x1152.jpg 1536w, https:\/\/www.auditsi.eu\/wp-content\/uploads\/2025\/03\/20250317_115123-2048x1536.jpg 2048w, https:\/\/www.auditsi.eu\/wp-content\/uploads\/2025\/03\/20250317_115123-730x548.jpg 730w\" sizes=\"auto, (max-width: 2560px) 100vw, 2560px\" \/><\/p>\n<p style=\"text-align: justify;\">Sortie annuelle (janvier 2025) :<\/p>\n<p><img loading=\"lazy\" decoding=\"async\" class=\"aligncenter size-full wp-image-12730\" src=\"https:\/\/www.auditsi.eu\/wp-content\/uploads\/2025\/01\/IMG-20250124-LASER-GAME.jpg\" alt=\"IMG-20250124-LASER GAME\" width=\"1600\" height=\"720\" srcset=\"https:\/\/www.auditsi.eu\/wp-content\/uploads\/2025\/01\/IMG-20250124-LASER-GAME.jpg 1600w, https:\/\/www.auditsi.eu\/wp-content\/uploads\/2025\/01\/IMG-20250124-LASER-GAME-300x135.jpg 300w, https:\/\/www.auditsi.eu\/wp-content\/uploads\/2025\/01\/IMG-20250124-LASER-GAME-1024x461.jpg 1024w, https:\/\/www.auditsi.eu\/wp-content\/uploads\/2025\/01\/IMG-20250124-LASER-GAME-768x346.jpg 768w, https:\/\/www.auditsi.eu\/wp-content\/uploads\/2025\/01\/IMG-20250124-LASER-GAME-1536x691.jpg 1536w, https:\/\/www.auditsi.eu\/wp-content\/uploads\/2025\/01\/IMG-20250124-LASER-GAME-730x329.jpg 730w\" sizes=\"auto, (max-width: 1600px) 100vw, 1600px\" \/><\/p>\n<p style=\"text-align: justify;\">Pull de No\u00ebl (d\u00e9cembre 2024) :<\/p>\n<p><img loading=\"lazy\" decoding=\"async\" class=\"aligncenter size-full wp-image-12661\" src=\"https:\/\/www.auditsi.eu\/wp-content\/uploads\/2024\/12\/Pull-Noel-2024.jpg\" alt=\"Pull No\u00ebl 2024\" width=\"1599\" height=\"775\" srcset=\"https:\/\/www.auditsi.eu\/wp-content\/uploads\/2024\/12\/Pull-Noel-2024.jpg 1599w, https:\/\/www.auditsi.eu\/wp-content\/uploads\/2024\/12\/Pull-Noel-2024-300x145.jpg 300w, https:\/\/www.auditsi.eu\/wp-content\/uploads\/2024\/12\/Pull-Noel-2024-1024x496.jpg 1024w, https:\/\/www.auditsi.eu\/wp-content\/uploads\/2024\/12\/Pull-Noel-2024-768x372.jpg 768w, https:\/\/www.auditsi.eu\/wp-content\/uploads\/2024\/12\/Pull-Noel-2024-1536x744.jpg 1536w, https:\/\/www.auditsi.eu\/wp-content\/uploads\/2024\/12\/Pull-Noel-2024-730x354.jpg 730w\" sizes=\"auto, (max-width: 1599px) 100vw, 1599px\" \/><\/p>\n<p style=\"text-align: justify;\">Pr\u00e9sentation \u00e0 l&#8217;\u00e9quipe comptable des derni\u00e8res actualit\u00e9s du groupe et des d\u00e9fis qui nous attendent dans les ann\u00e9es \u00e0 venir. Les comptables vont devoir se r\u00e9inventer&#8230; Super-Comptable Mary dop\u00e9 \u00e0 la donn\u00e9e et \u00e0 l&#8217;IA et dot\u00e9 d&#8217;yeux laser qui voient tout ! (d\u00e9cembre 2024) :<\/p>\n<p><img loading=\"lazy\" decoding=\"async\" class=\"aligncenter size-full wp-image-12659\" src=\"https:\/\/www.auditsi.eu\/wp-content\/uploads\/2024\/12\/Super-Comptable-Mary.jpg\" alt=\"Super-Comptable Mary\" width=\"1293\" height=\"977\" srcset=\"https:\/\/www.auditsi.eu\/wp-content\/uploads\/2024\/12\/Super-Comptable-Mary.jpg 1293w, https:\/\/www.auditsi.eu\/wp-content\/uploads\/2024\/12\/Super-Comptable-Mary-300x227.jpg 300w, https:\/\/www.auditsi.eu\/wp-content\/uploads\/2024\/12\/Super-Comptable-Mary-1024x774.jpg 1024w, https:\/\/www.auditsi.eu\/wp-content\/uploads\/2024\/12\/Super-Comptable-Mary-768x580.jpg 768w, https:\/\/www.auditsi.eu\/wp-content\/uploads\/2024\/12\/Super-Comptable-Mary-730x552.jpg 730w\" sizes=\"auto, (max-width: 1293px) 100vw, 1293px\" \/><\/p>\n<p><img loading=\"lazy\" decoding=\"async\" class=\"aligncenter size-full wp-image-12680\" src=\"https:\/\/www.auditsi.eu\/wp-content\/uploads\/2025\/01\/IMG-20241217-WA0030-presentation-cpta.jpg\" alt=\"IMG-20241217-WA0030 - pr\u00e9sentation cpta\" width=\"1799\" height=\"1185\" srcset=\"https:\/\/www.auditsi.eu\/wp-content\/uploads\/2025\/01\/IMG-20241217-WA0030-presentation-cpta.jpg 1799w, https:\/\/www.auditsi.eu\/wp-content\/uploads\/2025\/01\/IMG-20241217-WA0030-presentation-cpta-300x198.jpg 300w, https:\/\/www.auditsi.eu\/wp-content\/uploads\/2025\/01\/IMG-20241217-WA0030-presentation-cpta-1024x675.jpg 1024w, https:\/\/www.auditsi.eu\/wp-content\/uploads\/2025\/01\/IMG-20241217-WA0030-presentation-cpta-768x506.jpg 768w, https:\/\/www.auditsi.eu\/wp-content\/uploads\/2025\/01\/IMG-20241217-WA0030-presentation-cpta-1536x1012.jpg 1536w, https:\/\/www.auditsi.eu\/wp-content\/uploads\/2025\/01\/IMG-20241217-WA0030-presentation-cpta-730x481.jpg 730w\" sizes=\"auto, (max-width: 1799px) 100vw, 1799px\" \/><\/p>\n<p style=\"text-align: justify;\">Movember (novembre 2024) :<\/p>\n<p><img loading=\"lazy\" decoding=\"async\" class=\"aligncenter size-full wp-image-12639\" src=\"https:\/\/www.auditsi.eu\/wp-content\/uploads\/2024\/11\/20241126_090946-scaled.jpg\" alt=\"Movember 2024\" width=\"2560\" height=\"1407\" srcset=\"https:\/\/www.auditsi.eu\/wp-content\/uploads\/2024\/11\/20241126_090946-scaled.jpg 2560w, https:\/\/www.auditsi.eu\/wp-content\/uploads\/2024\/11\/20241126_090946-300x165.jpg 300w, https:\/\/www.auditsi.eu\/wp-content\/uploads\/2024\/11\/20241126_090946-1024x563.jpg 1024w, https:\/\/www.auditsi.eu\/wp-content\/uploads\/2024\/11\/20241126_090946-768x422.jpg 768w, https:\/\/www.auditsi.eu\/wp-content\/uploads\/2024\/11\/20241126_090946-1536x844.jpg 1536w, https:\/\/www.auditsi.eu\/wp-content\/uploads\/2024\/11\/20241126_090946-2048x1126.jpg 2048w, https:\/\/www.auditsi.eu\/wp-content\/uploads\/2024\/11\/20241126_090946-730x401.jpg 730w\" sizes=\"auto, (max-width: 2560px) 100vw, 2560px\" \/><\/p>\n<p style=\"text-align: justify;\">Octobre rose (octobre 2024) :<\/p>\n<p style=\"text-align: justify;\"><img loading=\"lazy\" decoding=\"async\" class=\"aligncenter size-full wp-image-12605\" src=\"https:\/\/www.auditsi.eu\/wp-content\/uploads\/2024\/10\/IMG_11201.jpg\" alt=\"Octobre Rose (octobre 2024)\" width=\"800\" height=\"600\" srcset=\"https:\/\/www.auditsi.eu\/wp-content\/uploads\/2024\/10\/IMG_11201.jpg 800w, https:\/\/www.auditsi.eu\/wp-content\/uploads\/2024\/10\/IMG_11201-300x225.jpg 300w, https:\/\/www.auditsi.eu\/wp-content\/uploads\/2024\/10\/IMG_11201-768x576.jpg 768w, https:\/\/www.auditsi.eu\/wp-content\/uploads\/2024\/10\/IMG_11201-730x548.jpg 730w\" sizes=\"auto, (max-width: 800px) 100vw, 800px\" \/><\/p>\n<p style=\"text-align: justify;\">Recrutement de stagiaires au forum des \u00e9tudiants organis\u00e9 par l&#8217;IAE de Caen (octobre 2024) :<\/p>\n<p style=\"text-align: justify;\"><img loading=\"lazy\" decoding=\"async\" class=\"aligncenter size-full wp-image-12604\" src=\"https:\/\/www.auditsi.eu\/wp-content\/uploads\/2024\/10\/Forum-IAE-CAEN-20241001_175705-scaled.jpg\" alt=\"Forum \u00e9tudiants IAE CAEN (octobre 2024)\" width=\"2560\" height=\"1768\" srcset=\"https:\/\/www.auditsi.eu\/wp-content\/uploads\/2024\/10\/Forum-IAE-CAEN-20241001_175705-scaled.jpg 2560w, https:\/\/www.auditsi.eu\/wp-content\/uploads\/2024\/10\/Forum-IAE-CAEN-20241001_175705-300x207.jpg 300w, https:\/\/www.auditsi.eu\/wp-content\/uploads\/2024\/10\/Forum-IAE-CAEN-20241001_175705-1024x707.jpg 1024w, https:\/\/www.auditsi.eu\/wp-content\/uploads\/2024\/10\/Forum-IAE-CAEN-20241001_175705-768x530.jpg 768w, https:\/\/www.auditsi.eu\/wp-content\/uploads\/2024\/10\/Forum-IAE-CAEN-20241001_175705-1536x1061.jpg 1536w, https:\/\/www.auditsi.eu\/wp-content\/uploads\/2024\/10\/Forum-IAE-CAEN-20241001_175705-2048x1414.jpg 2048w, https:\/\/www.auditsi.eu\/wp-content\/uploads\/2024\/10\/Forum-IAE-CAEN-20241001_175705-730x504.jpg 730w\" sizes=\"auto, (max-width: 2560px) 100vw, 2560px\" \/><\/p>\n<p style=\"text-align: justify;\">S\u00e9ance de formation interne \u00e0 l&#8217;analyse de donn\u00e9es et \u00e0 l&#8217;automatisation (ao\u00fbt 2024) :<\/p>\n<p style=\"text-align: justify;\"><img loading=\"lazy\" decoding=\"async\" class=\"aligncenter size-full wp-image-12496\" src=\"https:\/\/www.auditsi.eu\/wp-content\/uploads\/2024\/08\/Formation-analyse-donnees-2024-08-scaled.jpg\" alt=\"Formation analyse donn\u00e9es 2024-08\" width=\"2560\" height=\"1920\" srcset=\"https:\/\/www.auditsi.eu\/wp-content\/uploads\/2024\/08\/Formation-analyse-donnees-2024-08-scaled.jpg 2560w, https:\/\/www.auditsi.eu\/wp-content\/uploads\/2024\/08\/Formation-analyse-donnees-2024-08-300x225.jpg 300w, https:\/\/www.auditsi.eu\/wp-content\/uploads\/2024\/08\/Formation-analyse-donnees-2024-08-1024x768.jpg 1024w, https:\/\/www.auditsi.eu\/wp-content\/uploads\/2024\/08\/Formation-analyse-donnees-2024-08-768x576.jpg 768w, https:\/\/www.auditsi.eu\/wp-content\/uploads\/2024\/08\/Formation-analyse-donnees-2024-08-1536x1152.jpg 1536w, https:\/\/www.auditsi.eu\/wp-content\/uploads\/2024\/08\/Formation-analyse-donnees-2024-08-2048x1536.jpg 2048w, https:\/\/www.auditsi.eu\/wp-content\/uploads\/2024\/08\/Formation-analyse-donnees-2024-08-730x548.jpg 730w\" sizes=\"auto, (max-width: 2560px) 100vw, 2560px\" \/><\/p>\n<p style=\"text-align: justify;\">Journ\u00e9e pull de No\u00ebl (d\u00e9cembre 2023) :<\/p>\n<p><img loading=\"lazy\" decoding=\"async\" class=\"aligncenter size-full wp-image-12509\" src=\"https:\/\/www.auditsi.eu\/wp-content\/uploads\/2024\/08\/Pull-Noel-Compta-2023.jpg\" alt=\"Pull No\u00ebl Compta 2023\" width=\"774\" height=\"546\" srcset=\"https:\/\/www.auditsi.eu\/wp-content\/uploads\/2024\/08\/Pull-Noel-Compta-2023.jpg 774w, https:\/\/www.auditsi.eu\/wp-content\/uploads\/2024\/08\/Pull-Noel-Compta-2023-300x212.jpg 300w, https:\/\/www.auditsi.eu\/wp-content\/uploads\/2024\/08\/Pull-Noel-Compta-2023-768x542.jpg 768w, https:\/\/www.auditsi.eu\/wp-content\/uploads\/2024\/08\/Pull-Noel-Compta-2023-730x515.jpg 730w\" sizes=\"auto, (max-width: 774px) 100vw, 774px\" \/><\/p>\n<p style=\"text-align: justify;\">Recrutement de stagiaires au forum des \u00e9tudiants organis\u00e9 par l&#8217;IAE de Caen (octobre 2022) :<\/p>\n<p><img loading=\"lazy\" decoding=\"async\" class=\"aligncenter size-full wp-image-12530\" src=\"https:\/\/www.auditsi.eu\/wp-content\/uploads\/2024\/08\/52410404456_aab32017f2_k.jpg\" alt=\"Forum \u00e9tudiants IAE Caen 10-2022\" width=\"2048\" height=\"1365\" srcset=\"https:\/\/www.auditsi.eu\/wp-content\/uploads\/2024\/08\/52410404456_aab32017f2_k.jpg 2048w, https:\/\/www.auditsi.eu\/wp-content\/uploads\/2024\/08\/52410404456_aab32017f2_k-300x200.jpg 300w, https:\/\/www.auditsi.eu\/wp-content\/uploads\/2024\/08\/52410404456_aab32017f2_k-1024x683.jpg 1024w, https:\/\/www.auditsi.eu\/wp-content\/uploads\/2024\/08\/52410404456_aab32017f2_k-768x512.jpg 768w, https:\/\/www.auditsi.eu\/wp-content\/uploads\/2024\/08\/52410404456_aab32017f2_k-1536x1024.jpg 1536w, https:\/\/www.auditsi.eu\/wp-content\/uploads\/2024\/08\/52410404456_aab32017f2_k-730x487.jpg 730w\" sizes=\"auto, (max-width: 2048px) 100vw, 2048px\" \/><\/p>\n<p style=\"text-align: justify;\">D\u00e9couverte de la nouvelle 308 (octobre 2021) :<\/p>\n<p><img loading=\"lazy\" decoding=\"async\" class=\"aligncenter size-full wp-image-9895\" src=\"https:\/\/www.auditsi.eu\/wp-content\/uploads\/2022\/01\/Nouvelle-308-2021.jpg\" alt=\"D\u00e9couverte de la nouvelle 308 (octobre 2021)\" width=\"1142\" height=\"548\" srcset=\"https:\/\/www.auditsi.eu\/wp-content\/uploads\/2022\/01\/Nouvelle-308-2021.jpg 1142w, https:\/\/www.auditsi.eu\/wp-content\/uploads\/2022\/01\/Nouvelle-308-2021-300x144.jpg 300w, https:\/\/www.auditsi.eu\/wp-content\/uploads\/2022\/01\/Nouvelle-308-2021-1024x491.jpg 1024w, https:\/\/www.auditsi.eu\/wp-content\/uploads\/2022\/01\/Nouvelle-308-2021-768x369.jpg 768w, https:\/\/www.auditsi.eu\/wp-content\/uploads\/2022\/01\/Nouvelle-308-2021-730x350.jpg 730w\" sizes=\"auto, (max-width: 1142px) 100vw, 1142px\" \/><\/p>\n<p style=\"text-align: justify;\">Journ\u00e9e pulls de No\u00ebl 2021 : l&#8217;\u00e9quipe comptable exceptionnellement au grand complet (ce n\u2019\u00e9tait plus arriv\u00e9 depuis un an et demi avec le Covid et le t\u00e9l\u00e9travail\u2026).<\/p>\n<p><img loading=\"lazy\" decoding=\"async\" class=\"aligncenter size-full wp-image-9896\" src=\"https:\/\/www.auditsi.eu\/wp-content\/uploads\/2022\/01\/Sce-compta-pull-Noel.jpg\" alt=\"Sce compta pull No\u00ebl\" width=\"1543\" height=\"597\" srcset=\"https:\/\/www.auditsi.eu\/wp-content\/uploads\/2022\/01\/Sce-compta-pull-Noel.jpg 1543w, https:\/\/www.auditsi.eu\/wp-content\/uploads\/2022\/01\/Sce-compta-pull-Noel-300x116.jpg 300w, https:\/\/www.auditsi.eu\/wp-content\/uploads\/2022\/01\/Sce-compta-pull-Noel-1024x396.jpg 1024w, https:\/\/www.auditsi.eu\/wp-content\/uploads\/2022\/01\/Sce-compta-pull-Noel-768x297.jpg 768w, https:\/\/www.auditsi.eu\/wp-content\/uploads\/2022\/01\/Sce-compta-pull-Noel-1536x594.jpg 1536w, https:\/\/www.auditsi.eu\/wp-content\/uploads\/2022\/01\/Sce-compta-pull-Noel-730x282.jpg 730w\" sizes=\"auto, (max-width: 1543px) 100vw, 1543px\" \/><\/p>\n<p style=\"text-align: justify;\">Soir\u00e9e simulateur de conduite de formule 1 (janvier 2020) :<\/p>\n<p><img loading=\"lazy\" decoding=\"async\" class=\"aligncenter size-full wp-image-12555\" src=\"https:\/\/www.auditsi.eu\/wp-content\/uploads\/2024\/09\/20200117_191918-scaled.jpg\" alt=\"Soir\u00e9e janvier 2020 (RS SIMULATION)\" width=\"2560\" height=\"1440\" srcset=\"https:\/\/www.auditsi.eu\/wp-content\/uploads\/2024\/09\/20200117_191918-scaled.jpg 2560w, https:\/\/www.auditsi.eu\/wp-content\/uploads\/2024\/09\/20200117_191918-300x169.jpg 300w, https:\/\/www.auditsi.eu\/wp-content\/uploads\/2024\/09\/20200117_191918-1024x576.jpg 1024w, https:\/\/www.auditsi.eu\/wp-content\/uploads\/2024\/09\/20200117_191918-768x432.jpg 768w, https:\/\/www.auditsi.eu\/wp-content\/uploads\/2024\/09\/20200117_191918-1536x864.jpg 1536w, https:\/\/www.auditsi.eu\/wp-content\/uploads\/2024\/09\/20200117_191918-2048x1152.jpg 2048w, https:\/\/www.auditsi.eu\/wp-content\/uploads\/2024\/09\/20200117_191918-730x411.jpg 730w\" sizes=\"auto, (max-width: 2560px) 100vw, 2560px\" \/><\/p>\n<div id=\"sconnect-is-installed\" style=\"display: none;\">2.13.0.0<\/div>\n<div id=\"sconnect-is-installed\" style=\"display: none;\">2.13.0.0<\/div>\n<div id=\"sconnect-is-installed\" style=\"display: none;\">2.13.0.0<\/div>\n<div id=\"sconnect-is-installed\" style=\"display: none;\">2.13.0.0<\/div>\n<div id=\"sconnect-is-installed\" style=\"display: none;\">2.13.0.0<\/div>\n<div id=\"sconnect-is-installed\" style=\"display: none;\">2.13.0.0<\/div>\n<div id=\"sconnect-is-installed\" style=\"display: none;\">2.13.0.0<\/div>\n<div id=\"sconnect-is-installed\" style=\"display: none;\">2.13.0.0<\/div>\n<div id=\"sconnect-is-installed\" style=\"display: none;\">2.13.0.0<\/div>\n<div style=\"padding-bottom:20px; padding-top:10px;\" class=\"hupso-share-buttons\"><!-- Hupso Share Buttons - https:\/\/www.hupso.com\/share\/ --><a class=\"hupso_counters\" href=\"https:\/\/www.hupso.com\/share\/\"><img decoding=\"async\" src=\"https:\/\/static.hupso.com\/share\/buttons\/lang\/fr\/share-small.png\" style=\"border:0px; padding-top:2px; float:left;\" alt=\"Share Button\"\/><\/a><script type=\"text\/javascript\">var hupso_services_c=new Array(\"twitter\",\"facebook_like\",\"facebook_send\",\"email\",\"print\",\"linkedin\");var hupso_counters_lang = \"fr_FR\";var hupso_image_folder_url = \"\";var hupso_twitter_via=\"BenoitRiviere14\";var hupso_url_c=\"\";var hupso_title_c=\"Equipe%20comptable%20GROUPE%20MARY\";<\/script><script type=\"text\/javascript\" src=\"https:\/\/static.hupso.com\/share\/js\/counters.js\"><\/script><!-- Hupso Share Buttons --><\/div>","protected":false},"excerpt":{"rendered":"<p>Pull de No\u00ebl (d\u00e9cembre 2025) : Belle \u00e9quipe pour une belle cause (Octobre Rose 2025) : Formation interne \u00e0 l&#8217;utilisation de l&#8217;IA g\u00e9n\u00e9rative et \u00e0 l&#8217;automatisation de t\u00e2ches (septembre 2025) : Formation au maniement des extincteurs (mars 2025) : Sortie annuelle (janvier 2025) : Pull de No\u00ebl (d\u00e9cembre 2024) : Pr\u00e9sentation \u00e0 l&#8217;\u00e9quipe comptable des &#8230;<\/p>\n<p><a href=\"https:\/\/www.auditsi.eu\/?page_id=9894\" class=\"more-link\">Continue reading &lsquo;Equipe comptable GROUPE MARY&rsquo; &raquo;<\/a><\/p>\n<div style=\"padding-bottom:20px; padding-top:10px;\" class=\"hupso-share-buttons\"><!-- Hupso Share Buttons - https:\/\/www.hupso.com\/share\/ --><a class=\"hupso_counters\" href=\"https:\/\/www.hupso.com\/share\/\"><img src=\"https:\/\/static.hupso.com\/share\/buttons\/lang\/fr\/share-small.png\" style=\"border:0px; padding-top:2px; float:left;\" alt=\"Share Button\"\/><\/a><script type=\"text\/javascript\">var hupso_services_c=new Array(\"twitter\",\"facebook_like\",\"facebook_send\",\"email\",\"print\",\"linkedin\");var hupso_counters_lang = \"fr_FR\";var hupso_image_folder_url = \"\";var hupso_twitter_via=\"BenoitRiviere14\";var hupso_url_c=\"\";var hupso_title_c=\"Equipe%20comptable%20GROUPE%20MARY\";<\/script><script type=\"text\/javascript\" src=\"https:\/\/static.hupso.com\/share\/js\/counters.js\"><\/script><!-- Hupso Share Buttons --><\/div>","protected":false},"author":1,"featured_media":0,"parent":0,"menu_order":0,"comment_status":"closed","ping_status":"closed","template":"","meta":{"advanced_seo_description":"","jetpack_seo_html_title":"","jetpack_seo_noindex":false,"ngg_post_thumbnail":0,"footnotes":"","_links_to":"","_links_to_target":""},"class_list":["post-9894","page","type-page","status-publish","hentry"],"jetpack_sharing_enabled":true,"jetpack_likes_enabled":false,"_links":{"self":[{"href":"https:\/\/www.auditsi.eu\/index.php?rest_route=\/wp\/v2\/pages\/9894","targetHints":{"allow":["GET"]}}],"collection":[{"href":"https:\/\/www.auditsi.eu\/index.php?rest_route=\/wp\/v2\/pages"}],"about":[{"href":"https:\/\/www.auditsi.eu\/index.php?rest_route=\/wp\/v2\/types\/page"}],"author":[{"embeddable":true,"href":"https:\/\/www.auditsi.eu\/index.php?rest_route=\/wp\/v2\/users\/1"}],"replies":[{"embeddable":true,"href":"https:\/\/www.auditsi.eu\/index.php?rest_route=%2Fwp%2Fv2%2Fcomments&post=9894"}],"version-history":[{"count":21,"href":"https:\/\/www.auditsi.eu\/index.php?rest_route=\/wp\/v2\/pages\/9894\/revisions"}],"predecessor-version":[{"id":12924,"href":"https:\/\/www.auditsi.eu\/index.php?rest_route=\/wp\/v2\/pages\/9894\/revisions\/12924"}],"wp:attachment":[{"href":"https:\/\/www.auditsi.eu\/index.php?rest_route=%2Fwp%2Fv2%2Fmedia&parent=9894"}],"curies":[{"name":"wp","href":"https:\/\/api.w.org\/{rel}","templated":true}]}}