{"id":9805,"date":"2021-11-28T23:48:11","date_gmt":"2021-11-28T22:48:11","guid":{"rendered":"https:\/\/www.auditsi.eu\/?page_id=9805"},"modified":"2022-09-17T21:34:40","modified_gmt":"2022-09-17T19:34:40","slug":"domotique","status":"publish","type":"page","link":"https:\/\/www.auditsi.eu\/?page_id=9805","title":{"rendered":"Domotique"},"content":{"rendered":"<p style=\"text-align: justify;\">La domotique est la science de l&#8217;informatisation de la maison, automatisant l&#8217;\u00e9clairage, l&#8217;ouverture des portes de garage et des portails, le d\u00e9clenchement des appareils \u00e9lectrom\u00e9nagers, la s\u00e9curit\u00e9 (alarme&#8230;) et la surveillance (cam\u00e9ra&#8230;)&#8230;<\/p>\n<p><img loading=\"lazy\" decoding=\"async\" class=\"aligncenter size-full wp-image-9809\" src=\"https:\/\/www.auditsi.eu\/wp-content\/uploads\/2021\/11\/Logo-Zigbee.png\" alt=\"Logo Zigbee\" width=\"328\" height=\"328\" srcset=\"https:\/\/www.auditsi.eu\/wp-content\/uploads\/2021\/11\/Logo-Zigbee.png 328w, https:\/\/www.auditsi.eu\/wp-content\/uploads\/2021\/11\/Logo-Zigbee-300x300.png 300w, https:\/\/www.auditsi.eu\/wp-content\/uploads\/2021\/11\/Logo-Zigbee-150x150.png 150w, https:\/\/www.auditsi.eu\/wp-content\/uploads\/2021\/11\/Logo-Zigbee-120x120.png 120w\" sizes=\"auto, (max-width: 328px) 100vw, 328px\" \/><\/p>\n<p style=\"text-align: justify;\">Afin d&#8217;assurer ces diff\u00e9rentes missions, diff\u00e9rents p\u00e9riph\u00e9riques (capteurs de temp\u00e9rature, d&#8217;ouverture de porte&#8230;), ampoules et prises connect\u00e9es&#8230; communiquent ensemble \u00e0 l&#8217;aide d&#8217;une passerelle (sorte de routeur) et d&#8217;une norme de communication. Les liaisons peuvent \u00eatre filaires ou sans fil. Sur les installations r\u00e9centes, le contr\u00f4le des diff\u00e9rents \u00e9quipements s&#8217;effectue \u00e0 l&#8217;aide d&#8217;une application sur smartphones Android ou iPhone. L&#8217;atout majeur \u00e9tant de permettre le contr\u00f4le \u00e0 distance par internet (sous r\u00e9serve que la passerelle soit connect\u00e9e \u00e0 un routeur internet).<\/p>\n<p><img loading=\"lazy\" decoding=\"async\" class=\"aligncenter size-full wp-image-10350\" src=\"https:\/\/www.auditsi.eu\/wp-content\/uploads\/2022\/09\/Schema-connexion-passerelle-Zigbee.png\" alt=\"Sch\u00e9ma connexion passerelle Zigbee\" width=\"847\" height=\"470\" srcset=\"https:\/\/www.auditsi.eu\/wp-content\/uploads\/2022\/09\/Schema-connexion-passerelle-Zigbee.png 847w, https:\/\/www.auditsi.eu\/wp-content\/uploads\/2022\/09\/Schema-connexion-passerelle-Zigbee-300x166.png 300w, https:\/\/www.auditsi.eu\/wp-content\/uploads\/2022\/09\/Schema-connexion-passerelle-Zigbee-768x426.png 768w, https:\/\/www.auditsi.eu\/wp-content\/uploads\/2022\/09\/Schema-connexion-passerelle-Zigbee-730x405.png 730w\" sizes=\"auto, (max-width: 847px) 100vw, 847px\" \/><\/p>\n<p style=\"text-align: justify;\">Parmi les diff\u00e9rentes normes, la <a href=\"https:\/\/csa-iot.org\/\" target=\"_blank\" rel=\"noopener\">norme Zigbee (Connectivity Standards Alliance)<\/a> est l&#8217;une des plus utilis\u00e9es car ouverte. En effet, diff\u00e9rents constructeurs (dont Philips et Ikea pour les plus connus) l&#8217;ont d\u00e9j\u00e0 adopt\u00e9 pour leurs \u00e9quipements avec des degr\u00e9s divers de compatibilit\u00e9.<\/p>\n<p><img loading=\"lazy\" decoding=\"async\" class=\"aligncenter size-full wp-image-9808\" src=\"https:\/\/www.auditsi.eu\/wp-content\/uploads\/2021\/11\/Zigbee-Constructeurs.png\" alt=\"Zigbee - Constructeurs\" width=\"1094\" height=\"384\" srcset=\"https:\/\/www.auditsi.eu\/wp-content\/uploads\/2021\/11\/Zigbee-Constructeurs.png 1094w, https:\/\/www.auditsi.eu\/wp-content\/uploads\/2021\/11\/Zigbee-Constructeurs-300x105.png 300w, https:\/\/www.auditsi.eu\/wp-content\/uploads\/2021\/11\/Zigbee-Constructeurs-1024x359.png 1024w, https:\/\/www.auditsi.eu\/wp-content\/uploads\/2021\/11\/Zigbee-Constructeurs-768x270.png 768w, https:\/\/www.auditsi.eu\/wp-content\/uploads\/2021\/11\/Zigbee-Constructeurs-730x256.png 730w\" sizes=\"auto, (max-width: 1094px) 100vw, 1094px\" \/><\/p>\n<p style=\"text-align: justify;\">Une fois chaque accessoire appair\u00e9 \u00e0 la passerelle, l&#8217;installation domotique est pilot\u00e9e au doigt et \u00e0 l&#8217;oeil \u00e0 l&#8217;aide du smartphone. L&#8217;appariement et les param\u00e9trages s&#8217;effectuent automatiquement de mani\u00e8re totalement transparente pour l&#8217;utilisateur. Diff\u00e9rents sc\u00e9narios sont paramtrables, entre autres exemples :<\/p>\n<ul>\n<li>Allumer la lumi\u00e8re si un capteur de porte est ouvert ;<\/li>\n<li>Envoyer une notification sur le smartphone si un d\u00e9tecteur de pr\u00e9sence per\u00e7oit un intrus ;<\/li>\n<li>Allumer les lumi\u00e8res \u00e0 la tomb\u00e9e de la nuit pendant une heure ;<\/li>\n<li>Allumer le chauffage si la temp\u00e9rature int\u00e9rieure ou ext\u00e9rieure est en baisse&#8230;<\/li>\n<\/ul>\n<p style=\"text-align: justify;\">Les sc\u00e9narios sont infinis&#8230;<\/p>\n<p style=\"text-align: justify;\">Avec son kit de d\u00e9marrage Smart Home \u00e0 moins de 50 \u20ac, <a href=\"https:\/\/www.lidl.fr\/smart-home\" target=\"_blank\" rel=\"noopener\">Lidl<\/a> contribue \u00e0 la d\u00e9mocratisation de la domotique et de la norme Zigbee en proposant toute une gamme \u00e0 un prix abordable et sa propre application, Lidl Home.<\/p>\n<p style=\"text-align: justify;\">Quelques copies d&#8217;\u00e9cran de l&#8217;application Lidl Home :<\/p>\n<ul>\n<li>Quelques exemples d&#8217;accessoires connectables \u00e0 la passerelle domotique : prises, ampoules, d\u00e9tecteurs, capteurs, thermostats&#8230;<\/li>\n<\/ul>\n<p><img loading=\"lazy\" decoding=\"async\" class=\"aligncenter wp-image-9807\" src=\"https:\/\/www.auditsi.eu\/wp-content\/uploads\/2021\/11\/Lidl-Home-Ajouter-appareil-Prises.png\" alt=\"Lidl Home - Ajouter appareil - Prises\" width=\"445\" height=\"791\" srcset=\"https:\/\/www.auditsi.eu\/wp-content\/uploads\/2021\/11\/Lidl-Home-Ajouter-appareil-Prises.png 720w, https:\/\/www.auditsi.eu\/wp-content\/uploads\/2021\/11\/Lidl-Home-Ajouter-appareil-Prises-169x300.png 169w, https:\/\/www.auditsi.eu\/wp-content\/uploads\/2021\/11\/Lidl-Home-Ajouter-appareil-Prises-576x1024.png 576w\" sizes=\"auto, (max-width: 445px) 100vw, 445px\" \/><\/p>\n<p><img loading=\"lazy\" decoding=\"async\" class=\"aligncenter wp-image-9811\" src=\"https:\/\/www.auditsi.eu\/wp-content\/uploads\/2021\/11\/Lidl-Home-Ajouter-appareil-Eclairage.png\" alt=\"Lidl Home - Ajouter appareil - Eclairage\" width=\"435\" height=\"774\" srcset=\"https:\/\/www.auditsi.eu\/wp-content\/uploads\/2021\/11\/Lidl-Home-Ajouter-appareil-Eclairage.png 720w, https:\/\/www.auditsi.eu\/wp-content\/uploads\/2021\/11\/Lidl-Home-Ajouter-appareil-Eclairage-169x300.png 169w, https:\/\/www.auditsi.eu\/wp-content\/uploads\/2021\/11\/Lidl-Home-Ajouter-appareil-Eclairage-576x1024.png 576w\" sizes=\"auto, (max-width: 435px) 100vw, 435px\" \/><\/p>\n<p><img loading=\"lazy\" decoding=\"async\" class=\"aligncenter wp-image-9812\" src=\"https:\/\/www.auditsi.eu\/wp-content\/uploads\/2021\/11\/Lidl-Home-Ajouter-appareil-Capteurs.png\" alt=\"Lidl Home - Ajouter appareil - Capteurs\" width=\"445\" height=\"791\" srcset=\"https:\/\/www.auditsi.eu\/wp-content\/uploads\/2021\/11\/Lidl-Home-Ajouter-appareil-Capteurs.png 720w, https:\/\/www.auditsi.eu\/wp-content\/uploads\/2021\/11\/Lidl-Home-Ajouter-appareil-Capteurs-169x300.png 169w, https:\/\/www.auditsi.eu\/wp-content\/uploads\/2021\/11\/Lidl-Home-Ajouter-appareil-Capteurs-576x1024.png 576w\" sizes=\"auto, (max-width: 445px) 100vw, 445px\" \/><\/p>\n<p><img loading=\"lazy\" decoding=\"async\" class=\"aligncenter wp-image-9813\" src=\"https:\/\/www.auditsi.eu\/wp-content\/uploads\/2021\/11\/Lidl-Home-Ajouter-appareil-Autres.png\" alt=\"Lidl Home - Ajouter appareil - Autres\" width=\"445\" height=\"791\" srcset=\"https:\/\/www.auditsi.eu\/wp-content\/uploads\/2021\/11\/Lidl-Home-Ajouter-appareil-Autres.png 720w, https:\/\/www.auditsi.eu\/wp-content\/uploads\/2021\/11\/Lidl-Home-Ajouter-appareil-Autres-169x300.png 169w, https:\/\/www.auditsi.eu\/wp-content\/uploads\/2021\/11\/Lidl-Home-Ajouter-appareil-Autres-576x1024.png 576w\" sizes=\"auto, (max-width: 445px) 100vw, 445px\" \/><\/p>\n<ul>\n<li>Pilotage du domicile<\/li>\n<\/ul>\n<p><img loading=\"lazy\" decoding=\"async\" class=\"aligncenter wp-image-9814\" src=\"https:\/\/www.auditsi.eu\/wp-content\/uploads\/2021\/11\/Lidl-Home-Pilotage-du-domicile.png\" alt=\"Lidl Home - Pilotage du domicile\" width=\"445\" height=\"791\" srcset=\"https:\/\/www.auditsi.eu\/wp-content\/uploads\/2021\/11\/Lidl-Home-Pilotage-du-domicile.png 720w, https:\/\/www.auditsi.eu\/wp-content\/uploads\/2021\/11\/Lidl-Home-Pilotage-du-domicile-169x300.png 169w, https:\/\/www.auditsi.eu\/wp-content\/uploads\/2021\/11\/Lidl-Home-Pilotage-du-domicile-576x1024.png 576w\" sizes=\"auto, (max-width: 445px) 100vw, 445px\" \/><\/p>\n<ul>\n<li>Sc\u00e9narios d&#8217;automatisation<\/li>\n<\/ul>\n<p><img loading=\"lazy\" decoding=\"async\" class=\"aligncenter wp-image-9815\" src=\"https:\/\/www.auditsi.eu\/wp-content\/uploads\/2021\/11\/Lidl-Home-Automatisation.png\" alt=\"Lidl Home - Automatisation\" width=\"445\" height=\"791\" srcset=\"https:\/\/www.auditsi.eu\/wp-content\/uploads\/2021\/11\/Lidl-Home-Automatisation.png 720w, https:\/\/www.auditsi.eu\/wp-content\/uploads\/2021\/11\/Lidl-Home-Automatisation-169x300.png 169w, https:\/\/www.auditsi.eu\/wp-content\/uploads\/2021\/11\/Lidl-Home-Automatisation-576x1024.png 576w\" sizes=\"auto, (max-width: 445px) 100vw, 445px\" \/><\/p>\n<p style=\"text-align: justify;\">Les produits de la gamme Smart Home ne sont disponibles qu&#8217;\u00e9pisodiquement en magasin au gr\u00e9 des offres en catalogue.<\/p>\n<div id=\"attachment_9806\" style=\"width: 1075px\" class=\"wp-caption aligncenter\"><img loading=\"lazy\" decoding=\"async\" aria-describedby=\"caption-attachment-9806\" class=\"size-full wp-image-9806\" src=\"https:\/\/www.auditsi.eu\/wp-content\/uploads\/2021\/11\/Catalogue-Lidl-Smart-Home-11-2021.jpg\" alt=\"Catalogue Lidl Smart Home (novembre 2021)\" width=\"1065\" height=\"888\" srcset=\"https:\/\/www.auditsi.eu\/wp-content\/uploads\/2021\/11\/Catalogue-Lidl-Smart-Home-11-2021.jpg 1065w, https:\/\/www.auditsi.eu\/wp-content\/uploads\/2021\/11\/Catalogue-Lidl-Smart-Home-11-2021-300x250.jpg 300w, https:\/\/www.auditsi.eu\/wp-content\/uploads\/2021\/11\/Catalogue-Lidl-Smart-Home-11-2021-1024x854.jpg 1024w, https:\/\/www.auditsi.eu\/wp-content\/uploads\/2021\/11\/Catalogue-Lidl-Smart-Home-11-2021-768x640.jpg 768w, https:\/\/www.auditsi.eu\/wp-content\/uploads\/2021\/11\/Catalogue-Lidl-Smart-Home-11-2021-730x609.jpg 730w\" sizes=\"auto, (max-width: 1065px) 100vw, 1065px\" \/><p id=\"caption-attachment-9806\" class=\"wp-caption-text\">Catalogue Lidl Smart Home (novembre 2021)<\/p><\/div>\n<p style=\"text-align: justify;\">La gamme Hue de Philips est une alternative plus on\u00e9reuse mais de qualit\u00e9 :<\/p>\n<div id=\"sconnect-is-installed\" style=\"display: none; text-align: justify;\">2.13.0.0<\/div>\n<div id=\"sconnect-is-installed\" style=\"display: none;\">2.13.0.0<\/div>\n<p><iframe style=\"width: 120px; height: 240px;\" src=\"\/\/ws-eu.amazon-adsystem.com\/widgets\/q?ServiceVersion=20070822&amp;OneJS=1&amp;Operation=GetAdHtml&amp;MarketPlace=FR&amp;source=ac&amp;ref=tf_til&amp;ad_type=product_link&amp;tracking_id=auditsi-21&amp;marketplace=amazon&amp;region=FR&amp;placement=B099NRLRG3&amp;asins=B099NRLRG3&amp;linkId=6c027d6643419cc507cef064e0e48ee9&amp;show_border=false&amp;link_opens_in_new_window=true&amp;price_color=333333&amp;title_color=0066c0&amp;bg_color=ffffff\" marginwidth=\"0\" marginheight=\"0\" scrolling=\"no\" frameborder=\"0\"><br \/>\n<\/iframe><\/p>\n<div id=\"sconnect-is-installed\" style=\"display: none;\">2.13.0.0<\/div>\n<div id=\"sconnect-is-installed\" style=\"display: none;\">2.13.0.0<\/div>\n<div id=\"sconnect-is-installed\" style=\"display: none;\">2.13.0.0<\/div>\n<div id=\"sconnect-is-installed\" style=\"display: none;\">2.13.0.0<\/div>\n<div id=\"sconnect-is-installed\" style=\"display: none;\">2.13.0.0<\/div>\n<div id=\"sconnect-is-installed\" style=\"display: none;\">2.13.0.0<\/div>\n<div style=\"padding-bottom:20px; padding-top:10px;\" class=\"hupso-share-buttons\"><!-- Hupso Share Buttons - https:\/\/www.hupso.com\/share\/ --><a class=\"hupso_counters\" href=\"https:\/\/www.hupso.com\/share\/\"><img decoding=\"async\" src=\"https:\/\/static.hupso.com\/share\/buttons\/lang\/fr\/share-small.png\" style=\"border:0px; padding-top:2px; float:left;\" alt=\"Share Button\"\/><\/a><script type=\"text\/javascript\">var hupso_services_c=new Array(\"twitter\",\"facebook_like\",\"facebook_send\",\"email\",\"print\",\"linkedin\");var hupso_counters_lang = \"fr_FR\";var hupso_image_folder_url = \"\";var hupso_twitter_via=\"BenoitRiviere14\";var hupso_url_c=\"\";var hupso_title_c=\"Domotique\";<\/script><script type=\"text\/javascript\" src=\"https:\/\/static.hupso.com\/share\/js\/counters.js\"><\/script><!-- Hupso Share Buttons --><\/div>","protected":false},"excerpt":{"rendered":"<p>La domotique est la science de l&#8217;informatisation de la maison, automatisant l&#8217;\u00e9clairage, l&#8217;ouverture des portes de garage et des portails, le d\u00e9clenchement des appareils \u00e9lectrom\u00e9nagers, la s\u00e9curit\u00e9 (alarme&#8230;) et la surveillance (cam\u00e9ra&#8230;)&#8230; Afin d&#8217;assurer ces diff\u00e9rentes missions, diff\u00e9rents p\u00e9riph\u00e9riques (capteurs de temp\u00e9rature, d&#8217;ouverture de porte&#8230;), ampoules et prises connect\u00e9es&#8230; communiquent ensemble \u00e0 l&#8217;aide d&#8217;une passerelle &#8230;<\/p>\n<p><a href=\"https:\/\/www.auditsi.eu\/?page_id=9805\" class=\"more-link\">Continue reading &lsquo;Domotique&rsquo; &raquo;<\/a><\/p>\n<div style=\"padding-bottom:20px; padding-top:10px;\" class=\"hupso-share-buttons\"><!-- Hupso Share Buttons - https:\/\/www.hupso.com\/share\/ --><a class=\"hupso_counters\" href=\"https:\/\/www.hupso.com\/share\/\"><img src=\"https:\/\/static.hupso.com\/share\/buttons\/lang\/fr\/share-small.png\" style=\"border:0px; padding-top:2px; float:left;\" alt=\"Share Button\"\/><\/a><script type=\"text\/javascript\">var hupso_services_c=new Array(\"twitter\",\"facebook_like\",\"facebook_send\",\"email\",\"print\",\"linkedin\");var hupso_counters_lang = \"fr_FR\";var hupso_image_folder_url = \"\";var hupso_twitter_via=\"BenoitRiviere14\";var hupso_url_c=\"\";var hupso_title_c=\"Domotique\";<\/script><script type=\"text\/javascript\" src=\"https:\/\/static.hupso.com\/share\/js\/counters.js\"><\/script><!-- Hupso Share Buttons --><\/div>","protected":false},"author":1,"featured_media":0,"parent":0,"menu_order":0,"comment_status":"closed","ping_status":"closed","template":"","meta":{"advanced_seo_description":"","jetpack_seo_html_title":"","jetpack_seo_noindex":false,"ngg_post_thumbnail":0,"footnotes":"","_links_to":"","_links_to_target":""},"class_list":["post-9805","page","type-page","status-publish","hentry"],"jetpack_sharing_enabled":true,"jetpack_likes_enabled":false,"_links":{"self":[{"href":"https:\/\/www.auditsi.eu\/index.php?rest_route=\/wp\/v2\/pages\/9805","targetHints":{"allow":["GET"]}}],"collection":[{"href":"https:\/\/www.auditsi.eu\/index.php?rest_route=\/wp\/v2\/pages"}],"about":[{"href":"https:\/\/www.auditsi.eu\/index.php?rest_route=\/wp\/v2\/types\/page"}],"author":[{"embeddable":true,"href":"https:\/\/www.auditsi.eu\/index.php?rest_route=\/wp\/v2\/users\/1"}],"replies":[{"embeddable":true,"href":"https:\/\/www.auditsi.eu\/index.php?rest_route=%2Fwp%2Fv2%2Fcomments&post=9805"}],"version-history":[{"count":9,"href":"https:\/\/www.auditsi.eu\/index.php?rest_route=\/wp\/v2\/pages\/9805\/revisions"}],"predecessor-version":[{"id":9817,"href":"https:\/\/www.auditsi.eu\/index.php?rest_route=\/wp\/v2\/pages\/9805\/revisions\/9817"}],"wp:attachment":[{"href":"https:\/\/www.auditsi.eu\/index.php?rest_route=%2Fwp%2Fv2%2Fmedia&parent=9805"}],"curies":[{"name":"wp","href":"https:\/\/api.w.org\/{rel}","templated":true}]}}