{"id":9788,"date":"2021-11-28T18:56:08","date_gmt":"2021-11-28T17:56:08","guid":{"rendered":"https:\/\/www.auditsi.eu\/?page_id=9788"},"modified":"2023-03-05T16:01:37","modified_gmt":"2023-03-05T15:01:37","slug":"films","status":"publish","type":"page","link":"https:\/\/www.auditsi.eu\/?page_id=9788","title":{"rendered":"Films"},"content":{"rendered":"<p style=\"text-align: justify;\">Une s\u00e9lection de quelques films parmi mes pr\u00e9f\u00e9r\u00e9s.<\/p>\n<p style=\"text-align: justify;\">Je ne m\u2019\u00e9tendrai pas sur les <strong>Tontons flingueurs<\/strong> (un des chefs-d\u2019\u0153uvre du cin\u00e9ma fran\u00e7ais) ou les <strong>James Bond<\/strong> (ma pr\u00e9f\u00e9rence allant sur la p\u00e9riode Roger Moore et sa touche d\u2019humour <em>so british<\/em>), des classiques du genre ; ni sur <strong>OSS117<\/strong>, <strong>Pulp Fiction<\/strong> ou encore <strong>Kill Bill<\/strong>. Tout a d\u00e9j\u00e0 \u00e9t\u00e9 dit maint fois sur ces productions.<\/p>\n<p><img loading=\"lazy\" decoding=\"async\" class=\"aligncenter size-full wp-image-9791\" src=\"https:\/\/www.auditsi.eu\/wp-content\/uploads\/2021\/11\/Les-Tontons-Flingueurs.jpg\" alt=\"Les Tontons Flingueurs\" width=\"286\" height=\"380\" srcset=\"https:\/\/www.auditsi.eu\/wp-content\/uploads\/2021\/11\/Les-Tontons-Flingueurs.jpg 286w, https:\/\/www.auditsi.eu\/wp-content\/uploads\/2021\/11\/Les-Tontons-Flingueurs-226x300.jpg 226w\" sizes=\"auto, (max-width: 286px) 100vw, 286px\" \/><\/p>\n<p style=\"text-align: justify;\">Je m\u2019attarderai un peu plus sur des perles nettement moins connues comme les Mr Boo (<strong>Mr Boo d\u00e9tective<\/strong> ou <strong>Mr Boo fait de la t\u00e9l\u00e9vision<\/strong>, leur titre original \u00e9tant <em>The Private Eyes<\/em> et <em>The contract<\/em>) des <strong>fr\u00e8res Huy<\/strong>. Ces films du cin\u00e9ma de Hong Kong, que j\u2019ai d\u00e9couverts sur Arte il y a une trentaine d\u2019ann\u00e9es, d\u00e9peignent avec humour la vie de jeunes habitants de l&#8217;ancienne colonie britannique dans les ann\u00e9es 70. Ils tentent de tracer leur route dans une soci\u00e9t\u00e9 o\u00f9 percer dans le monde du travail quand on est sans exp\u00e9rience est difficile. Au d\u00e9tour de gags hilarants, les travers de la soci\u00e9t\u00e9 moderne (l\u2019argent-roi, les in\u00e9galit\u00e9s sociales, le monde de l\u2019entreprise o\u00f9 le patron profite de ses employ\u00e9s&#8230;) sont d\u00e9nonc\u00e9s. Un des personnages invente tout de m\u00eame une t\u00e9l\u00e9 sensitive qui r\u00e9pond au son d&#8217;un claquement de mains. Au passage, on observera que les rues de Hong Kong ont bien chang\u00e9 en quelques dizaines d&#8217;ann\u00e9es, les quartiers traditionnels ont entre temps laiss\u00e9 place aux gratte-ciel.<\/p>\n<p><img loading=\"lazy\" decoding=\"async\" class=\"aligncenter wp-image-9789\" src=\"https:\/\/www.auditsi.eu\/wp-content\/uploads\/2021\/11\/The-Private-Eyes.jpg\" alt=\"The Private Eyes\" width=\"416\" height=\"627\" srcset=\"https:\/\/www.auditsi.eu\/wp-content\/uploads\/2021\/11\/The-Private-Eyes.jpg 900w, https:\/\/www.auditsi.eu\/wp-content\/uploads\/2021\/11\/The-Private-Eyes-199x300.jpg 199w, https:\/\/www.auditsi.eu\/wp-content\/uploads\/2021\/11\/The-Private-Eyes-679x1024.jpg 679w, https:\/\/www.auditsi.eu\/wp-content\/uploads\/2021\/11\/The-Private-Eyes-768x1158.jpg 768w, https:\/\/www.auditsi.eu\/wp-content\/uploads\/2021\/11\/The-Private-Eyes-730x1101.jpg 730w\" sizes=\"auto, (max-width: 416px) 100vw, 416px\" \/><\/p>\n<p style=\"text-align: justify;\">Autre p\u00e9pite d\u00e9couverte \u00e9galement sur Arte, les <strong>Nouilles aux haricots noirs<\/strong> (2009). Ce film sud-cor\u00e9en d\u00e9peint les travers d\u2019une soci\u00e9t\u00e9 dans laquelle deux \u00e2mes en peine tentent, chacune de son cot\u00e9, de trouver sa voie. <strong>Un jeune homme<\/strong> l\u00e2ch\u00e9 par sa fianc\u00e9e, vient de perdre son emploi, est endett\u00e9 jusqu&#8217;au cou et est accul\u00e9 par ses cr\u00e9anciers. Il ne voit comme seule issue que le suicide et se jette d\u2019un pont de S\u00e9oul. Lui qui a rat\u00e9 sa vie, en arrive m\u00eame \u00e0 rater son suicide. Il se retrouve, tel Robinson Cruso\u00e9, prisonnier d\u2019une \u00eele d\u00e9serte au milieu de la capitale sud cor\u00e9enne. Tant bien que mal, il finit par s\u2019organiser une nouvelle vie, \u00e0 se reconstruire un nouvel \u00e9quilibre&#8230; pr\u00e9caire. A quelque enc\u00e2blures de l\u00e0, <strong>une jeune femme<\/strong>, bless\u00e9e dans son corps, est clo\u00eetr\u00e9e dans sa chambre au sommet d\u2019un gratte-ciel d\u2019o\u00f9 elle ne sort jamais. Elle vit par procuration dans un monde virtuel protecteur, en apparence, partag\u00e9e entre son blog sur la mode sur lequel elle s\u2018invente influenceuse mode et ses photos de la vie tr\u00e9pidante de S\u00e9oul prises au t\u00e9l\u00e9objectif. A force de prendre des photos, elle finira par surprendre ce jeune homme gauche qui tente de survivre sur son \u00eele. Elle suivra quelques temps durant ses diff\u00e9rentes aventures oscillant entre espoirs et \u00e9checs. Prenant sur elle finit par sortir de antre pour tenter d&#8217;\u00e9tablir un lien. Il ne se connaissent pas encore mais le destin pourrait bien les aider. Ce film touchant retranscrit une soci\u00e9t\u00e9 moderne et implacable avec les gens qui sortent des standards. L&#8217;\u00e9pilogue essaie de donner une lueur d&#8217;espoir.<\/p>\n<p><img loading=\"lazy\" decoding=\"async\" class=\"aligncenter size-full wp-image-9790\" src=\"https:\/\/www.auditsi.eu\/wp-content\/uploads\/2021\/11\/Nouilles-haricots-noirs.jpg\" alt=\"Nouilles haricots noirs\" width=\"285\" height=\"380\" srcset=\"https:\/\/www.auditsi.eu\/wp-content\/uploads\/2021\/11\/Nouilles-haricots-noirs.jpg 285w, https:\/\/www.auditsi.eu\/wp-content\/uploads\/2021\/11\/Nouilles-haricots-noirs-225x300.jpg 225w\" sizes=\"auto, (max-width: 285px) 100vw, 285px\" \/><\/p>\n<div id=\"sconnect-is-installed\" style=\"display: none; text-align: justify;\">2.13.0.0<\/div>\n<p style=\"text-align: justify;\"><strong>Soleil vert<\/strong> (<em>Soylent Green<\/em>) est un film d&#8217;anticipation sorti en 1973. Une enqu\u00eate pour meurtre a lieu dans un monde apocalyptique. En 2022, la surpopulation et la pollution ont eu raison des \u00e9quilibres \u00e9cologiques. La canicule s\u00e9vit en permanence du fait de l\u2019effet de serre. L&#8217;eau, la faune et la flore se rar\u00e9fient, la nourriture aussi. La population n\u2019a d\u2019autres choix que de manger des aliments de synth\u00e8se fabriqu\u00e9s par la multinationale Soylent Industries. Le Soylent Green (ou Soleil vert) doit r\u00e9soudre le probl\u00e8me de la famine\u2026 Film pr\u00e9monitoire ?<\/p>\n<p><img loading=\"lazy\" decoding=\"async\" class=\"aligncenter size-full wp-image-9967\" src=\"https:\/\/www.auditsi.eu\/wp-content\/uploads\/2022\/02\/SOYLENT-GREEN.jpg\" alt=\"SOYLENT GREEN\" width=\"572\" height=\"897\" srcset=\"https:\/\/www.auditsi.eu\/wp-content\/uploads\/2022\/02\/SOYLENT-GREEN.jpg 572w, https:\/\/www.auditsi.eu\/wp-content\/uploads\/2022\/02\/SOYLENT-GREEN-191x300.jpg 191w\" sizes=\"auto, (max-width: 572px) 100vw, 572px\" \/><\/p>\n<p style=\"text-align: justify;\">Pour finir, un chef d&#8217;oeuvre, s&#8217;il en est. Ce n&#8217;est pas le film dont je suis le plus fier mais il m\u00e9rite d&#8217;\u00eatre cit\u00e9, vu qu&#8217;un des personnages principaux s&#8217;appelle Beno\u00eet RIVIERE. Il s&#8217;intitule <strong>Double z\u00e9ro<\/strong> (ce film a tout du z\u00e9ro mais en double) avec Eric Judor (Beno\u00eet \u00abBen\u00bb Rivi\u00e8re). Je pr\u00e9f\u00e8re largement James Bond mais ce n&#8217;est pas tous les jours que l&#8217;on voit un personnage porter son nom sur grand \u00e9cran ! M\u00eame si je ne suis pas persuad\u00e9 que ce personnage me rende r\u00e9ellement honneur&#8230;<\/p>\n<p><img loading=\"lazy\" decoding=\"async\" class=\"aligncenter size-full wp-image-10878\" src=\"https:\/\/www.auditsi.eu\/wp-content\/uploads\/2023\/01\/Double-Zero.jpg\" alt=\"Double Z\u00e9ro\" width=\"352\" height=\"272\" srcset=\"https:\/\/www.auditsi.eu\/wp-content\/uploads\/2023\/01\/Double-Zero.jpg 352w, https:\/\/www.auditsi.eu\/wp-content\/uploads\/2023\/01\/Double-Zero-300x232.jpg 300w\" sizes=\"auto, (max-width: 352px) 100vw, 352px\" \/><\/p>\n<p style=\"text-align: justify;\">En r\u00e9sum\u00e9 : com\u00e9die, 95 min, sortie : 2004. Tous les services secrets fran\u00e7ais sont en \u00e9tat d&#8217;alerte : un missile de pointe vient d&#8217;\u00eatre d\u00e9rob\u00e9 par une myst\u00e9rieuse organisation. A la DGSE, c&#8217;est la panique. Plusieurs personnages haut plac\u00e9s estiment m\u00eame que des taupes sont infiltr\u00e9es au sein de l&#8217;agence, pourtant r\u00e9put\u00e9e imprenable. Pour redresser la situation, les dirigeants d\u00e9cident de confier cette d\u00e9licate mission \u00e0 deux de leurs agents les plus improbables, Beno\u00eet Rivi\u00e8re et William Le Sauvage. Les deux hommes, persuad\u00e9s d&#8217;\u00eatre des g\u00e9nies de l&#8217;espionnage, sont en r\u00e9alit\u00e9 de lamentables pantins. Pour infiltrer l&#8217;ennemi, dont la base est install\u00e9e en Jama\u00efque, Ben et Will se font passer pour des hommes d&#8217;affaires. Ils ne tardent pas \u00e0 faire la connaissance du \u00abM\u00e2le\u00bb, un douteux personnage&#8230;<\/p>\n<div id=\"sconnect-is-installed\" style=\"display: none;\">2.13.0.0<\/div>\n<div id=\"sconnect-is-installed\" style=\"display: none;\">2.13.0.0<\/div>\n<div id=\"sconnect-is-installed\" style=\"display: none;\">2.13.0.0<\/div>\n<div id=\"sconnect-is-installed\" style=\"display: none;\">2.13.0.0<\/div>\n<div id=\"sconnect-is-installed\" style=\"display: none;\">2.13.0.0<\/div>\n<div id=\"sconnect-is-installed\" style=\"display: none;\">2.13.0.0<\/div>\n<div id=\"sconnect-is-installed\" style=\"display: none;\">2.13.0.0<\/div>\n<div style=\"padding-bottom:20px; padding-top:10px;\" class=\"hupso-share-buttons\"><!-- Hupso Share Buttons - https:\/\/www.hupso.com\/share\/ --><a class=\"hupso_counters\" href=\"https:\/\/www.hupso.com\/share\/\"><img decoding=\"async\" src=\"https:\/\/static.hupso.com\/share\/buttons\/lang\/fr\/share-small.png\" style=\"border:0px; padding-top:2px; float:left;\" alt=\"Share Button\"\/><\/a><script type=\"text\/javascript\">var hupso_services_c=new Array(\"twitter\",\"facebook_like\",\"facebook_send\",\"email\",\"print\",\"linkedin\");var hupso_counters_lang = \"fr_FR\";var hupso_image_folder_url = \"\";var hupso_twitter_via=\"BenoitRiviere14\";var hupso_url_c=\"\";var hupso_title_c=\"Films\";<\/script><script type=\"text\/javascript\" src=\"https:\/\/static.hupso.com\/share\/js\/counters.js\"><\/script><!-- Hupso Share Buttons --><\/div>","protected":false},"excerpt":{"rendered":"<p>Une s\u00e9lection de quelques films parmi mes pr\u00e9f\u00e9r\u00e9s. Je ne m\u2019\u00e9tendrai pas sur les Tontons flingueurs (un des chefs-d\u2019\u0153uvre du cin\u00e9ma fran\u00e7ais) ou les James Bond (ma pr\u00e9f\u00e9rence allant sur la p\u00e9riode Roger Moore et sa touche d\u2019humour so british), des classiques du genre ; ni sur OSS117, Pulp Fiction ou encore Kill Bill. Tout &#8230;<\/p>\n<p><a href=\"https:\/\/www.auditsi.eu\/?page_id=9788\" class=\"more-link\">Continue reading &lsquo;Films&rsquo; &raquo;<\/a><\/p>\n<div style=\"padding-bottom:20px; padding-top:10px;\" class=\"hupso-share-buttons\"><!-- Hupso Share Buttons - https:\/\/www.hupso.com\/share\/ --><a class=\"hupso_counters\" href=\"https:\/\/www.hupso.com\/share\/\"><img src=\"https:\/\/static.hupso.com\/share\/buttons\/lang\/fr\/share-small.png\" style=\"border:0px; padding-top:2px; float:left;\" alt=\"Share Button\"\/><\/a><script type=\"text\/javascript\">var hupso_services_c=new Array(\"twitter\",\"facebook_like\",\"facebook_send\",\"email\",\"print\",\"linkedin\");var hupso_counters_lang = \"fr_FR\";var hupso_image_folder_url = \"\";var hupso_twitter_via=\"BenoitRiviere14\";var hupso_url_c=\"\";var hupso_title_c=\"Films\";<\/script><script type=\"text\/javascript\" src=\"https:\/\/static.hupso.com\/share\/js\/counters.js\"><\/script><!-- Hupso Share Buttons --><\/div>","protected":false},"author":1,"featured_media":0,"parent":0,"menu_order":0,"comment_status":"closed","ping_status":"closed","template":"","meta":{"advanced_seo_description":"","jetpack_seo_html_title":"","jetpack_seo_noindex":false,"ngg_post_thumbnail":0,"footnotes":"","_links_to":"","_links_to_target":""},"class_list":["post-9788","page","type-page","status-publish","hentry"],"jetpack_sharing_enabled":true,"jetpack_likes_enabled":false,"_links":{"self":[{"href":"https:\/\/www.auditsi.eu\/index.php?rest_route=\/wp\/v2\/pages\/9788","targetHints":{"allow":["GET"]}}],"collection":[{"href":"https:\/\/www.auditsi.eu\/index.php?rest_route=\/wp\/v2\/pages"}],"about":[{"href":"https:\/\/www.auditsi.eu\/index.php?rest_route=\/wp\/v2\/types\/page"}],"author":[{"embeddable":true,"href":"https:\/\/www.auditsi.eu\/index.php?rest_route=\/wp\/v2\/users\/1"}],"replies":[{"embeddable":true,"href":"https:\/\/www.auditsi.eu\/index.php?rest_route=%2Fwp%2Fv2%2Fcomments&post=9788"}],"version-history":[{"count":13,"href":"https:\/\/www.auditsi.eu\/index.php?rest_route=\/wp\/v2\/pages\/9788\/revisions"}],"predecessor-version":[{"id":11198,"href":"https:\/\/www.auditsi.eu\/index.php?rest_route=\/wp\/v2\/pages\/9788\/revisions\/11198"}],"wp:attachment":[{"href":"https:\/\/www.auditsi.eu\/index.php?rest_route=%2Fwp%2Fv2%2Fmedia&parent=9788"}],"curies":[{"name":"wp","href":"https:\/\/api.w.org\/{rel}","templated":true}]}}