{"id":9763,"date":"2021-11-21T23:12:07","date_gmt":"2021-11-21T22:12:07","guid":{"rendered":"https:\/\/www.auditsi.eu\/?page_id=9763"},"modified":"2021-11-21T23:12:07","modified_gmt":"2021-11-21T22:12:07","slug":"soupe-de-poireaux","status":"publish","type":"page","link":"https:\/\/www.auditsi.eu\/?page_id=9763","title":{"rendered":"Soupe de poireaux"},"content":{"rendered":"<div class=\"entry-content\">\n<p>Recette r\u00e9alis\u00e9e avec le robot <a href=\"https:\/\/www.auditsi.eu\/?page_id=9704\">Companion de Moulinex<\/a> mais facilement r\u00e9alisable avec une casserole et un mixeur plongeant.<\/p>\n<p><em>Ingr\u00e9dients :<\/em><\/p>\n<ul>\n<li>1 ou 2 poireaux<\/li>\n<li>2 oignons<\/li>\n<li>3 pommes de terre<\/li>\n<li>1 bouillon de l\u00e9gume<\/li>\n<li>2 litres d\u2019eau<\/li>\n<li>Huile d\u2019olive<\/li>\n<\/ul>\n<p><em>Pr\u00e9paration :<\/em><\/p>\n<ul>\n<li>Eplucher et hacher les oignons ; les verser dans la cuve du Companion \u00e9quip\u00e9 du couteau hachoir avec un filet d\u2019huile. Faire revenir les oignons \u00e0 l\u2019aide du programme Mijot\u00e9 P1 (10 minutes).<\/li>\n<li>Nettoyer les poireaux, les couper en rondelles (y compris le vert).<\/li>\n<li>Eplucher les pommes de terre, les laver et les couper en morceaux.<\/li>\n<li>Dans la cuve, ajouter les poireaux, les pommes de terres, le bouillon et l\u2019eau.<\/li>\n<li>Lancer le programme Soupe P1 (40 minutes).<\/li>\n<li>Saler et poivrer.<\/li>\n<\/ul>\n<p>Servir chaud, \u00e9ventuellement avec une cuiller de cr\u00e8me fra\u00eeche.<\/p>\n<p>___<\/p>\n<p>Voir les <a href=\"https:\/\/www.auditsi.eu\/?page_id=9689\">autres recettes<\/a>.<\/p>\n<\/div>\n<div id=\"sconnect-is-installed\" style=\"display: none;\">2.13.0.0<\/div>\n<div style=\"padding-bottom:20px; padding-top:10px;\" class=\"hupso-share-buttons\"><!-- Hupso Share Buttons - https:\/\/www.hupso.com\/share\/ --><a class=\"hupso_counters\" href=\"https:\/\/www.hupso.com\/share\/\"><img decoding=\"async\" src=\"https:\/\/static.hupso.com\/share\/buttons\/lang\/fr\/share-small.png\" style=\"border:0px; padding-top:2px; float:left;\" alt=\"Share Button\"\/><\/a><script type=\"text\/javascript\">var hupso_services_c=new Array(\"twitter\",\"facebook_like\",\"facebook_send\",\"email\",\"print\",\"linkedin\");var hupso_counters_lang = \"fr_FR\";var hupso_image_folder_url = \"\";var hupso_twitter_via=\"BenoitRiviere14\";var hupso_url_c=\"\";var hupso_title_c=\"Soupe%20de%20poireaux\";<\/script><script type=\"text\/javascript\" src=\"https:\/\/static.hupso.com\/share\/js\/counters.js\"><\/script><!-- Hupso Share Buttons --><\/div>","protected":false},"excerpt":{"rendered":"<p>Recette r\u00e9alis\u00e9e avec le robot Companion de Moulinex mais facilement r\u00e9alisable avec une casserole et un mixeur plongeant. Ingr\u00e9dients : 1 ou 2 poireaux 2 oignons 3 pommes de terre 1 bouillon de l\u00e9gume 2 litres d\u2019eau Huile d\u2019olive Pr\u00e9paration : Eplucher et hacher les oignons ; les verser dans la cuve du Companion \u00e9quip\u00e9 &#8230;<\/p>\n<p><a href=\"https:\/\/www.auditsi.eu\/?page_id=9763\" class=\"more-link\">Continue reading &lsquo;Soupe de poireaux&rsquo; &raquo;<\/a><\/p>\n<div style=\"padding-bottom:20px; padding-top:10px;\" class=\"hupso-share-buttons\"><!-- Hupso Share Buttons - https:\/\/www.hupso.com\/share\/ --><a class=\"hupso_counters\" href=\"https:\/\/www.hupso.com\/share\/\"><img src=\"https:\/\/static.hupso.com\/share\/buttons\/lang\/fr\/share-small.png\" style=\"border:0px; padding-top:2px; float:left;\" alt=\"Share Button\"\/><\/a><script type=\"text\/javascript\">var hupso_services_c=new Array(\"twitter\",\"facebook_like\",\"facebook_send\",\"email\",\"print\",\"linkedin\");var hupso_counters_lang = \"fr_FR\";var hupso_image_folder_url = \"\";var hupso_twitter_via=\"BenoitRiviere14\";var hupso_url_c=\"\";var hupso_title_c=\"Soupe%20de%20poireaux\";<\/script><script type=\"text\/javascript\" src=\"https:\/\/static.hupso.com\/share\/js\/counters.js\"><\/script><!-- Hupso Share Buttons --><\/div>","protected":false},"author":1,"featured_media":0,"parent":0,"menu_order":0,"comment_status":"closed","ping_status":"closed","template":"","meta":{"advanced_seo_description":"","jetpack_seo_html_title":"","jetpack_seo_noindex":false,"ngg_post_thumbnail":0,"footnotes":"","_links_to":"","_links_to_target":""},"class_list":["post-9763","page","type-page","status-publish","hentry"],"jetpack_sharing_enabled":true,"jetpack_likes_enabled":false,"_links":{"self":[{"href":"https:\/\/www.auditsi.eu\/index.php?rest_route=\/wp\/v2\/pages\/9763","targetHints":{"allow":["GET"]}}],"collection":[{"href":"https:\/\/www.auditsi.eu\/index.php?rest_route=\/wp\/v2\/pages"}],"about":[{"href":"https:\/\/www.auditsi.eu\/index.php?rest_route=\/wp\/v2\/types\/page"}],"author":[{"embeddable":true,"href":"https:\/\/www.auditsi.eu\/index.php?rest_route=\/wp\/v2\/users\/1"}],"replies":[{"embeddable":true,"href":"https:\/\/www.auditsi.eu\/index.php?rest_route=%2Fwp%2Fv2%2Fcomments&post=9763"}],"version-history":[{"count":1,"href":"https:\/\/www.auditsi.eu\/index.php?rest_route=\/wp\/v2\/pages\/9763\/revisions"}],"predecessor-version":[{"id":9765,"href":"https:\/\/www.auditsi.eu\/index.php?rest_route=\/wp\/v2\/pages\/9763\/revisions\/9765"}],"wp:attachment":[{"href":"https:\/\/www.auditsi.eu\/index.php?rest_route=%2Fwp%2Fv2%2Fmedia&parent=9763"}],"curies":[{"name":"wp","href":"https:\/\/api.w.org\/{rel}","templated":true}]}}