{"id":9710,"date":"2021-11-01T23:37:41","date_gmt":"2021-11-01T22:37:41","guid":{"rendered":"https:\/\/www.auditsi.eu\/?page_id=9710"},"modified":"2021-11-07T13:29:59","modified_gmt":"2021-11-07T12:29:59","slug":"soupe-de-lentilles-corail-au-cumin","status":"publish","type":"page","link":"https:\/\/www.auditsi.eu\/?page_id=9710","title":{"rendered":"Velout\u00e9 de lentilles corail au cumin"},"content":{"rendered":"<p style=\"text-align: justify;\">Recette r\u00e9alis\u00e9e avec le robot <a href=\"https:\/\/www.auditsi.eu\/?page_id=9704\">Companion de Moulinex<\/a> mais facilement r\u00e9alisable avec une casserole et un mixeur plongeant.<\/p>\n<p style=\"text-align: justify;\"><span style=\"text-decoration: underline;\"><em>Ingr\u00e9dients :<\/em><\/span><\/p>\n<ul>\n<li>300 g de lentilles corail<\/li>\n<li>2 oignons<\/li>\n<li>1 cuiller \u00e0 caf\u00e9 de graines de cumin<\/li>\n<li>1 bouquet de coriandre<\/li>\n<li>Tomates pel\u00e9es (350 g)<\/li>\n<li>1 tablette de bouillon de volaille<\/li>\n<li>1,5 litre d&#8217;eau<\/li>\n<li>Huile d&#8217;olive, sel, poivre<\/li>\n<\/ul>\n<p style=\"text-align: justify;\"><em><span style=\"text-decoration: underline;\">Pr\u00e9paration :<\/span><\/em><\/p>\n<ul>\n<li>Eplucher et \u00e9mincer les oignons.<\/li>\n<li>Verser les oignons dans la cuve du Companion \u00e9quip\u00e9 du couteau hachoir Ultrablade avec un filet d&#8217;huile.<\/li>\n<li>Faire revenir cette pr\u00e9paration \u00e0 l&#8217;aide du programme Mijot\u00e9 P1 (vitesse 3, 90\u00b0C, 12 minutes).<\/li>\n<li>Ajouter les tomates pel\u00e9es, les lentilles, la tablette de bouillon de volaille \u00e9miett\u00e9e et l&#8217;eau dans la cuve.<\/li>\n<li>Saler et poivrer.<\/li>\n<li>Lancer le programme Soupe P1 (25 minutes).<\/li>\n<li>Ajouter les feuilles de coriandre cisel\u00e9es et le cumon.<\/li>\n<li>Ajuster l&#8217;assaisonnement.<\/li>\n<\/ul>\n<p style=\"text-align: justify;\">Servir chaud.<\/p>\n<p>___<\/p>\n<p style=\"text-align: justify;\">Voir les <a href=\"https:\/\/www.auditsi.eu\/?page_id=9689\">autres recettes<\/a>.<\/p>\n<div id=\"sconnect-is-installed\" style=\"display: none;\">2.13.0.0<\/div>\n<div id=\"sconnect-is-installed\" style=\"display: none;\">2.13.0.0<\/div>\n<div id=\"sconnect-is-installed\" style=\"display: none;\">2.13.0.0<\/div>\n<div id=\"sconnect-is-installed\" style=\"display: none;\">2.13.0.0<\/div>\n<div id=\"sconnect-is-installed\" style=\"display: none;\">2.13.0.0<\/div>\n<div id=\"sconnect-is-installed\" style=\"display: none;\">2.13.0.0<\/div>\n<div id=\"sconnect-is-installed\" style=\"display: none;\">2.13.0.0<\/div>\n<div style=\"padding-bottom:20px; padding-top:10px;\" class=\"hupso-share-buttons\"><!-- Hupso Share Buttons - https:\/\/www.hupso.com\/share\/ --><a class=\"hupso_counters\" href=\"https:\/\/www.hupso.com\/share\/\"><img decoding=\"async\" src=\"https:\/\/static.hupso.com\/share\/buttons\/lang\/fr\/share-small.png\" style=\"border:0px; padding-top:2px; float:left;\" alt=\"Share Button\"\/><\/a><script type=\"text\/javascript\">var hupso_services_c=new Array(\"twitter\",\"facebook_like\",\"facebook_send\",\"email\",\"print\",\"linkedin\");var hupso_counters_lang = \"fr_FR\";var hupso_image_folder_url = \"\";var hupso_twitter_via=\"BenoitRiviere14\";var hupso_url_c=\"\";var hupso_title_c=\"Velout%C3%A9%20de%20lentilles%20corail%20au%20cumin\";<\/script><script type=\"text\/javascript\" src=\"https:\/\/static.hupso.com\/share\/js\/counters.js\"><\/script><!-- Hupso Share Buttons --><\/div>","protected":false},"excerpt":{"rendered":"<p>Recette r\u00e9alis\u00e9e avec le robot Companion de Moulinex mais facilement r\u00e9alisable avec une casserole et un mixeur plongeant. Ingr\u00e9dients : 300 g de lentilles corail 2 oignons 1 cuiller \u00e0 caf\u00e9 de graines de cumin 1 bouquet de coriandre Tomates pel\u00e9es (350 g) 1 tablette de bouillon de volaille 1,5 litre d&#8217;eau Huile d&#8217;olive, sel, &#8230;<\/p>\n<p><a href=\"https:\/\/www.auditsi.eu\/?page_id=9710\" class=\"more-link\">Continue reading &lsquo;Velout\u00e9 de lentilles corail au cumin&rsquo; &raquo;<\/a><\/p>\n<div style=\"padding-bottom:20px; padding-top:10px;\" class=\"hupso-share-buttons\"><!-- Hupso Share Buttons - https:\/\/www.hupso.com\/share\/ --><a class=\"hupso_counters\" href=\"https:\/\/www.hupso.com\/share\/\"><img src=\"https:\/\/static.hupso.com\/share\/buttons\/lang\/fr\/share-small.png\" style=\"border:0px; padding-top:2px; float:left;\" alt=\"Share Button\"\/><\/a><script type=\"text\/javascript\">var hupso_services_c=new Array(\"twitter\",\"facebook_like\",\"facebook_send\",\"email\",\"print\",\"linkedin\");var hupso_counters_lang = \"fr_FR\";var hupso_image_folder_url = \"\";var hupso_twitter_via=\"BenoitRiviere14\";var hupso_url_c=\"\";var hupso_title_c=\"Velout%C3%A9%20de%20lentilles%20corail%20au%20cumin\";<\/script><script type=\"text\/javascript\" src=\"https:\/\/static.hupso.com\/share\/js\/counters.js\"><\/script><!-- Hupso Share Buttons --><\/div>","protected":false},"author":1,"featured_media":0,"parent":0,"menu_order":0,"comment_status":"closed","ping_status":"closed","template":"","meta":{"advanced_seo_description":"","jetpack_seo_html_title":"","jetpack_seo_noindex":false,"ngg_post_thumbnail":0,"footnotes":"","_links_to":"","_links_to_target":""},"class_list":["post-9710","page","type-page","status-publish","hentry"],"jetpack_sharing_enabled":true,"jetpack_likes_enabled":false,"_links":{"self":[{"href":"https:\/\/www.auditsi.eu\/index.php?rest_route=\/wp\/v2\/pages\/9710","targetHints":{"allow":["GET"]}}],"collection":[{"href":"https:\/\/www.auditsi.eu\/index.php?rest_route=\/wp\/v2\/pages"}],"about":[{"href":"https:\/\/www.auditsi.eu\/index.php?rest_route=\/wp\/v2\/types\/page"}],"author":[{"embeddable":true,"href":"https:\/\/www.auditsi.eu\/index.php?rest_route=\/wp\/v2\/users\/1"}],"replies":[{"embeddable":true,"href":"https:\/\/www.auditsi.eu\/index.php?rest_route=%2Fwp%2Fv2%2Fcomments&post=9710"}],"version-history":[{"count":2,"href":"https:\/\/www.auditsi.eu\/index.php?rest_route=\/wp\/v2\/pages\/9710\/revisions"}],"predecessor-version":[{"id":9724,"href":"https:\/\/www.auditsi.eu\/index.php?rest_route=\/wp\/v2\/pages\/9710\/revisions\/9724"}],"wp:attachment":[{"href":"https:\/\/www.auditsi.eu\/index.php?rest_route=%2Fwp%2Fv2%2Fmedia&parent=9710"}],"curies":[{"name":"wp","href":"https:\/\/api.w.org\/{rel}","templated":true}]}}