{"id":9700,"date":"2021-11-01T20:53:57","date_gmt":"2021-11-01T19:53:57","guid":{"rendered":"https:\/\/www.auditsi.eu\/?page_id=9700"},"modified":"2021-11-21T22:44:16","modified_gmt":"2021-11-21T21:44:16","slug":"soupe-de-tomates","status":"publish","type":"page","link":"https:\/\/www.auditsi.eu\/?page_id=9700","title":{"rendered":"Soupe de tomates"},"content":{"rendered":"<p style=\"text-align: justify;\">Recette r\u00e9alis\u00e9e avec le robot <a href=\"https:\/\/www.auditsi.eu\/?page_id=9704\">Companion de Moulinex<\/a> mais facilement r\u00e9alisable avec une casserole et un mixeur plongeant.<\/p>\n<p style=\"text-align: justify;\"><span style=\"text-decoration: underline;\"><em>Ingr\u00e9dients :<\/em><\/span><\/p>\n<ul>\n<li>1 gros oignon<\/li>\n<li>Carottes (400 g)<\/li>\n<li>6 pommes de terre<\/li>\n<li>Tomates pel\u00e9es (grande bo\u00eete)<\/li>\n<li>3 feuilles de laurier<\/li>\n<li>1,5 litre d&#8217;eau<\/li>\n<li>Huile d&#8217;olive<\/li>\n<\/ul>\n<p style=\"text-align: justify;\"><em><span style=\"text-decoration: underline;\">Pr\u00e9paration :<\/span><\/em><\/p>\n<ul>\n<li>Eplucher les oignons, pommes de terre et carottes.<\/li>\n<li>Hacher les oignons et le persil, couper les carottes en rondelles, couper les pommes de terre en d\u00e9s.<\/li>\n<li>Verser les oignons et le persil dans la cuve du Companion \u00e9quip\u00e9 du couteau hachoir avec un filet d&#8217;huile et les feuilles de laurier.<\/li>\n<li>Faire revenir cette pr\u00e9paration \u00e0 l&#8217;aide du programme Mijot\u00e9 P1 (10 minutes).<\/li>\n<li>Retirer les feuilles de laurier.<\/li>\n<li>Verser les tomates pel\u00e9es, les carottes, les pommes de terre et l&#8217;eau dans la cuve.<\/li>\n<li>Saler et poivrer.<\/li>\n<li>Lancer le programme Soupe P1 (40 minutes).<\/li>\n<li>Ajuster l&#8217;assaisonnement.<\/li>\n<\/ul>\n<p style=\"text-align: justify;\">Servir chaud, \u00e9ventuellement avec une cuiller de cr\u00e8me fra\u00eeche.<\/p>\n<p>___<\/p>\n<p style=\"text-align: justify;\">Voir les <a href=\"https:\/\/www.auditsi.eu\/?page_id=9689\">autres recettes<\/a>.<\/p>\n<div id=\"sconnect-is-installed\" style=\"display: none;\">2.13.0.0<\/div>\n<div id=\"sconnect-is-installed\" style=\"display: none;\">2.13.0.0<\/div>\n<div id=\"sconnect-is-installed\" style=\"display: none;\">2.13.0.0<\/div>\n<div id=\"sconnect-is-installed\" style=\"display: none;\">2.13.0.0<\/div>\n<div id=\"sconnect-is-installed\" style=\"display: none;\">2.13.0.0<\/div>\n<div id=\"sconnect-is-installed\" style=\"display: none;\">2.13.0.0<\/div>\n<div id=\"sconnect-is-installed\" style=\"display: none;\">2.13.0.0<\/div>\n<div style=\"padding-bottom:20px; padding-top:10px;\" class=\"hupso-share-buttons\"><!-- Hupso Share Buttons - https:\/\/www.hupso.com\/share\/ --><a class=\"hupso_counters\" href=\"https:\/\/www.hupso.com\/share\/\"><img decoding=\"async\" src=\"https:\/\/static.hupso.com\/share\/buttons\/lang\/fr\/share-small.png\" style=\"border:0px; padding-top:2px; float:left;\" alt=\"Share Button\"\/><\/a><script type=\"text\/javascript\">var hupso_services_c=new Array(\"twitter\",\"facebook_like\",\"facebook_send\",\"email\",\"print\",\"linkedin\");var hupso_counters_lang = \"fr_FR\";var hupso_image_folder_url = \"\";var hupso_twitter_via=\"BenoitRiviere14\";var hupso_url_c=\"\";var hupso_title_c=\"Soupe%20de%20tomates\";<\/script><script type=\"text\/javascript\" src=\"https:\/\/static.hupso.com\/share\/js\/counters.js\"><\/script><!-- Hupso Share Buttons --><\/div>","protected":false},"excerpt":{"rendered":"<p>Recette r\u00e9alis\u00e9e avec le robot Companion de Moulinex mais facilement r\u00e9alisable avec une casserole et un mixeur plongeant. Ingr\u00e9dients : 1 gros oignon Carottes (400 g) 6 pommes de terre Tomates pel\u00e9es (grande bo\u00eete) 3 feuilles de laurier 1,5 litre d&#8217;eau Huile d&#8217;olive Pr\u00e9paration : Eplucher les oignons, pommes de terre et carottes. Hacher les &#8230;<\/p>\n<p><a href=\"https:\/\/www.auditsi.eu\/?page_id=9700\" class=\"more-link\">Continue reading &lsquo;Soupe de tomates&rsquo; &raquo;<\/a><\/p>\n<div style=\"padding-bottom:20px; padding-top:10px;\" class=\"hupso-share-buttons\"><!-- Hupso Share Buttons - https:\/\/www.hupso.com\/share\/ --><a class=\"hupso_counters\" href=\"https:\/\/www.hupso.com\/share\/\"><img src=\"https:\/\/static.hupso.com\/share\/buttons\/lang\/fr\/share-small.png\" style=\"border:0px; padding-top:2px; float:left;\" alt=\"Share Button\"\/><\/a><script type=\"text\/javascript\">var hupso_services_c=new Array(\"twitter\",\"facebook_like\",\"facebook_send\",\"email\",\"print\",\"linkedin\");var hupso_counters_lang = \"fr_FR\";var hupso_image_folder_url = \"\";var hupso_twitter_via=\"BenoitRiviere14\";var hupso_url_c=\"\";var hupso_title_c=\"Soupe%20de%20tomates\";<\/script><script type=\"text\/javascript\" src=\"https:\/\/static.hupso.com\/share\/js\/counters.js\"><\/script><!-- Hupso Share Buttons --><\/div>","protected":false},"author":1,"featured_media":0,"parent":0,"menu_order":0,"comment_status":"closed","ping_status":"closed","template":"","meta":{"advanced_seo_description":"","jetpack_seo_html_title":"","jetpack_seo_noindex":false,"ngg_post_thumbnail":0,"footnotes":"","_links_to":"","_links_to_target":""},"class_list":["post-9700","page","type-page","status-publish","hentry"],"jetpack_sharing_enabled":true,"jetpack_likes_enabled":false,"_links":{"self":[{"href":"https:\/\/www.auditsi.eu\/index.php?rest_route=\/wp\/v2\/pages\/9700","targetHints":{"allow":["GET"]}}],"collection":[{"href":"https:\/\/www.auditsi.eu\/index.php?rest_route=\/wp\/v2\/pages"}],"about":[{"href":"https:\/\/www.auditsi.eu\/index.php?rest_route=\/wp\/v2\/types\/page"}],"author":[{"embeddable":true,"href":"https:\/\/www.auditsi.eu\/index.php?rest_route=\/wp\/v2\/users\/1"}],"replies":[{"embeddable":true,"href":"https:\/\/www.auditsi.eu\/index.php?rest_route=%2Fwp%2Fv2%2Fcomments&post=9700"}],"version-history":[{"count":4,"href":"https:\/\/www.auditsi.eu\/index.php?rest_route=\/wp\/v2\/pages\/9700\/revisions"}],"predecessor-version":[{"id":9959,"href":"https:\/\/www.auditsi.eu\/index.php?rest_route=\/wp\/v2\/pages\/9700\/revisions\/9959"}],"wp:attachment":[{"href":"https:\/\/www.auditsi.eu\/index.php?rest_route=%2Fwp%2Fv2%2Fmedia&parent=9700"}],"curies":[{"name":"wp","href":"https:\/\/api.w.org\/{rel}","templated":true}]}}