{"id":9689,"date":"2021-11-01T18:38:08","date_gmt":"2021-11-01T17:38:08","guid":{"rendered":"https:\/\/www.auditsi.eu\/?page_id=9689"},"modified":"2025-10-21T20:24:44","modified_gmt":"2025-10-21T18:24:44","slug":"recettes-de-cuisine","status":"publish","type":"page","link":"https:\/\/www.auditsi.eu\/?page_id=9689","title":{"rendered":"Cuisine, gastronomie et art de vivre"},"content":{"rendered":"<p style=\"text-align: justify;\">Sur ces quelques pages, qui sortent des sujets habituellement expos\u00e9s sur ce blog, je vous propose quelques recettes de cuisine simples mais qui sauront, je l&#8217;esp\u00e8re, ravir vos papilles ainsi que quelques bonnes adresses pour (re)d\u00e9couvrir les plaisirs de la gastronomie.<\/p>\n<p style=\"text-align: justify;\">Pour bien commencer la journ\u00e9e, avec une odeur all\u00e9chante de bon matin dans la cuisine, voici une <a href=\"https:\/\/www.auditsi.eu\/?page_id=9960\">recette de pancakes<\/a>.<\/p>\n<p style=\"text-align: justify;\">Histoire de r\u00e9chauffer les soirs d&#8217;hiver, voici quelques recettes de soupes. Je les r\u00e9alise avec mon robot (le <a href=\"https:\/\/www.auditsi.eu\/?page_id=9704\">Companion de Moulinex<\/a>) mais il est tout \u00e0 fait possible de les pr\u00e9parer \u00e0 la casserole et au mixeur.<\/p>\n<p style=\"text-align: justify;\">Recettes de soupes :<\/p>\n<ul>\n<li><a href=\"https:\/\/www.auditsi.eu\/?page_id=9700\">Soupe de tomates<\/a><\/li>\n<li style=\"text-align: justify;\"><a href=\"https:\/\/www.auditsi.eu\/?page_id=9687\">Soupe de pois cass\u00e9s<\/a><\/li>\n<li><a href=\"https:\/\/www.auditsi.eu\/?page_id=9710\">Velout\u00e9 de lentilles corail au cumin<\/a><\/li>\n<li><a href=\"https:\/\/www.auditsi.eu\/?page_id=9763\">Soupe de poireaux<\/a><\/li>\n<\/ul>\n<p style=\"text-align: justify;\">Le foie gras est un produit d&#8217;exception. Le faire soi-m\u00eame est le nec plus ultra&#8230; Voici une <a href=\"https:\/\/www.auditsi.eu\/?page_id=9822\">recette pour r\u00e9ussir son foie gras<\/a> \u00e0 tous les coups.<\/p>\n<p style=\"text-align: justify;\">Cuisiner, c&#8217;est aussi le <strong>plaisir de partager<\/strong> de bonnes choses en famille, entre amis et de pouvoir dire &#8220;c&#8217;est moi qui l&#8217;ai fait !&#8221;.<\/p>\n<p style=\"text-align: justify;\">C&#8217;est aussi <strong>mieux consommer<\/strong> et ma\u00eetriser ce que l&#8217;on mange. Et par exemple, manger moins de sucre avec cette recette de Sp\u00e9culoos ajust\u00e9e ; ces biscuits n&#8217;en sont que meilleurs ;-).<\/p>\n<p><img loading=\"lazy\" decoding=\"async\" class=\"aligncenter size-full wp-image-12876\" src=\"https:\/\/www.auditsi.eu\/wp-content\/uploads\/2025\/10\/Speculoos-recette.jpg\" alt=\"Sp\u00e9culoos recette\" width=\"1487\" height=\"671\" srcset=\"https:\/\/www.auditsi.eu\/wp-content\/uploads\/2025\/10\/Speculoos-recette.jpg 1487w, https:\/\/www.auditsi.eu\/wp-content\/uploads\/2025\/10\/Speculoos-recette-300x135.jpg 300w, https:\/\/www.auditsi.eu\/wp-content\/uploads\/2025\/10\/Speculoos-recette-1024x462.jpg 1024w, https:\/\/www.auditsi.eu\/wp-content\/uploads\/2025\/10\/Speculoos-recette-768x347.jpg 768w, https:\/\/www.auditsi.eu\/wp-content\/uploads\/2025\/10\/Speculoos-recette-730x329.jpg 730w\" sizes=\"auto, (max-width: 1487px) 100vw, 1487px\" \/><\/p>\n<p style=\"text-align: justify;\">La <strong>sobri\u00e9t\u00e9 \u00e9nerg\u00e9tique<\/strong> s&#8217;applique aussi en cuisine. Par exemple avec la <strong>cuisson passive<\/strong>. La Cuisson Passive est un mode alternatif de cuisson des p\u00e2tes qui contribue \u00e0 r\u00e9duire les \u00e9missions de CO\u00b2 jusqu\u2019\u00e0 80 % par rapport \u00e0 la m\u00e9thode traditionnelle (source <a href=\"https:\/\/www.barilla.com\/fr-fr\/cuisson-passive\" target=\"_blank\" rel=\"noopener\">Barilla<\/a>).<\/p>\n<p><img loading=\"lazy\" decoding=\"async\" class=\"aligncenter size-full wp-image-10951\" src=\"https:\/\/www.auditsi.eu\/wp-content\/uploads\/2023\/01\/Cuisson-passive-Barilla.png\" alt=\"Cuisson passive Barilla\" width=\"1130\" height=\"335\" srcset=\"https:\/\/www.auditsi.eu\/wp-content\/uploads\/2023\/01\/Cuisson-passive-Barilla.png 1130w, https:\/\/www.auditsi.eu\/wp-content\/uploads\/2023\/01\/Cuisson-passive-Barilla-300x89.png 300w, https:\/\/www.auditsi.eu\/wp-content\/uploads\/2023\/01\/Cuisson-passive-Barilla-1024x304.png 1024w, https:\/\/www.auditsi.eu\/wp-content\/uploads\/2023\/01\/Cuisson-passive-Barilla-768x228.png 768w, https:\/\/www.auditsi.eu\/wp-content\/uploads\/2023\/01\/Cuisson-passive-Barilla-730x216.png 730w\" sizes=\"auto, (max-width: 1130px) 100vw, 1130px\" \/><\/p>\n<p><img loading=\"lazy\" decoding=\"async\" class=\"aligncenter size-full wp-image-10952\" src=\"https:\/\/www.auditsi.eu\/wp-content\/uploads\/2023\/01\/Guide-temps-de-cuisson-Barilla.jpg\" alt=\"Guide temps de cuisson Barilla\" width=\"800\" height=\"539\" srcset=\"https:\/\/www.auditsi.eu\/wp-content\/uploads\/2023\/01\/Guide-temps-de-cuisson-Barilla.jpg 800w, https:\/\/www.auditsi.eu\/wp-content\/uploads\/2023\/01\/Guide-temps-de-cuisson-Barilla-300x202.jpg 300w, https:\/\/www.auditsi.eu\/wp-content\/uploads\/2023\/01\/Guide-temps-de-cuisson-Barilla-768x517.jpg 768w, https:\/\/www.auditsi.eu\/wp-content\/uploads\/2023\/01\/Guide-temps-de-cuisson-Barilla-730x492.jpg 730w\" sizes=\"auto, (max-width: 800px) 100vw, 800px\" \/><\/p>\n<p style=\"text-align: justify;\">___<\/p>\n<p style=\"text-align: justify;\">Quelques bonnes adresses que je recommande :<\/p>\n<ul>\n<li>Caviste et restaurant <a href=\"http:\/\/www.cavedestontons.com\/\" target=\"_blank\" rel=\"noopener\">La cave des Tontons<\/a> (Fleury sur Orne, 14) avec un d\u00e9cor rappelant le film des <a href=\"https:\/\/www.auditsi.eu\/?page_id=9788\">Tontons flingueurs<\/a> : vins, bi\u00e8res locales, whisky, rhum&#8230;<\/li>\n<li>Restaurant <a href=\"https:\/\/www.pavedauge.com\/\" target=\"_blank\" rel=\"noopener\">Le Pav\u00e9 d&#8217;Auge<\/a> (Beuvron en Auge, 14) : gastronomie normande<\/li>\n<li>Distillerie <a href=\"https:\/\/www.chateau-breuil.com\" target=\"_blank\" rel=\"noopener\">Ch\u00e2teau du Breuil<\/a> (Breuil en Auge, 14) : Calvados, Pommeau, Liqueur au Calvados<\/li>\n<li>Distillerie <a href=\"https:\/\/www.combier.fr\/\" target=\"_blank\" rel=\"noopener\">Combier<\/a> (Saumur, 49) : inventeur du Triple Sec (liqueur issue de la distillation d&#8217;\u00e9corces d&#8217;orange)<\/li>\n<li>Vigneron et g\u00eete <a href=\"https:\/\/domaine-du-boyer.business.site\/\">Domaine du Boyer<\/a> (Pomport, 24, \u00e0 deux pas de Monbazillac) : vins de Bergerac et Monbazillac \u00e0 d\u00e9couvrir bien frais les chaudes soir\u00e9es d&#8217;\u00e9t\u00e9 ; tr\u00e8s bon accueil, g\u00eete au calme avec piscine au milieu des vignes<\/li>\n<li>Tisanes, confitures, miels et autres produits locaux issus d&#8217;une agriculture bio ou raisonn\u00e9e. Echanges passionnants avec des gens engag\u00e9s pour la pr\u00e9servation de la nature :\n<ul>\n<li><a href=\"https:\/\/www.facebook.com\/lordessimples\/\" target=\"_blank\" rel=\"noopener\">L&#8217;Or des Simples<\/a> (15 La Courcelle 87290 Rancon) : vente de nombreux produits issus du jardin botanique (herbes, tisanes&#8230;)<\/li>\n<li>Au jardin d&#8217;H\u00e9l\u00e8ne (Ancienne Gare, 02120 Proisy)<\/li>\n<li><a href=\"https:\/\/www.lejardinroy.fr\/\" target=\"_blank\" rel=\"noopener\">Jardin Roy<\/a> (1 rue des \u00e9coles, 02140 Haution) : tisanes, gel\u00e9es, sirops (rose, lilas&#8230;)&#8230;<\/li>\n<\/ul>\n<\/li>\n<\/ul>\n<p style=\"text-align: justify;\">___<\/p>\n<p style=\"text-align: justify;\">Montres de fabrication fran\u00e7aise (24 heures, automatiques&#8230;) chez <a href=\"https:\/\/vasco.watch\/\" target=\"_blank\" rel=\"noopener\">VASCO WATCH<\/a>.<\/p>\n<div id=\"sconnect-is-installed\" style=\"display: none; text-align: justify;\">2.13.0.0<\/div>\n<div id=\"sconnect-is-installed\" style=\"display: none;\">2.13.0.0<\/div>\n<div id=\"sconnect-is-installed\" style=\"display: none;\">2.13.0.0<\/div>\n<div id=\"sconnect-is-installed\" style=\"display: none;\">2.13.0.0<\/div>\n<div id=\"sconnect-is-installed\" style=\"display: none;\">2.13.0.0<\/div>\n<div id=\"sconnect-is-installed\" style=\"display: none;\">2.13.0.0<\/div>\n<div id=\"sconnect-is-installed\" style=\"display: none;\">2.13.0.0<\/div>\n<div id=\"sconnect-is-installed\" style=\"display: none;\">2.13.0.0<\/div>\n<div id=\"sconnect-is-installed\" style=\"display: none;\">2.13.0.0<\/div>\n<div id=\"sconnect-is-installed\" style=\"display: none;\">2.13.0.0<\/div>\n<div id=\"sconnect-is-installed\" style=\"display: none;\">2.13.0.0<\/div>\n<div id=\"sconnect-is-installed\" style=\"display: none;\">2.13.0.0<\/div>\n<div id=\"sconnect-is-installed\" style=\"display: none;\">2.13.0.0<\/div>\n<div id=\"sconnect-is-installed\" style=\"display: none;\">2.13.0.0<\/div>\n<div id=\"sconnect-is-installed\" style=\"display: none;\">2.13.0.0<\/div>\n<div id=\"sconnect-is-installed\" style=\"display: none;\">2.13.0.0<\/div>\n<div id=\"sconnect-is-installed\" style=\"display: none;\">2.13.0.0<\/div>\n<div id=\"sconnect-is-installed\" style=\"display: none;\">2.13.0.0<\/div>\n<div id=\"sconnect-is-installed\" style=\"display: none;\">2.13.0.0<\/div>\n<div id=\"sconnect-is-installed\" style=\"display: none;\">2.13.0.0<\/div>\n<div id=\"sconnect-is-installed\" style=\"display: none;\">2.13.0.0<\/div>\n<div id=\"sconnect-is-installed\" style=\"display: none;\">2.13.0.0<\/div>\n<div style=\"padding-bottom:20px; padding-top:10px;\" class=\"hupso-share-buttons\"><!-- Hupso Share Buttons - https:\/\/www.hupso.com\/share\/ --><a class=\"hupso_counters\" href=\"https:\/\/www.hupso.com\/share\/\"><img decoding=\"async\" src=\"https:\/\/static.hupso.com\/share\/buttons\/lang\/fr\/share-small.png\" style=\"border:0px; padding-top:2px; float:left;\" alt=\"Share Button\"\/><\/a><script type=\"text\/javascript\">var hupso_services_c=new Array(\"twitter\",\"facebook_like\",\"facebook_send\",\"email\",\"print\",\"linkedin\");var hupso_counters_lang = \"fr_FR\";var hupso_image_folder_url = \"\";var hupso_twitter_via=\"BenoitRiviere14\";var hupso_url_c=\"\";var hupso_title_c=\"Cuisine%2C%20gastronomie%20et%20art%20de%20vivre\";<\/script><script type=\"text\/javascript\" src=\"https:\/\/static.hupso.com\/share\/js\/counters.js\"><\/script><!-- Hupso Share Buttons --><\/div>","protected":false},"excerpt":{"rendered":"<p>Sur ces quelques pages, qui sortent des sujets habituellement expos\u00e9s sur ce blog, je vous propose quelques recettes de cuisine simples mais qui sauront, je l&#8217;esp\u00e8re, ravir vos papilles ainsi que quelques bonnes adresses pour (re)d\u00e9couvrir les plaisirs de la gastronomie. Pour bien commencer la journ\u00e9e, avec une odeur all\u00e9chante de bon matin dans la &#8230;<\/p>\n<p><a href=\"https:\/\/www.auditsi.eu\/?page_id=9689\" class=\"more-link\">Continue reading &lsquo;Cuisine, gastronomie et art de vivre&rsquo; &raquo;<\/a><\/p>\n<div style=\"padding-bottom:20px; padding-top:10px;\" class=\"hupso-share-buttons\"><!-- Hupso Share Buttons - https:\/\/www.hupso.com\/share\/ --><a class=\"hupso_counters\" href=\"https:\/\/www.hupso.com\/share\/\"><img src=\"https:\/\/static.hupso.com\/share\/buttons\/lang\/fr\/share-small.png\" style=\"border:0px; padding-top:2px; float:left;\" alt=\"Share Button\"\/><\/a><script type=\"text\/javascript\">var hupso_services_c=new Array(\"twitter\",\"facebook_like\",\"facebook_send\",\"email\",\"print\",\"linkedin\");var hupso_counters_lang = \"fr_FR\";var hupso_image_folder_url = \"\";var hupso_twitter_via=\"BenoitRiviere14\";var hupso_url_c=\"\";var hupso_title_c=\"Cuisine%2C%20gastronomie%20et%20art%20de%20vivre\";<\/script><script type=\"text\/javascript\" src=\"https:\/\/static.hupso.com\/share\/js\/counters.js\"><\/script><!-- Hupso Share Buttons --><\/div>","protected":false},"author":1,"featured_media":0,"parent":0,"menu_order":0,"comment_status":"closed","ping_status":"closed","template":"","meta":{"advanced_seo_description":"","jetpack_seo_html_title":"","jetpack_seo_noindex":false,"ngg_post_thumbnail":0,"footnotes":"","_links_to":"","_links_to_target":""},"class_list":["post-9689","page","type-page","status-publish","hentry"],"jetpack_sharing_enabled":true,"jetpack_likes_enabled":false,"_links":{"self":[{"href":"https:\/\/www.auditsi.eu\/index.php?rest_route=\/wp\/v2\/pages\/9689","targetHints":{"allow":["GET"]}}],"collection":[{"href":"https:\/\/www.auditsi.eu\/index.php?rest_route=\/wp\/v2\/pages"}],"about":[{"href":"https:\/\/www.auditsi.eu\/index.php?rest_route=\/wp\/v2\/types\/page"}],"author":[{"embeddable":true,"href":"https:\/\/www.auditsi.eu\/index.php?rest_route=\/wp\/v2\/users\/1"}],"replies":[{"embeddable":true,"href":"https:\/\/www.auditsi.eu\/index.php?rest_route=%2Fwp%2Fv2%2Fcomments&post=9689"}],"version-history":[{"count":25,"href":"https:\/\/www.auditsi.eu\/index.php?rest_route=\/wp\/v2\/pages\/9689\/revisions"}],"predecessor-version":[{"id":12878,"href":"https:\/\/www.auditsi.eu\/index.php?rest_route=\/wp\/v2\/pages\/9689\/revisions\/12878"}],"wp:attachment":[{"href":"https:\/\/www.auditsi.eu\/index.php?rest_route=%2Fwp%2Fv2%2Fmedia&parent=9689"}],"curies":[{"name":"wp","href":"https:\/\/api.w.org\/{rel}","templated":true}]}}