{"id":9687,"date":"2021-11-01T18:36:35","date_gmt":"2021-11-01T17:36:35","guid":{"rendered":"https:\/\/www.auditsi.eu\/?page_id=9687"},"modified":"2021-11-01T23:22:15","modified_gmt":"2021-11-01T22:22:15","slug":"soupe-de-pois-casses","status":"publish","type":"page","link":"https:\/\/www.auditsi.eu\/?page_id=9687","title":{"rendered":"Soupe de pois cass\u00e9s"},"content":{"rendered":"<p style=\"text-align: justify;\">Recette r\u00e9alis\u00e9e avec le robot <a href=\"https:\/\/www.auditsi.eu\/?page_id=9704\">Companion de Moulinex<\/a> mais facilement r\u00e9alisable avec une casserole et un mixeur plongeant.<\/p>\n<p style=\"text-align: justify;\"><span style=\"text-decoration: underline;\"><em>Ingr\u00e9dients :<\/em><\/span><\/p>\n<ul>\n<li>300 g de pois cass\u00e9s<\/li>\n<li>3 carottes<\/li>\n<li>2 oignons<\/li>\n<li>1 gousse d&#8217;ail<\/li>\n<li>Persil<\/li>\n<li>3 feuilles de laurier<\/li>\n<li>1,5 litre d&#8217;eau<\/li>\n<\/ul>\n<p style=\"text-align: justify;\"><em><span style=\"text-decoration: underline;\">Pr\u00e9paration :<\/span><\/em><\/p>\n<ul>\n<li>Hacher les oignons et le persil, \u00e9mincer les gousses d&#8217;ail, couper les carottes en rondelles.<\/li>\n<li>Verser le tout dans la cuve du Companion \u00e9quip\u00e9 du couteau hachoir avec une cuiller d&#8217;huile et les feuilles de laurier.<\/li>\n<li>Saler et poivrer.<\/li>\n<li>Faire revenir cette pr\u00e9paration \u00e0 l&#8217;aide du programme Mijot\u00e9 P1 (10 minutes).<\/li>\n<li>Retirer les feuilles de laurier.<\/li>\n<li>Verser les pois cass\u00e9s et l&#8217;eau dans la cuve et lancer le programme Soupe P1 (60 minutes).<\/li>\n<li>Ajuster l&#8217;assaisonnement.<\/li>\n<\/ul>\n<p style=\"text-align: justify;\">Servir chaud, \u00e9ventuellement avec une cuiller de cr\u00e8me fra\u00eeche.<\/p>\n<p>___<\/p>\n<p style=\"text-align: justify;\">Voir les <a href=\"https:\/\/www.auditsi.eu\/?page_id=9689\">autres recettes<\/a>.<\/p>\n<div id=\"sconnect-is-installed\" style=\"display: none;\">2.13.0.0<\/div>\n<div id=\"sconnect-is-installed\" style=\"display: none;\">2.13.0.0<\/div>\n<div id=\"sconnect-is-installed\" style=\"display: none;\">2.13.0.0<\/div>\n<div id=\"sconnect-is-installed\" style=\"display: none;\">2.13.0.0<\/div>\n<div id=\"sconnect-is-installed\" style=\"display: none;\">2.13.0.0<\/div>\n<div style=\"padding-bottom:20px; padding-top:10px;\" class=\"hupso-share-buttons\"><!-- Hupso Share Buttons - https:\/\/www.hupso.com\/share\/ --><a class=\"hupso_counters\" href=\"https:\/\/www.hupso.com\/share\/\"><img decoding=\"async\" src=\"https:\/\/static.hupso.com\/share\/buttons\/lang\/fr\/share-small.png\" style=\"border:0px; padding-top:2px; float:left;\" alt=\"Share Button\"\/><\/a><script type=\"text\/javascript\">var hupso_services_c=new Array(\"twitter\",\"facebook_like\",\"facebook_send\",\"email\",\"print\",\"linkedin\");var hupso_counters_lang = \"fr_FR\";var hupso_image_folder_url = \"\";var hupso_twitter_via=\"BenoitRiviere14\";var hupso_url_c=\"\";var hupso_title_c=\"Soupe%20de%20pois%20cass%C3%A9s\";<\/script><script type=\"text\/javascript\" src=\"https:\/\/static.hupso.com\/share\/js\/counters.js\"><\/script><!-- Hupso Share Buttons --><\/div>","protected":false},"excerpt":{"rendered":"<p>Recette r\u00e9alis\u00e9e avec le robot Companion de Moulinex mais facilement r\u00e9alisable avec une casserole et un mixeur plongeant. Ingr\u00e9dients : 300 g de pois cass\u00e9s 3 carottes 2 oignons 1 gousse d&#8217;ail Persil 3 feuilles de laurier 1,5 litre d&#8217;eau Pr\u00e9paration : Hacher les oignons et le persil, \u00e9mincer les gousses d&#8217;ail, couper les carottes &#8230;<\/p>\n<p><a href=\"https:\/\/www.auditsi.eu\/?page_id=9687\" class=\"more-link\">Continue reading &lsquo;Soupe de pois cass\u00e9s&rsquo; &raquo;<\/a><\/p>\n<div style=\"padding-bottom:20px; padding-top:10px;\" class=\"hupso-share-buttons\"><!-- Hupso Share Buttons - https:\/\/www.hupso.com\/share\/ --><a class=\"hupso_counters\" href=\"https:\/\/www.hupso.com\/share\/\"><img src=\"https:\/\/static.hupso.com\/share\/buttons\/lang\/fr\/share-small.png\" style=\"border:0px; padding-top:2px; float:left;\" alt=\"Share Button\"\/><\/a><script type=\"text\/javascript\">var hupso_services_c=new Array(\"twitter\",\"facebook_like\",\"facebook_send\",\"email\",\"print\",\"linkedin\");var hupso_counters_lang = \"fr_FR\";var hupso_image_folder_url = \"\";var hupso_twitter_via=\"BenoitRiviere14\";var hupso_url_c=\"\";var hupso_title_c=\"Soupe%20de%20pois%20cass%C3%A9s\";<\/script><script type=\"text\/javascript\" src=\"https:\/\/static.hupso.com\/share\/js\/counters.js\"><\/script><!-- Hupso Share Buttons --><\/div>","protected":false},"author":1,"featured_media":0,"parent":0,"menu_order":0,"comment_status":"closed","ping_status":"closed","template":"","meta":{"advanced_seo_description":"","jetpack_seo_html_title":"","jetpack_seo_noindex":false,"ngg_post_thumbnail":0,"footnotes":"","_links_to":"","_links_to_target":""},"class_list":["post-9687","page","type-page","status-publish","hentry"],"jetpack_sharing_enabled":true,"jetpack_likes_enabled":false,"_links":{"self":[{"href":"https:\/\/www.auditsi.eu\/index.php?rest_route=\/wp\/v2\/pages\/9687","targetHints":{"allow":["GET"]}}],"collection":[{"href":"https:\/\/www.auditsi.eu\/index.php?rest_route=\/wp\/v2\/pages"}],"about":[{"href":"https:\/\/www.auditsi.eu\/index.php?rest_route=\/wp\/v2\/types\/page"}],"author":[{"embeddable":true,"href":"https:\/\/www.auditsi.eu\/index.php?rest_route=\/wp\/v2\/users\/1"}],"replies":[{"embeddable":true,"href":"https:\/\/www.auditsi.eu\/index.php?rest_route=%2Fwp%2Fv2%2Fcomments&post=9687"}],"version-history":[{"count":8,"href":"https:\/\/www.auditsi.eu\/index.php?rest_route=\/wp\/v2\/pages\/9687\/revisions"}],"predecessor-version":[{"id":9711,"href":"https:\/\/www.auditsi.eu\/index.php?rest_route=\/wp\/v2\/pages\/9687\/revisions\/9711"}],"wp:attachment":[{"href":"https:\/\/www.auditsi.eu\/index.php?rest_route=%2Fwp%2Fv2%2Fmedia&parent=9687"}],"curies":[{"name":"wp","href":"https:\/\/api.w.org\/{rel}","templated":true}]}}