{"id":9306,"date":"2020-10-21T00:38:23","date_gmt":"2020-10-20T22:38:23","guid":{"rendered":"https:\/\/www.auditsi.eu\/?page_id=9306"},"modified":"2020-10-21T17:00:14","modified_gmt":"2020-10-21T15:00:14","slug":"telecharger-la-base-des-entreprises-francaises-base-officielle-sirene","status":"publish","type":"page","link":"https:\/\/www.auditsi.eu\/?page_id=9306","title":{"rendered":"T\u00e9l\u00e9charger la base des entreprises fran\u00e7aises (base officielle SIRENE)"},"content":{"rendered":"<p style=\"text-align: justify;\">La loi pour une R\u00e9publique num\u00e9rique (Loi n\u00b0 2016-1321 du 7 octobre 2016) a ouvert les bases de donn\u00e9es SIRENE (principe de l&#8217;<em>open data<\/em>) \u00e0 partir de janvier 2017.<\/p>\n<p style=\"text-align: justify;\">Le site <a href=\"https:\/\/www.sirene.fr\/sirene\/public\/static\/acces-donnees\">SIRENE<\/a> (g\u00e9r\u00e9 par l&#8217;INSEE) propose plusieurs bases de donn\u00e9es en t\u00e9l\u00e9chargement int\u00e9gral regroupant les donn\u00e9es des millions d&#8217;entreprises fran\u00e7aises (SIREN) et de leurs \u00e9tablissements (SIRET). Depuis 1973, SIRENE a enregistr\u00e9 vingt millions d&#8217;entreprises et 28 millions d&#8217;\u00e9tablissements.<\/p>\n<p><a href=\"https:\/\/www.auditsi.eu\/?attachment_id=9314\" rel=\"attachment wp-att-9314\"><img loading=\"lazy\" decoding=\"async\" class=\"aligncenter size-full wp-image-9314\" src=\"https:\/\/www.auditsi.eu\/wp-content\/uploads\/2020\/10\/Logo-INSEE.png\" alt=\"Logo INSEE\" width=\"336\" height=\"407\" srcset=\"https:\/\/www.auditsi.eu\/wp-content\/uploads\/2020\/10\/Logo-INSEE.png 336w, https:\/\/www.auditsi.eu\/wp-content\/uploads\/2020\/10\/Logo-INSEE-248x300.png 248w\" sizes=\"auto, (max-width: 336px) 100vw, 336px\" \/><\/a><\/p>\n<p style=\"text-align: justify;\">Les donn\u00e9es propos\u00e9es en libre t\u00e9l\u00e9chargement ci-apr\u00e8s sont extraites du fichier &#8220;StockUniteLegale&#8221; qui d\u00e9taille les informations SIREN (d\u00e9nomination sociale, NIC, date de cr\u00e9ation, date de cessation&#8230;) des entreprises (unit\u00e9s l\u00e9gales) qu&#8217;elles soient en activit\u00e9 ou bien radi\u00e9es. Elles sont utiles pour valider l&#8217;existence d&#8217;entreprises (num\u00e9ros SIREN) et la coh\u00e9rence des donn\u00e9es comprises dans une base clients ou fournisseurs (\u00e0 l&#8217;image d&#8217;un des objectifs poursuivis par <a href=\"https:\/\/www.auditsi.eu\/?page_id=8535\">PADoCC_Ecritures<\/a>).<\/p>\n<p style=\"text-align: justify;\">La version disponible au 1er octobre 2020 du fichier &#8220;StockUniteLegale&#8221; p\u00e8se 651 Mo compress\u00e9s et 2.7 Go une fois d\u00e9compress\u00e9e ; autant dire que ce fichier est impossible \u00e0 ouvrir dans Excel ou Access.<\/p>\n<p style=\"text-align: justify;\">Les donn\u00e9es fournies ci-apr\u00e8s reprennent strictement les donn\u00e9es propos\u00e9es par le site <a href=\"https:\/\/www.sirene.fr\/sirene\/public\/static\/acces-donnees\">SIRENE<\/a> sans aucune autre modification que le d\u00e9coupage en tron\u00e7ons de 800 mille lignes. Ce d\u00e9coupage n&#8217;a d&#8217;autres int\u00e9r\u00eats que de permettre l&#8217;utilisation de ces bases avec Excel (feuilles de travail limit\u00e9es \u00e0 un million de lignes) ou Access (taille des bases de donn\u00e9es limit\u00e9e 2 Go).<\/p>\n<p style=\"text-align: justify;\"><strong>Ces donn\u00e9es \u00e0 jour au 1\/10\/2020<\/strong>.<\/p>\n<p style=\"text-align: justify;\">Ces fichiers peuvent \u00eatre <a href=\"https:\/\/www.auditsi.eu\/?p=6374\">ouverts dans Excel<\/a> (\u00e9ventuellement avec une <a href=\"https:\/\/www.auditsi.eu\/?p=6443\">macro VBA<\/a>) ou <a href=\"https:\/\/www.auditsi.eu\/?p=8228\">import\u00e9s dans une table Access<\/a>.<\/p>\n<p>Les champs de donn\u00e9es des fichiers sont d\u00e9taill\u00e9s dans la documentation accessible <a href=\"https:\/\/www.auditsi.eu\/?p=9312\">ici<\/a>.<\/p>\n<p>___<\/p>\n<p style=\"text-align: justify;\">SIRENE en deux mots :<\/p>\n<p style=\"text-align: justify;\">Institu\u00e9 par les articles R. 123-220 \u00e0 R. 123-234 du code de commerce, le R\u00e9pertoire National d\u2019identification des entreprises et des \u00e9tablissements concerne les unit\u00e9s implant\u00e9es en m\u00e9tropole, dans les DOM et dans les collectivit\u00e9s d&#8217;Outre-Mer de Saint-Pierre-et-Miquelon, Saint-Barth\u00e9l\u00e9my et Saint-Martin. La gestion de ce r\u00e9pertoire est confi\u00e9e \u00e0 l\u2019<a href=\"https:\/\/www.insee.fr\/fr\/accueil\" target=\"_blank\" rel=\"noopener noreferrer\">INSEE<\/a>. Elle est effectu\u00e9e \u00e0 travers le syst\u00e8me SIRENE (Syst\u00e8me Informatique pour le R\u00e9pertoire des ENtreprises et des Etablissements).<\/p>\n<p>Sont inscrits au r\u00e9pertoire tous les entrepreneurs individuels ou les personnes morales :<\/p>\n<ul>\n<li>immatricul\u00e9s au Registre du Commerce et des Soci\u00e9t\u00e9s,<\/li>\n<li>immatricul\u00e9s au R\u00e9pertoire des M\u00e9tiers,<\/li>\n<li>employant du personnel salari\u00e9 (\u00e0 l\u2019exception des particuliers employeurs),<\/li>\n<li>soumis \u00e0 des obligations fiscales,<\/li>\n<li>b\u00e9n\u00e9ficiaires de transferts financiers publics.<\/li>\n<\/ul>\n<div style=\"padding-bottom:20px; padding-top:10px;\" class=\"hupso-share-buttons\"><!-- Hupso Share Buttons - https:\/\/www.hupso.com\/share\/ --><a class=\"hupso_counters\" href=\"https:\/\/www.hupso.com\/share\/\"><img decoding=\"async\" src=\"https:\/\/static.hupso.com\/share\/buttons\/lang\/fr\/share-small.png\" style=\"border:0px; padding-top:2px; float:left;\" alt=\"Share Button\"\/><\/a><script type=\"text\/javascript\">var hupso_services_c=new Array(\"twitter\",\"facebook_like\",\"facebook_send\",\"email\",\"print\",\"linkedin\");var hupso_counters_lang = \"fr_FR\";var hupso_image_folder_url = \"\";var hupso_twitter_via=\"BenoitRiviere14\";var hupso_url_c=\"\";var hupso_title_c=\"T%C3%A9l%C3%A9charger%20la%20base%20des%20entreprises%20fran%C3%A7aises%20%28base%20officielle%20SIRENE%29\";<\/script><script type=\"text\/javascript\" src=\"https:\/\/static.hupso.com\/share\/js\/counters.js\"><\/script><!-- Hupso Share Buttons --><\/div>","protected":false},"excerpt":{"rendered":"<p>La loi pour une R\u00e9publique num\u00e9rique (Loi n\u00b0 2016-1321 du 7 octobre 2016) a ouvert les bases de donn\u00e9es SIRENE (principe de l&#8217;open data) \u00e0 partir de janvier 2017. Le site SIRENE (g\u00e9r\u00e9 par l&#8217;INSEE) propose plusieurs bases de donn\u00e9es en t\u00e9l\u00e9chargement int\u00e9gral regroupant les donn\u00e9es des millions d&#8217;entreprises fran\u00e7aises (SIREN) et de leurs \u00e9tablissements &#8230;<\/p>\n<p><a href=\"https:\/\/www.auditsi.eu\/?page_id=9306\" class=\"more-link\">Continue reading &lsquo;T\u00e9l\u00e9charger la base des entreprises fran\u00e7aises (base officielle SIRENE)&rsquo; &raquo;<\/a><\/p>\n<div style=\"padding-bottom:20px; padding-top:10px;\" class=\"hupso-share-buttons\"><!-- Hupso Share Buttons - https:\/\/www.hupso.com\/share\/ --><a class=\"hupso_counters\" href=\"https:\/\/www.hupso.com\/share\/\"><img src=\"https:\/\/static.hupso.com\/share\/buttons\/lang\/fr\/share-small.png\" style=\"border:0px; padding-top:2px; float:left;\" alt=\"Share Button\"\/><\/a><script type=\"text\/javascript\">var hupso_services_c=new Array(\"twitter\",\"facebook_like\",\"facebook_send\",\"email\",\"print\",\"linkedin\");var hupso_counters_lang = \"fr_FR\";var hupso_image_folder_url = \"\";var hupso_twitter_via=\"BenoitRiviere14\";var hupso_url_c=\"\";var hupso_title_c=\"T%C3%A9l%C3%A9charger%20la%20base%20des%20entreprises%20fran%C3%A7aises%20%28base%20officielle%20SIRENE%29\";<\/script><script type=\"text\/javascript\" src=\"https:\/\/static.hupso.com\/share\/js\/counters.js\"><\/script><!-- Hupso Share Buttons --><\/div>","protected":false},"author":1,"featured_media":0,"parent":0,"menu_order":0,"comment_status":"closed","ping_status":"closed","template":"","meta":{"advanced_seo_description":"","jetpack_seo_html_title":"","jetpack_seo_noindex":false,"ngg_post_thumbnail":0,"footnotes":"","_links_to":"","_links_to_target":""},"class_list":["post-9306","page","type-page","status-publish","hentry"],"jetpack_sharing_enabled":true,"jetpack_likes_enabled":false,"_links":{"self":[{"href":"https:\/\/www.auditsi.eu\/index.php?rest_route=\/wp\/v2\/pages\/9306","targetHints":{"allow":["GET"]}}],"collection":[{"href":"https:\/\/www.auditsi.eu\/index.php?rest_route=\/wp\/v2\/pages"}],"about":[{"href":"https:\/\/www.auditsi.eu\/index.php?rest_route=\/wp\/v2\/types\/page"}],"author":[{"embeddable":true,"href":"https:\/\/www.auditsi.eu\/index.php?rest_route=\/wp\/v2\/users\/1"}],"replies":[{"embeddable":true,"href":"https:\/\/www.auditsi.eu\/index.php?rest_route=%2Fwp%2Fv2%2Fcomments&post=9306"}],"version-history":[{"count":6,"href":"https:\/\/www.auditsi.eu\/index.php?rest_route=\/wp\/v2\/pages\/9306\/revisions"}],"predecessor-version":[{"id":9321,"href":"https:\/\/www.auditsi.eu\/index.php?rest_route=\/wp\/v2\/pages\/9306\/revisions\/9321"}],"wp:attachment":[{"href":"https:\/\/www.auditsi.eu\/index.php?rest_route=%2Fwp%2Fv2%2Fmedia&parent=9306"}],"curies":[{"name":"wp","href":"https:\/\/api.w.org\/{rel}","templated":true}]}}