{"id":7873,"date":"2019-01-11T00:23:52","date_gmt":"2019-01-10T23:23:52","guid":{"rendered":"https:\/\/www.auditsi.eu\/?page_id=7873"},"modified":"2019-02-03T12:00:56","modified_gmt":"2019-02-03T11:00:56","slug":"ma-collection-mise-a-lhonneur","status":"publish","type":"page","link":"https:\/\/www.auditsi.eu\/?page_id=7873","title":{"rendered":"Ma collection mise \u00e0 l&#8217;honneur"},"content":{"rendered":"<p style=\"text-align: justify;\">D\u00e9but 2019, le magazine 01net n\u00b0 900 a consacr\u00e9 un dossier complet sur les collectionneurs de produits hi-tech des ann\u00e9es 80. Plusieurs collectionneurs ont \u00e9t\u00e9 interview\u00e9s, dont moi, et leurs collections respectives ont \u00e9t\u00e9\u00a0mises en valeur.<\/p>\n<p><a href=\"https:\/\/www.auditsi.eu\/?attachment_id=7842\" rel=\"attachment wp-att-7842\"><img loading=\"lazy\" decoding=\"async\" class=\"aligncenter size-full wp-image-7842\" src=\"https:\/\/www.auditsi.eu\/wp-content\/uploads\/2019\/01\/01net-Couverture-n\u00b0-900-09-01-2019-e1547322064906.png\" alt=\"Couverture du n\u00b0 900 de 01net Magazine (du 09 au 22 janvier 2019)\" width=\"500\" height=\"644\" \/><\/a><\/p>\n<p style=\"text-align: justify;\">A titre personnel, je vis cet article comme une v\u00e9ritable reconnaissance de\u00a0notre passion commune pour cette p\u00e9riode de la micro-informatique, de\u00a0notre travail de pr\u00e9servation et de nos travaux de recherche et de mise en valeur sur nos sites respectifs.<\/p>\n<div id=\"attachment_7875\" style=\"width: 400px\" class=\"wp-caption aligncenter\"><a href=\"https:\/\/www.auditsi.eu\/?attachment_id=7875\" rel=\"attachment wp-att-7875\"><img loading=\"lazy\" decoding=\"async\" aria-describedby=\"caption-attachment-7875\" class=\"size-full wp-image-7875\" src=\"https:\/\/www.auditsi.eu\/wp-content\/uploads\/2019\/01\/01net-900-Intro.png\" alt=\"Introduction du dossier Ils sauvegardent les tr\u00e9sors de l'informatique, 01net n\u00b0 900 (9 au 22 janvier 2019)\" width=\"390\" height=\"395\" srcset=\"https:\/\/www.auditsi.eu\/wp-content\/uploads\/2019\/01\/01net-900-Intro.png 390w, https:\/\/www.auditsi.eu\/wp-content\/uploads\/2019\/01\/01net-900-Intro-296x300.png 296w\" sizes=\"auto, (max-width: 390px) 100vw, 390px\" \/><\/a><p id=\"caption-attachment-7875\" class=\"wp-caption-text\">Introduction du dossier Ils sauvegardent les tr\u00e9sors de l&#8217;informatique, 01net n\u00b0 900 (9 au 22 janvier 2019)<\/p><\/div>\n<p style=\"text-align: justify;\">Ce dossier est une v\u00e9ritable reconnaissance de l&#8217;utilit\u00e9 de notre passion !<\/p>\n<div id=\"attachment_7876\" style=\"width: 936px\" class=\"wp-caption aligncenter\"><a href=\"https:\/\/www.auditsi.eu\/?attachment_id=7876\" rel=\"attachment wp-att-7876\"><img loading=\"lazy\" decoding=\"async\" aria-describedby=\"caption-attachment-7876\" class=\"size-full wp-image-7876\" src=\"https:\/\/www.auditsi.eu\/wp-content\/uploads\/2019\/01\/01net-900-Ma-collection.png\" alt=\"Ma collection mise \u00e0 l'honneur, 01net n\u00b0 900 (9 au 22 janvier 2019)\" width=\"926\" height=\"863\" srcset=\"https:\/\/www.auditsi.eu\/wp-content\/uploads\/2019\/01\/01net-900-Ma-collection.png 926w, https:\/\/www.auditsi.eu\/wp-content\/uploads\/2019\/01\/01net-900-Ma-collection-300x280.png 300w, https:\/\/www.auditsi.eu\/wp-content\/uploads\/2019\/01\/01net-900-Ma-collection-768x716.png 768w, https:\/\/www.auditsi.eu\/wp-content\/uploads\/2019\/01\/01net-900-Ma-collection-730x680.png 730w\" sizes=\"auto, (max-width: 926px) 100vw, 926px\" \/><\/a><p id=\"caption-attachment-7876\" class=\"wp-caption-text\">Ma collection mise \u00e0 l&#8217;honneur, 01net n\u00b0 900 (9 au 22 janvier 2019) (Cliquer pour agrandir)<\/p><\/div>\n<p style=\"text-align: justify;\">Approfondir le sujet :<br \/>\n<a title=\"L'informatique des ann\u00e9es 80\" href=\"http:\/\/www.auditsi.eu\/?page_id=2119\">L\u2019informatique des ann\u00e9es 80<\/a> \/ <a title=\"Ma collection\" href=\"http:\/\/www.auditsi.eu\/?page_id=1983\">Ma collection<\/a> \/ <a title=\"Ma documentation\" href=\"http:\/\/www.auditsi.eu\/?page_id=3930\">Ma documentation<\/a> \/ <a title=\"Quelques id\u00e9es de lecture pour en savoir plus\" href=\"http:\/\/www.auditsi.eu\/?page_id=4631\">Quelques id\u00e9es de lecture<\/a><\/p>\n<div style=\"padding-bottom:20px; padding-top:10px;\" class=\"hupso-share-buttons\"><!-- Hupso Share Buttons - https:\/\/www.hupso.com\/share\/ --><a class=\"hupso_counters\" href=\"https:\/\/www.hupso.com\/share\/\"><img decoding=\"async\" src=\"https:\/\/static.hupso.com\/share\/buttons\/lang\/fr\/share-small.png\" style=\"border:0px; padding-top:2px; float:left;\" alt=\"Share Button\"\/><\/a><script type=\"text\/javascript\">var hupso_services_c=new Array(\"twitter\",\"facebook_like\",\"facebook_send\",\"email\",\"print\",\"linkedin\");var hupso_counters_lang = \"fr_FR\";var hupso_image_folder_url = \"\";var hupso_twitter_via=\"BenoitRiviere14\";var hupso_url_c=\"\";var hupso_title_c=\"Ma%20collection%20mise%20%C3%A0%20l%27honneur\";<\/script><script type=\"text\/javascript\" src=\"https:\/\/static.hupso.com\/share\/js\/counters.js\"><\/script><!-- Hupso Share Buttons --><\/div>","protected":false},"excerpt":{"rendered":"<p>D\u00e9but 2019, le magazine 01net n\u00b0 900 a consacr\u00e9 un dossier complet sur les collectionneurs de produits hi-tech des ann\u00e9es 80. Plusieurs collectionneurs ont \u00e9t\u00e9 interview\u00e9s, dont moi, et leurs collections respectives ont \u00e9t\u00e9\u00a0mises en valeur. A titre personnel, je vis cet article comme une v\u00e9ritable reconnaissance de\u00a0notre passion commune pour cette p\u00e9riode de la &#8230;<\/p>\n<p><a href=\"https:\/\/www.auditsi.eu\/?page_id=7873\" class=\"more-link\">Continue reading &lsquo;Ma collection mise \u00e0 l&#8217;honneur&rsquo; &raquo;<\/a><\/p>\n<div style=\"padding-bottom:20px; padding-top:10px;\" class=\"hupso-share-buttons\"><!-- Hupso Share Buttons - https:\/\/www.hupso.com\/share\/ --><a class=\"hupso_counters\" href=\"https:\/\/www.hupso.com\/share\/\"><img src=\"https:\/\/static.hupso.com\/share\/buttons\/lang\/fr\/share-small.png\" style=\"border:0px; padding-top:2px; float:left;\" alt=\"Share Button\"\/><\/a><script type=\"text\/javascript\">var hupso_services_c=new Array(\"twitter\",\"facebook_like\",\"facebook_send\",\"email\",\"print\",\"linkedin\");var hupso_counters_lang = \"fr_FR\";var hupso_image_folder_url = \"\";var hupso_twitter_via=\"BenoitRiviere14\";var hupso_url_c=\"\";var hupso_title_c=\"Ma%20collection%20mise%20%C3%A0%20l%27honneur\";<\/script><script type=\"text\/javascript\" src=\"https:\/\/static.hupso.com\/share\/js\/counters.js\"><\/script><!-- Hupso Share Buttons --><\/div>","protected":false},"author":1,"featured_media":0,"parent":0,"menu_order":0,"comment_status":"closed","ping_status":"closed","template":"","meta":{"advanced_seo_description":"","jetpack_seo_html_title":"","jetpack_seo_noindex":false,"ngg_post_thumbnail":0,"footnotes":"","_links_to":"","_links_to_target":""},"class_list":["post-7873","page","type-page","status-publish","hentry"],"jetpack_sharing_enabled":true,"jetpack_likes_enabled":false,"_links":{"self":[{"href":"https:\/\/www.auditsi.eu\/index.php?rest_route=\/wp\/v2\/pages\/7873","targetHints":{"allow":["GET"]}}],"collection":[{"href":"https:\/\/www.auditsi.eu\/index.php?rest_route=\/wp\/v2\/pages"}],"about":[{"href":"https:\/\/www.auditsi.eu\/index.php?rest_route=\/wp\/v2\/types\/page"}],"author":[{"embeddable":true,"href":"https:\/\/www.auditsi.eu\/index.php?rest_route=\/wp\/v2\/users\/1"}],"replies":[{"embeddable":true,"href":"https:\/\/www.auditsi.eu\/index.php?rest_route=%2Fwp%2Fv2%2Fcomments&post=7873"}],"version-history":[{"count":5,"href":"https:\/\/www.auditsi.eu\/index.php?rest_route=\/wp\/v2\/pages\/7873\/revisions"}],"predecessor-version":[{"id":7965,"href":"https:\/\/www.auditsi.eu\/index.php?rest_route=\/wp\/v2\/pages\/7873\/revisions\/7965"}],"wp:attachment":[{"href":"https:\/\/www.auditsi.eu\/index.php?rest_route=%2Fwp%2Fv2%2Fmedia&parent=7873"}],"curies":[{"name":"wp","href":"https:\/\/api.w.org\/{rel}","templated":true}]}}