{"id":78,"date":"2008-12-27T11:24:29","date_gmt":"2008-12-27T09:24:29","guid":{"rendered":"http:\/\/www.auditsi.eu\/?page_id=78"},"modified":"2015-01-22T03:42:19","modified_gmt":"2015-01-22T01:42:19","slug":"mentions-legales-webmestre","status":"publish","type":"page","link":"https:\/\/www.auditsi.eu\/?page_id=78","title":{"rendered":"Mentions l\u00e9gales &#038; CGU"},"content":{"rendered":"<p style=\"text-align: justify;\">L\u2019utilisation de ce site internet implique l\u2019acceptation pleine et enti\u00e8re des conditions g\u00e9n\u00e9rales d\u2019utilisation (CGU) d\u00e9crites ci-apr\u00e8s. Ces conditions d\u2019utilisation sont susceptibles d\u2019\u00eatre modifi\u00e9es ou compl\u00e9t\u00e9es \u00e0 tout moment sans pr\u00e9avis. L\u2019utilisateur reconna\u00eet avoir pris connaissance des pr\u00e9sentes mentions l\u00e9gales et s\u2019engage \u00e0 les respecter.<\/p>\n<p style=\"text-align: justify;\"><strong>Responsable de la publication \/ Propri\u00e9taire du site<br \/>\n<\/strong><\/p>\n<p style=\"text-align: justify;\"><span style=\"font-size: small;\"><em>(article 6 de la loi n\u00b0 2004-575 du 21 juin 2004 pour la confiance dans l&#8217;\u00e9conomie num\u00e9rique)<\/em><\/span><\/p>\n<p style=\"text-align: justify;\">Beno\u00eet RIVIERE : <a href=\"mailto:contact@auditsi.eu\">contact@auditsi.eu<\/a>.<\/p>\n<p><strong>Propri\u00e9t\u00e9 intellectuelle et contrefa\u00e7ons<br \/>\n<\/strong><\/p>\n<p style=\"text-align: justify;\">Beno\u00eet RIVIERE est propri\u00e9taire, sauf mentions contraires (les informations et documents pr\u00e9sents sur le site et appartenant \u00e0 des tiers sont clairement identifi\u00e9s ; le cas \u00e9ch\u00e9ant, le propri\u00e9taire est mentionn\u00e9), des droits de propri\u00e9t\u00e9 intellectuelle ou d\u00e9tient les droits d\u2019usage sur tous les \u00e9l\u00e9ments accessibles sur le site, notamment les textes, images, graphismes, logo, ic\u00f4nes, sons, logiciels.<\/p>\n<p style=\"text-align: justify;\">Toute reproduction, repr\u00e9sentation, modification, publication, adaptation de tout ou partie des \u00e9l\u00e9ments du site, quel que soit le moyen ou le proc\u00e9d\u00e9 utilis\u00e9, est interdite, sauf autorisation \u00e9crite pr\u00e9alable de son auteur.<\/p>\n<p style=\"text-align: justify;\">Toute exploitation non autoris\u00e9e du site ou de l\u2019un quelconque des \u00e9l\u00e9ments qu\u2019il contient sera consid\u00e9r\u00e9e comme constitutive d\u2019une contrefa\u00e7on et poursuivie conform\u00e9ment aux dispositions des articles L.335-2 et suivants du Code de Propri\u00e9t\u00e9 Intellectuelle.<\/p>\n<p style=\"text-align: justify;\">La citation d&#8217;informations publi\u00e9es sur ce site est admise sans autorisation pr\u00e9alable dans la mesure o\u00f9 les sources sont clairement mentionn\u00e9es. Je suis r\u00e9guli\u00e8rement consult\u00e9 sur ce sujet et r\u00e9ponds g\u00e9n\u00e9ralement positivement.<\/p>\n<p style=\"text-align: justify;\"><strong>Liens hypertextes vers des sites tiers<\/strong><\/p>\n<p style=\"text-align: justify;\">Le site\u00a0A&amp;SI\u00a0fournit de nombreux\u00a0liens vers des sites tiers, ind\u00e9pendants, sur lesquels\u00a0je ne dispose d&#8217;aucun moyen de contr\u00f4le quant \u00e0 la qualit\u00e9 et \u00e0 la permanence du contenu. Par cons\u00e9quent,\u00a0je ne peux en aucun cas \u00eatre tenu responsable du contenu ainsi que des produits ou services propos\u00e9s sur des sites tiers ou \u00e0 partir de ces sites auxquels le site se trouverait li\u00e9 par des liens hypertextes ou tout autre type de liens.<\/p>\n<p style=\"text-align: justify;\"><strong>Anonymisation des informations publi\u00e9es<\/strong><\/p>\n<p style=\"text-align: justify;\">Dans le cadre de ce site internet, je suis amen\u00e9 \u00e0 pr\u00e9senter des travaux que j\u2019effectue durant mes missions d\u2019audit. Afin de garantir la confidentialit\u00e9 et l\u2019anonymat des soci\u00e9t\u00e9s et personnes physiques clientes et tiers, les donn\u00e9es nominatives et\/ou les donn\u00e9es chiffr\u00e9es sont modifi\u00e9es.<\/p>\n<p style=\"text-align: justify;\"><strong>Clause d\u2019ind\u00e9pendance<\/strong><\/p>\n<p style=\"text-align: justify;\">Ce site n\u2019a aucune vocation commerciale. Les informations publi\u00e9es sur ce blog sont le fruit de mon exp\u00e9rience au quotidien en entreprise et en cabinet. Je ne d\u00e9fends les int\u00e9r\u00eats d\u2019aucune entreprise ou produit particulier. Aussi, afin de pr\u00e9server mon ind\u00e9pendance et mon objectivit\u00e9, je ne r\u00e9ponds \u00e0 aucune sollicitation commerciale ou \u00e9change de liens.<\/p>\n<p style=\"text-align: justify;\">Les avis, positifs ou n\u00e9gatifs, port\u00e9s sur ce blog sur des produits ou prestations sont strictement li\u00e9s \u00e0 mon exp\u00e9rience personnelle et n&#8217;ont pas valeur de conseil.<\/p>\n<p style=\"text-align: justify;\"><strong>Gestion des donn\u00e9es personnelles (Informatique et Libert\u00e9s)<\/strong><\/p>\n<p style=\"text-align: justify;\">En France, les donn\u00e9es personnelles sont notamment prot\u00e9g\u00e9es par la loi n\u00b0 78-87 du 6 janvier 1978, la loi n\u00b0 2004-801 du 6 ao\u00fbt 2004, l&#8217;article L. 226-13 du Code p\u00e9nal et la Directive Europ\u00e9enne du 24 octobre 1995.<\/p>\n<p style=\"text-align: justify;\">A l&#8217;occasion de l&#8217;utilisation de ce site peuvent \u00eatres recueillies : l&#8217;URL des liens par l&#8217;interm\u00e9diaire desquels l&#8217;utilisateur a acc\u00e9d\u00e9 au site, le fournisseur d&#8217;acc\u00e8s de l&#8217;utilisateur, l&#8217;adresse de protocole Internet (IP) de l&#8217;utilisateur.<\/p>\n<p style=\"text-align: justify;\">En tout \u00e9tat de cause le site ne collecte des informations personnelles relatives \u00e0 l&#8217;utilisateur que pour le besoin de certains services propos\u00e9s par le site. L&#8217;utilisateur fournit ces informations en toute connaissance de cause, notamment lorsqu&#8217;il proc\u00e8de par lui-m\u00eame \u00e0 leur saisie. Il est alors pr\u00e9cis\u00e9 \u00e0 l&#8217;utilisateur du site l\u2019obligation ou non de fournir ces informations.<\/p>\n<p style=\"text-align: justify;\">Les informations personnelles concernant l&#8217;utilisateur, transmises par envoi de m\u00e9l ou par recours au formulaire de la page \u00ab\u00a0contact\u00a0\u00bb, sont exclusivement destin\u00e9es \u00e0 A&amp;SI. Elles ne seront, en aucun cas, transmises \u00e0 des tiers. Les informations personnelles sont \u00ab les informations qui permettent, sous quelque forme que ce soit, directement ou non, l&#8217;identification des personnes physiques auxquelles elles s&#8217;appliquent \u00bb (article 4 de la loi n\u00b0 78-17 du 6 janvier 1978).<br \/>\nL&#8217;utilisateur dispose d\u2019un droit d\u2019acc\u00e8s, de modification, de rectification et de suppression des donn\u00e9es qui le concernent (art. 34 de la loi \u00ab\u00a0Informatique et Libert\u00e9s\u00a0\u00bb du 6 janvier 1978). Pour l\u2019exercer, s&#8217;adresser par m\u00e9l \u00e0 <a href=\"mailto:contact@auditsi.eu\">contact@auditsi.eu<\/a>.<\/p>\n<p style=\"text-align: justify;\">La d\u00e9lib\u00e9ration CNIL n\u00b0 2005-284 du 22 novembre 2005 d\u00e9cidant la dispense de d\u00e9claration des sites web diffusant ou collectant des donn\u00e9es \u00e0 caract\u00e8re personnel mis en \u0153uvre par des particuliers dans le cadre d\u2019une activit\u00e9 exclusivement personnelle (Dispense n\u00b06) (publi\u00e9e au <a href=\"http:\/\/www.legifrance.gouv.fr\/WAspad\/UnTexteDeJorf?numjo=CNIX0508883X\" target=\"legifrance\">J.O n\u00b0 293 du 17 d\u00e9cembre 2005<\/a><span style=\"text-decoration: underline;\">)<\/span> s\u2019applique pleinement \u00e0 A&amp;SI.<\/p>\n<p style=\"text-align: justify;\"><strong>Clause de confidentialit\u00e9<\/strong><\/p>\n<p style=\"text-align: justify;\">Le site internet ne collecte aucune donn\u00e9es concernant ses utilisateurs sans leur consentement (principalement adresse m\u00e9l). Aucune donn\u00e9e collect\u00e9e par ce site n\u2019est communiqu\u00e9e (hormis les commentaires publi\u00e9s par leurs auteurs), \u00e9chang\u00e9e ou vendue \u00e0 des tiers.<\/p>\n<p style=\"text-align: justify;\"><strong>Mod\u00e9ration des propos de l&#8217;utilisateur<br \/>\n<\/strong><\/p>\n<p style=\"text-align: justify;\">Les utilisateurs du blog, enregistr\u00e9s ou non, ont la possibilit\u00e9 de poster des commentaires ou des questions. Le responsable de la publication se r\u00e9serve le droit de supprimer, sans mise en demeure pr\u00e9alable, tout contenu d\u00e9pos\u00e9 dans cet espace qui irait \u00e0 l&#8217;encontre de la bonne tenue du pr\u00e9sent site, qui sortiraient du sujet ou qui contreviendrait \u00e0 la l\u00e9gislation applicable en France, en particulier aux dispositions relatives \u00e0 la protection des donn\u00e9es. Le cas \u00e9ch\u00e9ant, le responsable de la publication se r\u00e9serve \u00e9galement la possibilit\u00e9 de mettre en cause la responsabilit\u00e9 civile et\/ou p\u00e9nale de l\u2019utilisateur, notamment en cas de message \u00e0 caract\u00e8re raciste, injurieux, diffamant, ou pornographique, quel que soit le support utilis\u00e9 (texte, photographie\u2026). Afin d&#8217;\u00e9viter le <em>spam<\/em> et toute mise en responsabilit\u00e9 inutile, chaque commentaire post\u00e9 fait syst\u00e9matiquement l&#8217;objet d&#8217;une mod\u00e9ration de la\u00a0part du responsable de la publication avant publication.\u00a0Les commentaires ne r\u00e9pondant pas aux r\u00e8gles pr\u00e9cit\u00e9es sont effac\u00e9s d\u00e9finitivement sans information pr\u00e9alable.<\/p>\n<p><strong>Pr\u00e9cision des informations publi\u00e9es<\/strong><\/p>\n<p style=\"text-align: justify;\">L&#8217;auteur s\u2019efforce de fournir sur le site des informations aussi pr\u00e9cises que possible. Toutefois, il ne pourra \u00eatre tenue responsable des omissions, des inexactitudes et des carences dans la mise \u00e0 jour.<\/p>\n<p style=\"text-align: justify;\">Tous les informations indiqu\u00e9es sur le site sont donn\u00e9es \u00e0 titre indicatif, et sont susceptibles d\u2019\u00e9voluer. Par ailleurs, les renseignements figurant sur le site ne sont pas exhaustifs. Ils sont donn\u00e9s sous r\u00e9serve de modifications ayant \u00e9t\u00e9 apport\u00e9es depuis leur mise en ligne.<\/p>\n<p style=\"text-align: justify;\"><strong>Contr\u00f4le des informations publi\u00e9es<\/strong><\/p>\n<p style=\"text-align: justify;\">Si vous estimez que certaines informations publi\u00e9es (articles ou commentaires) sur ce site sont abusives ou enfreignent la l\u00e9gislation, envoyez un m\u00e9l \u00e0 <a href=\"mailto:contact@auditsi.eu\">contact@auditsi.eu<\/a>.<\/p>\n<p><strong>Cookies<\/strong><\/p>\n<p style=\"text-align: justify;\">La navigation sur le site est susceptible de provoquer l\u2019installation de cookie(s) sur l\u2019ordinateur de l\u2019utilisateur. Un cookie est un fichier de petite taille, qui ne permet pas l\u2019identification de l\u2019utilisateur, mais qui enregistre des informations relatives \u00e0 la navigation d\u2019un ordinateur sur un site. Les donn\u00e9es ainsi obtenues visent \u00e0 faciliter la navigation ult\u00e9rieure sur le site, et ont \u00e9galement vocation \u00e0 permettre diverses mesures de fr\u00e9quentation.<\/p>\n<p style=\"text-align: justify;\">Le refus d\u2019installation d\u2019un cookie peut entra\u00eener l\u2019impossibilit\u00e9 d\u2019acc\u00e9der \u00e0 certains services. L\u2019utilisateur peut toutefois configurer son ordinateur pour refuser l\u2019installation des cookies. Pour ce faire, l&#8217;utilisateur est invit\u00e9 \u00e0 consulter l&#8217;aide en ligne de son navigateur.<\/p>\n<p><strong>Webmestre<\/strong><\/p>\n<p style=\"text-align: justify;\">Pour toute difficult\u00e9 sur l\u2019utilisation de ce site, envoyer un m\u00e9l \u00e0 <a href=\"mailto:contact@auditsi.eu\">contact@auditsi.eu<\/a>.<\/p>\n<p style=\"text-align: justify;\"><strong>Ressources \u2013 Remerciements<\/strong><\/p>\n<p style=\"text-align: justify;\">A&amp;SI est h\u00e9berg\u00e9 sur les serveurs de <a href=\"http:\/\/www.ovh.com\/\" target=\"_blank\">OVH<\/a>.<\/p>\n<p style=\"text-align: justify;\">Le blog est bas\u00e9 sur le syst\u00e8me de publication <a href=\"http:\/\/www.wordpress-fr.net\/\" target=\"_blank\">wordpress<\/a>.<\/p>\n<p><strong>Droit applicable<br \/>\n<\/strong><\/p>\n<p>A&amp;SI est soumis \u00e0 la r\u00e9glementation applicable en France.<\/p>\n<p style=\"text-align: justify;\"><em>Mise \u00e0 jour : 29 janvier 2013.<\/em><\/p>\n<div style=\"padding-bottom:20px; padding-top:10px;\" class=\"hupso-share-buttons\"><!-- Hupso Share Buttons - https:\/\/www.hupso.com\/share\/ --><a class=\"hupso_counters\" href=\"https:\/\/www.hupso.com\/share\/\"><img decoding=\"async\" src=\"https:\/\/static.hupso.com\/share\/buttons\/lang\/fr\/share-small.png\" style=\"border:0px; padding-top:2px; float:left;\" alt=\"Share Button\"\/><\/a><script type=\"text\/javascript\">var hupso_services_c=new Array(\"twitter\",\"facebook_like\",\"facebook_send\",\"email\",\"print\",\"linkedin\");var hupso_counters_lang = \"fr_FR\";var hupso_image_folder_url = \"\";var hupso_twitter_via=\"BenoitRiviere14\";var hupso_url_c=\"\";var hupso_title_c=\"Mentions%20l%C3%A9gales%20%26%20CGU\";<\/script><script type=\"text\/javascript\" src=\"https:\/\/static.hupso.com\/share\/js\/counters.js\"><\/script><!-- Hupso Share Buttons --><\/div>","protected":false},"excerpt":{"rendered":"<p>L\u2019utilisation de ce site internet implique l\u2019acceptation pleine et enti\u00e8re des conditions g\u00e9n\u00e9rales d\u2019utilisation (CGU) d\u00e9crites ci-apr\u00e8s. Ces conditions d\u2019utilisation sont susceptibles d\u2019\u00eatre modifi\u00e9es ou compl\u00e9t\u00e9es \u00e0 tout moment sans pr\u00e9avis. L\u2019utilisateur reconna\u00eet avoir pris connaissance des pr\u00e9sentes mentions l\u00e9gales et s\u2019engage \u00e0 les respecter. Responsable de la publication \/ Propri\u00e9taire du site (article 6 &#8230;<\/p>\n<p><a href=\"https:\/\/www.auditsi.eu\/?page_id=78\" class=\"more-link\">Continue reading &lsquo;Mentions l\u00e9gales &#038; CGU&rsquo; &raquo;<\/a><\/p>\n<div style=\"padding-bottom:20px; padding-top:10px;\" class=\"hupso-share-buttons\"><!-- Hupso Share Buttons - https:\/\/www.hupso.com\/share\/ --><a class=\"hupso_counters\" href=\"https:\/\/www.hupso.com\/share\/\"><img src=\"https:\/\/static.hupso.com\/share\/buttons\/lang\/fr\/share-small.png\" style=\"border:0px; padding-top:2px; float:left;\" alt=\"Share Button\"\/><\/a><script type=\"text\/javascript\">var hupso_services_c=new Array(\"twitter\",\"facebook_like\",\"facebook_send\",\"email\",\"print\",\"linkedin\");var hupso_counters_lang = \"fr_FR\";var hupso_image_folder_url = \"\";var hupso_twitter_via=\"BenoitRiviere14\";var hupso_url_c=\"\";var hupso_title_c=\"Mentions%20l%C3%A9gales%20%26%20CGU\";<\/script><script type=\"text\/javascript\" src=\"https:\/\/static.hupso.com\/share\/js\/counters.js\"><\/script><!-- Hupso Share Buttons --><\/div>","protected":false},"author":1,"featured_media":0,"parent":0,"menu_order":6,"comment_status":"closed","ping_status":"closed","template":"","meta":{"advanced_seo_description":"","jetpack_seo_html_title":"","jetpack_seo_noindex":false,"ngg_post_thumbnail":0,"footnotes":"","_links_to":"","_links_to_target":""},"class_list":["post-78","page","type-page","status-publish","hentry"],"jetpack_sharing_enabled":true,"jetpack_likes_enabled":false,"_links":{"self":[{"href":"https:\/\/www.auditsi.eu\/index.php?rest_route=\/wp\/v2\/pages\/78","targetHints":{"allow":["GET"]}}],"collection":[{"href":"https:\/\/www.auditsi.eu\/index.php?rest_route=\/wp\/v2\/pages"}],"about":[{"href":"https:\/\/www.auditsi.eu\/index.php?rest_route=\/wp\/v2\/types\/page"}],"author":[{"embeddable":true,"href":"https:\/\/www.auditsi.eu\/index.php?rest_route=\/wp\/v2\/users\/1"}],"replies":[{"embeddable":true,"href":"https:\/\/www.auditsi.eu\/index.php?rest_route=%2Fwp%2Fv2%2Fcomments&post=78"}],"version-history":[{"count":10,"href":"https:\/\/www.auditsi.eu\/index.php?rest_route=\/wp\/v2\/pages\/78\/revisions"}],"predecessor-version":[{"id":80,"href":"https:\/\/www.auditsi.eu\/index.php?rest_route=\/wp\/v2\/pages\/78\/revisions\/80"}],"wp:attachment":[{"href":"https:\/\/www.auditsi.eu\/index.php?rest_route=%2Fwp%2Fv2%2Fmedia&parent=78"}],"curies":[{"name":"wp","href":"https:\/\/api.w.org\/{rel}","templated":true}]}}