{"id":7748,"date":"2018-12-24T01:34:56","date_gmt":"2018-12-24T00:34:56","guid":{"rendered":"https:\/\/www.auditsi.eu\/?page_id=7748"},"modified":"2018-12-28T23:01:09","modified_gmt":"2018-12-28T22:01:09","slug":"portable-toshiba-t1100","status":"publish","type":"page","link":"https:\/\/www.auditsi.eu\/?page_id=7748","title":{"rendered":"Le Toshiba T1100, premier portable de l&#8217;histoire"},"content":{"rendered":"<p style=\"text-align: justify;\">Toshiba, constructeur japonais,&nbsp;lance son premier portatif, le T1100, dit PaPman, en 1985 au prix de 1 900 $. En fait, ce n&#8217;est pas seulement son premier portatif mais \u00e9galement le premier au monde.<\/p>\n<div id=\"attachment_7749\" style=\"width: 2855px\" class=\"wp-caption aligncenter\"><a href=\"https:\/\/www.auditsi.eu\/?attachment_id=7749\" rel=\"attachment wp-att-7749\"><img loading=\"lazy\" decoding=\"async\" aria-describedby=\"caption-attachment-7749\" width=\"2845\" height=\"2501\" class=\"size-full wp-image-7749\" alt=\"Toshiba T1100\" src=\"https:\/\/www.auditsi.eu\/wp-content\/uploads\/2018\/12\/Toshiba-T1100.jpg\" srcset=\"https:\/\/www.auditsi.eu\/wp-content\/uploads\/2018\/12\/Toshiba-T1100.jpg 2845w, https:\/\/www.auditsi.eu\/wp-content\/uploads\/2018\/12\/Toshiba-T1100-300x264.jpg 300w, https:\/\/www.auditsi.eu\/wp-content\/uploads\/2018\/12\/Toshiba-T1100-768x675.jpg 768w, https:\/\/www.auditsi.eu\/wp-content\/uploads\/2018\/12\/Toshiba-T1100-1024x900.jpg 1024w, https:\/\/www.auditsi.eu\/wp-content\/uploads\/2018\/12\/Toshiba-T1100-730x642.jpg 730w\" sizes=\"auto, (max-width: 2845px) 100vw, 2845px\" \/><\/a><p id=\"caption-attachment-7749\" class=\"wp-caption-text\">Toshiba T1100<\/p><\/div>\n<p style=\"text-align: justify;\">En effet, le T1100 est en&nbsp;rupture avec les machines pr\u00e9c\u00e9dentes, car il est dot\u00e9 d&#8217;une batterie interne qui le rend totalement autonome.&nbsp;C&#8217;est ainsi qu&#8217;il se distingue des&nbsp;transportables, \u00e0 l&#8217;image du <a href=\"https:\/\/www.auditsi.eu\/?page_id=4969\">5155 d&#8217;IBM<\/a>, qui n\u00e9cessitaient une alimentation \u00e9lectrique externe pour fonctionner. Avec la miniaturisation constante des composants et l&#8217;am\u00e9lioration des capacit\u00e9s de stockage des batteries, les portatifs&nbsp;auront vite raison des transportables.<\/p>\n<div id=\"attachment_7761\" style=\"width: 1095px\" class=\"wp-caption aligncenter\"><a href=\"https:\/\/www.auditsi.eu\/?attachment_id=7761\" rel=\"attachment wp-att-7761\"><img loading=\"lazy\" decoding=\"async\" aria-describedby=\"caption-attachment-7761\" width=\"1085\" height=\"1523\" class=\"size-full wp-image-7761\" alt=\"Publicit\u00e9 pour le PAPMAN (1985)\" src=\"https:\/\/www.auditsi.eu\/wp-content\/uploads\/2018\/12\/Publicit\u00e9-PAPMAN-1985.png\" srcset=\"https:\/\/www.auditsi.eu\/wp-content\/uploads\/2018\/12\/Publicit\u00e9-PAPMAN-1985.png 1085w, https:\/\/www.auditsi.eu\/wp-content\/uploads\/2018\/12\/Publicit\u00e9-PAPMAN-1985-214x300.png 214w, https:\/\/www.auditsi.eu\/wp-content\/uploads\/2018\/12\/Publicit\u00e9-PAPMAN-1985-768x1078.png 768w, https:\/\/www.auditsi.eu\/wp-content\/uploads\/2018\/12\/Publicit\u00e9-PAPMAN-1985-730x1025.png 730w\" sizes=\"auto, (max-width: 1085px) 100vw, 1085px\" \/><\/a><p id=\"caption-attachment-7761\" class=\"wp-caption-text\">Publicit\u00e9 pour le PAPMAN (1985)<\/p><\/div>\n<p style=\"text-align: justify;\">Plus tard, avec la disparition des transportables, les portatifs ont \u00e9t\u00e9 appel\u00e9s portables.<\/p>\n<div id=\"attachment_7755\" style=\"width: 488px\" class=\"wp-caption aligncenter\"><a href=\"https:\/\/www.auditsi.eu\/?attachment_id=7755\" rel=\"attachment wp-att-7755\"><img loading=\"lazy\" decoding=\"async\" aria-describedby=\"caption-attachment-7755\" width=\"478\" height=\"1078\" class=\"size-full wp-image-7755\" alt=\"Le PAPMAN de TOSHIBA, Science &amp; Vie Micro n\u00b0 20 (septembre 1985), p.76\" src=\"https:\/\/www.auditsi.eu\/wp-content\/uploads\/2018\/12\/PAPMAN-TOSHIBA-SVM-20-09-1985-p.76.png\" srcset=\"https:\/\/www.auditsi.eu\/wp-content\/uploads\/2018\/12\/PAPMAN-TOSHIBA-SVM-20-09-1985-p.76.png 478w, https:\/\/www.auditsi.eu\/wp-content\/uploads\/2018\/12\/PAPMAN-TOSHIBA-SVM-20-09-1985-p.76-133x300.png 133w, https:\/\/www.auditsi.eu\/wp-content\/uploads\/2018\/12\/PAPMAN-TOSHIBA-SVM-20-09-1985-p.76-454x1024.png 454w\" sizes=\"auto, (max-width: 478px) 100vw, 478px\" \/><\/a><p id=\"caption-attachment-7755\" class=\"wp-caption-text\">Le PAPMAN de TOSHIBA, Science &amp; Vie Micro n\u00b0 20 (septembre 1985), p.76<\/p><\/div>\n<p style=\"text-align: justify;\">Le T1100 est pilot\u00e9 par un microprocesseur Intel 80C88 cadenc\u00e9 \u00e0 4,77 MHz, comprend une RAM de 256 Ko extensible \u00e0 512 Ko, un \u00e9cran LCD de 9&#8243; compatible CGA (texte 80 x 25 caract\u00e8res, graphique 640 x 200 pixels), un lecteur de disquette au format 3,5&#8243;&nbsp;et fonctionne sous <a href=\"https:\/\/www.auditsi.eu\/?page_id=2493\">MS-DOS<\/a> 2.11. Le tout pour un poids de 4,1 kg.<\/p>\n<div id=\"attachment_7756\" style=\"width: 974px\" class=\"wp-caption aligncenter\"><a href=\"https:\/\/www.auditsi.eu\/?attachment_id=7756\" rel=\"attachment wp-att-7756\"><img loading=\"lazy\" decoding=\"async\" aria-describedby=\"caption-attachment-7756\" width=\"964\" height=\"523\" class=\"size-full wp-image-7756\" alt=\"TOSHIBA en quelques chiffres, Science &amp; Vie Micro n\u00b0 20 (septembre 1985), p.76\" src=\"https:\/\/www.auditsi.eu\/wp-content\/uploads\/2018\/12\/St\u00e9-TOSHIBA-SVM-20-09-1985-p.76.png\" srcset=\"https:\/\/www.auditsi.eu\/wp-content\/uploads\/2018\/12\/St\u00e9-TOSHIBA-SVM-20-09-1985-p.76.png 964w, https:\/\/www.auditsi.eu\/wp-content\/uploads\/2018\/12\/St\u00e9-TOSHIBA-SVM-20-09-1985-p.76-300x163.png 300w, https:\/\/www.auditsi.eu\/wp-content\/uploads\/2018\/12\/St\u00e9-TOSHIBA-SVM-20-09-1985-p.76-768x417.png 768w, https:\/\/www.auditsi.eu\/wp-content\/uploads\/2018\/12\/St\u00e9-TOSHIBA-SVM-20-09-1985-p.76-730x396.png 730w\" sizes=\"auto, (max-width: 964px) 100vw, 964px\" \/><\/a><p id=\"caption-attachment-7756\" class=\"wp-caption-text\">TOSHIBA en quelques chiffres, Science &amp; Vie Micro n\u00b0 20 (septembre 1985), p.76<\/p><\/div>\n<p style=\"text-align: justify;\">Avec le T1100, Toshiba, alors nouvel entrant&nbsp;dans le monde des constructeurs d&#8217;ordinateurs,&nbsp;a cr\u00e9\u00e9 un nouveau&nbsp;segment de la micro-informatique nomade tout en r\u00e9pondant \u00e0 des besoins de mobilit\u00e9 (par exemple des <a href=\"https:\/\/www.auditsi.eu\/?page_id=3952\">experts-comptables<\/a> en d\u00e9placement chez leurs clients) et a anticip\u00e9 une forte croissance de ce march\u00e9.&nbsp;Toshiba ne s&#8217;est pas tromp\u00e9 et a \u00e9t\u00e9 suivi par de nombreux constructeurs \u00e0 l&#8217;image d&#8217;IBM, <a href=\"https:\/\/www.auditsi.eu\/?page_id=5697\">Sharp<\/a>, <a href=\"https:\/\/www.auditsi.eu\/?page_id=3109\">Amstrad<\/a>&#8230; Sa politique commerciale avec des prix agressifs et ses m\u00e9thodes de production hyper-automatis\u00e9es lui ont permis de tenir ses parts de march\u00e9 alors que IBM et Apple s&#8217;\u00e9taient habitu\u00e9s depuis de nombreuses ann\u00e9es&nbsp;\u00e0 dominer la <a href=\"https:\/\/www.auditsi.eu\/?page_id=2119\">micro-informatique<\/a>.<\/p>\n<div id=\"attachment_7765\" style=\"width: 529px\" class=\"wp-caption aligncenter\"><a href=\"https:\/\/www.auditsi.eu\/?attachment_id=7765\" rel=\"attachment wp-att-7765\"><img loading=\"lazy\" decoding=\"async\" aria-describedby=\"caption-attachment-7765\" width=\"519\" height=\"827\" class=\"size-full wp-image-7765\" alt=\"Le march\u00e9 des micro-ordinateurs portatifs en Europe est en train de d\u00e9coller. Ils pr\u00e9sentent maintenant \u00e0 peu pr\u00e8s les m\u00eames fonctionnalit\u00e9s que les transportables (SV&amp;M n\u00b0 34, d\u00e9cembre 1986)\" src=\"https:\/\/www.auditsi.eu\/wp-content\/uploads\/2018\/12\/Portatifs-SVM-34-12-1986.png\" srcset=\"https:\/\/www.auditsi.eu\/wp-content\/uploads\/2018\/12\/Portatifs-SVM-34-12-1986.png 519w, https:\/\/www.auditsi.eu\/wp-content\/uploads\/2018\/12\/Portatifs-SVM-34-12-1986-188x300.png 188w\" sizes=\"auto, (max-width: 519px) 100vw, 519px\" \/><\/a><p id=\"caption-attachment-7765\" class=\"wp-caption-text\">Le march\u00e9 des micro-ordinateurs portatifs en Europe est en train de d\u00e9coller. Ils pr\u00e9sentent maintenant \u00e0 peu pr\u00e8s les m\u00eames fonctionnalit\u00e9s que les transportables (SV&amp;M n\u00b0 34, d\u00e9cembre 1986)<\/p><\/div>\n<p style=\"text-align: justify;\"><em><span style=\"font-family: Thread-00003eec-Id-0000001a;\">Les photos d\u2019illustration sont issues de ma <\/span><a title=\"Ma collection\" href=\"http:\/\/www.auditsi.eu\/?page_id=1983\">collection personnelle<\/a><span style=\"font-family: Thread-00003eec-Id-0000001a;\">.<\/span><\/em><\/p>\n<p>S\u00e9lection d\u2019articles sur le sujet :<\/p>\n<ul>\n<li>Le PaPman : un portable polyvalent, Soft &amp; Micro n\u00b0&nbsp;9 (juin 1985), p.&nbsp;69 : Lorsqu&#8217;un nouveau micro-ordinateur &#8220;compatible&#8221; est annonc\u00e9 sur le march\u00e9, il s&#8217;agit en g\u00e9n\u00e9ral d&#8217;un des innombrables syst\u00e8mes qui se veulent identiques en tous points \u00e0 l&#8217;IBM PC. Certains constructeurs vont jusqu&#8217;\u00e0 recopier scrupuleusement les d\u00e9fauts du standard IBM lors de la conception de leurs machines&#8230; C&#8217;est donc avec \u00e9tonnement que nous voyons l&#8217;innovation arriver du Japon, pays dont la r\u00e9putation est presque totalement fond\u00e9e sur la copie&#8230;<\/li>\n<li>PaPman T1100 : le routard, L&#8217;Ordinateur Individuel n\u00b0 75 (novembre 1985), p. 106 : son prix reste raisonnable : 26 000 FF TTC.<\/li>\n<\/ul>\n<p>Approfondir le sujet :<br \/>\n<a title=\"L'informatique des ann\u00e9es 80\" href=\"http:\/\/www.auditsi.eu\/?page_id=2119\">L\u2019informatique des ann\u00e9es 80<\/a> \/ <a title=\"Ma collection\" href=\"http:\/\/www.auditsi.eu\/?page_id=1983\">Ma collection<\/a> \/ <a title=\"Ma documentation\" href=\"http:\/\/www.auditsi.eu\/?page_id=3930\">Ma documentation<\/a> \/ <a title=\"Quelques id\u00e9es de lecture pour en savoir plus\" href=\"http:\/\/www.auditsi.eu\/?page_id=4631\">Quelques id\u00e9es de lecture<\/a><\/p>\n<div style=\"padding-bottom:20px; padding-top:10px;\" class=\"hupso-share-buttons\"><!-- Hupso Share Buttons - https:\/\/www.hupso.com\/share\/ --><a class=\"hupso_counters\" href=\"https:\/\/www.hupso.com\/share\/\"><img decoding=\"async\" src=\"https:\/\/static.hupso.com\/share\/buttons\/lang\/fr\/share-small.png\" style=\"border:0px; padding-top:2px; float:left;\" alt=\"Share Button\"\/><\/a><script type=\"text\/javascript\">var hupso_services_c=new Array(\"twitter\",\"facebook_like\",\"facebook_send\",\"email\",\"print\",\"linkedin\");var hupso_counters_lang = \"fr_FR\";var hupso_image_folder_url = \"\";var hupso_twitter_via=\"BenoitRiviere14\";var hupso_url_c=\"\";var hupso_title_c=\"Le%20Toshiba%20T1100%2C%20premier%20portable%20de%20l%27histoire\";<\/script><script type=\"text\/javascript\" src=\"https:\/\/static.hupso.com\/share\/js\/counters.js\"><\/script><!-- Hupso Share Buttons --><\/div>","protected":false},"excerpt":{"rendered":"<p>Toshiba, constructeur japonais,&nbsp;lance son premier portatif, le T1100, dit PaPman, en 1985 au prix de 1 900 $. En fait, ce n&#8217;est pas seulement son premier portatif mais \u00e9galement le premier au monde. En effet, le T1100 est en&nbsp;rupture avec les machines pr\u00e9c\u00e9dentes, car il est dot\u00e9 d&#8217;une batterie interne qui le rend totalement autonome.&nbsp;C&#8217;est &#8230;<\/p>\n<p><a href=\"https:\/\/www.auditsi.eu\/?page_id=7748\" class=\"more-link\">Continue reading &lsquo;Le Toshiba T1100, premier portable de l&#8217;histoire&rsquo; &raquo;<\/a><\/p>\n<div style=\"padding-bottom:20px; padding-top:10px;\" class=\"hupso-share-buttons\"><!-- Hupso Share Buttons - https:\/\/www.hupso.com\/share\/ --><a class=\"hupso_counters\" href=\"https:\/\/www.hupso.com\/share\/\"><img src=\"https:\/\/static.hupso.com\/share\/buttons\/lang\/fr\/share-small.png\" style=\"border:0px; padding-top:2px; float:left;\" alt=\"Share Button\"\/><\/a><script type=\"text\/javascript\">var hupso_services_c=new Array(\"twitter\",\"facebook_like\",\"facebook_send\",\"email\",\"print\",\"linkedin\");var hupso_counters_lang = \"fr_FR\";var hupso_image_folder_url = \"\";var hupso_twitter_via=\"BenoitRiviere14\";var hupso_url_c=\"\";var hupso_title_c=\"Le%20Toshiba%20T1100%2C%20premier%20portable%20de%20l%27histoire\";<\/script><script type=\"text\/javascript\" src=\"https:\/\/static.hupso.com\/share\/js\/counters.js\"><\/script><!-- Hupso Share Buttons --><\/div>","protected":false},"author":1,"featured_media":0,"parent":0,"menu_order":0,"comment_status":"closed","ping_status":"closed","template":"","meta":{"advanced_seo_description":"","jetpack_seo_html_title":"","jetpack_seo_noindex":false,"ngg_post_thumbnail":0,"footnotes":"","_links_to":"","_links_to_target":""},"class_list":["post-7748","page","type-page","status-publish","hentry"],"jetpack_sharing_enabled":true,"jetpack_likes_enabled":false,"_links":{"self":[{"href":"https:\/\/www.auditsi.eu\/index.php?rest_route=\/wp\/v2\/pages\/7748","targetHints":{"allow":["GET"]}}],"collection":[{"href":"https:\/\/www.auditsi.eu\/index.php?rest_route=\/wp\/v2\/pages"}],"about":[{"href":"https:\/\/www.auditsi.eu\/index.php?rest_route=\/wp\/v2\/types\/page"}],"author":[{"embeddable":true,"href":"https:\/\/www.auditsi.eu\/index.php?rest_route=\/wp\/v2\/users\/1"}],"replies":[{"embeddable":true,"href":"https:\/\/www.auditsi.eu\/index.php?rest_route=%2Fwp%2Fv2%2Fcomments&post=7748"}],"version-history":[{"count":15,"href":"https:\/\/www.auditsi.eu\/index.php?rest_route=\/wp\/v2\/pages\/7748\/revisions"}],"predecessor-version":[{"id":7781,"href":"https:\/\/www.auditsi.eu\/index.php?rest_route=\/wp\/v2\/pages\/7748\/revisions\/7781"}],"wp:attachment":[{"href":"https:\/\/www.auditsi.eu\/index.php?rest_route=%2Fwp%2Fv2%2Fmedia&parent=7748"}],"curies":[{"name":"wp","href":"https:\/\/api.w.org\/{rel}","templated":true}]}}