{"id":7584,"date":"2018-09-10T00:28:18","date_gmt":"2018-09-09T22:28:18","guid":{"rendered":"https:\/\/www.auditsi.eu\/?page_id=7584"},"modified":"2018-09-10T00:28:18","modified_gmt":"2018-09-09T22:28:18","slug":"appliaudit-aide-en-ligne-creer-un-dossier-de-revision-des-comptes","status":"publish","type":"page","link":"https:\/\/www.auditsi.eu\/?page_id=7584","title":{"rendered":"AppliAUDIT \u2013 Aide en ligne \u2013 Cr\u00e9er un dossier de r\u00e9vision des comptes"},"content":{"rendered":"<p style=\"text-align: justify;\">La pr\u00e9sente note d\u00e9crit la d\u00e9marche \u00e0 suivre pour pr\u00e9parer un dossier de r\u00e9vision sur AppliAUDIT. Depuis la version 2018(h), la cr\u00e9ation des dossiers de r\u00e9vision est totalement automatis\u00e9e.<\/p>\n<p><span style=\"text-decoration: underline;\"><strong>I. PREPARATION DU DOSSIER DE REVISION<\/strong><\/span><\/p>\n<p>La pr\u00e9paration d&#8217;un dossier de r\u00e9vision suit les \u00e9tapes suivantes :<\/p>\n<ul>\n<li>Renseignement des <a href=\"https:\/\/www.auditsi.eu\/?page_id=6272\">param\u00e8tres du dossier<\/a> (nom du dossier, dates des quatre derniers exercices&#8230;) ;<\/li>\n<li>Int\u00e9gration des balances g\u00e9n\u00e9rales :\n<ul>\n<li><a href=\"http:\/\/www.auditsi.eu\/?page_id=6259\">09 \u2013 Rapprochement BG<\/a> (onglet \u00ab&nbsp;BG audit\u00e9e&nbsp;\u00bb) pour la balance de l\u2019exercice N et<\/li>\n<li><a href=\"http:\/\/www.auditsi.eu\/?page_id=6257\">03 \u2013 Balances<\/a> pour les balances N-1 \u00e0 N-3.<\/li>\n<\/ul>\n<\/li>\n<\/ul>\n<p style=\"text-align: justify;\">Si un dossier de r\u00e9vision a \u00e9t\u00e9 cr\u00e9\u00e9 pour r\u00e9viser les comptes de l&#8217;exercice pr\u00e9c\u00e9dent, il est possible de r\u00e9cup\u00e9rer les donn\u00e9es de cet exercice (dates des exercices ant\u00e9rieurs, balances comptables N-1 \u00e0 N-3, commentaires de la balance N-1&#8230;) et donc all\u00e9ger la cr\u00e9ation du dossier. Dans ce cas, les&nbsp;\u00e9tapes \u00e0 suivre&nbsp;sont :<\/p>\n<ul>\n<li><a href=\"https:\/\/www.auditsi.eu\/?page_id=6272\">Param\u00e8tres du dossier<\/a> : date de cl\u00f4ture N et date de la balance N ;<\/li>\n<li><a href=\"http:\/\/www.auditsi.eu\/?page_id=6259\">09 \u2013 Rapprochement BG<\/a> (onglet \u00ab&nbsp;BG audit\u00e9e&nbsp;\u00bb)&nbsp;: balance de l\u2019exercice N ;<\/li>\n<li>le dossier de r\u00e9vision N-1 doit \u00eatre stock\u00e9 dans un sous-dossier intitul\u00e9 AppliAUDIT N-1 : C:\\AppliAUDIT\\AppliAUDIT N-1 ;<\/li>\n<li>s&#8217;assurer que la balance d\u00e9finitive N-1 est situ\u00e9e dans l&#8217;onglet BG DEF du classeur BGC du dossier de r\u00e9vision N-1.<\/li>\n<\/ul>\n<p><span style=\"text-decoration: underline;\"><strong>II. LANCEMENT DES CALCULS<\/strong><\/span><\/p>\n<p style=\"text-align: justify;\">Avant de lancer le calcul du dossier, tous les classeurs AppliAUDIT doivent \u00eatre ferm\u00e9s sauf le Module de liaison. L&#8217;application AppliAUDIT doit \u00eatre localis\u00e9e sur la racine du disque dur (disque C:) : C:\\AppliAUDIT.<\/p>\n<p style=\"text-align: justify;\">Cliquer sur le bouton de calcul :<\/p>\n<p><a href=\"https:\/\/www.auditsi.eu\/?attachment_id=7585\" rel=\"attachment wp-att-7585\"><img loading=\"lazy\" decoding=\"async\" width=\"283\" height=\"92\" class=\"aligncenter size-full wp-image-7585\" alt=\"AppliAUDIT bouton\" src=\"https:\/\/www.auditsi.eu\/wp-content\/uploads\/2018\/09\/AppliAUDIT-bouton.png\"><\/a><\/p>\n<p style=\"text-align: justify;\">La&nbsp;fen\u00eatre suivante appara\u00eet&nbsp;:<\/p>\n<p><a href=\"https:\/\/www.auditsi.eu\/?attachment_id=7586\" rel=\"attachment wp-att-7586\"><img loading=\"lazy\" decoding=\"async\" width=\"377\" height=\"165\" class=\"aligncenter size-full wp-image-7586\" alt=\"AppliAUDIT reprise N-1\" src=\"https:\/\/www.auditsi.eu\/wp-content\/uploads\/2018\/09\/AppliAUDIT-reprise-N-1.png\" srcset=\"https:\/\/www.auditsi.eu\/wp-content\/uploads\/2018\/09\/AppliAUDIT-reprise-N-1.png 377w, https:\/\/www.auditsi.eu\/wp-content\/uploads\/2018\/09\/AppliAUDIT-reprise-N-1-300x131.png 300w\" sizes=\"auto, (max-width: 377px) 100vw, 377px\" \/><\/a><\/p>\n<p style=\"text-align: justify;\">Pour reprendre les donn\u00e9es du dossier de l&#8217;exercice pr\u00e9c\u00e9dent, s\u00e9lectionner &#8220;Oui&#8221; sinon &#8220;Non&#8221;. Restent ensuite \u00e0 saisir la date de cl\u00f4ture de l&#8217;exercice \u00e0 r\u00e9viser (N)&#8230;<\/p>\n<p><a href=\"https:\/\/www.auditsi.eu\/?attachment_id=7587\" rel=\"attachment wp-att-7587\"><img loading=\"lazy\" decoding=\"async\" width=\"359\" height=\"152\" class=\"aligncenter size-full wp-image-7587\" alt=\"AppliAUDIT date cl\u00f4t N\" src=\"https:\/\/www.auditsi.eu\/wp-content\/uploads\/2018\/09\/AppliAUDIT-date-cl\u00f4t-N.png\" srcset=\"https:\/\/www.auditsi.eu\/wp-content\/uploads\/2018\/09\/AppliAUDIT-date-cl\u00f4t-N.png 359w, https:\/\/www.auditsi.eu\/wp-content\/uploads\/2018\/09\/AppliAUDIT-date-cl\u00f4t-N-300x127.png 300w\" sizes=\"auto, (max-width: 359px) 100vw, 359px\" \/><\/a><\/p>\n<p style=\"text-align: justify;\">&#8230; et la date de la balance N :<\/p>\n<p><a href=\"https:\/\/www.auditsi.eu\/?attachment_id=7588\" rel=\"attachment wp-att-7588\"><img loading=\"lazy\" decoding=\"async\" width=\"359\" height=\"152\" class=\"aligncenter size-full wp-image-7588\" alt=\"AppliAUDIT date BG N\" src=\"https:\/\/www.auditsi.eu\/wp-content\/uploads\/2018\/09\/AppliAUDIT-date-BG-N.png\" srcset=\"https:\/\/www.auditsi.eu\/wp-content\/uploads\/2018\/09\/AppliAUDIT-date-BG-N.png 359w, https:\/\/www.auditsi.eu\/wp-content\/uploads\/2018\/09\/AppliAUDIT-date-BG-N-300x127.png 300w\" sizes=\"auto, (max-width: 359px) 100vw, 359px\" \/><\/a><\/p>\n<p style=\"text-align: justify;\">A l&#8217;issue, AppliAUDIT lance l&#8217;ensemble des calculs et pr\u00e9pare le dossier de r\u00e9vision. Le dossier de r\u00e9vision est stock\u00e9 \u00e0 cet emplacement : C:\\AppliAUDIT\\AppliAUDIT. Le sous-dossier AppliAUDIT peut maintenant \u00eatre d\u00e9plac\u00e9 pour donner lieu \u00e0 la r\u00e9vision des comptes. A noter : lors du lancement du calcul du dossier AppliAUDIT, le contenu de ce sous-dossier est effac\u00e9. Il est donc imp\u00e9ratif de d\u00e9placer ce dossier une fois les calculs effectu\u00e9s.<\/p>\n<p style=\"text-align: justify;\">Sujets connexes : commencer la r\u00e9vision : des <a href=\"http:\/\/www.auditsi.eu\/?page_id=6267\">\u00e9tats financiers<\/a> (RAE) et des <a href=\"http:\/\/www.auditsi.eu\/?page_id=6262\">balances g\u00e9n\u00e9rales par cycle<\/a> (BGC).<\/p>\n<p><a href=\"http:\/\/www.auditsi.eu\/?page_id=6239\">Accueil de l\u2019aide en ligne<\/a><\/p>\n<div style=\"padding-bottom:20px; padding-top:10px;\" class=\"hupso-share-buttons\"><!-- Hupso Share Buttons - https:\/\/www.hupso.com\/share\/ --><a class=\"hupso_counters\" href=\"https:\/\/www.hupso.com\/share\/\"><img decoding=\"async\" src=\"https:\/\/static.hupso.com\/share\/buttons\/lang\/fr\/share-small.png\" style=\"border:0px; padding-top:2px; float:left;\" alt=\"Share Button\"\/><\/a><script type=\"text\/javascript\">var hupso_services_c=new Array(\"twitter\",\"facebook_like\",\"facebook_send\",\"email\",\"print\",\"linkedin\");var hupso_counters_lang = \"fr_FR\";var hupso_image_folder_url = \"\";var hupso_twitter_via=\"BenoitRiviere14\";var hupso_url_c=\"\";var hupso_title_c=\"AppliAUDIT%20%E2%80%93%20Aide%20en%20ligne%20%E2%80%93%20Cr%C3%A9er%20un%20dossier%20de%20r%C3%A9vision%20des%20comptes\";<\/script><script type=\"text\/javascript\" src=\"https:\/\/static.hupso.com\/share\/js\/counters.js\"><\/script><!-- Hupso Share Buttons --><\/div>","protected":false},"excerpt":{"rendered":"<p>La pr\u00e9sente note d\u00e9crit la d\u00e9marche \u00e0 suivre pour pr\u00e9parer un dossier de r\u00e9vision sur AppliAUDIT. Depuis la version 2018(h), la cr\u00e9ation des dossiers de r\u00e9vision est totalement automatis\u00e9e. I. PREPARATION DU DOSSIER DE REVISION La pr\u00e9paration d&#8217;un dossier de r\u00e9vision suit les \u00e9tapes suivantes : Renseignement des param\u00e8tres du dossier (nom du dossier, dates &#8230;<\/p>\n<p><a href=\"https:\/\/www.auditsi.eu\/?page_id=7584\" class=\"more-link\">Continue reading &lsquo;AppliAUDIT \u2013 Aide en ligne \u2013 Cr\u00e9er un dossier de r\u00e9vision des comptes&rsquo; &raquo;<\/a><\/p>\n<div style=\"padding-bottom:20px; padding-top:10px;\" class=\"hupso-share-buttons\"><!-- Hupso Share Buttons - https:\/\/www.hupso.com\/share\/ --><a class=\"hupso_counters\" href=\"https:\/\/www.hupso.com\/share\/\"><img src=\"https:\/\/static.hupso.com\/share\/buttons\/lang\/fr\/share-small.png\" style=\"border:0px; padding-top:2px; float:left;\" alt=\"Share Button\"\/><\/a><script type=\"text\/javascript\">var hupso_services_c=new Array(\"twitter\",\"facebook_like\",\"facebook_send\",\"email\",\"print\",\"linkedin\");var hupso_counters_lang = \"fr_FR\";var hupso_image_folder_url = \"\";var hupso_twitter_via=\"BenoitRiviere14\";var hupso_url_c=\"\";var hupso_title_c=\"AppliAUDIT%20%E2%80%93%20Aide%20en%20ligne%20%E2%80%93%20Cr%C3%A9er%20un%20dossier%20de%20r%C3%A9vision%20des%20comptes\";<\/script><script type=\"text\/javascript\" src=\"https:\/\/static.hupso.com\/share\/js\/counters.js\"><\/script><!-- Hupso Share Buttons --><\/div>","protected":false},"author":1,"featured_media":0,"parent":0,"menu_order":0,"comment_status":"closed","ping_status":"closed","template":"","meta":{"advanced_seo_description":"","jetpack_seo_html_title":"","jetpack_seo_noindex":false,"ngg_post_thumbnail":0,"footnotes":"","_links_to":"","_links_to_target":""},"class_list":["post-7584","page","type-page","status-publish","hentry"],"jetpack_sharing_enabled":true,"jetpack_likes_enabled":false,"_links":{"self":[{"href":"https:\/\/www.auditsi.eu\/index.php?rest_route=\/wp\/v2\/pages\/7584","targetHints":{"allow":["GET"]}}],"collection":[{"href":"https:\/\/www.auditsi.eu\/index.php?rest_route=\/wp\/v2\/pages"}],"about":[{"href":"https:\/\/www.auditsi.eu\/index.php?rest_route=\/wp\/v2\/types\/page"}],"author":[{"embeddable":true,"href":"https:\/\/www.auditsi.eu\/index.php?rest_route=\/wp\/v2\/users\/1"}],"replies":[{"embeddable":true,"href":"https:\/\/www.auditsi.eu\/index.php?rest_route=%2Fwp%2Fv2%2Fcomments&post=7584"}],"version-history":[{"count":5,"href":"https:\/\/www.auditsi.eu\/index.php?rest_route=\/wp\/v2\/pages\/7584\/revisions"}],"predecessor-version":[{"id":7594,"href":"https:\/\/www.auditsi.eu\/index.php?rest_route=\/wp\/v2\/pages\/7584\/revisions\/7594"}],"wp:attachment":[{"href":"https:\/\/www.auditsi.eu\/index.php?rest_route=%2Fwp%2Fv2%2Fmedia&parent=7584"}],"curies":[{"name":"wp","href":"https:\/\/api.w.org\/{rel}","templated":true}]}}