{"id":745,"date":"2011-08-01T09:48:54","date_gmt":"2011-08-01T07:48:54","guid":{"rendered":"http:\/\/www.auditsi.eu\/?page_id=745"},"modified":"2011-09-20T11:55:29","modified_gmt":"2011-09-20T09:55:29","slug":"sondages","status":"publish","type":"page","link":"https:\/\/www.auditsi.eu\/?page_id=745","title":{"rendered":"Sondages"},"content":{"rendered":"<p>Liste des sondages du blog :<\/p>\n<div class=\"wp-polls wp-polls-archive\">\n<p style=\"text-align: center;\"><strong>\u00cates-vous membre de Pacioli.fr, le r\u00e9seau social de la profession comptable ?<\/strong><\/p><div id=\"polls-13-ans\" class=\"wp-polls-ans\"><ul class=\"wp-polls-ul\"><li>Non, qu'est-ce que c'est ? <small>(61%, 57 Votes)<\/small><div class=\"pollbar\" style=\"width: 55%;\" title=\"Non, qu'est-ce que c'est ? (61% | 57 Votes)\"><\/div><\/li><li>Oui ! <small>(26%, 24 Votes)<\/small><div class=\"pollbar\" style=\"width: 23%;\" title=\"Oui ! (26% | 24 Votes)\"><\/div><\/li><li>Non, je n'en vois pas l'utilit\u00e9 ! <small>(13%, 12 Votes)<\/small><div class=\"pollbar\" style=\"width: 12%;\" title=\"Non, je n'en vois pas l'utilit\u00e9 ! (13% | 12 Votes)\"><\/div><\/li><\/ul><p style=\"text-align: center;\">Nombre de votants : <strong>93<\/strong><\/p><\/div><p>Date d\u00e9but : dimanche 3 juillet 2011 @ 13 h 07 min<br \/>Date fin : Pas d\u2019expiration<\/p><p style=\"text-align: center;\"><strong>Qui \u00eates-vous ?<\/strong><\/p><div id=\"polls-12-ans\" class=\"wp-polls-ans\"><ul class=\"wp-polls-ul\"><li>Etudiant <small>(32%, 88 Votes)<\/small><div class=\"pollbar\" style=\"width: 29%;\" title=\"Etudiant (32% | 88 Votes)\"><\/div><\/li><li>Expert-comptable\/Commissaire aux comptes <small>(17%, 47 Votes)<\/small><div class=\"pollbar\" style=\"width: 15%;\" title=\"Expert-comptable\/Commissaire aux comptes (17% | 47 Votes)\"><\/div><\/li><li>Chef de mission\/Stagiaire EC ou CAC <small>(16%, 44 Votes)<\/small><div class=\"pollbar\" style=\"width: 14%;\" title=\"Chef de mission\/Stagiaire EC ou CAC (16% | 44 Votes)\"><\/div><\/li><li>Collaborateur de cabinet\/entreprise <small>(13%, 37 Votes)<\/small><div class=\"pollbar\" style=\"width: 12%;\" title=\"Collaborateur de cabinet\/entreprise (13% | 37 Votes)\"><\/div><\/li><li>DAF\/RAF <small>(11%, 30 Votes)<\/small><div class=\"pollbar\" style=\"width: 10%;\" title=\"DAF\/RAF (11% | 30 Votes)\"><\/div><\/li><li>Autre <small>(5%, 13 Votes)<\/small><div class=\"pollbar\" style=\"width: 5%;\" title=\"Autre (5% | 13 Votes)\"><\/div><\/li><li>Chef d\u2019entreprise\/ cadre dirigeant <small>(4%, 11 Votes)<\/small><div class=\"pollbar\" style=\"width: 4%;\" title=\"Chef d\u2019entreprise\/ cadre dirigeant (4% | 11 Votes)\"><\/div><\/li><li>Enseignant <small>(2%, 6 Votes)<\/small><div class=\"pollbar\" style=\"width: 2%;\" title=\"Enseignant (2% | 6 Votes)\"><\/div><\/li><\/ul><p style=\"text-align: center;\">Nombre de votants : <strong>276<\/strong><\/p><\/div><p>Date d\u00e9but : vendredi 20 mai 2011 @ 13 h 30 min<br \/>Date fin : Pas d\u2019expiration<\/p><p style=\"text-align: center;\"><strong>Avez-vous d\u00e9j\u00e0 connu (dans votre entreprise ou chez vos clients) des cas de fraudes (d\u00e9tournement) ?<\/strong><\/p><div id=\"polls-11-ans\" class=\"wp-polls-ans\"><ul class=\"wp-polls-ul\"><li>Oui <small>(63%, 79 Votes)<\/small><div class=\"pollbar\" style=\"width: 57%;\" title=\"Oui (63% | 79 Votes)\"><\/div><\/li><li>Non <small>(37%, 47 Votes)<\/small><div class=\"pollbar\" style=\"width: 33%;\" title=\"Non (37% | 47 Votes)\"><\/div><\/li><\/ul><p style=\"text-align: center;\">Nombre de votants : <strong>126<\/strong><\/p><\/div><p>Date d\u00e9but : vendredi 27 f\u00e9vrier 2009 @ 23 h 38 min<br \/>Date fin : Pas d\u2019expiration<\/p><p style=\"text-align: center;\"><strong>En tant que comptable\/DAF, comment \u00e9tablissez-vous vos tableaux de bord\/situations mensuelles ?<\/strong><\/p><div id=\"polls-10-ans\" class=\"wp-polls-ans\"><ul class=\"wp-polls-ul\"><li>J'importe les donn\u00e9es comptables \u00e0 partir d'un fichier (ou interface manuelle) <small>(33%, 34 Votes)<\/small><div class=\"pollbar\" style=\"width: 30%;\" title=\"J'importe les donn\u00e9es comptables \u00e0 partir d'un fichier (ou interface manuelle) (33% | 34 Votes)\"><\/div><\/li><li>Les donn\u00e9es comptables sont int\u00e9gr\u00e9es automatiquement (interface automatique \/ requ\u00eates) <small>(32%, 33 Votes)<\/small><div class=\"pollbar\" style=\"width: 29%;\" title=\"Les donn\u00e9es comptables sont int\u00e9gr\u00e9es automatiquement (interface automatique \/ requ\u00eates) (32% | 33 Votes)\"><\/div><\/li><li>Je recopie manuellement les donn\u00e9es comptables <small>(21%, 22 Votes)<\/small><div class=\"pollbar\" style=\"width: 19%;\" title=\"Je recopie manuellement les donn\u00e9es comptables (21% | 22 Votes)\"><\/div><\/li><li>Je ne fais pas de situation <small>(14%, 14 Votes)<\/small><div class=\"pollbar\" style=\"width: 13%;\" title=\"Je ne fais pas de situation (14% | 14 Votes)\"><\/div><\/li><\/ul><p style=\"text-align: center;\">Nombre de votants : <strong>103<\/strong><\/p><\/div><p>Date d\u00e9but : lundi 26 janvier 2009 @ 13 h 07 min<br \/>Date fin : Pas d\u2019expiration<\/p><p style=\"text-align: center;\"><strong>Dans le cadre de vos missions d'audit, utilisez-vous des requ\u00eates SQL ?<\/strong><\/p><div id=\"polls-9-ans\" class=\"wp-polls-ans\"><ul class=\"wp-polls-ul\"><li>Oui <small>(43%, 52 Votes)<\/small><div class=\"pollbar\" style=\"width: 39%;\" title=\"Oui (43% | 52 Votes)\"><\/div><\/li><li>Non <small>(38%, 46 Votes)<\/small><div class=\"pollbar\" style=\"width: 34%;\" title=\"Non (38% | 46 Votes)\"><\/div><\/li><li>Qu'est-ce que c'est ? <small>(19%, 22 Votes)<\/small><div class=\"pollbar\" style=\"width: 16%;\" title=\"Qu'est-ce que c'est ? (19% | 22 Votes)\"><\/div><\/li><\/ul><p style=\"text-align: center;\">Nombre de votants : <strong>120<\/strong><\/p><\/div><p>Date d\u00e9but : lundi 26 janvier 2009 @ 13 h 05 min<br \/>Date fin : Pas d\u2019expiration<\/p><\/div>\n<div class=\"wp-polls-paging\">\n<span class=\"pages\">&#8201;Page 1 sur 3&#8201;<\/span><span class=\"current\">&#8201;1&#8201;<\/span><a href=\"http:\/\/www.auditsi.eu\/?page_id=745&amp;poll_page=2\" title=\"2\">&#8201;2&#8201;<\/a><a href=\"http:\/\/www.auditsi.eu\/?page_id=745&amp;poll_page=3\" title=\"3\">&#8201;3&#8201;<\/a><a href=\"http:\/\/www.auditsi.eu\/?page_id=745&amp;poll_page=2\" title=\"&raquo;\">&#8201;&raquo;&#8201;<\/a><\/div>\n<div style=\"padding-bottom:20px; padding-top:10px;\" class=\"hupso-share-buttons\"><!-- Hupso Share Buttons - https:\/\/www.hupso.com\/share\/ --><a class=\"hupso_counters\" href=\"https:\/\/www.hupso.com\/share\/\"><img decoding=\"async\" src=\"https:\/\/static.hupso.com\/share\/buttons\/lang\/fr\/share-small.png\" style=\"border:0px; padding-top:2px; float:left;\" alt=\"Share Button\"\/><\/a><script type=\"text\/javascript\">var hupso_services_c=new Array(\"twitter\",\"facebook_like\",\"facebook_send\",\"email\",\"print\",\"linkedin\");var hupso_counters_lang = \"fr_FR\";var hupso_image_folder_url = \"\";var hupso_twitter_via=\"BenoitRiviere14\";var hupso_url_c=\"\";var hupso_title_c=\"Sondages\";<\/script><script type=\"text\/javascript\" src=\"https:\/\/static.hupso.com\/share\/js\/counters.js\"><\/script><!-- Hupso Share Buttons --><\/div>","protected":false},"excerpt":{"rendered":"<p>Liste des sondages du blog :<\/p>\n<div style=\"padding-bottom:20px; padding-top:10px;\" class=\"hupso-share-buttons\"><!-- Hupso Share Buttons - https:\/\/www.hupso.com\/share\/ --><a class=\"hupso_counters\" href=\"https:\/\/www.hupso.com\/share\/\"><img src=\"https:\/\/static.hupso.com\/share\/buttons\/lang\/fr\/share-small.png\" style=\"border:0px; padding-top:2px; float:left;\" alt=\"Share Button\"\/><\/a><script type=\"text\/javascript\">var hupso_services_c=new Array(\"twitter\",\"facebook_like\",\"facebook_send\",\"email\",\"print\",\"linkedin\");var hupso_counters_lang = \"fr_FR\";var hupso_image_folder_url = \"\";var hupso_twitter_via=\"BenoitRiviere14\";var hupso_url_c=\"\";var hupso_title_c=\"Sondages\";<\/script><script type=\"text\/javascript\" src=\"https:\/\/static.hupso.com\/share\/js\/counters.js\"><\/script><!-- Hupso Share Buttons --><\/div>","protected":false},"author":1,"featured_media":0,"parent":0,"menu_order":2,"comment_status":"closed","ping_status":"closed","template":"","meta":{"advanced_seo_description":"","jetpack_seo_html_title":"","jetpack_seo_noindex":false,"ngg_post_thumbnail":0,"footnotes":"","_links_to":"","_links_to_target":""},"class_list":["post-745","page","type-page","status-publish","hentry"],"jetpack_sharing_enabled":true,"jetpack_likes_enabled":false,"_links":{"self":[{"href":"https:\/\/www.auditsi.eu\/index.php?rest_route=\/wp\/v2\/pages\/745","targetHints":{"allow":["GET"]}}],"collection":[{"href":"https:\/\/www.auditsi.eu\/index.php?rest_route=\/wp\/v2\/pages"}],"about":[{"href":"https:\/\/www.auditsi.eu\/index.php?rest_route=\/wp\/v2\/types\/page"}],"author":[{"embeddable":true,"href":"https:\/\/www.auditsi.eu\/index.php?rest_route=\/wp\/v2\/users\/1"}],"replies":[{"embeddable":true,"href":"https:\/\/www.auditsi.eu\/index.php?rest_route=%2Fwp%2Fv2%2Fcomments&post=745"}],"version-history":[{"count":0,"href":"https:\/\/www.auditsi.eu\/index.php?rest_route=\/wp\/v2\/pages\/745\/revisions"}],"wp:attachment":[{"href":"https:\/\/www.auditsi.eu\/index.php?rest_route=%2Fwp%2Fv2%2Fmedia&parent=745"}],"curies":[{"name":"wp","href":"https:\/\/api.w.org\/{rel}","templated":true}]}}