{"id":6272,"date":"2015-09-29T00:28:37","date_gmt":"2015-09-28T22:28:37","guid":{"rendered":"http:\/\/www.auditsi.eu\/?page_id=6272"},"modified":"2015-09-29T00:55:48","modified_gmt":"2015-09-28T22:55:48","slug":"appliaudit-aide-en-ligne-parametres-du-dossier","status":"publish","type":"page","link":"https:\/\/www.auditsi.eu\/?page_id=6272","title":{"rendered":"AppliAUDIT \u2013 Aide en ligne \u2013 Param\u00e8tres du dossier"},"content":{"rendered":"<p style=\"text-align: justify;\">Saisir les param\u00e8tres du dossier (code et nom du dossier, dates des quatre derniers exercices, date d\u2019arr\u00eat\u00e9, unit\u00e9 mon\u00e9taire et nom du cabinet ou du service responsable de la r\u00e9vision\/audit des comptes).<\/p>\n<p style=\"text-align: justify;\">Concernant les dates d\u2019exercice, elles doivent \u00eatre saisies sur quatre p\u00e9riodes m\u00eame si on ne dispose que des donn\u00e9es de deux p\u00e9riodes. Pr\u00e9ciser \u00e9galement la date \u00e0 laquelle la <a href=\"http:\/\/www.auditsi.eu\/?page_id=6259\">balance N<\/a> est \u00e9tablie (cette date, reprise sur les <a href=\"http:\/\/www.auditsi.eu\/?page_id=6267\">\u00e9tats financiers<\/a> et les <a href=\"http:\/\/www.auditsi.eu\/?page_id=6262\">balances g\u00e9n\u00e9rales par cycle<\/a>, permet de suivre la version des balances).<\/p>\n<p style=\"text-align: justify;\">Enregistrer les donn\u00e9es (Fichier\/Enregistrer) puis cliquer sur le lien \u00ab\u00a0Retour au menu principal\u00a0\u00bb.<\/p>\n<div id=\"attachment_6280\" style=\"width: 1137px\" class=\"wp-caption aligncenter\"><a href=\"https:\/\/www.auditsi.eu\/wp-content\/uploads\/2015\/09\/AppliAUDIT-Param\u00e8tres-dossier.png\"><img loading=\"lazy\" decoding=\"async\" aria-describedby=\"caption-attachment-6280\" class=\"size-full wp-image-6280\" src=\"https:\/\/www.auditsi.eu\/wp-content\/uploads\/2015\/09\/AppliAUDIT-Param\u00e8tres-dossier.png\" alt=\"AppliAUDIT - Param\u00e8tres dossier\" width=\"1127\" height=\"764\" srcset=\"https:\/\/www.auditsi.eu\/wp-content\/uploads\/2015\/09\/AppliAUDIT-Param\u00e8tres-dossier.png 1127w, https:\/\/www.auditsi.eu\/wp-content\/uploads\/2015\/09\/AppliAUDIT-Param\u00e8tres-dossier-300x203.png 300w, https:\/\/www.auditsi.eu\/wp-content\/uploads\/2015\/09\/AppliAUDIT-Param\u00e8tres-dossier-1024x694.png 1024w, https:\/\/www.auditsi.eu\/wp-content\/uploads\/2015\/09\/AppliAUDIT-Param\u00e8tres-dossier-730x495.png 730w\" sizes=\"auto, (max-width: 1127px) 100vw, 1127px\" \/><\/a><p id=\"caption-attachment-6280\" class=\"wp-caption-text\">AppliAUDIT &#8211; Param\u00e8tres dossier (cliquer pour agrandir)<\/p><\/div>\n<p style=\"text-align: justify;\"><a href=\"http:\/\/www.auditsi.eu\/?page_id=6239\">Accueil de l&#8217;aide en ligne<\/a><\/p>\n<div style=\"padding-bottom:20px; padding-top:10px;\" class=\"hupso-share-buttons\"><!-- Hupso Share Buttons - https:\/\/www.hupso.com\/share\/ --><a class=\"hupso_counters\" href=\"https:\/\/www.hupso.com\/share\/\"><img decoding=\"async\" src=\"https:\/\/static.hupso.com\/share\/buttons\/lang\/fr\/share-small.png\" style=\"border:0px; padding-top:2px; float:left;\" alt=\"Share Button\"\/><\/a><script type=\"text\/javascript\">var hupso_services_c=new Array(\"twitter\",\"facebook_like\",\"facebook_send\",\"email\",\"print\",\"linkedin\");var hupso_counters_lang = \"fr_FR\";var hupso_image_folder_url = \"\";var hupso_twitter_via=\"BenoitRiviere14\";var hupso_url_c=\"\";var hupso_title_c=\"AppliAUDIT%20%E2%80%93%20Aide%20en%20ligne%20%E2%80%93%20Param%C3%A8tres%20du%20dossier\";<\/script><script type=\"text\/javascript\" src=\"https:\/\/static.hupso.com\/share\/js\/counters.js\"><\/script><!-- Hupso Share Buttons --><\/div>","protected":false},"excerpt":{"rendered":"<p>Saisir les param\u00e8tres du dossier (code et nom du dossier, dates des quatre derniers exercices, date d\u2019arr\u00eat\u00e9, unit\u00e9 mon\u00e9taire et nom du cabinet ou du service responsable de la r\u00e9vision\/audit des comptes). Concernant les dates d\u2019exercice, elles doivent \u00eatre saisies sur quatre p\u00e9riodes m\u00eame si on ne dispose que des donn\u00e9es de deux p\u00e9riodes. Pr\u00e9ciser &#8230;<\/p>\n<p><a href=\"https:\/\/www.auditsi.eu\/?page_id=6272\" class=\"more-link\">Continue reading &lsquo;AppliAUDIT \u2013 Aide en ligne \u2013 Param\u00e8tres du dossier&rsquo; &raquo;<\/a><\/p>\n<div style=\"padding-bottom:20px; padding-top:10px;\" class=\"hupso-share-buttons\"><!-- Hupso Share Buttons - https:\/\/www.hupso.com\/share\/ --><a class=\"hupso_counters\" href=\"https:\/\/www.hupso.com\/share\/\"><img src=\"https:\/\/static.hupso.com\/share\/buttons\/lang\/fr\/share-small.png\" style=\"border:0px; padding-top:2px; float:left;\" alt=\"Share Button\"\/><\/a><script type=\"text\/javascript\">var hupso_services_c=new Array(\"twitter\",\"facebook_like\",\"facebook_send\",\"email\",\"print\",\"linkedin\");var hupso_counters_lang = \"fr_FR\";var hupso_image_folder_url = \"\";var hupso_twitter_via=\"BenoitRiviere14\";var hupso_url_c=\"\";var hupso_title_c=\"AppliAUDIT%20%E2%80%93%20Aide%20en%20ligne%20%E2%80%93%20Param%C3%A8tres%20du%20dossier\";<\/script><script type=\"text\/javascript\" src=\"https:\/\/static.hupso.com\/share\/js\/counters.js\"><\/script><!-- Hupso Share Buttons --><\/div>","protected":false},"author":1,"featured_media":0,"parent":0,"menu_order":0,"comment_status":"closed","ping_status":"closed","template":"","meta":{"advanced_seo_description":"","jetpack_seo_html_title":"","jetpack_seo_noindex":false,"ngg_post_thumbnail":0,"footnotes":"","_links_to":"","_links_to_target":""},"class_list":["post-6272","page","type-page","status-publish","hentry"],"jetpack_sharing_enabled":true,"jetpack_likes_enabled":false,"_links":{"self":[{"href":"https:\/\/www.auditsi.eu\/index.php?rest_route=\/wp\/v2\/pages\/6272","targetHints":{"allow":["GET"]}}],"collection":[{"href":"https:\/\/www.auditsi.eu\/index.php?rest_route=\/wp\/v2\/pages"}],"about":[{"href":"https:\/\/www.auditsi.eu\/index.php?rest_route=\/wp\/v2\/types\/page"}],"author":[{"embeddable":true,"href":"https:\/\/www.auditsi.eu\/index.php?rest_route=\/wp\/v2\/users\/1"}],"replies":[{"embeddable":true,"href":"https:\/\/www.auditsi.eu\/index.php?rest_route=%2Fwp%2Fv2%2Fcomments&post=6272"}],"version-history":[{"count":4,"href":"https:\/\/www.auditsi.eu\/index.php?rest_route=\/wp\/v2\/pages\/6272\/revisions"}],"predecessor-version":[{"id":6283,"href":"https:\/\/www.auditsi.eu\/index.php?rest_route=\/wp\/v2\/pages\/6272\/revisions\/6283"}],"wp:attachment":[{"href":"https:\/\/www.auditsi.eu\/index.php?rest_route=%2Fwp%2Fv2%2Fmedia&parent=6272"}],"curies":[{"name":"wp","href":"https:\/\/api.w.org\/{rel}","templated":true}]}}