{"id":6257,"date":"2015-09-28T23:19:50","date_gmt":"2015-09-28T21:19:50","guid":{"rendered":"http:\/\/www.auditsi.eu\/?page_id=6257"},"modified":"2015-09-29T01:23:07","modified_gmt":"2015-09-28T23:23:07","slug":"appliaudit-aide-en-ligne-balances","status":"publish","type":"page","link":"https:\/\/www.auditsi.eu\/?page_id=6257","title":{"rendered":"AppliAUDIT &#8211; Aide en ligne &#8211; Balances"},"content":{"rendered":"<p style=\"text-align: justify;\">Les balances N-1 \u00e0 N-3\u00a0sont int\u00e9gr\u00e9es \u00e0 l&#8217;aide du\u00a0module \u00ab\u00a0Balances\u00a0\u00bb.<\/p>\n<p style=\"text-align: justify;\">Coller les balances N-1 \u00e0 N-3\u00a0dans les onglets N-1 \u00e0 N-3. Ce module reprend les m\u00eames conditions d\u2019usage et de restrictions que \u00ab\u00a0<a href=\"http:\/\/www.auditsi.eu\/?page_id=6259\">Rapprochement BG<\/a>\u00a0\u00bb.<\/p>\n<p><a href=\"https:\/\/www.auditsi.eu\/wp-content\/uploads\/2015\/09\/AppliAUDIT-Balances-N-1-\u00e0-N-3.png\"><img loading=\"lazy\" decoding=\"async\" class=\"aligncenter size-full wp-image-6294\" src=\"https:\/\/www.auditsi.eu\/wp-content\/uploads\/2015\/09\/AppliAUDIT-Balances-N-1-\u00e0-N-3.png\" alt=\"AppliAUDIT - Balances N-1 \u00e0 N-3\" width=\"693\" height=\"274\" srcset=\"https:\/\/www.auditsi.eu\/wp-content\/uploads\/2015\/09\/AppliAUDIT-Balances-N-1-\u00e0-N-3.png 693w, https:\/\/www.auditsi.eu\/wp-content\/uploads\/2015\/09\/AppliAUDIT-Balances-N-1-\u00e0-N-3-300x119.png 300w\" sizes=\"auto, (max-width: 693px) 100vw, 693px\" \/><\/a><\/p>\n<p>Sujets connexes : <a href=\"http:\/\/www.auditsi.eu\/?page_id=6251\">Module de liaison<\/a> \/ <a href=\"http:\/\/www.auditsi.eu\/?page_id=6259\">Balances N<\/a><\/p>\n<p style=\"text-align: justify;\"><a href=\"http:\/\/www.auditsi.eu\/?page_id=6239\">Accueil de l&#8217;aide en ligne<\/a><\/p>\n<div style=\"padding-bottom:20px; padding-top:10px;\" class=\"hupso-share-buttons\"><!-- Hupso Share Buttons - https:\/\/www.hupso.com\/share\/ --><a class=\"hupso_counters\" href=\"https:\/\/www.hupso.com\/share\/\"><img decoding=\"async\" src=\"https:\/\/static.hupso.com\/share\/buttons\/lang\/fr\/share-small.png\" style=\"border:0px; padding-top:2px; float:left;\" alt=\"Share Button\"\/><\/a><script type=\"text\/javascript\">var hupso_services_c=new Array(\"twitter\",\"facebook_like\",\"facebook_send\",\"email\",\"print\",\"linkedin\");var hupso_counters_lang = \"fr_FR\";var hupso_image_folder_url = \"\";var hupso_twitter_via=\"BenoitRiviere14\";var hupso_url_c=\"\";var hupso_title_c=\"AppliAUDIT%20-%20Aide%20en%20ligne%20-%20Balances\";<\/script><script type=\"text\/javascript\" src=\"https:\/\/static.hupso.com\/share\/js\/counters.js\"><\/script><!-- Hupso Share Buttons --><\/div>","protected":false},"excerpt":{"rendered":"<p>Les balances N-1 \u00e0 N-3\u00a0sont int\u00e9gr\u00e9es \u00e0 l&#8217;aide du\u00a0module \u00ab\u00a0Balances\u00a0\u00bb. Coller les balances N-1 \u00e0 N-3\u00a0dans les onglets N-1 \u00e0 N-3. Ce module reprend les m\u00eames conditions d\u2019usage et de restrictions que \u00ab\u00a0Rapprochement BG\u00a0\u00bb. Sujets connexes : Module de liaison \/ Balances N Accueil de l&#8217;aide en ligne<\/p>\n<div style=\"padding-bottom:20px; padding-top:10px;\" class=\"hupso-share-buttons\"><!-- Hupso Share Buttons - https:\/\/www.hupso.com\/share\/ --><a class=\"hupso_counters\" href=\"https:\/\/www.hupso.com\/share\/\"><img src=\"https:\/\/static.hupso.com\/share\/buttons\/lang\/fr\/share-small.png\" style=\"border:0px; padding-top:2px; float:left;\" alt=\"Share Button\"\/><\/a><script type=\"text\/javascript\">var hupso_services_c=new Array(\"twitter\",\"facebook_like\",\"facebook_send\",\"email\",\"print\",\"linkedin\");var hupso_counters_lang = \"fr_FR\";var hupso_image_folder_url = \"\";var hupso_twitter_via=\"BenoitRiviere14\";var hupso_url_c=\"\";var hupso_title_c=\"AppliAUDIT%20-%20Aide%20en%20ligne%20-%20Balances\";<\/script><script type=\"text\/javascript\" src=\"https:\/\/static.hupso.com\/share\/js\/counters.js\"><\/script><!-- Hupso Share Buttons --><\/div>","protected":false},"author":1,"featured_media":0,"parent":0,"menu_order":0,"comment_status":"closed","ping_status":"closed","template":"","meta":{"advanced_seo_description":"","jetpack_seo_html_title":"","jetpack_seo_noindex":false,"ngg_post_thumbnail":0,"footnotes":"","_links_to":"","_links_to_target":""},"class_list":["post-6257","page","type-page","status-publish","hentry"],"jetpack_sharing_enabled":true,"jetpack_likes_enabled":false,"_links":{"self":[{"href":"https:\/\/www.auditsi.eu\/index.php?rest_route=\/wp\/v2\/pages\/6257","targetHints":{"allow":["GET"]}}],"collection":[{"href":"https:\/\/www.auditsi.eu\/index.php?rest_route=\/wp\/v2\/pages"}],"about":[{"href":"https:\/\/www.auditsi.eu\/index.php?rest_route=\/wp\/v2\/types\/page"}],"author":[{"embeddable":true,"href":"https:\/\/www.auditsi.eu\/index.php?rest_route=\/wp\/v2\/users\/1"}],"replies":[{"embeddable":true,"href":"https:\/\/www.auditsi.eu\/index.php?rest_route=%2Fwp%2Fv2%2Fcomments&post=6257"}],"version-history":[{"count":4,"href":"https:\/\/www.auditsi.eu\/index.php?rest_route=\/wp\/v2\/pages\/6257\/revisions"}],"predecessor-version":[{"id":6295,"href":"https:\/\/www.auditsi.eu\/index.php?rest_route=\/wp\/v2\/pages\/6257\/revisions\/6295"}],"wp:attachment":[{"href":"https:\/\/www.auditsi.eu\/index.php?rest_route=%2Fwp%2Fv2%2Fmedia&parent=6257"}],"curies":[{"name":"wp","href":"https:\/\/api.w.org\/{rel}","templated":true}]}}