{"id":6239,"date":"2015-09-16T19:58:17","date_gmt":"2015-09-16T17:58:17","guid":{"rendered":"http:\/\/www.auditsi.eu\/?page_id=6239"},"modified":"2018-09-09T23:43:04","modified_gmt":"2018-09-09T21:43:04","slug":"appliaudit-aide-en-ligne","status":"publish","type":"page","link":"https:\/\/www.auditsi.eu\/?page_id=6239","title":{"rendered":"AppliAUDIT &#8211; Aide en ligne"},"content":{"rendered":"<p style=\"text-align: justify;\">Bienvenue sur l&#8217;aide en ligne d&#8217;AppliAUDIT !<\/p>\n<p style=\"text-align: justify;\">L\u2019application AppliAUDIT a \u00e9t\u00e9 con\u00e7ue&nbsp;faciliter la&nbsp;formalisation des travaux d\u2019audit et de r\u00e9vision des comptes. A cet effet, elle fournit, notamment,&nbsp;une revue analytique et une balance g\u00e9n\u00e9rale par cycle. Elle assure \u00e9galement la g\u00e9n\u00e9ration automatis\u00e9e de documents de synth\u00e8se&nbsp;: synth\u00e8ses de cycles, synth\u00e8ses g\u00e9n\u00e9rales\u2026<\/p>\n<p style=\"text-align: justify;\">AppliAUDIT est enti\u00e8rement d\u00e9velopp\u00e9 sous EXCEL et ACCESS \u00e0 l\u2019aide de codes VBA et de requ\u00eates SQL. L\u2019ensemble de l\u2019application est param\u00e9trable. Les feuilles de calcul, les tables de donn\u00e9es et les requ\u00eates sont prot\u00e9g\u00e9es de mani\u00e8re \u00e0 garantir la s\u00e9curit\u00e9 des traitements et des r\u00e9sultats.<\/p>\n<p style=\"text-align: justify;\">Malgr\u00e9 toute l\u2019attention apport\u00e9e au param\u00e9trage, des erreurs peuvent subsister. L\u2019utilisateur est invit\u00e9 \u00e0 signaler toute erreur ou demande de modification.<\/p>\n<p><strong><em>Principes g\u00e9n\u00e9raux de fonctionnement de l\u2019application<\/em><\/strong><\/p>\n<ul>\n<li>Restriction li\u00e9e \u00e0 la localisation de l\u2019application<\/li>\n<\/ul>\n<p style=\"padding-left: 60px;\">L\u2019ensemble du dossier AppliAUDIT doit \u00eatre localis\u00e9 sur la racine du disque dur \u00ab&nbsp;C&nbsp;:&nbsp;\u00bb lors de la phase de pr\u00e9paration du dossier (int\u00e9gration des balances). Par la suite, l\u2019utilisateur est libre de d\u00e9placer le dossier AppliAUDIT dans la localisation de son choix.<\/p>\n<ul>\n<li>Navigation dans&nbsp; l\u2019application<\/li>\n<\/ul>\n<p style=\"padding-left: 60px;\">La navigation dans l\u2019application s\u2019effectue \u00e0 l\u2019aide de liens hypertexte, tant dans les hauts de page que dans les menus.<\/p>\n<ul>\n<li>Identification des zones de saisie<\/li>\n<\/ul>\n<p style=\"padding-left: 60px;\">Les zones en jaune clair sont des zones de saisies. Aucune donn\u00e9e n\u2019est \u00e0 saisir dans d\u2019autres zones.<\/p>\n<p style=\"text-align: justify;\"><strong><em>Utilisation de l&#8217;application<\/em><\/strong><\/p>\n<p style=\"text-align: justify;\">Pour utiliser l&#8217;application, suivre les \u00e9tapes suivantes :<\/p>\n<ul style=\"text-align: justify;\">\n<li>Saisie&nbsp;des <a href=\"http:\/\/www.auditsi.eu\/?page_id=6272\">param\u00e8tres du dossier<\/a>&nbsp;de r\u00e9vision,<\/li>\n<li>Importation des balances g\u00e9n\u00e9rales <a href=\"http:\/\/www.auditsi.eu\/?page_id=6259\">N<\/a> et <a href=\"http:\/\/www.auditsi.eu\/?page_id=6257\">N-1 \u00e0 N-3<\/a>,<\/li>\n<li><a href=\"https:\/\/www.auditsi.eu\/?page_id=7584\">Pr\u00e9paration du dossier de r\u00e9vision \u00e0 partir de AppliAUDIT 2018(h)<\/a> ; versions ant\u00e9rieures : <a href=\"http:\/\/www.auditsi.eu\/?page_id=6251\">Pr\u00e9paration du dossier de r\u00e9vision<\/a>,<\/li>\n<li>R\u00e9vision des comptes (modules <a href=\"http:\/\/www.auditsi.eu\/?page_id=6262\">BGC<\/a> et <a href=\"http:\/\/www.auditsi.eu\/?page_id=6267\">RAE<\/a>).<\/li>\n<\/ul>\n<p style=\"text-align: justify;\">&nbsp;<\/p>\n<div style=\"padding-bottom:20px; padding-top:10px;\" class=\"hupso-share-buttons\"><!-- Hupso Share Buttons - https:\/\/www.hupso.com\/share\/ --><a class=\"hupso_counters\" href=\"https:\/\/www.hupso.com\/share\/\"><img decoding=\"async\" src=\"https:\/\/static.hupso.com\/share\/buttons\/lang\/fr\/share-small.png\" style=\"border:0px; padding-top:2px; float:left;\" alt=\"Share Button\"\/><\/a><script type=\"text\/javascript\">var hupso_services_c=new Array(\"twitter\",\"facebook_like\",\"facebook_send\",\"email\",\"print\",\"linkedin\");var hupso_counters_lang = \"fr_FR\";var hupso_image_folder_url = \"\";var hupso_twitter_via=\"BenoitRiviere14\";var hupso_url_c=\"\";var hupso_title_c=\"AppliAUDIT%20-%20Aide%20en%20ligne\";<\/script><script type=\"text\/javascript\" src=\"https:\/\/static.hupso.com\/share\/js\/counters.js\"><\/script><!-- Hupso Share Buttons --><\/div>","protected":false},"excerpt":{"rendered":"<p>Bienvenue sur l&#8217;aide en ligne d&#8217;AppliAUDIT ! L\u2019application AppliAUDIT a \u00e9t\u00e9 con\u00e7ue&nbsp;faciliter la&nbsp;formalisation des travaux d\u2019audit et de r\u00e9vision des comptes. A cet effet, elle fournit, notamment,&nbsp;une revue analytique et une balance g\u00e9n\u00e9rale par cycle. Elle assure \u00e9galement la g\u00e9n\u00e9ration automatis\u00e9e de documents de synth\u00e8se&nbsp;: synth\u00e8ses de cycles, synth\u00e8ses g\u00e9n\u00e9rales\u2026 AppliAUDIT est enti\u00e8rement d\u00e9velopp\u00e9 sous &#8230;<\/p>\n<p><a href=\"https:\/\/www.auditsi.eu\/?page_id=6239\" class=\"more-link\">Continue reading &lsquo;AppliAUDIT &#8211; Aide en ligne&rsquo; &raquo;<\/a><\/p>\n<div style=\"padding-bottom:20px; padding-top:10px;\" class=\"hupso-share-buttons\"><!-- Hupso Share Buttons - https:\/\/www.hupso.com\/share\/ --><a class=\"hupso_counters\" href=\"https:\/\/www.hupso.com\/share\/\"><img src=\"https:\/\/static.hupso.com\/share\/buttons\/lang\/fr\/share-small.png\" style=\"border:0px; padding-top:2px; float:left;\" alt=\"Share Button\"\/><\/a><script type=\"text\/javascript\">var hupso_services_c=new Array(\"twitter\",\"facebook_like\",\"facebook_send\",\"email\",\"print\",\"linkedin\");var hupso_counters_lang = \"fr_FR\";var hupso_image_folder_url = \"\";var hupso_twitter_via=\"BenoitRiviere14\";var hupso_url_c=\"\";var hupso_title_c=\"AppliAUDIT%20-%20Aide%20en%20ligne\";<\/script><script type=\"text\/javascript\" src=\"https:\/\/static.hupso.com\/share\/js\/counters.js\"><\/script><!-- Hupso Share Buttons --><\/div>","protected":false},"author":1,"featured_media":0,"parent":0,"menu_order":0,"comment_status":"open","ping_status":"open","template":"","meta":{"advanced_seo_description":"","jetpack_seo_html_title":"","jetpack_seo_noindex":false,"ngg_post_thumbnail":0,"footnotes":"","_links_to":"","_links_to_target":""},"class_list":["post-6239","page","type-page","status-publish","hentry"],"jetpack_sharing_enabled":true,"jetpack_likes_enabled":false,"_links":{"self":[{"href":"https:\/\/www.auditsi.eu\/index.php?rest_route=\/wp\/v2\/pages\/6239","targetHints":{"allow":["GET"]}}],"collection":[{"href":"https:\/\/www.auditsi.eu\/index.php?rest_route=\/wp\/v2\/pages"}],"about":[{"href":"https:\/\/www.auditsi.eu\/index.php?rest_route=\/wp\/v2\/types\/page"}],"author":[{"embeddable":true,"href":"https:\/\/www.auditsi.eu\/index.php?rest_route=\/wp\/v2\/users\/1"}],"replies":[{"embeddable":true,"href":"https:\/\/www.auditsi.eu\/index.php?rest_route=%2Fwp%2Fv2%2Fcomments&post=6239"}],"version-history":[{"count":10,"href":"https:\/\/www.auditsi.eu\/index.php?rest_route=\/wp\/v2\/pages\/6239\/revisions"}],"predecessor-version":[{"id":7593,"href":"https:\/\/www.auditsi.eu\/index.php?rest_route=\/wp\/v2\/pages\/6239\/revisions\/7593"}],"wp:attachment":[{"href":"https:\/\/www.auditsi.eu\/index.php?rest_route=%2Fwp%2Fv2%2Fmedia&parent=6239"}],"curies":[{"name":"wp","href":"https:\/\/api.w.org\/{rel}","templated":true}]}}