{"id":6226,"date":"2015-09-04T23:42:57","date_gmt":"2015-09-04T21:42:57","guid":{"rendered":"http:\/\/www.auditsi.eu\/?page_id=6226"},"modified":"2015-09-04T23:42:57","modified_gmt":"2015-09-04T21:42:57","slug":"remerciements-2014","status":"publish","type":"page","link":"https:\/\/www.auditsi.eu\/?page_id=6226","title":{"rendered":"Remerciements 2014"},"content":{"rendered":"<p style=\"text-align: justify;\"><a title=\"Remerciements\" href=\"http:\/\/www.auditsi.eu\/?page_id=2065\">Retour vers la page des remerciements&#8230;<\/a><\/p>\n<p style=\"text-align: center;\">&#8212;&#8211;2014&#8212;&#8211;<\/p>\n<p style=\"text-align: justify;\">En 2014, ma collection prend un nouveau tournant en s&#8217;enrichissant, de mani\u00e8re inattendue, de <a title=\"Mes machines \u00e0 calculer\" href=\"http:\/\/www.auditsi.eu\/?page_id=4507\">machines \u00e0 calculer<\/a>. De par mon m\u00e9tier, ces machines ont \u00e9veill\u00e9 ma curiosit\u00e9 !<\/p>\n<div id=\"attachment_5700\" style=\"width: 457px\" class=\"wp-caption aligncenter\"><a href=\"https:\/\/www.auditsi.eu\/wp-content\/uploads\/2012\/09\/SHARP-PC-4502.jpg\"><img loading=\"lazy\" decoding=\"async\" aria-describedby=\"caption-attachment-5700\" class=\" wp-image-5700\" src=\"https:\/\/www.auditsi.eu\/wp-content\/uploads\/2012\/09\/SHARP-PC-4502.jpg\" alt=\"Merci \u00e0 Reine (56) pour son portable SHARP PC-4502, sa sacoche, son imprimante, ses manuels et ses logiciels (Multiplan, Textomat...)\" width=\"447\" height=\"419\" \/><\/a><p id=\"caption-attachment-5700\" class=\"wp-caption-text\">Merci \u00e0 Reine (56) pour son portable SHARP PC-4502, sa sacoche, son imprimante, ses manuels et ses logiciels (Multiplan, Textomat&#8230;)<\/p><\/div>\n<div id=\"attachment_5331\" style=\"width: 457px\" class=\"wp-caption aligncenter\"><a href=\"https:\/\/www.auditsi.eu\/wp-content\/uploads\/2012\/09\/DSCN0470.jpg\"><img loading=\"lazy\" decoding=\"async\" aria-describedby=\"caption-attachment-5331\" class=\" wp-image-5331\" src=\"https:\/\/www.auditsi.eu\/wp-content\/uploads\/2012\/09\/DSCN0470.jpg\" alt=\"Merci \u00e0 Yves (77) pour ses livres ANSI programming language COBOL (1974) et Initiation \u00e0 l'algorithmique et aux structures de donn\u00e9es\" width=\"447\" height=\"347\" srcset=\"https:\/\/www.auditsi.eu\/wp-content\/uploads\/2012\/09\/DSCN0470.jpg 617w, https:\/\/www.auditsi.eu\/wp-content\/uploads\/2012\/09\/DSCN0470-300x233.jpg 300w\" sizes=\"auto, (max-width: 447px) 100vw, 447px\" \/><\/a><p id=\"caption-attachment-5331\" class=\"wp-caption-text\">Merci \u00e0 Yves (77) pour ses livres ANSI programming language COBOL (1974) et Initiation \u00e0 l&#8217;algorithmique et aux structures de donn\u00e9es<\/p><\/div>\n<div id=\"attachment_5286\" style=\"width: 458px\" class=\"wp-caption aligncenter\"><a href=\"https:\/\/www.auditsi.eu\/wp-content\/uploads\/2012\/09\/DSCN0467.jpg\"><img loading=\"lazy\" decoding=\"async\" aria-describedby=\"caption-attachment-5286\" class=\"size-full wp-image-5286\" src=\"https:\/\/www.auditsi.eu\/wp-content\/uploads\/2012\/09\/DSCN0467.jpg\" alt=\"Merci \u00e0 Marmot (35) pour ses revues d\u2019informatique Micro-Syst\u00e8mes, L\u2019Ordinateur Individuel, Ordi-5, BYTE, Practical Computing, SoftSide, Interface Age, Creative Computing, Microcomputing et d\u2019\u00e9lectronique Electronics Today + catalogue g\u00e9n\u00e9ral HBN 1981\/82\" width=\"448\" height=\"314\" srcset=\"https:\/\/www.auditsi.eu\/wp-content\/uploads\/2012\/09\/DSCN0467.jpg 448w, https:\/\/www.auditsi.eu\/wp-content\/uploads\/2012\/09\/DSCN0467-300x210.jpg 300w\" sizes=\"auto, (max-width: 448px) 100vw, 448px\" \/><\/a><p id=\"caption-attachment-5286\" class=\"wp-caption-text\">Merci \u00e0 Marmot (35) pour ses revues d\u2019informatique Micro-Syst\u00e8mes, L\u2019Ordinateur Individuel, Ordi-5, BYTE, Practical Computing, SoftSide, Interface Age, Creative Computing, Microcomputing et d\u2019\u00e9lectronique Electronics Today + catalogue g\u00e9n\u00e9ral HBN 1981\/82<\/p><\/div>\n<div id=\"attachment_5125\" style=\"width: 458px\" class=\"wp-caption aligncenter\"><a href=\"https:\/\/www.auditsi.eu\/wp-content\/uploads\/2012\/09\/DSCN0329.jpg\"><img loading=\"lazy\" decoding=\"async\" aria-describedby=\"caption-attachment-5125\" class=\"size-full wp-image-5125\" src=\"https:\/\/www.auditsi.eu\/wp-content\/uploads\/2012\/09\/DSCN0329.jpg\" alt=\"Merci \u00e0 Hugo (75) pour ses Micro-Syst\u00e8mes\" width=\"448\" height=\"285\" srcset=\"https:\/\/www.auditsi.eu\/wp-content\/uploads\/2012\/09\/DSCN0329.jpg 448w, https:\/\/www.auditsi.eu\/wp-content\/uploads\/2012\/09\/DSCN0329-300x190.jpg 300w\" sizes=\"auto, (max-width: 448px) 100vw, 448px\" \/><\/a><p id=\"caption-attachment-5125\" class=\"wp-caption-text\">Merci \u00e0 Hugo (75) pour ses Micro-Syst\u00e8mes<\/p><\/div>\n<div id=\"attachment_5052\" style=\"width: 496px\" class=\"wp-caption aligncenter\"><a href=\"https:\/\/www.auditsi.eu\/wp-content\/uploads\/2012\/09\/DSCN0178.jpg\"><img loading=\"lazy\" decoding=\"async\" aria-describedby=\"caption-attachment-5052\" class=\" wp-image-5052\" src=\"https:\/\/www.auditsi.eu\/wp-content\/uploads\/2012\/09\/DSCN0178.jpg\" alt=\"Merci \u00e0 Bernard (33) pour ses machines \u00e0 calculer MAXIMATOR et ADDIATOR et sa calculatrice Texas Instruments TI-30 LCD\" width=\"486\" height=\"238\" srcset=\"https:\/\/www.auditsi.eu\/wp-content\/uploads\/2012\/09\/DSCN0178.jpg 640w, https:\/\/www.auditsi.eu\/wp-content\/uploads\/2012\/09\/DSCN0178-300x147.jpg 300w\" sizes=\"auto, (max-width: 486px) 100vw, 486px\" \/><\/a><p id=\"caption-attachment-5052\" class=\"wp-caption-text\">Merci \u00e0 Bernard (33) pour ses machines \u00e0 calculer MAXIMATOR et ADDIATOR et sa calculatrice Texas Instruments TI-30 LCD<\/p><\/div>\n<div id=\"attachment_4960\" style=\"width: 493px\" class=\"wp-caption aligncenter\"><a href=\"https:\/\/www.auditsi.eu\/wp-content\/uploads\/2012\/09\/Portable-PCP-5155-IBM.jpg\"><img loading=\"lazy\" decoding=\"async\" aria-describedby=\"caption-attachment-4960\" class=\"size-full wp-image-4960\" src=\"https:\/\/www.auditsi.eu\/wp-content\/uploads\/2012\/09\/Portable-PCP-5155-IBM.jpg\" alt=\"Merci \u00e0 Bernard (33) pour son portable IBM PCP 5155 (1984), sa documentation et logiciels (DOS, BASIC, MULTIPLAN...), les jeux Microsoft Decathlon et WWII GATO-Class Submarine Simulation et ses nombreuses disquettes...\" width=\"483\" height=\"408\" srcset=\"https:\/\/www.auditsi.eu\/wp-content\/uploads\/2012\/09\/Portable-PCP-5155-IBM.jpg 483w, https:\/\/www.auditsi.eu\/wp-content\/uploads\/2012\/09\/Portable-PCP-5155-IBM-300x253.jpg 300w\" sizes=\"auto, (max-width: 483px) 100vw, 483px\" \/><\/a><p id=\"caption-attachment-4960\" class=\"wp-caption-text\">Merci \u00e0 Bernard (33) pour son portable IBM PCP 5155 (1984), sa documentation et logiciels (DOS, BASIC, MULTIPLAN&#8230;), les jeux Microsoft Decathlon et WWII GATO-Class Submarine Simulation et ses nombreuses disquettes&#8230;<\/p><\/div>\n<div id=\"attachment_4924\" style=\"width: 458px\" class=\"wp-caption aligncenter\"><a href=\"https:\/\/www.auditsi.eu\/wp-content\/uploads\/2012\/09\/MO5-PLATINI.jpg\"><img loading=\"lazy\" decoding=\"async\" aria-describedby=\"caption-attachment-4924\" class=\"size-full wp-image-4924\" src=\"https:\/\/www.auditsi.eu\/wp-content\/uploads\/2012\/09\/MO5-PLATINI.jpg\" alt=\"Merci \u00e0 Nelly (27) pour son MO5 \u00e9dition sp\u00e9ciale Michel Platini, ses jeux (Kung Foo \u00e0 l'\u00e9cran), son moniteur et son imprimante\" width=\"448\" height=\"305\" srcset=\"https:\/\/www.auditsi.eu\/wp-content\/uploads\/2012\/09\/MO5-PLATINI.jpg 448w, https:\/\/www.auditsi.eu\/wp-content\/uploads\/2012\/09\/MO5-PLATINI-300x204.jpg 300w\" sizes=\"auto, (max-width: 448px) 100vw, 448px\" \/><\/a><p id=\"caption-attachment-4924\" class=\"wp-caption-text\">Merci \u00e0 Nelly (27) pour son MO5 \u00e9dition sp\u00e9ciale Michel Platini, ses jeux (Kung Fou \u00e0 l&#8217;\u00e9cran), son moniteur et son imprimante<\/p><\/div>\n<div id=\"attachment_4526\" style=\"width: 437px\" class=\"wp-caption aligncenter\"><a href=\"https:\/\/www.auditsi.eu\/wp-content\/uploads\/2012\/09\/DSCN9285.jpg\"><img loading=\"lazy\" decoding=\"async\" aria-describedby=\"caption-attachment-4526\" class=\"size-full wp-image-4526\" src=\"https:\/\/www.auditsi.eu\/wp-content\/uploads\/2012\/09\/DSCN9285.jpg\" alt=\"Merci \u00e0 TN14 (14) pour sa calculatrice programmable TI-58 de TEXAS INSTRUMENTS\" width=\"427\" height=\"640\" srcset=\"https:\/\/www.auditsi.eu\/wp-content\/uploads\/2012\/09\/DSCN9285.jpg 427w, https:\/\/www.auditsi.eu\/wp-content\/uploads\/2012\/09\/DSCN9285-200x300.jpg 200w\" sizes=\"auto, (max-width: 427px) 100vw, 427px\" \/><\/a><p id=\"caption-attachment-4526\" class=\"wp-caption-text\">Merci \u00e0 TN14 (14) pour sa calculatrice programmable TI-58 de TEXAS INSTRUMENTS<\/p><\/div>\n<p style=\"text-align: justify;\">Approfondir le sujet :<br \/>\n<a title=\"L'informatique des ann\u00e9es 80\" href=\"http:\/\/www.auditsi.eu\/?page_id=2119\">L\u2019informatique des ann\u00e9es 80<\/a> \/ <a title=\"Ma collection\" href=\"http:\/\/www.auditsi.eu\/?page_id=1983\">Ma collection<\/a> \/ <a title=\"Ma documentation\" href=\"http:\/\/www.auditsi.eu\/?page_id=3930\">Ma documentation<\/a><\/p>\n<div style=\"padding-bottom:20px; padding-top:10px;\" class=\"hupso-share-buttons\"><!-- Hupso Share Buttons - https:\/\/www.hupso.com\/share\/ --><a class=\"hupso_counters\" href=\"https:\/\/www.hupso.com\/share\/\"><img decoding=\"async\" src=\"https:\/\/static.hupso.com\/share\/buttons\/lang\/fr\/share-small.png\" style=\"border:0px; padding-top:2px; float:left;\" alt=\"Share Button\"\/><\/a><script type=\"text\/javascript\">var hupso_services_c=new Array(\"twitter\",\"facebook_like\",\"facebook_send\",\"email\",\"print\",\"linkedin\");var hupso_counters_lang = \"fr_FR\";var hupso_image_folder_url = \"\";var hupso_twitter_via=\"BenoitRiviere14\";var hupso_url_c=\"\";var hupso_title_c=\"Remerciements%202014\";<\/script><script type=\"text\/javascript\" src=\"https:\/\/static.hupso.com\/share\/js\/counters.js\"><\/script><!-- Hupso Share Buttons --><\/div>","protected":false},"excerpt":{"rendered":"<p>Retour vers la page des remerciements&#8230; &#8212;&#8211;2014&#8212;&#8211; En 2014, ma collection prend un nouveau tournant en s&#8217;enrichissant, de mani\u00e8re inattendue, de machines \u00e0 calculer. De par mon m\u00e9tier, ces machines ont \u00e9veill\u00e9 ma curiosit\u00e9 ! Approfondir le sujet : L\u2019informatique des ann\u00e9es 80 \/ Ma collection \/ Ma documentation<\/p>\n<div style=\"padding-bottom:20px; padding-top:10px;\" class=\"hupso-share-buttons\"><!-- Hupso Share Buttons - https:\/\/www.hupso.com\/share\/ --><a class=\"hupso_counters\" href=\"https:\/\/www.hupso.com\/share\/\"><img src=\"https:\/\/static.hupso.com\/share\/buttons\/lang\/fr\/share-small.png\" style=\"border:0px; padding-top:2px; float:left;\" alt=\"Share Button\"\/><\/a><script type=\"text\/javascript\">var hupso_services_c=new Array(\"twitter\",\"facebook_like\",\"facebook_send\",\"email\",\"print\",\"linkedin\");var hupso_counters_lang = \"fr_FR\";var hupso_image_folder_url = \"\";var hupso_twitter_via=\"BenoitRiviere14\";var hupso_url_c=\"\";var hupso_title_c=\"Remerciements%202014\";<\/script><script type=\"text\/javascript\" src=\"https:\/\/static.hupso.com\/share\/js\/counters.js\"><\/script><!-- Hupso Share Buttons --><\/div>","protected":false},"author":1,"featured_media":0,"parent":0,"menu_order":0,"comment_status":"open","ping_status":"open","template":"","meta":{"advanced_seo_description":"","jetpack_seo_html_title":"","jetpack_seo_noindex":false,"ngg_post_thumbnail":0,"footnotes":"","_links_to":"","_links_to_target":""},"class_list":["post-6226","page","type-page","status-publish","hentry"],"jetpack_sharing_enabled":true,"jetpack_likes_enabled":false,"_links":{"self":[{"href":"https:\/\/www.auditsi.eu\/index.php?rest_route=\/wp\/v2\/pages\/6226","targetHints":{"allow":["GET"]}}],"collection":[{"href":"https:\/\/www.auditsi.eu\/index.php?rest_route=\/wp\/v2\/pages"}],"about":[{"href":"https:\/\/www.auditsi.eu\/index.php?rest_route=\/wp\/v2\/types\/page"}],"author":[{"embeddable":true,"href":"https:\/\/www.auditsi.eu\/index.php?rest_route=\/wp\/v2\/users\/1"}],"replies":[{"embeddable":true,"href":"https:\/\/www.auditsi.eu\/index.php?rest_route=%2Fwp%2Fv2%2Fcomments&post=6226"}],"version-history":[{"count":1,"href":"https:\/\/www.auditsi.eu\/index.php?rest_route=\/wp\/v2\/pages\/6226\/revisions"}],"predecessor-version":[{"id":6227,"href":"https:\/\/www.auditsi.eu\/index.php?rest_route=\/wp\/v2\/pages\/6226\/revisions\/6227"}],"wp:attachment":[{"href":"https:\/\/www.auditsi.eu\/index.php?rest_route=%2Fwp%2Fv2%2Fmedia&parent=6226"}],"curies":[{"name":"wp","href":"https:\/\/api.w.org\/{rel}","templated":true}]}}