{"id":5837,"date":"2015-02-08T19:40:48","date_gmt":"2015-02-08T18:40:48","guid":{"rendered":"http:\/\/www.auditsi.eu\/?page_id=5837"},"modified":"2015-02-10T21:55:42","modified_gmt":"2015-02-10T20:55:42","slug":"changement-de-la-courroie-du-lecteur-de-disquette-3-amstrad","status":"publish","type":"page","link":"https:\/\/www.auditsi.eu\/?page_id=5837","title":{"rendered":"Changement de la courroie du lecteur de disquette 3&#8243; (AMSTRAD)"},"content":{"rendered":"<p style=\"text-align: justify;\">Le lecteur de <a title=\"Disquettes 3 pouces, le talon d\u2019achille du CPC\" href=\"http:\/\/www.auditsi.eu\/?page_id=4595\">disquette 3&#8243;<\/a> \u00e9quipe les <a title=\"AMSTRAD CPC\" href=\"http:\/\/www.auditsi.eu\/?page_id=2981\">Amstrad CPC<\/a> 664, 6128 et 6128+ ainsi que le DDI-1.<\/p>\n<p style=\"text-align: justify;\">Le tutoriel qui suit concerne le lecteur du CPC 6128+ mais est d\u00e9clinable sur les autres mod\u00e8les.<\/p>\n<div id=\"attachment_5723\" style=\"width: 370px\" class=\"wp-caption aligncenter\"><a href=\"https:\/\/www.auditsi.eu\/wp-content\/uploads\/2013\/03\/AMSTRAD-CPC-6128-.jpg\"><img loading=\"lazy\" decoding=\"async\" aria-describedby=\"caption-attachment-5723\" class=\" wp-image-5723\" src=\"https:\/\/www.auditsi.eu\/wp-content\/uploads\/2013\/03\/AMSTRAD-CPC-6128-.jpg\" alt=\"L'AMSTRAD CPC 6128+ (1990)\" width=\"360\" height=\"241\" srcset=\"https:\/\/www.auditsi.eu\/wp-content\/uploads\/2013\/03\/AMSTRAD-CPC-6128-.jpg 800w, https:\/\/www.auditsi.eu\/wp-content\/uploads\/2013\/03\/AMSTRAD-CPC-6128--300x201.jpg 300w\" sizes=\"auto, (max-width: 360px) 100vw, 360px\" \/><\/a><p id=\"caption-attachment-5723\" class=\"wp-caption-text\">L&#8217;AMSTRAD CPC 6128+ (1990)<\/p><\/div>\n<p><strong><em>Sympt\u00f4mes<\/em><\/strong><\/p>\n<p style=\"text-align: justify;\">L&#8217;ordinateur ne parvient pas \u00e0 lire les disquettes. Un message d&#8217;erreur appara\u00eet \u00e0 l&#8217;\u00e9cran.<\/p>\n<p><strong><em>D\u00e9montage<\/em><\/strong><\/p>\n<p style=\"text-align: justify;\">D\u00e9brancher l&#8217;ordinateur du moniteur. Retourner l&#8217;unit\u00e9 centrale (UC), retirer les six vis (entour\u00e9es sur la photo ci-dessous) et pousser sur les trois tirettes (rep\u00e9r\u00e9es par une fl\u00e8che) :<\/p>\n<div id=\"attachment_5853\" style=\"width: 544px\" class=\"wp-caption aligncenter\"><a href=\"https:\/\/www.auditsi.eu\/wp-content\/uploads\/2015\/02\/CPC6128-Vue-du-dessous.jpg\"><img loading=\"lazy\" decoding=\"async\" aria-describedby=\"caption-attachment-5853\" class=\" wp-image-5853\" src=\"https:\/\/www.auditsi.eu\/wp-content\/uploads\/2015\/02\/CPC6128-Vue-du-dessous.jpg\" alt=\"CPC6128+ : Vue du dessous\" width=\"534\" height=\"390\" srcset=\"https:\/\/www.auditsi.eu\/wp-content\/uploads\/2015\/02\/CPC6128-Vue-du-dessous.jpg 800w, https:\/\/www.auditsi.eu\/wp-content\/uploads\/2015\/02\/CPC6128-Vue-du-dessous-300x219.jpg 300w, https:\/\/www.auditsi.eu\/wp-content\/uploads\/2015\/02\/CPC6128-Vue-du-dessous-730x533.jpg 730w\" sizes=\"auto, (max-width: 534px) 100vw, 534px\" \/><\/a><p id=\"caption-attachment-5853\" class=\"wp-caption-text\">CPC6128+ : Vue du dessous<\/p><\/div>\n<p style=\"text-align: justify;\">Retourner de nouveau l&#8217;UC et soulever le capot :<\/p>\n<div id=\"attachment_5856\" style=\"width: 545px\" class=\"wp-caption aligncenter\"><a href=\"https:\/\/www.auditsi.eu\/wp-content\/uploads\/2015\/02\/CPC-6128-ouvert.jpg\"><img loading=\"lazy\" decoding=\"async\" aria-describedby=\"caption-attachment-5856\" class=\" wp-image-5856\" src=\"https:\/\/www.auditsi.eu\/wp-content\/uploads\/2015\/02\/CPC-6128-ouvert.jpg\" alt=\"Le CPC 6128+ \u00e0 coeur ouvert\" width=\"535\" height=\"569\" srcset=\"https:\/\/www.auditsi.eu\/wp-content\/uploads\/2015\/02\/CPC-6128-ouvert.jpg 600w, https:\/\/www.auditsi.eu\/wp-content\/uploads\/2015\/02\/CPC-6128-ouvert-282x300.jpg 282w\" sizes=\"auto, (max-width: 535px) 100vw, 535px\" \/><\/a><p id=\"caption-attachment-5856\" class=\"wp-caption-text\">Le CPC 6128+ \u00e0 coeur ouvert<\/p><\/div>\n<p style=\"text-align: justify;\">Le lecteur de disquette se localise \u00e0 droite au dessus du clavier. La carte m\u00e8re, plut\u00f4t compacte, se situe \u00e0 gauche.<\/p>\n<div id=\"attachment_5842\" style=\"width: 548px\" class=\"wp-caption aligncenter\"><a href=\"https:\/\/www.auditsi.eu\/wp-content\/uploads\/2013\/03\/Carte-m\u00e8re-CPC6128-.jpg\"><img loading=\"lazy\" decoding=\"async\" aria-describedby=\"caption-attachment-5842\" class=\" wp-image-5842\" src=\"https:\/\/www.auditsi.eu\/wp-content\/uploads\/2013\/03\/Carte-m\u00e8re-CPC6128-.jpg\" alt=\"La carte m\u00e8re du CPC 6128+ : un format compact compar\u00e9 au 6128 premi\u00e8re g\u00e9n\u00e9ration ; \u00e0 gauche du micro-processeur Z80A, on remarque le port cartouche\" width=\"538\" height=\"369\" srcset=\"https:\/\/www.auditsi.eu\/wp-content\/uploads\/2013\/03\/Carte-m\u00e8re-CPC6128-.jpg 1024w, https:\/\/www.auditsi.eu\/wp-content\/uploads\/2013\/03\/Carte-m\u00e8re-CPC6128--300x206.jpg 300w, https:\/\/www.auditsi.eu\/wp-content\/uploads\/2013\/03\/Carte-m\u00e8re-CPC6128--730x500.jpg 730w\" sizes=\"auto, (max-width: 538px) 100vw, 538px\" \/><\/a><p id=\"caption-attachment-5842\" class=\"wp-caption-text\">La carte m\u00e8re du CPC 6128+ : un format compact compar\u00e9 au 6128 premi\u00e8re g\u00e9n\u00e9ration ; \u00e0 gauche du micro-processeur Z80A, on remarque le port cartouche<\/p><\/div>\n<p>Retirer les quatre vis qui fixent le lecteur de disquette \u00e0 l&#8217;UC :<\/p>\n<p style=\"text-align: justify;\"><a href=\"https:\/\/www.auditsi.eu\/wp-content\/uploads\/2015\/02\/Vis-fixation-lecteur-3-pouces.jpg\"><img loading=\"lazy\" decoding=\"async\" class=\"aligncenter  wp-image-5857\" src=\"https:\/\/www.auditsi.eu\/wp-content\/uploads\/2015\/02\/Vis-fixation-lecteur-3-pouces.jpg\" alt=\"Vis fixation lecteur 3 pouces\" width=\"545\" height=\"347\" srcset=\"https:\/\/www.auditsi.eu\/wp-content\/uploads\/2015\/02\/Vis-fixation-lecteur-3-pouces.jpg 800w, https:\/\/www.auditsi.eu\/wp-content\/uploads\/2015\/02\/Vis-fixation-lecteur-3-pouces-300x191.jpg 300w, https:\/\/www.auditsi.eu\/wp-content\/uploads\/2015\/02\/Vis-fixation-lecteur-3-pouces-730x465.jpg 730w\" sizes=\"auto, (max-width: 545px) 100vw, 545px\" \/><\/a>Retourner le lecteur et d\u00e9brancher le c\u00e2ble nappe (donn\u00e9es) et le c\u00e2ble d&#8217;alimentation \u00e9lectrique :<\/p>\n<p style=\"text-align: justify;\"><a href=\"https:\/\/www.auditsi.eu\/wp-content\/uploads\/2015\/02\/Branchements-lecteur-3-pouces.jpg\"><img loading=\"lazy\" decoding=\"async\" class=\"aligncenter  wp-image-5858\" src=\"https:\/\/www.auditsi.eu\/wp-content\/uploads\/2015\/02\/Branchements-lecteur-3-pouces.jpg\" alt=\"Branchements lecteur 3 pouces\" width=\"541\" height=\"373\" srcset=\"https:\/\/www.auditsi.eu\/wp-content\/uploads\/2015\/02\/Branchements-lecteur-3-pouces.jpg 800w, https:\/\/www.auditsi.eu\/wp-content\/uploads\/2015\/02\/Branchements-lecteur-3-pouces-300x207.jpg 300w, https:\/\/www.auditsi.eu\/wp-content\/uploads\/2015\/02\/Branchements-lecteur-3-pouces-730x503.jpg 730w\" sizes=\"auto, (max-width: 541px) 100vw, 541px\" \/><\/a>Le lecteur de disquette est maintenant totalement d\u00e9solidaris\u00e9 de l&#8217;UC. Il est ins\u00e9r\u00e9 dans un caisson m\u00e9tallique. Nous allons maintenant retirer ce caisson. Pour ce faire, retirer les quatre vis de fixation (deux par cot\u00e9) :<\/p>\n<p style=\"text-align: justify;\"><a href=\"https:\/\/www.auditsi.eu\/wp-content\/uploads\/2015\/02\/Caisson-lecteur-3-pouces.jpg\"><img loading=\"lazy\" decoding=\"async\" class=\"aligncenter  wp-image-5859\" src=\"https:\/\/www.auditsi.eu\/wp-content\/uploads\/2015\/02\/Caisson-lecteur-3-pouces.jpg\" alt=\"Caisson lecteur 3 pouces\" width=\"536\" height=\"189\" srcset=\"https:\/\/www.auditsi.eu\/wp-content\/uploads\/2015\/02\/Caisson-lecteur-3-pouces.jpg 800w, https:\/\/www.auditsi.eu\/wp-content\/uploads\/2015\/02\/Caisson-lecteur-3-pouces-300x106.jpg 300w, https:\/\/www.auditsi.eu\/wp-content\/uploads\/2015\/02\/Caisson-lecteur-3-pouces-730x257.jpg 730w\" sizes=\"auto, (max-width: 536px) 100vw, 536px\" \/><\/a>Ceci fait, glisser le lecteur de disquette hors du caisson :<\/p>\n<p style=\"text-align: justify;\"><a href=\"https:\/\/www.auditsi.eu\/wp-content\/uploads\/2015\/02\/Lecteur-3-pouces-pos\u00e9-sur-caisson.jpg\"><img loading=\"lazy\" decoding=\"async\" class=\"aligncenter  wp-image-5860\" src=\"https:\/\/www.auditsi.eu\/wp-content\/uploads\/2015\/02\/Lecteur-3-pouces-pos\u00e9-sur-caisson.jpg\" alt=\"Lecteur 3 pouces pos\u00e9 sur caisson\" width=\"529\" height=\"381\" srcset=\"https:\/\/www.auditsi.eu\/wp-content\/uploads\/2015\/02\/Lecteur-3-pouces-pos\u00e9-sur-caisson.jpg 1024w, https:\/\/www.auditsi.eu\/wp-content\/uploads\/2015\/02\/Lecteur-3-pouces-pos\u00e9-sur-caisson-300x217.jpg 300w, https:\/\/www.auditsi.eu\/wp-content\/uploads\/2015\/02\/Lecteur-3-pouces-pos\u00e9-sur-caisson-730x527.jpg 730w\" sizes=\"auto, (max-width: 529px) 100vw, 529px\" \/><\/a><\/p>\n<p><strong><em>Etat des lieux<\/em><\/strong><\/p>\n<p style=\"text-align: justify;\">L\u2019int\u00e9rieur de l&#8217;ordinateur est en excellent \u00e9tat, juste un peu de poussi\u00e8re.<\/p>\n<p><strong><em>Identification de la panne<\/em><\/strong><\/p>\n<p style=\"text-align: justify;\">Retourner le lecteur de disquette. Visuellement, nous constatons imm\u00e9diatement que la courroie est rompue. C&#8217;est une panne courante et facile \u00e0 r\u00e9parer.<\/p>\n<p><a href=\"https:\/\/www.auditsi.eu\/wp-content\/uploads\/2015\/02\/Courroie-rompue.jpg\"><img loading=\"lazy\" decoding=\"async\" class=\"aligncenter  wp-image-5863\" src=\"https:\/\/www.auditsi.eu\/wp-content\/uploads\/2015\/02\/Courroie-rompue.jpg\" alt=\"Courroie rompue\" width=\"525\" height=\"407\" srcset=\"https:\/\/www.auditsi.eu\/wp-content\/uploads\/2015\/02\/Courroie-rompue.jpg 774w, https:\/\/www.auditsi.eu\/wp-content\/uploads\/2015\/02\/Courroie-rompue-300x233.jpg 300w, https:\/\/www.auditsi.eu\/wp-content\/uploads\/2015\/02\/Courroie-rompue-730x566.jpg 730w\" sizes=\"auto, (max-width: 525px) 100vw, 525px\" \/><\/a><\/p>\n<p><strong><em>R\u00e9paration<\/em><\/strong><\/p>\n<p style=\"text-align: justify;\">La r\u00e9paration n\u00e9cessite de remplacer la courroie par une neuve. Malgr\u00e9 l&#8217;anciennet\u00e9 du CPC, cette courroie est ais\u00e9e \u00e0 trouver. Le site <a title=\"Courroies pour lecteur de disquette Amstrad 3&quot;\" href=\"http:\/\/www.centpourcent.net\/store\/c2\/CPC_Parts.html\" target=\"_blank\">www.centpourcent.net<\/a> propose des courroies pour les lecteurs de disquette ainsi pour le lecteur de cassette de nos chers CPC 464 et 464+.<\/p>\n<div id=\"attachment_5855\" style=\"width: 320px\" class=\"wp-caption aligncenter\"><a href=\"https:\/\/www.auditsi.eu\/wp-content\/uploads\/2015\/02\/Courroies-disquette-3-pouces.jpg\"><img loading=\"lazy\" decoding=\"async\" aria-describedby=\"caption-attachment-5855\" class=\"size-full wp-image-5855\" src=\"https:\/\/www.auditsi.eu\/wp-content\/uploads\/2015\/02\/Courroies-disquette-3-pouces.jpg\" alt=\"Courroies de rechange pour lecteur de disquette 3&quot;\" width=\"310\" height=\"448\" srcset=\"https:\/\/www.auditsi.eu\/wp-content\/uploads\/2015\/02\/Courroies-disquette-3-pouces.jpg 310w, https:\/\/www.auditsi.eu\/wp-content\/uploads\/2015\/02\/Courroies-disquette-3-pouces-208x300.jpg 208w\" sizes=\"auto, (max-width: 310px) 100vw, 310px\" \/><\/a><p id=\"caption-attachment-5855\" class=\"wp-caption-text\">Courroies de rechange pour lecteur de disquette 3&#8243;<\/p><\/div>\n<p style=\"text-align: justify;\">Retirer les deux vis qui fixent la carte \u00e9lectronique sur le lecteur de disquette. A partir de ce moment, ne surtout pas retourner le lecteur, le clou qui permet au lecteur d&#8217;\u00e9crire sur la disquette pourrait \u00eatre perdu. Soulever la carte \u00e9lectronique d\u00e9licatement (elle est retenue par des fils). Retirer l&#8217;ancienne courroie. S&#8217;il reste des r\u00e9sidus de courroie sur les galets d&#8217;entra\u00eenement, les enlever avec du methyl\u00e9thylc\u00e9tone ou de l&#8217;ac\u00e9tone (pour le galet en plastique, tester sur une petite partie pour s&#8217;assurer qu&#8217;il ne fond pas sous l&#8217;effet de l&#8217;ac\u00e9tone) avec un coton tige.<\/p>\n<p style=\"text-align: justify;\">Enfin, poser la nouvelle courroie. La r\u00e9paration est maintenant termin\u00e9e.<\/p>\n<p style=\"text-align: justify;\">Remonter le lecteur de disquette dans l&#8217;UC (pour ce faire, suivre les \u00e9tapes de d\u00e9montage dans l&#8217;ordre inverse ;-), allumer l&#8217;ordinateur et tester le lecteur de disquette. Ca marche !<\/p>\n<div id=\"attachment_5861\" style=\"width: 442px\" class=\"wp-caption aligncenter\"><a href=\"https:\/\/www.auditsi.eu\/wp-content\/uploads\/2015\/02\/Donkey-Kong-CPC.jpg\"><img loading=\"lazy\" decoding=\"async\" aria-describedby=\"caption-attachment-5861\" class=\"size-full wp-image-5861\" src=\"https:\/\/www.auditsi.eu\/wp-content\/uploads\/2015\/02\/Donkey-Kong-CPC.jpg\" alt=\"Jeu Donkey Kong sur Amstrad CPC\" width=\"432\" height=\"336\" srcset=\"https:\/\/www.auditsi.eu\/wp-content\/uploads\/2015\/02\/Donkey-Kong-CPC.jpg 432w, https:\/\/www.auditsi.eu\/wp-content\/uploads\/2015\/02\/Donkey-Kong-CPC-300x233.jpg 300w\" sizes=\"auto, (max-width: 432px) 100vw, 432px\" \/><\/a><p id=\"caption-attachment-5861\" class=\"wp-caption-text\">Jeu Donkey Kong sur Amstrad CPC<\/p><\/div>\n<p><em>Les photos d\u2019illustration sont issues de ma <a title=\"Ma collection\" href=\"http:\/\/www.auditsi.eu\/?page_id=1983\">collection personnelle<\/a>.<\/em><\/p>\n<p>Approfondir le sujet :<\/p>\n<p style=\"text-align: justify;\">Pour \u00e9crire ce tutoriel, je me suis notamment aid\u00e9 de celui du site<a title=\"Changement de la courroie du lecteur de disquettes (www.amstradtoday.com)\" href=\"http:\/\/www.amstradtoday.com\/resur\/resur.htm\" target=\"_blank\"> amstradtoday.com<\/a>.<\/p>\n<p><a title=\"AMSTRAD CPC\" href=\"http:\/\/www.auditsi.eu\/?page_id=2981\">D\u00e9couvrir la gamme d&#8217;ordinateurs AMSTRAD CPC<\/a><\/p>\n<p><a title=\"Atelier de restauration\" href=\"http:\/\/www.auditsi.eu\/?page_id=5014\">L&#8217;atelier de restauration<\/a><br \/>\n<a title=\"L'informatique des ann\u00e9es 80\" href=\"http:\/\/www.auditsi.eu\/?page_id=2119\">L\u2019informatique des ann\u00e9es 80<\/a> \/ <a title=\"Ma collection\" href=\"http:\/\/www.auditsi.eu\/?page_id=1983\">Ma collection<\/a> \/ <a title=\"Ma documentation\" href=\"http:\/\/www.auditsi.eu\/?page_id=3930\">Ma documentation<\/a> \/ <a title=\"Quelques id\u00e9es de lecture pour en savoir plus\" href=\"http:\/\/www.auditsi.eu\/?page_id=4631\">Quelques id\u00e9es de lecture<\/a><\/p>\n<div style=\"padding-bottom:20px; padding-top:10px;\" class=\"hupso-share-buttons\"><!-- Hupso Share Buttons - https:\/\/www.hupso.com\/share\/ --><a class=\"hupso_counters\" href=\"https:\/\/www.hupso.com\/share\/\"><img decoding=\"async\" src=\"https:\/\/static.hupso.com\/share\/buttons\/lang\/fr\/share-small.png\" style=\"border:0px; padding-top:2px; float:left;\" alt=\"Share Button\"\/><\/a><script type=\"text\/javascript\">var hupso_services_c=new Array(\"twitter\",\"facebook_like\",\"facebook_send\",\"email\",\"print\",\"linkedin\");var hupso_counters_lang = \"fr_FR\";var hupso_image_folder_url = \"\";var hupso_twitter_via=\"BenoitRiviere14\";var hupso_url_c=\"\";var hupso_title_c=\"Changement%20de%20la%20courroie%20du%20lecteur%20de%20disquette%203%22%20%28AMSTRAD%29\";<\/script><script type=\"text\/javascript\" src=\"https:\/\/static.hupso.com\/share\/js\/counters.js\"><\/script><!-- Hupso Share Buttons --><\/div>","protected":false},"excerpt":{"rendered":"<p>Le lecteur de disquette 3&#8243; \u00e9quipe les Amstrad CPC 664, 6128 et 6128+ ainsi que le DDI-1. Le tutoriel qui suit concerne le lecteur du CPC 6128+ mais est d\u00e9clinable sur les autres mod\u00e8les. Sympt\u00f4mes L&#8217;ordinateur ne parvient pas \u00e0 lire les disquettes. Un message d&#8217;erreur appara\u00eet \u00e0 l&#8217;\u00e9cran. D\u00e9montage D\u00e9brancher l&#8217;ordinateur du moniteur. Retourner &#8230;<\/p>\n<p><a href=\"https:\/\/www.auditsi.eu\/?page_id=5837\" class=\"more-link\">Continue reading &lsquo;Changement de la courroie du lecteur de disquette 3&#8243; (AMSTRAD)&rsquo; &raquo;<\/a><\/p>\n<div style=\"padding-bottom:20px; padding-top:10px;\" class=\"hupso-share-buttons\"><!-- Hupso Share Buttons - https:\/\/www.hupso.com\/share\/ --><a class=\"hupso_counters\" href=\"https:\/\/www.hupso.com\/share\/\"><img src=\"https:\/\/static.hupso.com\/share\/buttons\/lang\/fr\/share-small.png\" style=\"border:0px; padding-top:2px; float:left;\" alt=\"Share Button\"\/><\/a><script type=\"text\/javascript\">var hupso_services_c=new Array(\"twitter\",\"facebook_like\",\"facebook_send\",\"email\",\"print\",\"linkedin\");var hupso_counters_lang = \"fr_FR\";var hupso_image_folder_url = \"\";var hupso_twitter_via=\"BenoitRiviere14\";var hupso_url_c=\"\";var hupso_title_c=\"Changement%20de%20la%20courroie%20du%20lecteur%20de%20disquette%203%22%20%28AMSTRAD%29\";<\/script><script type=\"text\/javascript\" src=\"https:\/\/static.hupso.com\/share\/js\/counters.js\"><\/script><!-- Hupso Share Buttons --><\/div>","protected":false},"author":1,"featured_media":0,"parent":0,"menu_order":0,"comment_status":"open","ping_status":"open","template":"","meta":{"advanced_seo_description":"","jetpack_seo_html_title":"","jetpack_seo_noindex":false,"ngg_post_thumbnail":0,"footnotes":"","_links_to":"","_links_to_target":""},"class_list":["post-5837","page","type-page","status-publish","hentry"],"jetpack_sharing_enabled":true,"jetpack_likes_enabled":false,"_links":{"self":[{"href":"https:\/\/www.auditsi.eu\/index.php?rest_route=\/wp\/v2\/pages\/5837","targetHints":{"allow":["GET"]}}],"collection":[{"href":"https:\/\/www.auditsi.eu\/index.php?rest_route=\/wp\/v2\/pages"}],"about":[{"href":"https:\/\/www.auditsi.eu\/index.php?rest_route=\/wp\/v2\/types\/page"}],"author":[{"embeddable":true,"href":"https:\/\/www.auditsi.eu\/index.php?rest_route=\/wp\/v2\/users\/1"}],"replies":[{"embeddable":true,"href":"https:\/\/www.auditsi.eu\/index.php?rest_route=%2Fwp%2Fv2%2Fcomments&post=5837"}],"version-history":[{"count":9,"href":"https:\/\/www.auditsi.eu\/index.php?rest_route=\/wp\/v2\/pages\/5837\/revisions"}],"predecessor-version":[{"id":5865,"href":"https:\/\/www.auditsi.eu\/index.php?rest_route=\/wp\/v2\/pages\/5837\/revisions\/5865"}],"wp:attachment":[{"href":"https:\/\/www.auditsi.eu\/index.php?rest_route=%2Fwp%2Fv2%2Fmedia&parent=5837"}],"curies":[{"name":"wp","href":"https:\/\/api.w.org\/{rel}","templated":true}]}}