{"id":5594,"date":"2014-10-30T00:38:30","date_gmt":"2014-10-29T22:38:30","guid":{"rendered":"http:\/\/www.auditsi.eu\/?page_id=5594"},"modified":"2019-01-06T01:45:59","modified_gmt":"2019-01-06T00:45:59","slug":"la-tablette-une-invention-des-annees-80","status":"publish","type":"page","link":"https:\/\/www.auditsi.eu\/?page_id=5594","title":{"rendered":"La tablette tactile, une invention des ann\u00e9es 80"},"content":{"rendered":"<p style=\"text-align: justify;\">La tablette telle que nous la connaissons a d\u00e9j\u00e0 trente ans :<\/p>\n<div id=\"attachment_5595\" style=\"width: 482px\" class=\"wp-caption aligncenter\"><a href=\"https:\/\/www.auditsi.eu\/wp-content\/uploads\/2014\/10\/PBB-de-MICRO-ARCHI.jpg\"><img loading=\"lazy\" decoding=\"async\" aria-describedby=\"caption-attachment-5595\" width=\"472\" height=\"301\" class=\" wp-image-5595\" alt=\"Le nano-ordinateur PBB de MICRO-ARCHI (1986)... a un air de tablette, non ?\" src=\"https:\/\/www.auditsi.eu\/wp-content\/uploads\/2014\/10\/PBB-de-MICRO-ARCHI.jpg\"><\/a><p id=\"caption-attachment-5595\" class=\"wp-caption-text\">Le nano-ordinateur PBB de MICRO-ARCHI (1986)&#8230; a un air de tablette, non ?<\/p><\/div>\n<p style=\"text-align: justify;\">Micro-Archi en avait d\u00e9velopp\u00e9 une&#8230; Ne restait plus qu&#8217;\u00e0 en industrialiser la production. Fruit de nombreuses ann\u00e9es de recherche, le prototype du PBB (pour Pocket Big Brain) pr\u00e9sent\u00e9 \u00e0 la presse fin 1985 a tout de la tablette tactile actuelle : \u00e9cran plat sensitif (\u00e9cran \u00e0 cristaux liquides), clavier virtuel, cartes m\u00e9moire, ic\u00f4nes, interface multi-fen\u00eatre et multi-t\u00e2che, les fen\u00eatres et ic\u00f4nes peuvent \u00eatre d\u00e9plac\u00e9es en glissant un doigt sur l&#8217;\u00e9cran&#8230; En plus, cette machine \u00e9tait compatible IBM PC gr\u00e2ce \u00e0 son <a href=\"https:\/\/www.auditsi.eu\/?page_id=3759\">microprocesseur<\/a> Intel 8088 et ne pesait que 500 g.<\/p>\n<p style=\"text-align: justify;\">Le PBB bousculait le monde de la micro-informatique avec une machine qui ne ressemblait en rien avec ce qui existait sur le march\u00e9 \u00e0 l&#8217;\u00e9poque. La commercialisation \u00e9tait annonc\u00e9e pour fin 2006. Les observateurs comparaient cette machine \u00e0 un Macintosh, car Apple avait d\u00e9j\u00e0 d\u00e9velopp\u00e9 des <a href=\"https:\/\/www.auditsi.eu\/?page_id=2493\">interfaces graphiques<\/a> pour ses ordinateurs de bureau.<\/p>\n<p style=\"text-align: justify;\">Toutefois Micro-Archi, soci\u00e9t\u00e9 fran\u00e7aise soutenue par des capital-risqueurs, n&#8217;est jamais all\u00e9e au terme du projet. Dommage. Cette soci\u00e9t\u00e9 avait invent\u00e9 la tablette&nbsp;vingt-cinq ans avant qu&#8217;Apple ne commercialise l&#8217;iPad, sorti en 2010 (\u00e0 noter, d&#8217;autres produits ont devanc\u00e9 l&#8217;iPad sans jamais rencontrer de r\u00e9el succ\u00e8s : la GridPad de Grid Systems (1989) qui pesait 2 kg et co\u00fbtait 3 000 dollars, la Tablet PC de Microsoft (2002) sous Windows XP ; Apple avait d\u00e9j\u00e0&nbsp;lanc\u00e9 son Newton MessagePad 100, tablette avec stylet, en 1993, produit abandonn\u00e9 en 1998).<\/p>\n<p>Quelques articles d\u2019\u00e9poque :<\/p>\n<ul>\n<li>Un petit air r\u00e9volutionnaire, L&#8217;Ordinateur Individuel n\u00b0 78 (janvier 1986), p. 38 : un macintosh de poche pour 5000 francs conduit par un 8088, de m\u00e9moire extensible \u00e0 640 Ko, compatible IBM PC, muni de deux interfaces, et command\u00e9 par un \u00e9cran plat sensitif, comment appeler \u00e7a ? L&#8217;ordinateur de demain, une douce \u00e9lucubration, une invention de science-fiction ? En tout cas, une chose est s\u00fbre : la machine fonctionne, on l&#8217;a vue.<\/li>\n<li>Un Macintosh portable \u00e0 5000 francs, HEBDOGICIEL n\u00b0 121 (7 f\u00e9vrier 1986), page 1 : apr\u00e8s les mini-ordinateurs et les micro-ordinateurs, la course \u00e0 la miniaturisation continue, voici les nano-ordinateurs : nous avons test\u00e9 le tout premier pour vous, il ressemble \u00e9trangement \u00e0 un Macintosh portable !<\/li>\n<\/ul>\n<p>Les technologies invent\u00e9es dans les ann\u00e9es 80 : <a href=\"https:\/\/www.auditsi.eu\/?p=6593\">la voiture autonome<\/a> \/ <a href=\"https:\/\/www.auditsi.eu\/?page_id=3291\">la smart watch<\/a> \/ <a href=\"https:\/\/www.auditsi.eu\/?page_id=5594\">la tablette<\/a><\/p>\n<p style=\"text-align: justify;\">Approfondir le sujet :<br \/>\n<a title=\"L'informatique des ann\u00e9es 80\" href=\"http:\/\/www.auditsi.eu\/?page_id=2119\">L\u2019informatique des ann\u00e9es 80<\/a> \/ <a title=\"Ma collection\" href=\"http:\/\/www.auditsi.eu\/?page_id=1983\">Ma collection<\/a> \/ <a title=\"Ma documentation\" href=\"http:\/\/www.auditsi.eu\/?page_id=3930\">Ma documentation<\/a> \/ <a title=\"Quelques id\u00e9es de lecture pour en savoir plus\" href=\"http:\/\/www.auditsi.eu\/?page_id=4631\">Quelques id\u00e9es de lecture<\/a><\/p>\n<div style=\"padding-bottom:20px; padding-top:10px;\" class=\"hupso-share-buttons\"><!-- Hupso Share Buttons - https:\/\/www.hupso.com\/share\/ --><a class=\"hupso_counters\" href=\"https:\/\/www.hupso.com\/share\/\"><img decoding=\"async\" src=\"https:\/\/static.hupso.com\/share\/buttons\/lang\/fr\/share-small.png\" style=\"border:0px; padding-top:2px; float:left;\" alt=\"Share Button\"\/><\/a><script type=\"text\/javascript\">var hupso_services_c=new Array(\"twitter\",\"facebook_like\",\"facebook_send\",\"email\",\"print\",\"linkedin\");var hupso_counters_lang = \"fr_FR\";var hupso_image_folder_url = \"\";var hupso_twitter_via=\"BenoitRiviere14\";var hupso_url_c=\"\";var hupso_title_c=\"La%20tablette%20tactile%2C%20une%20invention%20des%20ann%C3%A9es%2080\";<\/script><script type=\"text\/javascript\" src=\"https:\/\/static.hupso.com\/share\/js\/counters.js\"><\/script><!-- Hupso Share Buttons --><\/div>","protected":false},"excerpt":{"rendered":"<p>La tablette telle que nous la connaissons a d\u00e9j\u00e0 trente ans : Micro-Archi en avait d\u00e9velopp\u00e9 une&#8230; Ne restait plus qu&#8217;\u00e0 en industrialiser la production. Fruit de nombreuses ann\u00e9es de recherche, le prototype du PBB (pour Pocket Big Brain) pr\u00e9sent\u00e9 \u00e0 la presse fin 1985 a tout de la tablette tactile actuelle : \u00e9cran plat &#8230;<\/p>\n<p><a href=\"https:\/\/www.auditsi.eu\/?page_id=5594\" class=\"more-link\">Continue reading &lsquo;La tablette tactile, une invention des ann\u00e9es 80&rsquo; &raquo;<\/a><\/p>\n<div style=\"padding-bottom:20px; padding-top:10px;\" class=\"hupso-share-buttons\"><!-- Hupso Share Buttons - https:\/\/www.hupso.com\/share\/ --><a class=\"hupso_counters\" href=\"https:\/\/www.hupso.com\/share\/\"><img src=\"https:\/\/static.hupso.com\/share\/buttons\/lang\/fr\/share-small.png\" style=\"border:0px; padding-top:2px; float:left;\" alt=\"Share Button\"\/><\/a><script type=\"text\/javascript\">var hupso_services_c=new Array(\"twitter\",\"facebook_like\",\"facebook_send\",\"email\",\"print\",\"linkedin\");var hupso_counters_lang = \"fr_FR\";var hupso_image_folder_url = \"\";var hupso_twitter_via=\"BenoitRiviere14\";var hupso_url_c=\"\";var hupso_title_c=\"La%20tablette%20tactile%2C%20une%20invention%20des%20ann%C3%A9es%2080\";<\/script><script type=\"text\/javascript\" src=\"https:\/\/static.hupso.com\/share\/js\/counters.js\"><\/script><!-- Hupso Share Buttons --><\/div>","protected":false},"author":1,"featured_media":0,"parent":0,"menu_order":0,"comment_status":"open","ping_status":"open","template":"","meta":{"advanced_seo_description":"","jetpack_seo_html_title":"","jetpack_seo_noindex":false,"ngg_post_thumbnail":0,"footnotes":"","_links_to":"","_links_to_target":""},"class_list":["post-5594","page","type-page","status-publish","hentry"],"jetpack_sharing_enabled":true,"jetpack_likes_enabled":false,"_links":{"self":[{"href":"https:\/\/www.auditsi.eu\/index.php?rest_route=\/wp\/v2\/pages\/5594","targetHints":{"allow":["GET"]}}],"collection":[{"href":"https:\/\/www.auditsi.eu\/index.php?rest_route=\/wp\/v2\/pages"}],"about":[{"href":"https:\/\/www.auditsi.eu\/index.php?rest_route=\/wp\/v2\/types\/page"}],"author":[{"embeddable":true,"href":"https:\/\/www.auditsi.eu\/index.php?rest_route=\/wp\/v2\/users\/1"}],"replies":[{"embeddable":true,"href":"https:\/\/www.auditsi.eu\/index.php?rest_route=%2Fwp%2Fv2%2Fcomments&post=5594"}],"version-history":[{"count":12,"href":"https:\/\/www.auditsi.eu\/index.php?rest_route=\/wp\/v2\/pages\/5594\/revisions"}],"predecessor-version":[{"id":7837,"href":"https:\/\/www.auditsi.eu\/index.php?rest_route=\/wp\/v2\/pages\/5594\/revisions\/7837"}],"wp:attachment":[{"href":"https:\/\/www.auditsi.eu\/index.php?rest_route=%2Fwp%2Fv2%2Fmedia&parent=5594"}],"curies":[{"name":"wp","href":"https:\/\/api.w.org\/{rel}","templated":true}]}}