{"id":5159,"date":"2014-07-12T12:16:32","date_gmt":"2014-07-12T10:16:32","guid":{"rendered":"http:\/\/www.auditsi.eu\/?page_id=5159"},"modified":"2019-01-27T14:07:52","modified_gmt":"2019-01-27T13:07:52","slug":"lapple-ii","status":"publish","type":"page","link":"https:\/\/www.auditsi.eu\/?page_id=5159","title":{"rendered":"L&#8217;APPLE II"},"content":{"rendered":"<p style=\"text-align: justify;\">L&#8217;APPLE II a succ\u00e9d\u00e9 \u00e0 l&#8217;APPLE I, premi\u00e8re machine con\u00e7ue par <a title=\"Apple a croqu\u00e9 la pomme !\" href=\"http:\/\/www.auditsi.eu\/?page_id=3629\">APPLE<\/a> en 1976&#8230; avec une diffusion plut\u00f4t confidentielle (d&#8217;o\u00f9 la c\u00f4te hors de prix de nos jours !). Un APPLE I a \u00e9t\u00e9 vendu aux ench\u00e8res en 2014 pour plus de 900 K USD.<\/p>\n<div id=\"attachment_3990\" style=\"width: 490px\" class=\"wp-caption aligncenter\"><a href=\"https:\/\/www.auditsi.eu\/wp-content\/uploads\/2013\/09\/DSCN9047.jpg\"><img loading=\"lazy\" decoding=\"async\" aria-describedby=\"caption-attachment-3990\" class=\"size-full wp-image-3990\" src=\"https:\/\/www.auditsi.eu\/wp-content\/uploads\/2013\/09\/DSCN9047.jpg\" alt=\"Les entrailles de l'Apple IIe (1983)\" width=\"480\" height=\"495\" srcset=\"https:\/\/www.auditsi.eu\/wp-content\/uploads\/2013\/09\/DSCN9047.jpg 480w, https:\/\/www.auditsi.eu\/wp-content\/uploads\/2013\/09\/DSCN9047-290x300.jpg 290w\" sizes=\"auto, (max-width: 480px) 100vw, 480px\" \/><\/a><p id=\"caption-attachment-3990\" class=\"wp-caption-text\">Les entrailles de l&#8217;Apple IIe (1983)<\/p><\/div>\n<p>L&#8217;APPLE II a \u00e9t\u00e9 d\u00e9clin\u00e9 en diff\u00e9rentes versions :<\/p>\n<ul>\n<li>Apple II (1977),<\/li>\n<li>Apple II+ (1979),<\/li>\n<li>Apple IIe (1983),<\/li>\n<li>Apple IIc (1984),<\/li>\n<li>Apple IIe Enhanced (1984),<\/li>\n<li>Apple IIGS (1986),<\/li>\n<li>Apple IIc+ (1988).<\/li>\n<\/ul>\n<div id=\"attachment_7955\" style=\"width: 1769px\" class=\"wp-caption aligncenter\"><a href=\"https:\/\/www.auditsi.eu\/?attachment_id=7955\" rel=\"attachment wp-att-7955\"><img loading=\"lazy\" decoding=\"async\" aria-describedby=\"caption-attachment-7955\" class=\"size-full wp-image-7955\" src=\"https:\/\/www.auditsi.eu\/wp-content\/uploads\/2019\/01\/Interface-imprimante-Apple.jpg\" alt=\"Interface imprimante Apple (1979)\" width=\"1759\" height=\"855\" srcset=\"https:\/\/www.auditsi.eu\/wp-content\/uploads\/2019\/01\/Interface-imprimante-Apple.jpg 1759w, https:\/\/www.auditsi.eu\/wp-content\/uploads\/2019\/01\/Interface-imprimante-Apple-300x146.jpg 300w, https:\/\/www.auditsi.eu\/wp-content\/uploads\/2019\/01\/Interface-imprimante-Apple-768x373.jpg 768w, https:\/\/www.auditsi.eu\/wp-content\/uploads\/2019\/01\/Interface-imprimante-Apple-1024x498.jpg 1024w, https:\/\/www.auditsi.eu\/wp-content\/uploads\/2019\/01\/Interface-imprimante-Apple-730x355.jpg 730w\" sizes=\"auto, (max-width: 1759px) 100vw, 1759px\" \/><\/a><p id=\"caption-attachment-7955\" class=\"wp-caption-text\">Interface imprimante Apple (1979)<\/p><\/div>\n<p>Quelques caract\u00e9ristiques de l&#8217;Apple IIe :<\/p>\n<ul>\n<li>Processeur : MOS Technology 6502 8 bit \u00e0 1 MHz<\/li>\n<li>RAM : 64 ko, extensible \u00e0 128 ko<\/li>\n<li>Affichage : 24\u00d740 caract\u00e8res (80 colonnes avec une carte additionnelle)<\/li>\n<\/ul>\n<div id=\"attachment_6331\" style=\"width: 703px\" class=\"wp-caption aligncenter\"><a href=\"https:\/\/www.auditsi.eu\/wp-content\/uploads\/2012\/11\/APPLE-WRITER-II-1982.jpg\"><img loading=\"lazy\" decoding=\"async\" aria-describedby=\"caption-attachment-6331\" class=\" wp-image-6331\" src=\"https:\/\/www.auditsi.eu\/wp-content\/uploads\/2012\/11\/APPLE-WRITER-II-1982.jpg\" alt=\"Le traitement de texte APPLE WRITER II (1982) sur APPLE IIe\" width=\"693\" height=\"580\" srcset=\"https:\/\/www.auditsi.eu\/wp-content\/uploads\/2012\/11\/APPLE-WRITER-II-1982.jpg 917w, https:\/\/www.auditsi.eu\/wp-content\/uploads\/2012\/11\/APPLE-WRITER-II-1982-300x251.jpg 300w, https:\/\/www.auditsi.eu\/wp-content\/uploads\/2012\/11\/APPLE-WRITER-II-1982-730x611.jpg 730w\" sizes=\"auto, (max-width: 693px) 100vw, 693px\" \/><\/a><p id=\"caption-attachment-6331\" class=\"wp-caption-text\">Le traitement de texte APPLE WRITER II (1982) sur APPLE IIe<\/p><\/div>\n<p style=\"text-align: justify;\">S\u00e9lection d\u2019articles sur le sujet :<\/p>\n<ul>\n<li style=\"text-align: justify;\">Apple II au banc d&#8217;essai, L&#8217;Ordinateur Individuel n\u00b0 10 (septembre 1979), p. 56<\/li>\n<li>L\u2019Apple IIGS arrive, Hebdogiciel 153 (19 septembre 1986), p. 1<\/li>\n<li>Plus profond avec l\u2019Apple IIGS, Hebdogiciel 165 (12 d\u00e9cembre 1986), p. 1<\/li>\n<\/ul>\n<p><em>Les photos d\u2019illustration sont issues de ma <a title=\"Ma collection\" href=\"http:\/\/www.auditsi.eu\/?page_id=1983\">collection personnelle<\/a>.<\/em><\/p>\n<p>Approfondir le sujet :<br \/>\n<a title=\"L'informatique des ann\u00e9es 80\" href=\"http:\/\/www.auditsi.eu\/?page_id=2119\">L\u2019informatique des ann\u00e9es 80<\/a> \/ <a title=\"Ma collection\" href=\"http:\/\/www.auditsi.eu\/?page_id=1983\">Ma collection<\/a> \/ <a title=\"Ma documentation\" href=\"http:\/\/www.auditsi.eu\/?page_id=3930\">Ma documentation<\/a> \/ <a title=\"Quelques id\u00e9es de lecture pour en savoir plus\" href=\"http:\/\/www.auditsi.eu\/?page_id=4631\">Quelques id\u00e9es de lecture<\/a><\/p>\n<div style=\"padding-bottom:20px; padding-top:10px;\" class=\"hupso-share-buttons\"><!-- Hupso Share Buttons - https:\/\/www.hupso.com\/share\/ --><a class=\"hupso_counters\" href=\"https:\/\/www.hupso.com\/share\/\"><img decoding=\"async\" src=\"https:\/\/static.hupso.com\/share\/buttons\/lang\/fr\/share-small.png\" style=\"border:0px; padding-top:2px; float:left;\" alt=\"Share Button\"\/><\/a><script type=\"text\/javascript\">var hupso_services_c=new Array(\"twitter\",\"facebook_like\",\"facebook_send\",\"email\",\"print\",\"linkedin\");var hupso_counters_lang = \"fr_FR\";var hupso_image_folder_url = \"\";var hupso_twitter_via=\"BenoitRiviere14\";var hupso_url_c=\"\";var hupso_title_c=\"L%27APPLE%20II\";<\/script><script type=\"text\/javascript\" src=\"https:\/\/static.hupso.com\/share\/js\/counters.js\"><\/script><!-- Hupso Share Buttons --><\/div>","protected":false},"excerpt":{"rendered":"<p>L&#8217;APPLE II a succ\u00e9d\u00e9 \u00e0 l&#8217;APPLE I, premi\u00e8re machine con\u00e7ue par APPLE en 1976&#8230; avec une diffusion plut\u00f4t confidentielle (d&#8217;o\u00f9 la c\u00f4te hors de prix de nos jours !). Un APPLE I a \u00e9t\u00e9 vendu aux ench\u00e8res en 2014 pour plus de 900 K USD. L&#8217;APPLE II a \u00e9t\u00e9 d\u00e9clin\u00e9 en diff\u00e9rentes versions : Apple &#8230;<\/p>\n<p><a href=\"https:\/\/www.auditsi.eu\/?page_id=5159\" class=\"more-link\">Continue reading &lsquo;L&#8217;APPLE II&rsquo; &raquo;<\/a><\/p>\n<div style=\"padding-bottom:20px; padding-top:10px;\" class=\"hupso-share-buttons\"><!-- Hupso Share Buttons - https:\/\/www.hupso.com\/share\/ --><a class=\"hupso_counters\" href=\"https:\/\/www.hupso.com\/share\/\"><img src=\"https:\/\/static.hupso.com\/share\/buttons\/lang\/fr\/share-small.png\" style=\"border:0px; padding-top:2px; float:left;\" alt=\"Share Button\"\/><\/a><script type=\"text\/javascript\">var hupso_services_c=new Array(\"twitter\",\"facebook_like\",\"facebook_send\",\"email\",\"print\",\"linkedin\");var hupso_counters_lang = \"fr_FR\";var hupso_image_folder_url = \"\";var hupso_twitter_via=\"BenoitRiviere14\";var hupso_url_c=\"\";var hupso_title_c=\"L%27APPLE%20II\";<\/script><script type=\"text\/javascript\" src=\"https:\/\/static.hupso.com\/share\/js\/counters.js\"><\/script><!-- Hupso Share Buttons --><\/div>","protected":false},"author":1,"featured_media":0,"parent":0,"menu_order":0,"comment_status":"open","ping_status":"open","template":"","meta":{"advanced_seo_description":"","jetpack_seo_html_title":"","jetpack_seo_noindex":false,"ngg_post_thumbnail":0,"footnotes":"","_links_to":"","_links_to_target":""},"class_list":["post-5159","page","type-page","status-publish","hentry"],"jetpack_sharing_enabled":true,"jetpack_likes_enabled":false,"_links":{"self":[{"href":"https:\/\/www.auditsi.eu\/index.php?rest_route=\/wp\/v2\/pages\/5159","targetHints":{"allow":["GET"]}}],"collection":[{"href":"https:\/\/www.auditsi.eu\/index.php?rest_route=\/wp\/v2\/pages"}],"about":[{"href":"https:\/\/www.auditsi.eu\/index.php?rest_route=\/wp\/v2\/types\/page"}],"author":[{"embeddable":true,"href":"https:\/\/www.auditsi.eu\/index.php?rest_route=\/wp\/v2\/users\/1"}],"replies":[{"embeddable":true,"href":"https:\/\/www.auditsi.eu\/index.php?rest_route=%2Fwp%2Fv2%2Fcomments&post=5159"}],"version-history":[{"count":11,"href":"https:\/\/www.auditsi.eu\/index.php?rest_route=\/wp\/v2\/pages\/5159\/revisions"}],"predecessor-version":[{"id":7956,"href":"https:\/\/www.auditsi.eu\/index.php?rest_route=\/wp\/v2\/pages\/5159\/revisions\/7956"}],"wp:attachment":[{"href":"https:\/\/www.auditsi.eu\/index.php?rest_route=%2Fwp%2Fv2%2Fmedia&parent=5159"}],"curies":[{"name":"wp","href":"https:\/\/api.w.org\/{rel}","templated":true}]}}