{"id":5157,"date":"2014-07-12T12:16:13","date_gmt":"2014-07-12T10:16:13","guid":{"rendered":"http:\/\/www.auditsi.eu\/?page_id=5157"},"modified":"2014-07-12T12:25:46","modified_gmt":"2014-07-12T10:25:46","slug":"latari-st","status":"publish","type":"page","link":"https:\/\/www.auditsi.eu\/?page_id=5157","title":{"rendered":"L&#8217;ATARI ST"},"content":{"rendered":"<p style=\"text-align: justify;\">S\u00e9lection d\u2019articles sur le sujet :<\/p>\n<ul>\n<li>Atari : l&#8217;aventure sur l&#8217;\u00e9cran, Micro-Syst\u00e8mes n\u00b0 33 (juillet-ao\u00fbt 1983 1984), p. 67 : l&#8217;invention du ping-pong \u00e9lectronique et de Pac-Man ont rendu Atari c\u00e9l\u00e8bre dans le monde entier&#8230; Cette soci\u00e9t\u00e9, n\u00e9e en 1972 et rachet\u00e9e par la Warner Communication en 1976, ne s&#8217;est pas limit\u00e9es aux jeux vid\u00e9o : elle a lanc\u00e9 les ordinateurs domestiques Atari 400 et Atari 800 et toute une biblioth\u00e8que de logiciels parvenant ainsi \u00e0 toucher un large public&#8230;<\/li>\n<\/ul>\n<p><em>Les photos d\u2019illustration sont issues de ma <a title=\"Ma collection\" href=\"http:\/\/www.auditsi.eu\/?page_id=1983\">collection personnelle<\/a>.<\/em><\/p>\n<p>Approfondir le sujet :<br \/>\n<a title=\"L'informatique des ann\u00e9es 80\" href=\"http:\/\/www.auditsi.eu\/?page_id=2119\">L\u2019informatique des ann\u00e9es 80<\/a> \/ <a title=\"Ma collection\" href=\"http:\/\/www.auditsi.eu\/?page_id=1983\">Ma collection<\/a> \/ <a title=\"Ma documentation\" href=\"http:\/\/www.auditsi.eu\/?page_id=3930\">Ma documentation<\/a> \/ <a title=\"Quelques id\u00e9es de lecture pour en savoir plus\" href=\"http:\/\/www.auditsi.eu\/?page_id=4631\">Quelques id\u00e9es de lecture<\/a><\/p>\n<div style=\"padding-bottom:20px; padding-top:10px;\" class=\"hupso-share-buttons\"><!-- Hupso Share Buttons - https:\/\/www.hupso.com\/share\/ --><a class=\"hupso_counters\" href=\"https:\/\/www.hupso.com\/share\/\"><img decoding=\"async\" src=\"https:\/\/static.hupso.com\/share\/buttons\/lang\/fr\/share-small.png\" style=\"border:0px; padding-top:2px; float:left;\" alt=\"Share Button\"\/><\/a><script type=\"text\/javascript\">var hupso_services_c=new Array(\"twitter\",\"facebook_like\",\"facebook_send\",\"email\",\"print\",\"linkedin\");var hupso_counters_lang = \"fr_FR\";var hupso_image_folder_url = \"\";var hupso_twitter_via=\"BenoitRiviere14\";var hupso_url_c=\"\";var hupso_title_c=\"L%27ATARI%20ST\";<\/script><script type=\"text\/javascript\" src=\"https:\/\/static.hupso.com\/share\/js\/counters.js\"><\/script><!-- Hupso Share Buttons --><\/div>","protected":false},"excerpt":{"rendered":"<p>S\u00e9lection d\u2019articles sur le sujet : Atari : l&#8217;aventure sur l&#8217;\u00e9cran, Micro-Syst\u00e8mes n\u00b0 33 (juillet-ao\u00fbt 1983 1984), p. 67 : l&#8217;invention du ping-pong \u00e9lectronique et de Pac-Man ont rendu Atari c\u00e9l\u00e8bre dans le monde entier&#8230; Cette soci\u00e9t\u00e9, n\u00e9e en 1972 et rachet\u00e9e par la Warner Communication en 1976, ne s&#8217;est pas limit\u00e9es aux jeux vid\u00e9o &#8230;<\/p>\n<p><a href=\"https:\/\/www.auditsi.eu\/?page_id=5157\" class=\"more-link\">Continue reading &lsquo;L&#8217;ATARI ST&rsquo; &raquo;<\/a><\/p>\n<div style=\"padding-bottom:20px; padding-top:10px;\" class=\"hupso-share-buttons\"><!-- Hupso Share Buttons - https:\/\/www.hupso.com\/share\/ --><a class=\"hupso_counters\" href=\"https:\/\/www.hupso.com\/share\/\"><img src=\"https:\/\/static.hupso.com\/share\/buttons\/lang\/fr\/share-small.png\" style=\"border:0px; padding-top:2px; float:left;\" alt=\"Share Button\"\/><\/a><script type=\"text\/javascript\">var hupso_services_c=new Array(\"twitter\",\"facebook_like\",\"facebook_send\",\"email\",\"print\",\"linkedin\");var hupso_counters_lang = \"fr_FR\";var hupso_image_folder_url = \"\";var hupso_twitter_via=\"BenoitRiviere14\";var hupso_url_c=\"\";var hupso_title_c=\"L%27ATARI%20ST\";<\/script><script type=\"text\/javascript\" src=\"https:\/\/static.hupso.com\/share\/js\/counters.js\"><\/script><!-- Hupso Share Buttons --><\/div>","protected":false},"author":1,"featured_media":0,"parent":0,"menu_order":0,"comment_status":"open","ping_status":"open","template":"","meta":{"advanced_seo_description":"","jetpack_seo_html_title":"","jetpack_seo_noindex":false,"ngg_post_thumbnail":0,"footnotes":"","_links_to":"","_links_to_target":""},"class_list":["post-5157","page","type-page","status-publish","hentry"],"jetpack_sharing_enabled":true,"jetpack_likes_enabled":false,"_links":{"self":[{"href":"https:\/\/www.auditsi.eu\/index.php?rest_route=\/wp\/v2\/pages\/5157","targetHints":{"allow":["GET"]}}],"collection":[{"href":"https:\/\/www.auditsi.eu\/index.php?rest_route=\/wp\/v2\/pages"}],"about":[{"href":"https:\/\/www.auditsi.eu\/index.php?rest_route=\/wp\/v2\/types\/page"}],"author":[{"embeddable":true,"href":"https:\/\/www.auditsi.eu\/index.php?rest_route=\/wp\/v2\/users\/1"}],"replies":[{"embeddable":true,"href":"https:\/\/www.auditsi.eu\/index.php?rest_route=%2Fwp%2Fv2%2Fcomments&post=5157"}],"version-history":[{"count":3,"href":"https:\/\/www.auditsi.eu\/index.php?rest_route=\/wp\/v2\/pages\/5157\/revisions"}],"predecessor-version":[{"id":5164,"href":"https:\/\/www.auditsi.eu\/index.php?rest_route=\/wp\/v2\/pages\/5157\/revisions\/5164"}],"wp:attachment":[{"href":"https:\/\/www.auditsi.eu\/index.php?rest_route=%2Fwp%2Fv2%2Fmedia&parent=5157"}],"curies":[{"name":"wp","href":"https:\/\/api.w.org\/{rel}","templated":true}]}}