{"id":5015,"date":"2014-06-29T10:51:10","date_gmt":"2014-06-29T08:51:10","guid":{"rendered":"http:\/\/www.auditsi.eu\/?page_id=5015"},"modified":"2014-06-29T21:54:16","modified_gmt":"2014-06-29T19:54:16","slug":"restauration-de-libm-5155","status":"publish","type":"page","link":"https:\/\/www.auditsi.eu\/?page_id=5015","title":{"rendered":"Restauration de l&#8217;IBM 5155"},"content":{"rendered":"<p style=\"text-align: justify;\"><strong><em>Sympt\u00f4mes<\/em><\/strong><\/p>\n<p style=\"text-align: justify;\">Le donateur de cet <a title=\"Le PC (trans)portable 5155 d\u2019IBM\" href=\"http:\/\/www.auditsi.eu\/?page_id=4969\">IBM 5155<\/a> m&#8217;a signal\u00e9 que de la fum\u00e9e est sortie de l&#8217;ordinateur apr\u00e8s l&#8217;avoir allum\u00e9.<\/p>\n<div id=\"attachment_4974\" style=\"width: 476px\" class=\"wp-caption aligncenter\"><a href=\"https:\/\/www.auditsi.eu\/wp-content\/uploads\/2014\/06\/Transportable-IBM-5155.jpg\"><img loading=\"lazy\" decoding=\"async\" aria-describedby=\"caption-attachment-4974\" class=\"size-full wp-image-4974\" src=\"https:\/\/www.auditsi.eu\/wp-content\/uploads\/2014\/06\/Transportable-IBM-5155.jpg\" alt=\"Le transportable IBM 5155 (PC XT) et sa documentation\" width=\"466\" height=\"302\" srcset=\"https:\/\/www.auditsi.eu\/wp-content\/uploads\/2014\/06\/Transportable-IBM-5155.jpg 466w, https:\/\/www.auditsi.eu\/wp-content\/uploads\/2014\/06\/Transportable-IBM-5155-300x194.jpg 300w\" sizes=\"auto, (max-width: 466px) 100vw, 466px\" \/><\/a><p id=\"caption-attachment-4974\" class=\"wp-caption-text\">Le transportable IBM 5155 (PC XT) et sa documentation<\/p><\/div>\n<p style=\"text-align: justify;\"><strong><em>D\u00e9montage<\/em><\/strong><\/p>\n<p style=\"text-align: justify;\">Le d\u00e9montage de cet ordinateur n&#8217;est pas compliqu\u00e9 mais n\u00e9cessite, comme souvent de la minutie.<\/p>\n<ul>\n<li>Disposer l&#8217;ordinateur comme pour l&#8217;utiliser : ouvrir le clavier<\/li>\n<li>D\u00e9brancher le clavier (prise RJ11) et le mettre de cot\u00e9<\/li>\n<\/ul>\n<div id=\"attachment_5037\" style=\"width: 316px\" class=\"wp-caption aligncenter\"><a href=\"https:\/\/www.auditsi.eu\/wp-content\/uploads\/2014\/06\/IBM-5155-Retrait-du-clavier.jpg\"><img loading=\"lazy\" decoding=\"async\" aria-describedby=\"caption-attachment-5037\" class=\"size-full wp-image-5037\" src=\"https:\/\/www.auditsi.eu\/wp-content\/uploads\/2014\/06\/IBM-5155-Retrait-du-clavier.jpg\" alt=\"IBM 5155 - Branchement du clavier\" width=\"306\" height=\"640\" srcset=\"https:\/\/www.auditsi.eu\/wp-content\/uploads\/2014\/06\/IBM-5155-Retrait-du-clavier.jpg 306w, https:\/\/www.auditsi.eu\/wp-content\/uploads\/2014\/06\/IBM-5155-Retrait-du-clavier-143x300.jpg 143w\" sizes=\"auto, (max-width: 306px) 100vw, 306px\" \/><\/a><p id=\"caption-attachment-5037\" class=\"wp-caption-text\">IBM 5155 &#8211; Branchement du clavier<\/p><\/div>\n<ul>\n<li>Retirer les 6 vis sur la face avant : une fois les vis retir\u00e9es, le capot n&#8217;est plus solidaire de l&#8217;ordinateur<\/li>\n<\/ul>\n<div id=\"attachment_5038\" style=\"width: 458px\" class=\"wp-caption aligncenter\"><a href=\"https:\/\/www.auditsi.eu\/wp-content\/uploads\/2014\/06\/IBM-5155-Vis-face-avant.jpg\"><img loading=\"lazy\" decoding=\"async\" aria-describedby=\"caption-attachment-5038\" class=\"size-full wp-image-5038\" src=\"https:\/\/www.auditsi.eu\/wp-content\/uploads\/2014\/06\/IBM-5155-Vis-face-avant.jpg\" alt=\"IBM 5155 - Les 6 vis de la face avant\" width=\"448\" height=\"254\" srcset=\"https:\/\/www.auditsi.eu\/wp-content\/uploads\/2014\/06\/IBM-5155-Vis-face-avant.jpg 448w, https:\/\/www.auditsi.eu\/wp-content\/uploads\/2014\/06\/IBM-5155-Vis-face-avant-300x170.jpg 300w\" sizes=\"auto, (max-width: 448px) 100vw, 448px\" \/><\/a><p id=\"caption-attachment-5038\" class=\"wp-caption-text\">IBM 5155 &#8211; Les 6 vis de la face avant<\/p><\/div>\n<ul>\n<li>Basculer d\u00e9licatement l&#8217;ordinateur en position debout (attention : ne pas tenir l&#8217;ordinateur par la poign\u00e9e, le capot n&#8217;est plus fix\u00e9 \u00e0 l&#8217;ordinateur)<\/li>\n<\/ul>\n<div id=\"attachment_5040\" style=\"width: 365px\" class=\"wp-caption aligncenter\"><a href=\"https:\/\/www.auditsi.eu\/wp-content\/uploads\/2014\/06\/IBM-5155-Debout.jpg\"><img loading=\"lazy\" decoding=\"async\" aria-describedby=\"caption-attachment-5040\" class=\"size-full wp-image-5040\" src=\"https:\/\/www.auditsi.eu\/wp-content\/uploads\/2014\/06\/IBM-5155-Debout.jpg\" alt=\"IBM 5155 - Debout\" width=\"355\" height=\"336\" srcset=\"https:\/\/www.auditsi.eu\/wp-content\/uploads\/2014\/06\/IBM-5155-Debout.jpg 355w, https:\/\/www.auditsi.eu\/wp-content\/uploads\/2014\/06\/IBM-5155-Debout-300x283.jpg 300w\" sizes=\"auto, (max-width: 355px) 100vw, 355px\" \/><\/a><p id=\"caption-attachment-5040\" class=\"wp-caption-text\">IBM 5155 &#8211; Debout<\/p><\/div>\n<ul>\n<li>Retirer le capot vers le haut, la carcasse appara\u00eet :<\/li>\n<\/ul>\n<div id=\"attachment_5041\" style=\"width: 483px\" class=\"wp-caption aligncenter\"><a href=\"https:\/\/www.auditsi.eu\/wp-content\/uploads\/2014\/06\/IBM-5155-D\u00e9couverte-du-chassis.jpg\"><img loading=\"lazy\" decoding=\"async\" aria-describedby=\"caption-attachment-5041\" class=\" wp-image-5041\" src=\"https:\/\/www.auditsi.eu\/wp-content\/uploads\/2014\/06\/IBM-5155-D\u00e9couverte-du-chassis.jpg\" alt=\"IBM 5155 - D\u00e9couverte du chassis\" width=\"473\" height=\"366\" srcset=\"https:\/\/www.auditsi.eu\/wp-content\/uploads\/2014\/06\/IBM-5155-D\u00e9couverte-du-chassis.jpg 620w, https:\/\/www.auditsi.eu\/wp-content\/uploads\/2014\/06\/IBM-5155-D\u00e9couverte-du-chassis-300x232.jpg 300w\" sizes=\"auto, (max-width: 473px) 100vw, 473px\" \/><\/a><p id=\"caption-attachment-5041\" class=\"wp-caption-text\">IBM 5155 &#8211; D\u00e9couverte du chassis<\/p><\/div>\n<p style=\"text-align: justify;\">La poussi\u00e8re est omnipr\u00e9sente, un petit coup d&#8217;aspirateur n&#8217;est pas du luxe !<\/p>\n<p style=\"text-align: justify;\">A SUIVRE&#8230;<\/p>\n<p style=\"text-align: justify;\"><strong><em>Etat des lieux<\/em><\/strong><\/p>\n<p style=\"text-align: justify;\">L&#8217;ordinateur est en excellent \u00e9tat. En apparence, il ne pr\u00e9sente aucune anomalie (bris, trace de d\u00e9but d&#8217;incendie, moisissure&#8230;)<\/p>\n<p style=\"text-align: justify;\"><strong><em>Identification de la panne<\/em><\/strong><\/p>\n<p style=\"text-align: justify;\">Le motif de la panne \u00e9tant a priori d&#8217;origine \u00e9lectrique, j&#8217;entreprends le retrait puis le d\u00e9montage du bloc d&#8217;alimentation.<\/p>\n<div id=\"attachment_5029\" style=\"width: 476px\" class=\"wp-caption aligncenter\"><a href=\"https:\/\/www.auditsi.eu\/wp-content\/uploads\/2014\/06\/DSCN0119.jpg\"><img loading=\"lazy\" decoding=\"async\" aria-describedby=\"caption-attachment-5029\" class=\" wp-image-5029\" src=\"https:\/\/www.auditsi.eu\/wp-content\/uploads\/2014\/06\/DSCN0119.jpg\" alt=\"Le bloc d'alimentation de l'IBM 5155 (de type PC-XT)\" width=\"466\" height=\"559\" \/><\/a><p id=\"caption-attachment-5029\" class=\"wp-caption-text\">Le bloc d&#8217;alimentation de l&#8217;IBM 5155 (de type PC-XT)<\/p><\/div>\n<div id=\"attachment_5048\" style=\"width: 477px\" class=\"wp-caption aligncenter\"><a href=\"https:\/\/www.auditsi.eu\/wp-content\/uploads\/2014\/06\/IBM-5155-D\u00e9tail-alim-vue-du-dessus.jpg\"><img loading=\"lazy\" decoding=\"async\" aria-describedby=\"caption-attachment-5048\" class=\" wp-image-5048\" src=\"https:\/\/www.auditsi.eu\/wp-content\/uploads\/2014\/06\/IBM-5155-D\u00e9tail-alim-vue-du-dessus.jpg\" alt=\"IBM 5155 - D\u00e9tail de l'alimentation (vue du dessus)\" width=\"467\" height=\"562\" \/><\/a><p id=\"caption-attachment-5048\" class=\"wp-caption-text\">IBM 5155 &#8211; D\u00e9tail de l&#8217;alimentation (vue du dessus) (cliquer pour agrandir)<\/p><\/div>\n<p style=\"text-align: justify;\">Je constate que le fusible est &#8220;grill\u00e9&#8221;. Je le remplace provisoirement par un fil de fer. Apr\u00e8s avoir d\u00e9solidaris\u00e9 le bloc de la carte m\u00e8re, je mets en route quelques instants : le ventilateur ne se met pas en route, j&#8217;entends juste un l\u00e9ger cr\u00e9pitement et une l\u00e9g\u00e8re odeur d'&#8221;\u00e9lectronique&#8221; (pas de brul\u00e9). A SUIVRE&#8230;<\/p>\n<p style=\"text-align: justify;\"><strong><em>R\u00e9paration<\/em><\/strong><\/p>\n<p style=\"text-align: justify;\">EN ATTENTE<\/p>\n<p style=\"text-align: justify;\">Approfondir le sujet :<br \/>\n<a title=\"L'informatique des ann\u00e9es 80\" href=\"http:\/\/www.auditsi.eu\/?page_id=2119\">L\u2019informatique des ann\u00e9es 80<\/a> \/ <a title=\"Ma collection\" href=\"http:\/\/www.auditsi.eu\/?page_id=1983\">Ma collection<\/a> \/ <a title=\"Ma documentation\" href=\"http:\/\/www.auditsi.eu\/?page_id=3930\">Ma documentation<\/a> \/ <a title=\"Quelques id\u00e9es de lecture pour en savoir plus\" href=\"http:\/\/www.auditsi.eu\/?page_id=4631\">Quelques id\u00e9es de lecture<\/a><\/p>\n<div style=\"padding-bottom:20px; padding-top:10px;\" class=\"hupso-share-buttons\"><!-- Hupso Share Buttons - https:\/\/www.hupso.com\/share\/ --><a class=\"hupso_counters\" href=\"https:\/\/www.hupso.com\/share\/\"><img decoding=\"async\" src=\"https:\/\/static.hupso.com\/share\/buttons\/lang\/fr\/share-small.png\" style=\"border:0px; padding-top:2px; float:left;\" alt=\"Share Button\"\/><\/a><script type=\"text\/javascript\">var hupso_services_c=new Array(\"twitter\",\"facebook_like\",\"facebook_send\",\"email\",\"print\",\"linkedin\");var hupso_counters_lang = \"fr_FR\";var hupso_image_folder_url = \"\";var hupso_twitter_via=\"BenoitRiviere14\";var hupso_url_c=\"\";var hupso_title_c=\"Restauration%20de%20l%27IBM%205155\";<\/script><script type=\"text\/javascript\" src=\"https:\/\/static.hupso.com\/share\/js\/counters.js\"><\/script><!-- Hupso Share Buttons --><\/div>","protected":false},"excerpt":{"rendered":"<p>Sympt\u00f4mes Le donateur de cet IBM 5155 m&#8217;a signal\u00e9 que de la fum\u00e9e est sortie de l&#8217;ordinateur apr\u00e8s l&#8217;avoir allum\u00e9. D\u00e9montage Le d\u00e9montage de cet ordinateur n&#8217;est pas compliqu\u00e9 mais n\u00e9cessite, comme souvent de la minutie. Disposer l&#8217;ordinateur comme pour l&#8217;utiliser : ouvrir le clavier D\u00e9brancher le clavier (prise RJ11) et le mettre de cot\u00e9 &#8230;<\/p>\n<p><a href=\"https:\/\/www.auditsi.eu\/?page_id=5015\" class=\"more-link\">Continue reading &lsquo;Restauration de l&#8217;IBM 5155&rsquo; &raquo;<\/a><\/p>\n<div style=\"padding-bottom:20px; padding-top:10px;\" class=\"hupso-share-buttons\"><!-- Hupso Share Buttons - https:\/\/www.hupso.com\/share\/ --><a class=\"hupso_counters\" href=\"https:\/\/www.hupso.com\/share\/\"><img src=\"https:\/\/static.hupso.com\/share\/buttons\/lang\/fr\/share-small.png\" style=\"border:0px; padding-top:2px; float:left;\" alt=\"Share Button\"\/><\/a><script type=\"text\/javascript\">var hupso_services_c=new Array(\"twitter\",\"facebook_like\",\"facebook_send\",\"email\",\"print\",\"linkedin\");var hupso_counters_lang = \"fr_FR\";var hupso_image_folder_url = \"\";var hupso_twitter_via=\"BenoitRiviere14\";var hupso_url_c=\"\";var hupso_title_c=\"Restauration%20de%20l%27IBM%205155\";<\/script><script type=\"text\/javascript\" src=\"https:\/\/static.hupso.com\/share\/js\/counters.js\"><\/script><!-- Hupso Share Buttons --><\/div>","protected":false},"author":1,"featured_media":0,"parent":0,"menu_order":0,"comment_status":"open","ping_status":"open","template":"","meta":{"advanced_seo_description":"","jetpack_seo_html_title":"","jetpack_seo_noindex":false,"ngg_post_thumbnail":0,"footnotes":"","_links_to":"","_links_to_target":""},"class_list":["post-5015","page","type-page","status-publish","hentry"],"jetpack_sharing_enabled":true,"jetpack_likes_enabled":false,"_links":{"self":[{"href":"https:\/\/www.auditsi.eu\/index.php?rest_route=\/wp\/v2\/pages\/5015","targetHints":{"allow":["GET"]}}],"collection":[{"href":"https:\/\/www.auditsi.eu\/index.php?rest_route=\/wp\/v2\/pages"}],"about":[{"href":"https:\/\/www.auditsi.eu\/index.php?rest_route=\/wp\/v2\/types\/page"}],"author":[{"embeddable":true,"href":"https:\/\/www.auditsi.eu\/index.php?rest_route=\/wp\/v2\/users\/1"}],"replies":[{"embeddable":true,"href":"https:\/\/www.auditsi.eu\/index.php?rest_route=%2Fwp%2Fv2%2Fcomments&post=5015"}],"version-history":[{"count":13,"href":"https:\/\/www.auditsi.eu\/index.php?rest_route=\/wp\/v2\/pages\/5015\/revisions"}],"predecessor-version":[{"id":5050,"href":"https:\/\/www.auditsi.eu\/index.php?rest_route=\/wp\/v2\/pages\/5015\/revisions\/5050"}],"wp:attachment":[{"href":"https:\/\/www.auditsi.eu\/index.php?rest_route=%2Fwp%2Fv2%2Fmedia&parent=5015"}],"curies":[{"name":"wp","href":"https:\/\/api.w.org\/{rel}","templated":true}]}}