{"id":5014,"date":"2014-06-29T10:46:47","date_gmt":"2014-06-29T08:46:47","guid":{"rendered":"http:\/\/www.auditsi.eu\/?page_id=5014"},"modified":"2015-02-08T21:03:14","modified_gmt":"2015-02-08T20:03:14","slug":"atelier-de-restauration","status":"publish","type":"page","link":"https:\/\/www.auditsi.eu\/?page_id=5014","title":{"rendered":"Atelier de restauration"},"content":{"rendered":"<p style=\"text-align: justify;\">Apr\u00e8s 30 ans, les ordinateurs ne sont pas toujours en forme. Membranes de clavier, bloc d&#8217;alimentation&#8230; souffrent en silence pendant des ann\u00e9es puis tout \u00e0 coup refusent de remplir leur r\u00f4le ou partent en fum\u00e9e !<\/p>\n<p style=\"text-align: justify;\">Il ne reste plus qu&#8217;\u00e0 partir \u00e0 la recherche de la cause de la panne et \u00e0 op\u00e9rer !<\/p>\n<p style=\"text-align: justify;\">Exemples de restaurations :<\/p>\n<ul>\n<li><a title=\"Restauration de l\u2019IBM 5155\" href=\"http:\/\/www.auditsi.eu\/?page_id=5015\">Restauration d&#8217;un portable IBM 5155<\/a><\/li>\n<\/ul>\n<div id=\"attachment_5023\" style=\"width: 486px\" class=\"wp-caption aligncenter\"><a href=\"https:\/\/www.auditsi.eu\/wp-content\/uploads\/2014\/06\/DSCN0081.jpg\"><img loading=\"lazy\" decoding=\"async\" aria-describedby=\"caption-attachment-5023\" class=\" wp-image-5023\" src=\"https:\/\/www.auditsi.eu\/wp-content\/uploads\/2014\/06\/DSCN0081.jpg\" alt=\"Restauration d'un IBM 5155\" width=\"476\" height=\"447\" \/><\/a><p id=\"caption-attachment-5023\" class=\"wp-caption-text\">Restauration d&#8217;un IBM 5155<\/p><\/div>\n<div id=\"attachment_2116\" style=\"width: 484px\" class=\"wp-caption aligncenter\"><a href=\"https:\/\/www.auditsi.eu\/wp-content\/uploads\/2012\/09\/DSCN6462.jpg\"><img loading=\"lazy\" decoding=\"async\" aria-describedby=\"caption-attachment-2116\" class=\" wp-image-2116\" src=\"https:\/\/www.auditsi.eu\/wp-content\/uploads\/2012\/09\/DSCN6462.jpg\" alt=\"COMPAQ DESKPRO 386N en cours de restauration\" width=\"474\" height=\"356\" srcset=\"https:\/\/www.auditsi.eu\/wp-content\/uploads\/2012\/09\/DSCN6462.jpg 448w, https:\/\/www.auditsi.eu\/wp-content\/uploads\/2012\/09\/DSCN6462-300x224.jpg 300w\" sizes=\"auto, (max-width: 474px) 100vw, 474px\" \/><\/a><p id=\"caption-attachment-2116\" class=\"wp-caption-text\">COMPAQ DESKPRO 386N en cours de restauration<\/p><\/div>\n<div id=\"attachment_1993\" style=\"width: 480px\" class=\"wp-caption aligncenter\"><a href=\"https:\/\/www.auditsi.eu\/wp-content\/uploads\/2012\/09\/DSCN6444-Copie.jpg\"><img loading=\"lazy\" decoding=\"async\" aria-describedby=\"caption-attachment-1993\" class=\" wp-image-1993\" src=\"https:\/\/www.auditsi.eu\/wp-content\/uploads\/2012\/09\/DSCN6444-Copie.jpg\" alt=\"TO7 en cours de restauration\" width=\"470\" height=\"352\" srcset=\"https:\/\/www.auditsi.eu\/wp-content\/uploads\/2012\/09\/DSCN6444-Copie.jpg 640w, https:\/\/www.auditsi.eu\/wp-content\/uploads\/2012\/09\/DSCN6444-Copie-300x225.jpg 300w, https:\/\/www.auditsi.eu\/wp-content\/uploads\/2012\/09\/DSCN6444-Copie-1x1.jpg 1w\" sizes=\"auto, (max-width: 470px) 100vw, 470px\" \/><\/a><p id=\"caption-attachment-1993\" class=\"wp-caption-text\">TO7 en cours de restauration<\/p><\/div>\n<p style=\"text-align: justify;\"><em><strong>Pannes et bricolages courants :<\/strong><\/em><\/p>\n<ul>\n<li style=\"text-align: justify;\"><a title=\"Trouver le bon c\u00e2ble vid\u00e9o pour sa console Jopac \/ Videopac\" href=\"http:\/\/www.auditsi.eu\/?page_id=1764\" target=\"_blank\">Sch\u00e9ma du c\u00e2ble vid\u00e9o DIN-P\u00e9ritel Videopac \/ MSX<\/a><a title=\"Changement de la courroie du lecteur de disquette 3\u2033 (AMSTRAD)\" href=\"http:\/\/www.auditsi.eu\/?page_id=5837\">,<\/a><\/li>\n<li style=\"text-align: justify;\"><a title=\"Changement de la courroie du lecteur de disquette 3\u2033 (AMSTRAD)\" href=\"http:\/\/www.auditsi.eu\/?page_id=5837\">Remplacer la courroie du lecteur de disquette des Amstrad CPC (3 pouces)<\/a> : cette courroie ne supporte pas le temps qui passe et finit par casser. Heureusement la changer est un jeu d&#8217;enfant.<\/li>\n<li style=\"text-align: justify;\">Rajeunir l&#8217;aspect esth\u00e9tique de nos ordinateurs : la plasturgie (coque, clavier&#8230;) a tendance \u00e0 jaunir avec le temps et la lumi\u00e8re. Il est possible de lui rendre sa blancheur d&#8217;origine \u00e0 l&#8217;aide du <a title=\"R\u00e9tr0bright\" href=\"http:\/\/www.system-cfg.com\/pages\/retr0bright.php\" target=\"_blank\">retr0bright<\/a>, une m\u00e9thode simple et bon march\u00e9.<\/li>\n<\/ul>\n<p style=\"text-align: justify;\">Approfondir le sujet :<br \/>\n<a title=\"L'informatique des ann\u00e9es 80\" href=\"http:\/\/www.auditsi.eu\/?page_id=2119\">L\u2019informatique des ann\u00e9es 80<\/a> \/ <a title=\"Ma collection\" href=\"http:\/\/www.auditsi.eu\/?page_id=1983\">Ma collection<\/a> \/ <a title=\"Ma documentation\" href=\"http:\/\/www.auditsi.eu\/?page_id=3930\">Ma documentation<\/a> \/ <a title=\"Quelques id\u00e9es de lecture pour en savoir plus\" href=\"http:\/\/www.auditsi.eu\/?page_id=4631\">Quelques id\u00e9es de lecture<\/a><\/p>\n<div style=\"padding-bottom:20px; padding-top:10px;\" class=\"hupso-share-buttons\"><!-- Hupso Share Buttons - https:\/\/www.hupso.com\/share\/ --><a class=\"hupso_counters\" href=\"https:\/\/www.hupso.com\/share\/\"><img decoding=\"async\" src=\"https:\/\/static.hupso.com\/share\/buttons\/lang\/fr\/share-small.png\" style=\"border:0px; padding-top:2px; float:left;\" alt=\"Share Button\"\/><\/a><script type=\"text\/javascript\">var hupso_services_c=new Array(\"twitter\",\"facebook_like\",\"facebook_send\",\"email\",\"print\",\"linkedin\");var hupso_counters_lang = \"fr_FR\";var hupso_image_folder_url = \"\";var hupso_twitter_via=\"BenoitRiviere14\";var hupso_url_c=\"\";var hupso_title_c=\"Atelier%20de%20restauration\";<\/script><script type=\"text\/javascript\" src=\"https:\/\/static.hupso.com\/share\/js\/counters.js\"><\/script><!-- Hupso Share Buttons --><\/div>","protected":false},"excerpt":{"rendered":"<p>Apr\u00e8s 30 ans, les ordinateurs ne sont pas toujours en forme. Membranes de clavier, bloc d&#8217;alimentation&#8230; souffrent en silence pendant des ann\u00e9es puis tout \u00e0 coup refusent de remplir leur r\u00f4le ou partent en fum\u00e9e ! Il ne reste plus qu&#8217;\u00e0 partir \u00e0 la recherche de la cause de la panne et \u00e0 op\u00e9rer ! &#8230;<\/p>\n<p><a href=\"https:\/\/www.auditsi.eu\/?page_id=5014\" class=\"more-link\">Continue reading &lsquo;Atelier de restauration&rsquo; &raquo;<\/a><\/p>\n<div style=\"padding-bottom:20px; padding-top:10px;\" class=\"hupso-share-buttons\"><!-- Hupso Share Buttons - https:\/\/www.hupso.com\/share\/ --><a class=\"hupso_counters\" href=\"https:\/\/www.hupso.com\/share\/\"><img src=\"https:\/\/static.hupso.com\/share\/buttons\/lang\/fr\/share-small.png\" style=\"border:0px; padding-top:2px; float:left;\" alt=\"Share Button\"\/><\/a><script type=\"text\/javascript\">var hupso_services_c=new Array(\"twitter\",\"facebook_like\",\"facebook_send\",\"email\",\"print\",\"linkedin\");var hupso_counters_lang = \"fr_FR\";var hupso_image_folder_url = \"\";var hupso_twitter_via=\"BenoitRiviere14\";var hupso_url_c=\"\";var hupso_title_c=\"Atelier%20de%20restauration\";<\/script><script type=\"text\/javascript\" src=\"https:\/\/static.hupso.com\/share\/js\/counters.js\"><\/script><!-- Hupso Share Buttons --><\/div>","protected":false},"author":1,"featured_media":0,"parent":0,"menu_order":0,"comment_status":"open","ping_status":"open","template":"","meta":{"advanced_seo_description":"","jetpack_seo_html_title":"","jetpack_seo_noindex":false,"ngg_post_thumbnail":0,"footnotes":"","_links_to":"","_links_to_target":""},"class_list":["post-5014","page","type-page","status-publish","hentry"],"jetpack_sharing_enabled":true,"jetpack_likes_enabled":false,"_links":{"self":[{"href":"https:\/\/www.auditsi.eu\/index.php?rest_route=\/wp\/v2\/pages\/5014","targetHints":{"allow":["GET"]}}],"collection":[{"href":"https:\/\/www.auditsi.eu\/index.php?rest_route=\/wp\/v2\/pages"}],"about":[{"href":"https:\/\/www.auditsi.eu\/index.php?rest_route=\/wp\/v2\/types\/page"}],"author":[{"embeddable":true,"href":"https:\/\/www.auditsi.eu\/index.php?rest_route=\/wp\/v2\/users\/1"}],"replies":[{"embeddable":true,"href":"https:\/\/www.auditsi.eu\/index.php?rest_route=%2Fwp%2Fv2%2Fcomments&post=5014"}],"version-history":[{"count":10,"href":"https:\/\/www.auditsi.eu\/index.php?rest_route=\/wp\/v2\/pages\/5014\/revisions"}],"predecessor-version":[{"id":5851,"href":"https:\/\/www.auditsi.eu\/index.php?rest_route=\/wp\/v2\/pages\/5014\/revisions\/5851"}],"wp:attachment":[{"href":"https:\/\/www.auditsi.eu\/index.php?rest_route=%2Fwp%2Fv2%2Fmedia&parent=5014"}],"curies":[{"name":"wp","href":"https:\/\/api.w.org\/{rel}","templated":true}]}}