{"id":4969,"date":"2014-06-23T22:11:39","date_gmt":"2014-06-23T20:11:39","guid":{"rendered":"http:\/\/www.auditsi.eu\/?page_id=4969"},"modified":"2014-07-05T20:51:13","modified_gmt":"2014-07-05T18:51:13","slug":"le-pc-transportable-5155-dibm","status":"publish","type":"page","link":"https:\/\/www.auditsi.eu\/?page_id=4969","title":{"rendered":"Le PC (trans)portable 5155 d&#8217;IBM"},"content":{"rendered":"<p style=\"text-align: justify;\">IBM commercialise son transportable 5155 (\u00e0 base de PC XT) en 1984 sous syst\u00e8me d&#8217;exploitation MS\/DOS.<\/p>\n<div id=\"attachment_4974\" style=\"width: 476px\" class=\"wp-caption aligncenter\"><a href=\"https:\/\/www.auditsi.eu\/wp-content\/uploads\/2014\/06\/Transportable-IBM-5155.jpg\"><img loading=\"lazy\" decoding=\"async\" aria-describedby=\"caption-attachment-4974\" class=\"size-full wp-image-4974\" src=\"https:\/\/www.auditsi.eu\/wp-content\/uploads\/2014\/06\/Transportable-IBM-5155.jpg\" alt=\"Le transportable IBM 5155 (PC XT) et sa documentation\" width=\"466\" height=\"302\" srcset=\"https:\/\/www.auditsi.eu\/wp-content\/uploads\/2014\/06\/Transportable-IBM-5155.jpg 466w, https:\/\/www.auditsi.eu\/wp-content\/uploads\/2014\/06\/Transportable-IBM-5155-300x194.jpg 300w\" sizes=\"auto, (max-width: 466px) 100vw, 466px\" \/><\/a><p id=\"caption-attachment-4974\" class=\"wp-caption-text\">Le transportable IBM 5155 (PC XT) et sa documentation<\/p><\/div>\n<p style=\"text-align: justify;\">Il est \u00e9quip\u00e9 d&#8217;un micro-processeur Intel 8088 et, sur option, d&#8217;un coprocesseur arithm\u00e9tique 8087, de 256 Ko de m\u00e9moire vive extensible \u00e0 512 Ko, d&#8217;un \u00e9cran cathodique monochrome 9&#8243; (la carte graphique couleur autorise le branchement d&#8217;un \u00e9cran externe), d&#8217;un lecteur de disquettes 5&#8243; 1\/4 (360 Ko) avec possibilit\u00e9 d&#8217;en adjoindre un second (recommand\u00e9), tout \u00e7a pour la bagatelle de 28 000 francs (pour la version de base).<\/p>\n<div id=\"attachment_5035\" style=\"width: 467px\" class=\"wp-caption aligncenter\"><a href=\"https:\/\/www.auditsi.eu\/wp-content\/uploads\/2014\/06\/IBM-5155-Intel-8088.jpg\"><img loading=\"lazy\" decoding=\"async\" aria-describedby=\"caption-attachment-5035\" class=\"size-full wp-image-5035\" src=\"https:\/\/www.auditsi.eu\/wp-content\/uploads\/2014\/06\/IBM-5155-Intel-8088.jpg\" alt=\"D\u00e9tail de la carte m\u00e8re de l'IBM 5155 (de gauche \u00e0 droite) : l'emplacement vide r\u00e9serv\u00e9 au coprocesseur arithm\u00e9tique 8087, le processeur INTEL 8088 et un slot d'extension\" width=\"457\" height=\"450\" srcset=\"https:\/\/www.auditsi.eu\/wp-content\/uploads\/2014\/06\/IBM-5155-Intel-8088.jpg 457w, https:\/\/www.auditsi.eu\/wp-content\/uploads\/2014\/06\/IBM-5155-Intel-8088-300x295.jpg 300w\" sizes=\"auto, (max-width: 457px) 100vw, 457px\" \/><\/a><p id=\"caption-attachment-5035\" class=\"wp-caption-text\">D\u00e9tail de la carte m\u00e8re de l&#8217;IBM 5155 (de gauche \u00e0 droite) : l&#8217;emplacement vide r\u00e9serv\u00e9 au coprocesseur arithm\u00e9tique 8087, le processeur INTEL 8088 et un slot d&#8217;extension<\/p><\/div>\n<p style=\"text-align: justify;\">Ecran cathodique int\u00e9gr\u00e9, clavier professionnel amovible (une fois referm\u00e9, il sert de protection \u00e0 la machine), tout ce qu&#8217;il faut pour travailler en d\u00e9placement !<\/p>\n<div id=\"attachment_5008\" style=\"width: 418px\" class=\"wp-caption aligncenter\"><a href=\"https:\/\/www.auditsi.eu\/wp-content\/uploads\/2014\/06\/Publicit\u00e9-IBM-5155-1984.jpg\"><img loading=\"lazy\" decoding=\"async\" aria-describedby=\"caption-attachment-5008\" class=\"size-full wp-image-5008\" src=\"https:\/\/www.auditsi.eu\/wp-content\/uploads\/2014\/06\/Publicit\u00e9-IBM-5155-1984.jpg\" alt=\"Publicit\u00e9 pour l'IBM 5155 (1984) : &quot;Si seulement je pouvais emporter mon ordinateur personnel IBM avec moi !&quot;\" width=\"408\" height=\"528\" srcset=\"https:\/\/www.auditsi.eu\/wp-content\/uploads\/2014\/06\/Publicit\u00e9-IBM-5155-1984.jpg 408w, https:\/\/www.auditsi.eu\/wp-content\/uploads\/2014\/06\/Publicit\u00e9-IBM-5155-1984-231x300.jpg 231w\" sizes=\"auto, (max-width: 408px) 100vw, 408px\" \/><\/a><p id=\"caption-attachment-5008\" class=\"wp-caption-text\">Publicit\u00e9 pour l&#8217;IBM 5155 (1984) : &#8220;Si seulement je pouvais emporter mon ordinateur personnel IBM avec moi !&#8221;<\/p><\/div>\n<p style=\"text-align: justify;\">Par contre, l&#8217;absence de batterie rendait ce PC d\u00e9pendant d&#8217;une prise \u00e9lectrique. De toute fa\u00e7on, aucune batterie de l&#8217;\u00e9poque n&#8217;aurait eu une autonomie suffisante pour alimenter la carte m\u00e8re (identique \u00e0 celle d&#8217;un PC XT de bureau) et son \u00e9cran CRT (malgr\u00e9 sa taille r\u00e9duite).<\/p>\n<p style=\"text-align: justify;\">D\u00e9couverte de l&#8217;int\u00e9rieur et <a title=\"Restauration de l\u2019IBM 5155\" href=\"http:\/\/www.auditsi.eu\/?page_id=5015\">restauration de l&#8217;IBM 5155<\/a>&#8230;<\/p>\n<p style=\"text-align: justify;\">S\u00e9lection d\u2019articles sur le sujet :<\/p>\n<ul>\n<li>L&#8217;IBM transportable, Science &amp; Vie Micro n\u00b0 9 (septembre 1984), p. 129<\/li>\n<li>Hurricane : l&#8217;ouragan d&#8217;IBM, Micro-Syst\u00e8mes n\u00b0 45 (septembre 1984), p. 159<\/li>\n<\/ul>\n<p><em>Les photos d\u2019illustration sont issues de ma <a title=\"Ma collection\" href=\"http:\/\/www.auditsi.eu\/?page_id=1983\">collection personnelle<\/a>.<\/em><\/p>\n<p>Approfondir le sujet :<br \/>\n<a title=\"L'informatique des ann\u00e9es 80\" href=\"http:\/\/www.auditsi.eu\/?page_id=2119\">L\u2019informatique des ann\u00e9es 80<\/a> \/ <a title=\"Ma collection\" href=\"http:\/\/www.auditsi.eu\/?page_id=1983\">Ma collection<\/a> \/ <a title=\"Ma documentation\" href=\"http:\/\/www.auditsi.eu\/?page_id=3930\">Ma documentation<\/a> \/ <a title=\"Quelques id\u00e9es de lecture pour en savoir plus\" href=\"http:\/\/www.auditsi.eu\/?page_id=4631\">Quelques id\u00e9es de lecture<\/a><\/p>\n<div style=\"padding-bottom:20px; padding-top:10px;\" class=\"hupso-share-buttons\"><!-- Hupso Share Buttons - https:\/\/www.hupso.com\/share\/ --><a class=\"hupso_counters\" href=\"https:\/\/www.hupso.com\/share\/\"><img decoding=\"async\" src=\"https:\/\/static.hupso.com\/share\/buttons\/lang\/fr\/share-small.png\" style=\"border:0px; padding-top:2px; float:left;\" alt=\"Share Button\"\/><\/a><script type=\"text\/javascript\">var hupso_services_c=new Array(\"twitter\",\"facebook_like\",\"facebook_send\",\"email\",\"print\",\"linkedin\");var hupso_counters_lang = \"fr_FR\";var hupso_image_folder_url = \"\";var hupso_twitter_via=\"BenoitRiviere14\";var hupso_url_c=\"\";var hupso_title_c=\"Le%20PC%20%28trans%29portable%205155%20d%27IBM\";<\/script><script type=\"text\/javascript\" src=\"https:\/\/static.hupso.com\/share\/js\/counters.js\"><\/script><!-- Hupso Share Buttons --><\/div>","protected":false},"excerpt":{"rendered":"<p>IBM commercialise son transportable 5155 (\u00e0 base de PC XT) en 1984 sous syst\u00e8me d&#8217;exploitation MS\/DOS. Il est \u00e9quip\u00e9 d&#8217;un micro-processeur Intel 8088 et, sur option, d&#8217;un coprocesseur arithm\u00e9tique 8087, de 256 Ko de m\u00e9moire vive extensible \u00e0 512 Ko, d&#8217;un \u00e9cran cathodique monochrome 9&#8243; (la carte graphique couleur autorise le branchement d&#8217;un \u00e9cran externe), &#8230;<\/p>\n<p><a href=\"https:\/\/www.auditsi.eu\/?page_id=4969\" class=\"more-link\">Continue reading &lsquo;Le PC (trans)portable 5155 d&#8217;IBM&rsquo; &raquo;<\/a><\/p>\n<div style=\"padding-bottom:20px; padding-top:10px;\" class=\"hupso-share-buttons\"><!-- Hupso Share Buttons - https:\/\/www.hupso.com\/share\/ --><a class=\"hupso_counters\" href=\"https:\/\/www.hupso.com\/share\/\"><img src=\"https:\/\/static.hupso.com\/share\/buttons\/lang\/fr\/share-small.png\" style=\"border:0px; padding-top:2px; float:left;\" alt=\"Share Button\"\/><\/a><script type=\"text\/javascript\">var hupso_services_c=new Array(\"twitter\",\"facebook_like\",\"facebook_send\",\"email\",\"print\",\"linkedin\");var hupso_counters_lang = \"fr_FR\";var hupso_image_folder_url = \"\";var hupso_twitter_via=\"BenoitRiviere14\";var hupso_url_c=\"\";var hupso_title_c=\"Le%20PC%20%28trans%29portable%205155%20d%27IBM\";<\/script><script type=\"text\/javascript\" src=\"https:\/\/static.hupso.com\/share\/js\/counters.js\"><\/script><!-- Hupso Share Buttons --><\/div>","protected":false},"author":1,"featured_media":0,"parent":0,"menu_order":0,"comment_status":"open","ping_status":"open","template":"","meta":{"advanced_seo_description":"","jetpack_seo_html_title":"","jetpack_seo_noindex":false,"ngg_post_thumbnail":0,"footnotes":"","_links_to":"","_links_to_target":""},"class_list":["post-4969","page","type-page","status-publish","hentry"],"jetpack_sharing_enabled":true,"jetpack_likes_enabled":false,"_links":{"self":[{"href":"https:\/\/www.auditsi.eu\/index.php?rest_route=\/wp\/v2\/pages\/4969","targetHints":{"allow":["GET"]}}],"collection":[{"href":"https:\/\/www.auditsi.eu\/index.php?rest_route=\/wp\/v2\/pages"}],"about":[{"href":"https:\/\/www.auditsi.eu\/index.php?rest_route=\/wp\/v2\/types\/page"}],"author":[{"embeddable":true,"href":"https:\/\/www.auditsi.eu\/index.php?rest_route=\/wp\/v2\/users\/1"}],"replies":[{"embeddable":true,"href":"https:\/\/www.auditsi.eu\/index.php?rest_route=%2Fwp%2Fv2%2Fcomments&post=4969"}],"version-history":[{"count":10,"href":"https:\/\/www.auditsi.eu\/index.php?rest_route=\/wp\/v2\/pages\/4969\/revisions"}],"predecessor-version":[{"id":5083,"href":"https:\/\/www.auditsi.eu\/index.php?rest_route=\/wp\/v2\/pages\/4969\/revisions\/5083"}],"wp:attachment":[{"href":"https:\/\/www.auditsi.eu\/index.php?rest_route=%2Fwp%2Fv2%2Fmedia&parent=4969"}],"curies":[{"name":"wp","href":"https:\/\/api.w.org\/{rel}","templated":true}]}}