{"id":4821,"date":"2014-05-07T23:23:35","date_gmt":"2014-05-07T21:23:35","guid":{"rendered":"http:\/\/www.auditsi.eu\/?page_id=4821"},"modified":"2014-08-14T11:12:49","modified_gmt":"2014-08-14T09:12:49","slug":"jeux-james-bond","status":"publish","type":"page","link":"https:\/\/www.auditsi.eu\/?page_id=4821","title":{"rendered":"Jeux James Bond"},"content":{"rendered":"<p style=\"text-align: justify;\">Je suis fan de James Blond dont je regarde r\u00e9guli\u00e8rement les aventures sur mon petit \u00e9cran. Ses tribulations ont r\u00e9guli\u00e8rement \u00e9t\u00e9 adapt\u00e9es en jeu vid\u00e9o.<\/p>\n<div id=\"attachment_4822\" style=\"width: 466px\" class=\"wp-caption aligncenter\"><a href=\"https:\/\/www.auditsi.eu\/wp-content\/uploads\/2014\/05\/Jeux-James-Bond.jpg\"><img loading=\"lazy\" decoding=\"async\" aria-describedby=\"caption-attachment-4822\" class=\"size-full wp-image-4822\" src=\"https:\/\/www.auditsi.eu\/wp-content\/uploads\/2014\/05\/Jeux-James-Bond.jpg\" alt=\"Jeux James Bond : The Duel (Master System), Permis de Tuer (Amstrad CPC), Nightfire et Goldeneye (PS2)\" width=\"456\" height=\"569\" srcset=\"https:\/\/www.auditsi.eu\/wp-content\/uploads\/2014\/05\/Jeux-James-Bond.jpg 456w, https:\/\/www.auditsi.eu\/wp-content\/uploads\/2014\/05\/Jeux-James-Bond-240x300.jpg 240w\" sizes=\"auto, (max-width: 456px) 100vw, 456px\" \/><\/a><p id=\"caption-attachment-4822\" class=\"wp-caption-text\">Jeux James Bond : The Duel (Master System), Permis de Tuer (Amstrad CPC), Nightfire et Goldeneye (PS2)<\/p><\/div>\n<p style=\"text-align: justify;\">Ma collection comporte quelques unes de ces adaptations.<\/p>\n<div id=\"attachment_5251\" style=\"width: 477px\" class=\"wp-caption aligncenter\"><a href=\"https:\/\/www.auditsi.eu\/wp-content\/uploads\/2014\/05\/COUV-AMSTAR-11-07-08-1987.jpg\"><img loading=\"lazy\" decoding=\"async\" aria-describedby=\"caption-attachment-5251\" class=\" wp-image-5251\" src=\"https:\/\/www.auditsi.eu\/wp-content\/uploads\/2014\/05\/COUV-AMSTAR-11-07-08-1987.jpg\" alt=\"Couverture de l'AMSTAR n\u00b0 11 (juillet-ao\u00fbt 1987) : Ubi-Soft &amp; Domark pr\u00e9sentent James Bond 007 dans Tuer n'est pas jouer\" width=\"467\" height=\"622\" srcset=\"https:\/\/www.auditsi.eu\/wp-content\/uploads\/2014\/05\/COUV-AMSTAR-11-07-08-1987.jpg 600w, https:\/\/www.auditsi.eu\/wp-content\/uploads\/2014\/05\/COUV-AMSTAR-11-07-08-1987-225x300.jpg 225w\" sizes=\"auto, (max-width: 467px) 100vw, 467px\" \/><\/a><p id=\"caption-attachment-5251\" class=\"wp-caption-text\">Couverture de l&#8217;AMSTAR n\u00b0 11 (juillet-ao\u00fbt 1987) : Ubi-Soft &amp; Domark pr\u00e9sentent James Bond 007 dans Tuer n&#8217;est pas jouer<\/p><\/div>\n<p><span style=\"font-size: small;\"><em>Les photos d\u2019illustration sont issues de ma <a title=\"Ma collection\" href=\"http:\/\/www.auditsi.eu\/?page_id=1983\">collection personnelle<\/a>.<\/em><\/span><\/p>\n<p>Approfondir le sujet :<br \/>\n<a title=\"L'informatique des ann\u00e9es 80\" href=\"http:\/\/www.auditsi.eu\/?page_id=2119\">L\u2019informatique des ann\u00e9es 80<\/a> \/ <a title=\"Ma collection\" href=\"http:\/\/www.auditsi.eu\/?page_id=1983\">Ma collection<\/a> \/ <a title=\"Ma documentation\" href=\"http:\/\/www.auditsi.eu\/?page_id=3930\">Ma documentation<\/a> \/ <a title=\"Quelques id\u00e9es de lecture pour en savoir plus\" href=\"http:\/\/www.auditsi.eu\/?page_id=4631\">Quelques id\u00e9es de lecture<\/a><\/p>\n<div style=\"padding-bottom:20px; padding-top:10px;\" class=\"hupso-share-buttons\"><!-- Hupso Share Buttons - https:\/\/www.hupso.com\/share\/ --><a class=\"hupso_counters\" href=\"https:\/\/www.hupso.com\/share\/\"><img decoding=\"async\" src=\"https:\/\/static.hupso.com\/share\/buttons\/lang\/fr\/share-small.png\" style=\"border:0px; padding-top:2px; float:left;\" alt=\"Share Button\"\/><\/a><script type=\"text\/javascript\">var hupso_services_c=new Array(\"twitter\",\"facebook_like\",\"facebook_send\",\"email\",\"print\",\"linkedin\");var hupso_counters_lang = \"fr_FR\";var hupso_image_folder_url = \"\";var hupso_twitter_via=\"BenoitRiviere14\";var hupso_url_c=\"\";var hupso_title_c=\"Jeux%20James%20Bond\";<\/script><script type=\"text\/javascript\" src=\"https:\/\/static.hupso.com\/share\/js\/counters.js\"><\/script><!-- Hupso Share Buttons --><\/div>","protected":false},"excerpt":{"rendered":"<p>Je suis fan de James Blond dont je regarde r\u00e9guli\u00e8rement les aventures sur mon petit \u00e9cran. Ses tribulations ont r\u00e9guli\u00e8rement \u00e9t\u00e9 adapt\u00e9es en jeu vid\u00e9o. Ma collection comporte quelques unes de ces adaptations. Les photos d\u2019illustration sont issues de ma collection personnelle. Approfondir le sujet : L\u2019informatique des ann\u00e9es 80 \/ Ma collection \/ Ma &#8230;<\/p>\n<p><a href=\"https:\/\/www.auditsi.eu\/?page_id=4821\" class=\"more-link\">Continue reading &lsquo;Jeux James Bond&rsquo; &raquo;<\/a><\/p>\n<div style=\"padding-bottom:20px; padding-top:10px;\" class=\"hupso-share-buttons\"><!-- Hupso Share Buttons - https:\/\/www.hupso.com\/share\/ --><a class=\"hupso_counters\" href=\"https:\/\/www.hupso.com\/share\/\"><img src=\"https:\/\/static.hupso.com\/share\/buttons\/lang\/fr\/share-small.png\" style=\"border:0px; padding-top:2px; float:left;\" alt=\"Share Button\"\/><\/a><script type=\"text\/javascript\">var hupso_services_c=new Array(\"twitter\",\"facebook_like\",\"facebook_send\",\"email\",\"print\",\"linkedin\");var hupso_counters_lang = \"fr_FR\";var hupso_image_folder_url = \"\";var hupso_twitter_via=\"BenoitRiviere14\";var hupso_url_c=\"\";var hupso_title_c=\"Jeux%20James%20Bond\";<\/script><script type=\"text\/javascript\" src=\"https:\/\/static.hupso.com\/share\/js\/counters.js\"><\/script><!-- Hupso Share Buttons --><\/div>","protected":false},"author":1,"featured_media":0,"parent":0,"menu_order":0,"comment_status":"open","ping_status":"open","template":"","meta":{"advanced_seo_description":"","jetpack_seo_html_title":"","jetpack_seo_noindex":false,"ngg_post_thumbnail":0,"footnotes":"","_links_to":"","_links_to_target":""},"class_list":["post-4821","page","type-page","status-publish","hentry"],"jetpack_sharing_enabled":true,"jetpack_likes_enabled":false,"_links":{"self":[{"href":"https:\/\/www.auditsi.eu\/index.php?rest_route=\/wp\/v2\/pages\/4821","targetHints":{"allow":["GET"]}}],"collection":[{"href":"https:\/\/www.auditsi.eu\/index.php?rest_route=\/wp\/v2\/pages"}],"about":[{"href":"https:\/\/www.auditsi.eu\/index.php?rest_route=\/wp\/v2\/types\/page"}],"author":[{"embeddable":true,"href":"https:\/\/www.auditsi.eu\/index.php?rest_route=\/wp\/v2\/users\/1"}],"replies":[{"embeddable":true,"href":"https:\/\/www.auditsi.eu\/index.php?rest_route=%2Fwp%2Fv2%2Fcomments&post=4821"}],"version-history":[{"count":5,"href":"https:\/\/www.auditsi.eu\/index.php?rest_route=\/wp\/v2\/pages\/4821\/revisions"}],"predecessor-version":[{"id":5255,"href":"https:\/\/www.auditsi.eu\/index.php?rest_route=\/wp\/v2\/pages\/4821\/revisions\/5255"}],"wp:attachment":[{"href":"https:\/\/www.auditsi.eu\/index.php?rest_route=%2Fwp%2Fv2%2Fmedia&parent=4821"}],"curies":[{"name":"wp","href":"https:\/\/api.w.org\/{rel}","templated":true}]}}