{"id":4725,"date":"2014-04-12T12:35:18","date_gmt":"2014-04-12T10:35:18","guid":{"rendered":"http:\/\/www.auditsi.eu\/?page_id=4725"},"modified":"2015-08-16T13:35:56","modified_gmt":"2015-08-16T11:35:56","slug":"le-vg-5000-de-philips","status":"publish","type":"page","link":"https:\/\/www.auditsi.eu\/?page_id=4725","title":{"rendered":"Le VG 5000 de PHILIPS"},"content":{"rendered":"<p style=\"text-align: justify;\">Le VG 5000, con\u00e7u par PHILIPS, est dot\u00e9 d&#8217;un clavier peu commun&#8230; de type minitel. Ses caract\u00e9ristiques techniques limit\u00e9es (face \u00e0 ses concurrents) et son prix attractif (1590 FRF \u00e0 son lancement en 1984) en font une machine d&#8217;initiation \u00e0 l&#8217;informatique et \u00e0 la programmation au m\u00eame titre que <a href=\"http:\/\/www.auditsi.eu\/?page_id=2993\">MO5<\/a>, <a href=\"http:\/\/www.auditsi.eu\/?page_id=2945\">ZX81<\/a>, Alice ou Laser 200.<\/p>\n<div id=\"attachment_4730\" style=\"width: 495px\" class=\"wp-caption aligncenter\"><a href=\"https:\/\/www.auditsi.eu\/wp-content\/uploads\/2014\/04\/DSCN9624.jpg\"><img loading=\"lazy\" decoding=\"async\" aria-describedby=\"caption-attachment-4730\" class=\"size-full wp-image-4730\" src=\"https:\/\/www.auditsi.eu\/wp-content\/uploads\/2014\/04\/DSCN9624.jpg\" alt=\"Le VG 5000 au grand complet\" width=\"485\" height=\"410\" srcset=\"https:\/\/www.auditsi.eu\/wp-content\/uploads\/2014\/04\/DSCN9624.jpg 485w, https:\/\/www.auditsi.eu\/wp-content\/uploads\/2014\/04\/DSCN9624-300x253.jpg 300w\" sizes=\"auto, (max-width: 485px) 100vw, 485px\" \/><\/a><p id=\"caption-attachment-4730\" class=\"wp-caption-text\">Le VG 5000 au grand complet<\/p><\/div>\n<p style=\"text-align: justify;\">Le VG 5000 est dot\u00e9 d&#8217;un micro-processeur Z80A (un classique \u00e0 cette \u00e9poque), de 24 Ko de RAM.<\/p>\n<div id=\"attachment_4732\" style=\"width: 458px\" class=\"wp-caption aligncenter\"><a href=\"https:\/\/www.auditsi.eu\/wp-content\/uploads\/2014\/04\/DSCN9626.jpg\"><img loading=\"lazy\" decoding=\"async\" aria-describedby=\"caption-attachment-4732\" class=\"size-full wp-image-4732\" src=\"https:\/\/www.auditsi.eu\/wp-content\/uploads\/2014\/04\/DSCN9626.jpg\" alt=\"Zoom sur le clavier &quot;minitel&quot; du VG 5000\" width=\"448\" height=\"319\" srcset=\"https:\/\/www.auditsi.eu\/wp-content\/uploads\/2014\/04\/DSCN9626.jpg 448w, https:\/\/www.auditsi.eu\/wp-content\/uploads\/2014\/04\/DSCN9626-300x213.jpg 300w\" sizes=\"auto, (max-width: 448px) 100vw, 448px\" \/><\/a><p id=\"caption-attachment-4732\" class=\"wp-caption-text\">Zoom sur le clavier &#8220;minitel&#8221; du VG 5000<\/p><\/div>\n<p style=\"text-align: justify;\">Avec cette machine, on sent que PHILIPS fait du recyclage : clavier similaire au minitel (m\u00eames touches et disposition semblable du clavier)&#8230; que fabrique la Radiotechnique (filiale de Philips), bo\u00eetier des jeux similaire \u00e0 celui des Vid\u00e9opac&#8230;<\/p>\n<div id=\"attachment_4733\" style=\"width: 490px\" class=\"wp-caption aligncenter\"><a href=\"https:\/\/www.auditsi.eu\/wp-content\/uploads\/2014\/04\/DSCN9630.jpg\"><img loading=\"lazy\" decoding=\"async\" aria-describedby=\"caption-attachment-4733\" class=\"size-full wp-image-4733\" src=\"https:\/\/www.auditsi.eu\/wp-content\/uploads\/2014\/04\/DSCN9630.jpg\" alt=\"Quelques jeux embl\u00e9matiques sur VG 5000 : La moto infernale, Citadelle (de Loriciels) et Le fou volant\" width=\"480\" height=\"212\" srcset=\"https:\/\/www.auditsi.eu\/wp-content\/uploads\/2014\/04\/DSCN9630.jpg 480w, https:\/\/www.auditsi.eu\/wp-content\/uploads\/2014\/04\/DSCN9630-300x132.jpg 300w\" sizes=\"auto, (max-width: 480px) 100vw, 480px\" \/><\/a><p id=\"caption-attachment-4733\" class=\"wp-caption-text\">Quelques jeux embl\u00e9matiques sur VG 5000 : La moto infernale, Citadelle (de Loriciels) et Le fou volant<\/p><\/div>\n<div id=\"attachment_6197\" style=\"width: 359px\" class=\"wp-caption aligncenter\"><a href=\"https:\/\/www.auditsi.eu\/wp-content\/uploads\/2014\/04\/VG-5000-35-mille-SVM15-03-1985-p13.jpg\"><img loading=\"lazy\" decoding=\"async\" aria-describedby=\"caption-attachment-6197\" class=\"size-full wp-image-6197\" src=\"https:\/\/www.auditsi.eu\/wp-content\/uploads\/2014\/04\/VG-5000-35-mille-SVM15-03-1985-p13.jpg\" alt=\"35000 exemplaires du VG 5000 \u00e9coul\u00e9s en 1984 en seulement deux mois et demi, SVM n\u00b0 15 (mars 1985), p. 13\" width=\"349\" height=\"116\" srcset=\"https:\/\/www.auditsi.eu\/wp-content\/uploads\/2014\/04\/VG-5000-35-mille-SVM15-03-1985-p13.jpg 349w, https:\/\/www.auditsi.eu\/wp-content\/uploads\/2014\/04\/VG-5000-35-mille-SVM15-03-1985-p13-300x100.jpg 300w\" sizes=\"auto, (max-width: 349px) 100vw, 349px\" \/><\/a><p id=\"caption-attachment-6197\" class=\"wp-caption-text\">35000 exemplaires du VG 5000 \u00e9coul\u00e9s en 1984 en seulement deux mois et demi, SVM n\u00b0 15 (mars 1985), p. 13<\/p><\/div>\n<p style=\"text-align: justify;\">PHILIPS a commercialis\u00e9 d&#8217;autres machines durant cette p\u00e9riode : des <a title=\"Les consoles de jeux : des micros\u2026 ludiques\" href=\"http:\/\/www.auditsi.eu\/?page_id=2179\">consoles de jeux Vid\u00e9opac<\/a> et des ordinateurs au <a title=\"MSX, un standard pour ordinateurs familiaux\" href=\"http:\/\/www.auditsi.eu\/?page_id=2291\">standard MSX<\/a>.<\/p>\n<p>S\u00e9lection d\u2019articles sur le sujet :<\/p>\n<ul>\n<li>Philips VG 5000 : un bapt\u00eame sans \u00e9clat, Science &amp; Vie Micro n\u00b0 11 (novembre 1984), p. 20<\/li>\n<li>Philips VG 5000 : l&#8217;ordinateur de crise, Science &amp; Vie Micro n\u00b0 13 (janvier 1985), p. 56<\/li>\n<\/ul>\n<p><em>Les photos d\u2019illustration sont issues de ma <a title=\"Ma collection\" href=\"http:\/\/www.auditsi.eu\/?page_id=1983\">collection personnelle<\/a>.<\/em><\/p>\n<p>Approfondir le sujet :<br \/>\n<a title=\"L'informatique des ann\u00e9es 80\" href=\"http:\/\/www.auditsi.eu\/?page_id=2119\">L\u2019informatique des ann\u00e9es 80<\/a> \/ <a title=\"Ma collection\" href=\"http:\/\/www.auditsi.eu\/?page_id=1983\">Ma collection<\/a> \/ <a title=\"Ma documentation\" href=\"http:\/\/www.auditsi.eu\/?page_id=3930\">Ma documentation<\/a> \/ <a title=\"Quelques id\u00e9es de lecture pour en savoir plus\" href=\"http:\/\/www.auditsi.eu\/?page_id=4631\">Quelques id\u00e9es de lecture<\/a><\/p>\n<div style=\"padding-bottom:20px; padding-top:10px;\" class=\"hupso-share-buttons\"><!-- Hupso Share Buttons - https:\/\/www.hupso.com\/share\/ --><a class=\"hupso_counters\" href=\"https:\/\/www.hupso.com\/share\/\"><img decoding=\"async\" src=\"https:\/\/static.hupso.com\/share\/buttons\/lang\/fr\/share-small.png\" style=\"border:0px; padding-top:2px; float:left;\" alt=\"Share Button\"\/><\/a><script type=\"text\/javascript\">var hupso_services_c=new Array(\"twitter\",\"facebook_like\",\"facebook_send\",\"email\",\"print\",\"linkedin\");var hupso_counters_lang = \"fr_FR\";var hupso_image_folder_url = \"\";var hupso_twitter_via=\"BenoitRiviere14\";var hupso_url_c=\"\";var hupso_title_c=\"Le%20VG%205000%20de%20PHILIPS\";<\/script><script type=\"text\/javascript\" src=\"https:\/\/static.hupso.com\/share\/js\/counters.js\"><\/script><!-- Hupso Share Buttons --><\/div>","protected":false},"excerpt":{"rendered":"<p>Le VG 5000, con\u00e7u par PHILIPS, est dot\u00e9 d&#8217;un clavier peu commun&#8230; de type minitel. Ses caract\u00e9ristiques techniques limit\u00e9es (face \u00e0 ses concurrents) et son prix attractif (1590 FRF \u00e0 son lancement en 1984) en font une machine d&#8217;initiation \u00e0 l&#8217;informatique et \u00e0 la programmation au m\u00eame titre que MO5, ZX81, Alice ou Laser 200. &#8230;<\/p>\n<p><a href=\"https:\/\/www.auditsi.eu\/?page_id=4725\" class=\"more-link\">Continue reading &lsquo;Le VG 5000 de PHILIPS&rsquo; &raquo;<\/a><\/p>\n<div style=\"padding-bottom:20px; padding-top:10px;\" class=\"hupso-share-buttons\"><!-- Hupso Share Buttons - https:\/\/www.hupso.com\/share\/ --><a class=\"hupso_counters\" href=\"https:\/\/www.hupso.com\/share\/\"><img src=\"https:\/\/static.hupso.com\/share\/buttons\/lang\/fr\/share-small.png\" style=\"border:0px; padding-top:2px; float:left;\" alt=\"Share Button\"\/><\/a><script type=\"text\/javascript\">var hupso_services_c=new Array(\"twitter\",\"facebook_like\",\"facebook_send\",\"email\",\"print\",\"linkedin\");var hupso_counters_lang = \"fr_FR\";var hupso_image_folder_url = \"\";var hupso_twitter_via=\"BenoitRiviere14\";var hupso_url_c=\"\";var hupso_title_c=\"Le%20VG%205000%20de%20PHILIPS\";<\/script><script type=\"text\/javascript\" src=\"https:\/\/static.hupso.com\/share\/js\/counters.js\"><\/script><!-- Hupso Share Buttons --><\/div>","protected":false},"author":1,"featured_media":0,"parent":0,"menu_order":0,"comment_status":"open","ping_status":"open","template":"","meta":{"advanced_seo_description":"","jetpack_seo_html_title":"","jetpack_seo_noindex":false,"ngg_post_thumbnail":0,"footnotes":"","_links_to":"","_links_to_target":""},"class_list":["post-4725","page","type-page","status-publish","hentry"],"jetpack_sharing_enabled":true,"jetpack_likes_enabled":false,"_links":{"self":[{"href":"https:\/\/www.auditsi.eu\/index.php?rest_route=\/wp\/v2\/pages\/4725","targetHints":{"allow":["GET"]}}],"collection":[{"href":"https:\/\/www.auditsi.eu\/index.php?rest_route=\/wp\/v2\/pages"}],"about":[{"href":"https:\/\/www.auditsi.eu\/index.php?rest_route=\/wp\/v2\/types\/page"}],"author":[{"embeddable":true,"href":"https:\/\/www.auditsi.eu\/index.php?rest_route=\/wp\/v2\/users\/1"}],"replies":[{"embeddable":true,"href":"https:\/\/www.auditsi.eu\/index.php?rest_route=%2Fwp%2Fv2%2Fcomments&post=4725"}],"version-history":[{"count":11,"href":"https:\/\/www.auditsi.eu\/index.php?rest_route=\/wp\/v2\/pages\/4725\/revisions"}],"predecessor-version":[{"id":6198,"href":"https:\/\/www.auditsi.eu\/index.php?rest_route=\/wp\/v2\/pages\/4725\/revisions\/6198"}],"wp:attachment":[{"href":"https:\/\/www.auditsi.eu\/index.php?rest_route=%2Fwp%2Fv2%2Fmedia&parent=4725"}],"curies":[{"name":"wp","href":"https:\/\/api.w.org\/{rel}","templated":true}]}}