{"id":4654,"date":"2014-03-02T12:56:29","date_gmt":"2014-03-02T10:56:29","guid":{"rendered":"http:\/\/www.auditsi.eu\/?page_id=4654"},"modified":"2014-03-02T13:25:29","modified_gmt":"2014-03-02T11:25:29","slug":"sciences-et-techniques","status":"publish","type":"page","link":"https:\/\/www.auditsi.eu\/?page_id=4654","title":{"rendered":"Sciences et techniques"},"content":{"rendered":"<p style=\"text-align: justify;\">L&#8217;informatique a ouvert de nouvelles opportunit\u00e9s :<\/p>\n<ul>\n<li>en modernisant certaines activit\u00e9s professionnelles (comme le m\u00e9tier d&#8217;<a title=\"L\u2019expert-comptable, un mutant\" href=\"http:\/\/www.auditsi.eu\/?page_id=3952\">expert-comptable<\/a>) et techniques (<a title=\"Math\u00e9matiques et calculs\" href=\"http:\/\/www.auditsi.eu\/?page_id=3762\">math\u00e9matiques<\/a>, <a title=\"La cryptographie\" href=\"http:\/\/www.auditsi.eu\/?page_id=3662\">cryptographie<\/a>, <a title=\"Mesure du QI et des capacit\u00e9s de m\u00e9morisation\" href=\"http:\/\/www.auditsi.eu\/?page_id=3693\">mesure de l&#8217;intelligence humaine<\/a>&#8230;),<\/li>\n<li>ou en cr\u00e9ant de nouvelles disciplines (<a title=\"Imagerie, vid\u00e9o, son et multim\u00e9dia\" href=\"http:\/\/www.auditsi.eu\/?page_id=3858\">imagerie et multim\u00e9dia<\/a>).<\/li>\n<\/ul>\n<p>L&#8217;homme a progressivement apprivois\u00e9 et am\u00e9lior\u00e9 ce nouvel outil pour son plus grand profit.<\/p>\n<p style=\"text-align: justify;\">Approfondir le sujet :<br \/>\n<a title=\"L'informatique des ann\u00e9es 80\" href=\"http:\/\/www.auditsi.eu\/?page_id=2119\">L&#8217;informatique des ann\u00e9es 80<\/a> \/ <a title=\"Ma collection\" href=\"http:\/\/www.auditsi.eu\/?page_id=1983\">Ma collection<\/a> \/ <a title=\"Ma documentation\" href=\"http:\/\/www.auditsi.eu\/?page_id=3930\">Ma documentation<\/a><\/p>\n<div style=\"padding-bottom:20px; padding-top:10px;\" class=\"hupso-share-buttons\"><!-- Hupso Share Buttons - https:\/\/www.hupso.com\/share\/ --><a class=\"hupso_counters\" href=\"https:\/\/www.hupso.com\/share\/\"><img decoding=\"async\" src=\"https:\/\/static.hupso.com\/share\/buttons\/lang\/fr\/share-small.png\" style=\"border:0px; padding-top:2px; float:left;\" alt=\"Share Button\"\/><\/a><script type=\"text\/javascript\">var hupso_services_c=new Array(\"twitter\",\"facebook_like\",\"facebook_send\",\"email\",\"print\",\"linkedin\");var hupso_counters_lang = \"fr_FR\";var hupso_image_folder_url = \"\";var hupso_twitter_via=\"BenoitRiviere14\";var hupso_url_c=\"\";var hupso_title_c=\"Sciences%20et%20techniques\";<\/script><script type=\"text\/javascript\" src=\"https:\/\/static.hupso.com\/share\/js\/counters.js\"><\/script><!-- Hupso Share Buttons --><\/div>","protected":false},"excerpt":{"rendered":"<p>L&#8217;informatique a ouvert de nouvelles opportunit\u00e9s : en modernisant certaines activit\u00e9s professionnelles (comme le m\u00e9tier d&#8217;expert-comptable) et techniques (math\u00e9matiques, cryptographie, mesure de l&#8217;intelligence humaine&#8230;), ou en cr\u00e9ant de nouvelles disciplines (imagerie et multim\u00e9dia). L&#8217;homme a progressivement apprivois\u00e9 et am\u00e9lior\u00e9 ce nouvel outil pour son plus grand profit. Approfondir le sujet : L&#8217;informatique des ann\u00e9es 80 &#8230;<\/p>\n<p><a href=\"https:\/\/www.auditsi.eu\/?page_id=4654\" class=\"more-link\">Continue reading &lsquo;Sciences et techniques&rsquo; &raquo;<\/a><\/p>\n<div style=\"padding-bottom:20px; padding-top:10px;\" class=\"hupso-share-buttons\"><!-- Hupso Share Buttons - https:\/\/www.hupso.com\/share\/ --><a class=\"hupso_counters\" href=\"https:\/\/www.hupso.com\/share\/\"><img src=\"https:\/\/static.hupso.com\/share\/buttons\/lang\/fr\/share-small.png\" style=\"border:0px; padding-top:2px; float:left;\" alt=\"Share Button\"\/><\/a><script type=\"text\/javascript\">var hupso_services_c=new Array(\"twitter\",\"facebook_like\",\"facebook_send\",\"email\",\"print\",\"linkedin\");var hupso_counters_lang = \"fr_FR\";var hupso_image_folder_url = \"\";var hupso_twitter_via=\"BenoitRiviere14\";var hupso_url_c=\"\";var hupso_title_c=\"Sciences%20et%20techniques\";<\/script><script type=\"text\/javascript\" src=\"https:\/\/static.hupso.com\/share\/js\/counters.js\"><\/script><!-- Hupso Share Buttons --><\/div>","protected":false},"author":1,"featured_media":0,"parent":0,"menu_order":0,"comment_status":"open","ping_status":"open","template":"","meta":{"advanced_seo_description":"","jetpack_seo_html_title":"","jetpack_seo_noindex":false,"ngg_post_thumbnail":0,"footnotes":"","_links_to":"","_links_to_target":""},"class_list":["post-4654","page","type-page","status-publish","hentry"],"jetpack_sharing_enabled":true,"jetpack_likes_enabled":false,"_links":{"self":[{"href":"https:\/\/www.auditsi.eu\/index.php?rest_route=\/wp\/v2\/pages\/4654","targetHints":{"allow":["GET"]}}],"collection":[{"href":"https:\/\/www.auditsi.eu\/index.php?rest_route=\/wp\/v2\/pages"}],"about":[{"href":"https:\/\/www.auditsi.eu\/index.php?rest_route=\/wp\/v2\/types\/page"}],"author":[{"embeddable":true,"href":"https:\/\/www.auditsi.eu\/index.php?rest_route=\/wp\/v2\/users\/1"}],"replies":[{"embeddable":true,"href":"https:\/\/www.auditsi.eu\/index.php?rest_route=%2Fwp%2Fv2%2Fcomments&post=4654"}],"version-history":[{"count":5,"href":"https:\/\/www.auditsi.eu\/index.php?rest_route=\/wp\/v2\/pages\/4654\/revisions"}],"predecessor-version":[{"id":4663,"href":"https:\/\/www.auditsi.eu\/index.php?rest_route=\/wp\/v2\/pages\/4654\/revisions\/4663"}],"wp:attachment":[{"href":"https:\/\/www.auditsi.eu\/index.php?rest_route=%2Fwp%2Fv2%2Fmedia&parent=4654"}],"curies":[{"name":"wp","href":"https:\/\/api.w.org\/{rel}","templated":true}]}}