{"id":4638,"date":"2014-03-02T12:25:55","date_gmt":"2014-03-02T10:25:55","guid":{"rendered":"http:\/\/www.auditsi.eu\/?page_id=4638"},"modified":"2023-11-24T12:54:07","modified_gmt":"2023-11-24T11:54:07","slug":"limage-de-la-femme","status":"publish","type":"page","link":"https:\/\/www.auditsi.eu\/?page_id=4638","title":{"rendered":"L&#8217;image de la femme"},"content":{"rendered":"<p style=\"text-align: justify;\">L&#8217;image de la femme a souvent servi d&#8217;argument de vente. Dans les ann\u00e9es 80, les publicitaires n&#8217;h\u00e9sitaient pas, avec plus ou moins d&#8217;\u00e9l\u00e9gance, \u00e0 utiliser la femme pour vanter les m\u00e9rites de toute sorte de produits y compris des <a title=\"La micro-informatique des ann\u00e9es 80, l\u2019\u00e2ge d\u2019or de l\u2019informatique personnelle\" href=\"http:\/\/www.auditsi.eu\/?page_id=2119\">ordinateurs<\/a>&#8230; et vendre du soft comme du hard (sans jeu de mot) !<\/p>\n<div id=\"attachment_4639\" style=\"width: 457px\" class=\"wp-caption aligncenter\"><a href=\"https:\/\/www.auditsi.eu\/wp-content\/uploads\/2014\/03\/Publicit\u00e9-et-image-de-la-femme-1987.jpg\"><img loading=\"lazy\" decoding=\"async\" aria-describedby=\"caption-attachment-4639\" class=\"size-full wp-image-4639\" src=\"https:\/\/www.auditsi.eu\/wp-content\/uploads\/2014\/03\/Publicit\u00e9-et-image-de-la-femme-1987.jpg\" alt=\"Publicit\u00e9 pour le PC Jasmin Turbo HQ (1987) : qui porte la culotte ?\" width=\"447\" height=\"640\" srcset=\"https:\/\/www.auditsi.eu\/wp-content\/uploads\/2014\/03\/Publicit\u00e9-et-image-de-la-femme-1987.jpg 447w, https:\/\/www.auditsi.eu\/wp-content\/uploads\/2014\/03\/Publicit\u00e9-et-image-de-la-femme-1987-209x300.jpg 209w\" sizes=\"auto, (max-width: 447px) 100vw, 447px\" \/><\/a><p id=\"caption-attachment-4639\" class=\"wp-caption-text\">Publicit\u00e9 pour le PC Jasmin Turbo HQ (1987) : qui porte la culotte ?<\/p><\/div>\n<p style=\"text-align: justify;\">Sur cette publicit\u00e9 de 1987, le parall\u00e8le entre la femme (objet) et l'(objet) ordinateur est&#8230; fumeux !<\/p>\n<div id=\"attachment_5304\" style=\"width: 484px\" class=\"wp-caption aligncenter\"><a href=\"https:\/\/www.auditsi.eu\/wp-content\/uploads\/2014\/03\/PUB-INTERLUDE.jpg\"><img loading=\"lazy\" decoding=\"async\" aria-describedby=\"caption-attachment-5304\" class=\" wp-image-5304\" src=\"https:\/\/www.auditsi.eu\/wp-content\/uploads\/2014\/03\/PUB-INTERLUDE.jpg\" alt=\"Publicit\u00e9 pour Interlude (1981), l'exp\u00e9rience ultime ! Les dessous de l'informatique sans fard... A couper le souffle !\" width=\"474\" height=\"654\" srcset=\"https:\/\/www.auditsi.eu\/wp-content\/uploads\/2014\/03\/PUB-INTERLUDE.jpg 516w, https:\/\/www.auditsi.eu\/wp-content\/uploads\/2014\/03\/PUB-INTERLUDE-217x300.jpg 217w\" sizes=\"auto, (max-width: 474px) 100vw, 474px\" \/><\/a><p id=\"caption-attachment-5304\" class=\"wp-caption-text\">Publicit\u00e9 pour Interlude (1981), l&#8217;exp\u00e9rience ultime ! Les dessous de l&#8217;informatique sans fard&#8230; A couper le souffle !<\/p><\/div>\n<p style=\"text-align: justify;\">L&#8217;ordinateur gaulois est grivois sans doute. Cette th\u00e9matique de la comparaison est r\u00e9currente dans la publicit\u00e9 pour des logiciels ou mat\u00e9riels informatiques.<\/p>\n<div id=\"attachment_5307\" style=\"width: 415px\" class=\"wp-caption aligncenter\"><a href=\"https:\/\/www.auditsi.eu\/wp-content\/uploads\/2014\/03\/Couverture-CPU-11-1983.jpg\"><img loading=\"lazy\" decoding=\"async\" aria-describedby=\"caption-attachment-5307\" class=\"size-full wp-image-5307\" src=\"https:\/\/www.auditsi.eu\/wp-content\/uploads\/2014\/03\/Couverture-CPU-11-1983.jpg\" alt=\"Couverture de CPU de novembre 1983 (magazine allemand) : l'informatique dans tous ses \u00e9tats... \u00e0 ne pas mettre entre toutes les mains !\" width=\"405\" height=\"580\" srcset=\"https:\/\/www.auditsi.eu\/wp-content\/uploads\/2014\/03\/Couverture-CPU-11-1983.jpg 405w, https:\/\/www.auditsi.eu\/wp-content\/uploads\/2014\/03\/Couverture-CPU-11-1983-209x300.jpg 209w\" sizes=\"auto, (max-width: 405px) 100vw, 405px\" \/><\/a><p id=\"caption-attachment-5307\" class=\"wp-caption-text\">Couverture de CPU de novembre 1983 (magazine allemand) : l&#8217;informatique dans tous ses \u00e9tats&#8230; \u00e0 ne pas mettre entre toutes les mains !<\/p><\/div>\n<div id=\"attachment_5532\" style=\"width: 377px\" class=\"wp-caption aligncenter\"><a href=\"https:\/\/www.auditsi.eu\/wp-content\/uploads\/2014\/03\/Couverture-ECHO-PCW-26-01-1989-Sp\u00e9cial-Femmes.jpg\"><img loading=\"lazy\" decoding=\"async\" aria-describedby=\"caption-attachment-5532\" class=\"size-full wp-image-5532\" src=\"https:\/\/www.auditsi.eu\/wp-content\/uploads\/2014\/03\/Couverture-ECHO-PCW-26-01-1989-Sp\u00e9cial-Femmes.jpg\" alt=\"Couverture du Echo du PCW n\u00b0 26 (janvier 1989) : Sp\u00e9cial Femmes !\" width=\"367\" height=\"491\" srcset=\"https:\/\/www.auditsi.eu\/wp-content\/uploads\/2014\/03\/Couverture-ECHO-PCW-26-01-1989-Sp\u00e9cial-Femmes.jpg 367w, https:\/\/www.auditsi.eu\/wp-content\/uploads\/2014\/03\/Couverture-ECHO-PCW-26-01-1989-Sp\u00e9cial-Femmes-224x300.jpg 224w\" sizes=\"auto, (max-width: 367px) 100vw, 367px\" \/><\/a><p id=\"caption-attachment-5532\" class=\"wp-caption-text\">Couverture du Echo du PCW n\u00b0 26 (janvier 1989) : Sp\u00e9cial Femmes !<\/p><\/div>\n<div id=\"attachment_5242\" style=\"width: 460px\" class=\"wp-caption aligncenter\"><a href=\"https:\/\/www.auditsi.eu\/wp-content\/uploads\/2014\/03\/TILT-44-07-08-1987.jpg\"><img loading=\"lazy\" decoding=\"async\" aria-describedby=\"caption-attachment-5242\" class=\" wp-image-5242\" src=\"https:\/\/www.auditsi.eu\/wp-content\/uploads\/2014\/03\/TILT-44-07-08-1987.jpg\" alt=\"Couverture du TILT n\u00b0 44 (juillet-ao\u00fbt 1987)\" width=\"450\" height=\"591\" srcset=\"https:\/\/www.auditsi.eu\/wp-content\/uploads\/2014\/03\/TILT-44-07-08-1987.jpg 480w, https:\/\/www.auditsi.eu\/wp-content\/uploads\/2014\/03\/TILT-44-07-08-1987-228x300.jpg 228w\" sizes=\"auto, (max-width: 450px) 100vw, 450px\" \/><\/a><p id=\"caption-attachment-5242\" class=\"wp-caption-text\">Couverture du TILT n\u00b0 44 (juillet-ao\u00fbt 1987)<\/p><\/div>\n<p style=\"text-align: justify;\">Certaines publicit\u00e9s sont vraiment tape \u00e0 l&#8217;oeil, \u00e0 l&#8217;image des campagnes du constructeur d&#8217;ordinateurs IPC&#8230; sur quatre pages, la premi\u00e8re retenant autant l&#8217;attention que la devanture all\u00e9chante d&#8217;une p\u00e2tisserie.<\/p>\n<div id=\"attachment_4667\" style=\"width: 454px\" class=\"wp-caption aligncenter\"><a href=\"https:\/\/www.auditsi.eu\/wp-content\/uploads\/2014\/03\/Publicit\u00e9-Votre-IPC-sous-48h-1994.jpg\"><img loading=\"lazy\" decoding=\"async\" aria-describedby=\"caption-attachment-4667\" class=\"size-full wp-image-4667\" src=\"https:\/\/www.auditsi.eu\/wp-content\/uploads\/2014\/03\/Publicit\u00e9-Votre-IPC-sous-48h-1994.jpg\" alt=\"Extrait de la publicit\u00e9 'N'attendez pas pour vous faire plaisir : votre IPC livr\u00e9 sous 48 heures&quot; (1994) : le grand d\u00e9ballage\" width=\"444\" height=\"640\" srcset=\"https:\/\/www.auditsi.eu\/wp-content\/uploads\/2014\/03\/Publicit\u00e9-Votre-IPC-sous-48h-1994.jpg 444w, https:\/\/www.auditsi.eu\/wp-content\/uploads\/2014\/03\/Publicit\u00e9-Votre-IPC-sous-48h-1994-208x300.jpg 208w\" sizes=\"auto, (max-width: 444px) 100vw, 444px\" \/><\/a><p id=\"caption-attachment-4667\" class=\"wp-caption-text\">Extrait de la publicit\u00e9 &#8216;N&#8217;attendez pas pour vous faire plaisir : votre IPC livr\u00e9 sous 48 heures&#8221; (1994) : le grand d\u00e9ballage<\/p><\/div>\n<p style=\"text-align: justify;\">Les publicit\u00e9s pour les jeux vid\u00e9o ainsi que les illustrations des contenus r\u00e9dactionnels des magazines consacr\u00e9s \u00e0 la programmation \u00e9taient eux aussi \u00e9vocateurs&#8230;<\/p>\n<div id=\"attachment_5244\" style=\"width: 460px\" class=\"wp-caption aligncenter\"><a href=\"https:\/\/www.auditsi.eu\/wp-content\/uploads\/2014\/03\/Super-Pinball-Magic-AMSTRAD-GX4000-CPC+.jpg\"><img loading=\"lazy\" decoding=\"async\" aria-describedby=\"caption-attachment-5244\" class=\" wp-image-5244\" src=\"https:\/\/www.auditsi.eu\/wp-content\/uploads\/2014\/03\/Super-Pinball-Magic-AMSTRAD-GX4000-CPC+.jpg\" alt=\"Jaquette du simulateur de flipper Super Pinball Magic pour console AMSTRAD GX4000 et ordinateurs CPC+ 464\/6128 (Loriciel, 1991)\" width=\"450\" height=\"355\" srcset=\"https:\/\/www.auditsi.eu\/wp-content\/uploads\/2014\/03\/Super-Pinball-Magic-AMSTRAD-GX4000-CPC+.jpg 506w, https:\/\/www.auditsi.eu\/wp-content\/uploads\/2014\/03\/Super-Pinball-Magic-AMSTRAD-GX4000-CPC+-300x236.jpg 300w\" sizes=\"auto, (max-width: 450px) 100vw, 450px\" \/><\/a><p id=\"caption-attachment-5244\" class=\"wp-caption-text\">Jaquette du simulateur de flipper Super Pinball Magic pour console AMSTRAD GX4000 et ordinateurs CPC+ 464\/6128 (Loriciel, 1991)<\/p><\/div>\n<p style=\"text-align: justify;\">Les informaticiens sont, rappelons-le, r\u00e9put\u00e9s friands de belles blondes plantureuses au m\u00eame titre que les camionneurs ou les m\u00e9canos&#8230; enferm\u00e9s devant leur \u00e9cran 24\/24h, d\u00e9voreurs de pizza inv\u00e9t\u00e9r\u00e9s&#8230; Seraient-ils guid\u00e9s uniquement par leur libido ? Fantasme de publicitaires sans doute&#8230;<\/p>\n<p style=\"text-align: justify;\">De nos jours, le sexisme sous toutes ses formes est combattu et l&#8217;image de la femme dans les m\u00e9dia d\u00e9fendue. Les publicitaires s&#8217;adaptent. Autres temps, autres moeurs&#8230; Et pourtant, on notera quelques r\u00e9sistances comme les campagnes de communication successives de WinDev qui sont de la m\u00eame veine depuis de nombreuses ann\u00e9es (sauf curieusement \u00e0 la t\u00e9l\u00e9vision&#8230; o\u00f9 les attraits f\u00e9minins ont disparu) : &#8220;concentrez-vous sur les besoins m\u00e9tier&#8221; !<\/p>\n<div id=\"attachment_4668\" style=\"width: 455px\" class=\"wp-caption aligncenter\"><a href=\"https:\/\/www.auditsi.eu\/wp-content\/uploads\/2014\/03\/Publicit\u00e9-WinDev-16-2011.jpg\"><img loading=\"lazy\" decoding=\"async\" aria-describedby=\"caption-attachment-4668\" class=\"size-full wp-image-4668\" src=\"https:\/\/www.auditsi.eu\/wp-content\/uploads\/2014\/03\/Publicit\u00e9-WinDev-16-2011.jpg\" alt=\"Publicit\u00e9 WinDev 16 (2011) : que de promesses !\" width=\"445\" height=\"640\" srcset=\"https:\/\/www.auditsi.eu\/wp-content\/uploads\/2014\/03\/Publicit\u00e9-WinDev-16-2011.jpg 445w, https:\/\/www.auditsi.eu\/wp-content\/uploads\/2014\/03\/Publicit\u00e9-WinDev-16-2011-208x300.jpg 208w\" sizes=\"auto, (max-width: 445px) 100vw, 445px\" \/><\/a><p id=\"caption-attachment-4668\" class=\"wp-caption-text\">Publicit\u00e9 WinDev 16 (2011) : que de promesses !<\/p><\/div>\n<p style=\"text-align: justify;\">Et pour finir, un entrefilet des plus funestes publi\u00e9 dans le journal le Gaulois du 21 novembre 1868 :<\/p>\n<p><img loading=\"lazy\" decoding=\"async\" class=\"aligncenter size-full wp-image-12088\" src=\"https:\/\/www.auditsi.eu\/wp-content\/uploads\/2023\/11\/Accident-couvreur-Gaulois-du-21-novembre-1868.png\" alt=\"Accident couvreur Gaulois du 21 novembre 1868\" width=\"405\" height=\"260\" srcset=\"https:\/\/www.auditsi.eu\/wp-content\/uploads\/2023\/11\/Accident-couvreur-Gaulois-du-21-novembre-1868.png 405w, https:\/\/www.auditsi.eu\/wp-content\/uploads\/2023\/11\/Accident-couvreur-Gaulois-du-21-novembre-1868-300x193.png 300w\" sizes=\"auto, (max-width: 405px) 100vw, 405px\" \/><\/p>\n<p style=\"text-align: justify;\">Tout est bien qui finit bien&#8230; Pour une fois les informaticiens n&#8217;y sont pour rien !<\/p>\n<p>S\u00e9lection d\u2019articles sur le sujet :<\/p>\n<ul>\n<li>Lubrique \u00e0 brac, TILT n\u00b0 56 (juillet-ao\u00fbt 1988), p. 90 : tout le monde en a entendu parler, tout le monde dit en avoir vu, c&#8217;est si facile de pr\u00e9tendre correspondre avec des fili\u00e8res hautement clandestines : bref les logiciels roses, \u00e9rotiques existent, m\u00eame s&#8217;ils ne sont pas diffus\u00e9s dans les boutiques. Nous nous devions de mettre \u00e0 nu ce pan de la logith\u00e8que des micros. Sans fausse pudeur, nous avons vu une bonne part de ce qui circule sous le manteau. Ce qui est d\u00e9voil\u00e9 ne m\u00e9rite pas toujours la r\u00e9putation sulfureuse qui l&#8217;entoure. Un challenge hors norme pour un num\u00e9ro estival&#8230;<\/li>\n<li>Moi Jane, Toi Micro !, TILT n\u00b0 56 (juillet-ao\u00fbt 1988), p. 94&nbsp;: princesses enferm\u00e9es dans des donjons ou belles qui se donnent au plus fort, corps f\u00e9minin d\u00e9voil\u00e9 pour vanter un nouvel ordinateur, la lib\u00e9ration de la femme ne semble pas avoir atteint le petit monde de la micro. Qu&#8217;en est-il r\u00e9ellement ? Nathalie Meistermann enqu\u00eate&#8230;<\/li>\n<\/ul>\n<p style=\"text-align: justify;\">Approfondir le sujet :<br \/>\n<a title=\"L'informatique des ann\u00e9es 80\" href=\"http:\/\/www.auditsi.eu\/?page_id=2119\">L\u2019informatique des ann\u00e9es 80<\/a> \/ <a title=\"Ma collection\" href=\"http:\/\/www.auditsi.eu\/?page_id=1983\">Ma collection<\/a> \/ <a title=\"Ma documentation\" href=\"http:\/\/www.auditsi.eu\/?page_id=3930\">Ma documentation<\/a> \/ <a title=\"Quelques id\u00e9es de lecture pour en savoir plus\" href=\"http:\/\/www.auditsi.eu\/?page_id=4631\">Quelques id\u00e9es de lecture<\/a><\/p>\n<div id=\"sconnect-is-installed\" style=\"display: none;\">2.13.0.0<\/div>\n<div style=\"padding-bottom:20px; padding-top:10px;\" class=\"hupso-share-buttons\"><!-- Hupso Share Buttons - https:\/\/www.hupso.com\/share\/ --><a class=\"hupso_counters\" href=\"https:\/\/www.hupso.com\/share\/\"><img decoding=\"async\" src=\"https:\/\/static.hupso.com\/share\/buttons\/lang\/fr\/share-small.png\" style=\"border:0px; padding-top:2px; float:left;\" alt=\"Share Button\"\/><\/a><script type=\"text\/javascript\">var hupso_services_c=new Array(\"twitter\",\"facebook_like\",\"facebook_send\",\"email\",\"print\",\"linkedin\");var hupso_counters_lang = \"fr_FR\";var hupso_image_folder_url = \"\";var hupso_twitter_via=\"BenoitRiviere14\";var hupso_url_c=\"\";var hupso_title_c=\"L%27image%20de%20la%20femme\";<\/script><script type=\"text\/javascript\" src=\"https:\/\/static.hupso.com\/share\/js\/counters.js\"><\/script><!-- Hupso Share Buttons --><\/div>","protected":false},"excerpt":{"rendered":"<p>L&#8217;image de la femme a souvent servi d&#8217;argument de vente. Dans les ann\u00e9es 80, les publicitaires n&#8217;h\u00e9sitaient pas, avec plus ou moins d&#8217;\u00e9l\u00e9gance, \u00e0 utiliser la femme pour vanter les m\u00e9rites de toute sorte de produits y compris des ordinateurs&#8230; et vendre du soft comme du hard (sans jeu de mot) ! Sur cette publicit\u00e9 &#8230;<\/p>\n<p><a href=\"https:\/\/www.auditsi.eu\/?page_id=4638\" class=\"more-link\">Continue reading &lsquo;L&#8217;image de la femme&rsquo; &raquo;<\/a><\/p>\n<div style=\"padding-bottom:20px; padding-top:10px;\" class=\"hupso-share-buttons\"><!-- Hupso Share Buttons - https:\/\/www.hupso.com\/share\/ --><a class=\"hupso_counters\" href=\"https:\/\/www.hupso.com\/share\/\"><img src=\"https:\/\/static.hupso.com\/share\/buttons\/lang\/fr\/share-small.png\" style=\"border:0px; padding-top:2px; float:left;\" alt=\"Share Button\"\/><\/a><script type=\"text\/javascript\">var hupso_services_c=new Array(\"twitter\",\"facebook_like\",\"facebook_send\",\"email\",\"print\",\"linkedin\");var hupso_counters_lang = \"fr_FR\";var hupso_image_folder_url = \"\";var hupso_twitter_via=\"BenoitRiviere14\";var hupso_url_c=\"\";var hupso_title_c=\"L%27image%20de%20la%20femme\";<\/script><script type=\"text\/javascript\" src=\"https:\/\/static.hupso.com\/share\/js\/counters.js\"><\/script><!-- Hupso Share Buttons --><\/div>","protected":false},"author":1,"featured_media":0,"parent":0,"menu_order":0,"comment_status":"open","ping_status":"open","template":"","meta":{"advanced_seo_description":"","jetpack_seo_html_title":"","jetpack_seo_noindex":false,"ngg_post_thumbnail":0,"footnotes":"","_links_to":"","_links_to_target":""},"class_list":["post-4638","page","type-page","status-publish","hentry"],"jetpack_sharing_enabled":true,"jetpack_likes_enabled":false,"_links":{"self":[{"href":"https:\/\/www.auditsi.eu\/index.php?rest_route=\/wp\/v2\/pages\/4638","targetHints":{"allow":["GET"]}}],"collection":[{"href":"https:\/\/www.auditsi.eu\/index.php?rest_route=\/wp\/v2\/pages"}],"about":[{"href":"https:\/\/www.auditsi.eu\/index.php?rest_route=\/wp\/v2\/types\/page"}],"author":[{"embeddable":true,"href":"https:\/\/www.auditsi.eu\/index.php?rest_route=\/wp\/v2\/users\/1"}],"replies":[{"embeddable":true,"href":"https:\/\/www.auditsi.eu\/index.php?rest_route=%2Fwp%2Fv2%2Fcomments&post=4638"}],"version-history":[{"count":22,"href":"https:\/\/www.auditsi.eu\/index.php?rest_route=\/wp\/v2\/pages\/4638\/revisions"}],"predecessor-version":[{"id":4661,"href":"https:\/\/www.auditsi.eu\/index.php?rest_route=\/wp\/v2\/pages\/4638\/revisions\/4661"}],"wp:attachment":[{"href":"https:\/\/www.auditsi.eu\/index.php?rest_route=%2Fwp%2Fv2%2Fmedia&parent=4638"}],"curies":[{"name":"wp","href":"https:\/\/api.w.org\/{rel}","templated":true}]}}