{"id":4595,"date":"2014-02-22T17:24:34","date_gmt":"2014-02-22T15:24:34","guid":{"rendered":"http:\/\/www.auditsi.eu\/?page_id=4595"},"modified":"2014-02-22T17:24:34","modified_gmt":"2014-02-22T15:24:34","slug":"disquettes-3-pouces-le-talon-dachille-du-cpc","status":"publish","type":"page","link":"https:\/\/www.auditsi.eu\/?page_id=4595","title":{"rendered":"Disquettes 3 pouces, le talon d&#8217;achille du CPC"},"content":{"rendered":"<p style=\"text-align: justify;\">Si <a title=\"AMSTRAD : la marque phare de l\u2019informatique bon march\u00e9\" href=\"http:\/\/www.auditsi.eu\/?page_id=2543\">AMSTRAD<\/a> a opportun\u00e9ment conquis le march\u00e9 de l\u2019informatique familiale au milieu des ann\u00e9es 80 en faisant preuve d\u2019innovation, il lui a souvent \u00e9t\u00e9 reproch\u00e9 le choix surprenant du format de ses disquettes : 3 pouces, l\u00e0 o\u00f9 la concurrence avait d\u00e9j\u00e0 fait du 3 pouces et demi un standard.<\/p>\n<div id=\"attachment_2129\" style=\"width: 458px\" class=\"wp-caption aligncenter\"><a href=\"https:\/\/www.auditsi.eu\/wp-content\/uploads\/2012\/10\/DSCN6459.jpg\"><img loading=\"lazy\" decoding=\"async\" aria-describedby=\"caption-attachment-2129\" class=\"size-full wp-image-2129\" alt=\"Disquette 3&quot; et disquette 3&quot;1\/2 : deux formats aux destins bien diff\u00e9rents\" src=\"https:\/\/www.auditsi.eu\/wp-content\/uploads\/2012\/10\/DSCN6459.jpg\" width=\"448\" height=\"267\" srcset=\"https:\/\/www.auditsi.eu\/wp-content\/uploads\/2012\/10\/DSCN6459.jpg 448w, https:\/\/www.auditsi.eu\/wp-content\/uploads\/2012\/10\/DSCN6459-300x178.jpg 300w\" sizes=\"auto, (max-width: 448px) 100vw, 448px\" \/><\/a><p id=\"caption-attachment-2129\" class=\"wp-caption-text\">Disquette 3&#8243; et disquette 3&#8243;1\/2 : deux formats aux destins bien diff\u00e9rents<\/p><\/div>\n<p style=\"text-align: justify;\">Rares et ch\u00e8res, voil\u00e0 ce qui caract\u00e9rise les disquettes 3 pouces, de sorte que de nombreux utilisateurs et entreprises ont propos\u00e9 des alternatives \u00e0 base de lecteurs 5 pouces \u00bc ou 3 pouces et demi.<\/p>\n<div id=\"attachment_3346\" style=\"width: 490px\" class=\"wp-caption aligncenter\"><a href=\"https:\/\/www.auditsi.eu\/wp-content\/uploads\/2012\/11\/SVM-29-AMSTRAD-DISQUETTES.jpg\"><img loading=\"lazy\" decoding=\"async\" aria-describedby=\"caption-attachment-3346\" class=\"size-full wp-image-3346\" alt=\"AMSTRAD : le demi-pouce manquant : le choix du format de disquette 3 pouces d'Amstrad se r\u00e9v\u00e9lera rapidement un inconv\u00e9nient pour l'utilisateur du fait de sa raret\u00e9 (Science &amp; Vie Micro n\u00b0 29, juin 1986, p. 20)\" src=\"https:\/\/www.auditsi.eu\/wp-content\/uploads\/2012\/11\/SVM-29-AMSTRAD-DISQUETTES.jpg\" width=\"480\" height=\"626\" srcset=\"https:\/\/www.auditsi.eu\/wp-content\/uploads\/2012\/11\/SVM-29-AMSTRAD-DISQUETTES.jpg 480w, https:\/\/www.auditsi.eu\/wp-content\/uploads\/2012\/11\/SVM-29-AMSTRAD-DISQUETTES-230x300.jpg 230w\" sizes=\"auto, (max-width: 480px) 100vw, 480px\" \/><\/a><p id=\"caption-attachment-3346\" class=\"wp-caption-text\">AMSTRAD : le demi-pouce manquant : le choix du format de disquette 3 pouces d&#8217;Amstrad se r\u00e9v\u00e9lera rapidement un inconv\u00e9nient pour l&#8217;utilisateur du fait de sa raret\u00e9 (Science &amp; Vie Micro n\u00b0 29, juin 1986, p. 20)<\/p><\/div>\n<p><em>Les photos d\u2019illustration sont issues de ma <a title=\"Ma collection\" href=\"http:\/\/www.auditsi.eu\/?page_id=1983\">collection personnelle<\/a>.<\/em><\/p>\n<p>S\u00e9lection d\u2019articles sur le sujet :<\/p>\n<ul>\n<li>Mettez les pouces : lecteur 5 pouces 1\/4 pour CPC 6128, Micro Mag n\u00b0 12 (mai 1990), p. 31 : adapter un lecteur 5&#8243; 1\/4 sur un Amstrad CPC.<\/li>\n<\/ul>\n<p>Approfondir le sujet :<br \/>\n<a title=\"L'informatique des ann\u00e9es 80\" href=\"http:\/\/www.auditsi.eu\/?page_id=2119\">L\u2019informatique des ann\u00e9es 80<\/a> \/ <a title=\"Ma collection\" href=\"http:\/\/www.auditsi.eu\/?page_id=1983\">Ma collection<\/a> \/ <a title=\"Ma documentation\" href=\"http:\/\/www.auditsi.eu\/?page_id=3930\">Ma documentation<\/a><\/p>\n<div style=\"padding-bottom:20px; padding-top:10px;\" class=\"hupso-share-buttons\"><!-- Hupso Share Buttons - https:\/\/www.hupso.com\/share\/ --><a class=\"hupso_counters\" href=\"https:\/\/www.hupso.com\/share\/\"><img decoding=\"async\" src=\"https:\/\/static.hupso.com\/share\/buttons\/lang\/fr\/share-small.png\" style=\"border:0px; padding-top:2px; float:left;\" alt=\"Share Button\"\/><\/a><script type=\"text\/javascript\">var hupso_services_c=new Array(\"twitter\",\"facebook_like\",\"facebook_send\",\"email\",\"print\",\"linkedin\");var hupso_counters_lang = \"fr_FR\";var hupso_image_folder_url = \"\";var hupso_twitter_via=\"BenoitRiviere14\";var hupso_url_c=\"\";var hupso_title_c=\"Disquettes%203%20pouces%2C%20le%20talon%20d%27achille%20du%20CPC\";<\/script><script type=\"text\/javascript\" src=\"https:\/\/static.hupso.com\/share\/js\/counters.js\"><\/script><!-- Hupso Share Buttons --><\/div>","protected":false},"excerpt":{"rendered":"<p>Si AMSTRAD a opportun\u00e9ment conquis le march\u00e9 de l\u2019informatique familiale au milieu des ann\u00e9es 80 en faisant preuve d\u2019innovation, il lui a souvent \u00e9t\u00e9 reproch\u00e9 le choix surprenant du format de ses disquettes : 3 pouces, l\u00e0 o\u00f9 la concurrence avait d\u00e9j\u00e0 fait du 3 pouces et demi un standard. Rares et ch\u00e8res, voil\u00e0 ce &#8230;<\/p>\n<p><a href=\"https:\/\/www.auditsi.eu\/?page_id=4595\" class=\"more-link\">Continue reading &lsquo;Disquettes 3 pouces, le talon d&#8217;achille du CPC&rsquo; &raquo;<\/a><\/p>\n<div style=\"padding-bottom:20px; padding-top:10px;\" class=\"hupso-share-buttons\"><!-- Hupso Share Buttons - https:\/\/www.hupso.com\/share\/ --><a class=\"hupso_counters\" href=\"https:\/\/www.hupso.com\/share\/\"><img src=\"https:\/\/static.hupso.com\/share\/buttons\/lang\/fr\/share-small.png\" style=\"border:0px; padding-top:2px; float:left;\" alt=\"Share Button\"\/><\/a><script type=\"text\/javascript\">var hupso_services_c=new Array(\"twitter\",\"facebook_like\",\"facebook_send\",\"email\",\"print\",\"linkedin\");var hupso_counters_lang = \"fr_FR\";var hupso_image_folder_url = \"\";var hupso_twitter_via=\"BenoitRiviere14\";var hupso_url_c=\"\";var hupso_title_c=\"Disquettes%203%20pouces%2C%20le%20talon%20d%27achille%20du%20CPC\";<\/script><script type=\"text\/javascript\" src=\"https:\/\/static.hupso.com\/share\/js\/counters.js\"><\/script><!-- Hupso Share Buttons --><\/div>","protected":false},"author":1,"featured_media":0,"parent":0,"menu_order":0,"comment_status":"open","ping_status":"open","template":"","meta":{"advanced_seo_description":"","jetpack_seo_html_title":"","jetpack_seo_noindex":false,"ngg_post_thumbnail":0,"footnotes":"","_links_to":"","_links_to_target":""},"class_list":["post-4595","page","type-page","status-publish","hentry"],"jetpack_sharing_enabled":true,"jetpack_likes_enabled":false,"_links":{"self":[{"href":"https:\/\/www.auditsi.eu\/index.php?rest_route=\/wp\/v2\/pages\/4595","targetHints":{"allow":["GET"]}}],"collection":[{"href":"https:\/\/www.auditsi.eu\/index.php?rest_route=\/wp\/v2\/pages"}],"about":[{"href":"https:\/\/www.auditsi.eu\/index.php?rest_route=\/wp\/v2\/types\/page"}],"author":[{"embeddable":true,"href":"https:\/\/www.auditsi.eu\/index.php?rest_route=\/wp\/v2\/users\/1"}],"replies":[{"embeddable":true,"href":"https:\/\/www.auditsi.eu\/index.php?rest_route=%2Fwp%2Fv2%2Fcomments&post=4595"}],"version-history":[{"count":3,"href":"https:\/\/www.auditsi.eu\/index.php?rest_route=\/wp\/v2\/pages\/4595\/revisions"}],"predecessor-version":[{"id":4604,"href":"https:\/\/www.auditsi.eu\/index.php?rest_route=\/wp\/v2\/pages\/4595\/revisions\/4604"}],"wp:attachment":[{"href":"https:\/\/www.auditsi.eu\/index.php?rest_route=%2Fwp%2Fv2%2Fmedia&parent=4595"}],"curies":[{"name":"wp","href":"https:\/\/api.w.org\/{rel}","templated":true}]}}