{"id":459,"date":"2010-12-13T14:07:58","date_gmt":"2010-12-13T12:07:58","guid":{"rendered":"http:\/\/www.auditsi.eu\/?page_id=459"},"modified":"2013-12-19T11:36:24","modified_gmt":"2013-12-19T09:36:24","slug":"memoire-dexpertise-comptable","status":"publish","type":"page","link":"https:\/\/www.auditsi.eu\/?page_id=459","title":{"rendered":"M\u00e9moire d\u2019expertise-comptable"},"content":{"rendered":"<p style=\"text-align: justify;\">J&#8217;ai \u00e9crit mon m\u00e9moire en vue d&#8217;obtenir le dipl\u00f4me d&#8217;expertise-comptable sur le sujet &#8220;EXTRACTION ET EXPLOITATION DES DONNEES DU SYSTEME D\u2019INFORMATION DANS LE CADRE DU COMMISSARIAT AUX COMPTES : METHODOLOGIE &amp; OUTILS&#8221;. La note de synth\u00e8se de mon m\u00e9moire est reproduite ci-apr\u00e8s.<\/p>\n<p style=\"text-align: justify;\">Si vous souhaitez obtenir un exemplaire de mon m\u00e9moire, <strong>vous pouvez le<\/strong> <a href=\"http:\/\/www.auditsi.eu\/?page_id=468\" target=\"_self\"><span style=\"text-decoration: underline;\">t\u00e9l\u00e9charger gratuitement<\/span><\/a> <strong>apr\u00e8s obtention de vos identifiants \u00e0 demander \u00e0 l&#8217;aide du formulaire <span style=\"text-decoration: underline;\"><span style=\"color: #3366ff;\"><a title=\"Formulaire contact : envoyer un message \u00e0 Beno\u00eet RIVIERE\" href=\"http:\/\/www.auditsi.eu\/?page_id=49\"><span style=\"color: #3366ff; text-decoration: underline;\">Contact<\/span><\/a><\/span><\/span><\/strong>. Il est \u00e9galement possible de l&#8217;acqu\u00e9rir sur le site de <a title=\"Fiche m\u00e9moire de Beno\u00eet RIVIERE sur le site de Bibliotique (site externe)\" href=\"http:\/\/www.bibliobaseonline.com\/notice.php?NUMERO=98188\" target=\"_blank\"><span style=\"text-decoration: underline;\">bibliotique<\/span><\/a>.<\/p>\n<p style=\"text-align: justify;\">Ce m\u00e9moire est largement bas\u00e9 sur mon exp\u00e9rience dans les techniques d&#8217;audit de donn\u00e9es et notamment sur l&#8217;usage du tableur EXCEL et du langage de requ\u00eates SQL. Depuis, j&#8217;ai mis en oeuvre toutes ces techniques, \u00e9tendu mes comp\u00e9tences avec l&#8217;usage du langage VBA, toujours avec la m\u00eame optique : automatiser au maximum les traitements, gagner du temps et traiter les informations qui ressortent en anomalies&#8230; A partir de ces travaux de recherche et d&#8217;exp\u00e9rimentations, j&#8217;ai r\u00e9alis\u00e9 plusieurs applications informatiques (<a title=\"Voir mes r\u00e9alisations\" href=\"http:\/\/www.auditsi.eu\/?page_id=1355\">Voir mes r\u00e9alisations<\/a>).<\/p>\n<p style=\"text-align: justify;\"><strong><span style=\"text-decoration: underline;\">Note de synth\u00e8se<\/span><\/strong><\/p>\n<p style=\"text-align: justify;\">L\u2019information est partout. Elle est multifonction : elle favorise la prise de d\u00e9cision, elle est un vecteur de communication de l\u2019entreprise avec son environnement et un \u00e9l\u00e9ment de coh\u00e9sion interne. Sa valeur est inestimable tant son absence ou son alt\u00e9ration rend hypoth\u00e9tique la p\u00e9rennit\u00e9 de l\u2019entreprise et d\u00e9cr\u00e9dibilise cette derni\u00e8re aux yeux de ses partenaires. L\u2019information est une ressource incontournable dont l\u2019entreprise ma\u00eetrise la gestion \u00e0 l\u2019aide de son syst\u00e8me d\u2019information.<\/p>\n<p style=\"text-align: justify;\">Le syst\u00e8me d\u2019information suit un processus progressif d\u2019automatisation, d\u2019informatisation ; au point que le syst\u00e8me d\u2019information est devenu indissociable du syst\u00e8me informatique. L\u2019\u00e9volution des technologies a donn\u00e9 un v\u00e9ritable \u00e9lan \u00e0 la gestion de l\u2019information. L\u2019ensemble des activit\u00e9s administratives et op\u00e9rationnelles est concern\u00e9 par ce mouvement. La complexit\u00e9 du syst\u00e8me d\u2019information est en rapport avec les besoins en information de l\u2019entreprise. Les flux physiques et financiers sont traduits en flux comptables. La gestion commerciale, la gestion des stocks, la gestion de la production et bien d\u2019autres modules du syst\u00e8me informatique d\u00e9versent continuellement des flux d\u2019\u00e9critures comptables dans la comptabilit\u00e9 g\u00e9n\u00e9rale. Cette derni\u00e8re n\u2019est plus qu\u2019un sous-ensemble du syst\u00e8me d\u2019information.<\/p>\n<p style=\"text-align: justify;\">Les comptes annuels prennent leur source dans le syst\u00e8me d\u2019information. Dans le cadre de sa mission l\u00e9gale de certification des comptes, le commissaire aux comptes ne peut s\u2019arr\u00eater \u00e0 la r\u00e9vision des comptes. Il doit s\u2019int\u00e9resser \u00e0 la source de la comptabilit\u00e9 g\u00e9n\u00e9rale : le syst\u00e8me d\u2019information. Le commissaire aux comptes \u00e9value le contr\u00f4le interne, teste les proc\u00e9dures, s\u2019assure de la qualit\u00e9 du fonctionnement du syst\u00e8me d\u2019information. En fonction des points forts et points faibles relev\u00e9s, il ajuste son risque d\u2019audit. Il \u00e9tablit son plan de mission et r\u00e9dige son programme de travail. Au fur et \u00e0 mesure de l\u2019accomplissement de sa mission, les \u00e9l\u00e9ments probants sont recueillis.<\/p>\n<p style=\"text-align: justify;\">Afin d\u2019accro\u00eetre son champ d\u2019investigation, le commissaire aux comptes aura int\u00e9r\u00eat \u00e0 faire usage de l\u2019extraction de donn\u00e9es. L\u2019extraction de donn\u00e9es informatiques est un v\u00e9ritable outil compl\u00e9mentaire de collecte d\u2019\u00e9l\u00e9ments probants et de documentation des travaux effectu\u00e9s. Elle s\u2019adapte \u00e0 toutes les \u00e9tapes du processus de certification. Cet outil s\u2019ins\u00e8re dans la panoplie des techniques d\u2019audit de l\u2019auditeur pour peu que le cabinet ait repens\u00e9 ses m\u00e9thodes de travail. En effet, le commissaire aux comptes n\u2019est pas un sp\u00e9cialiste en informatique et m\u00eame s\u2019il ma\u00eetrise l\u2019analyse du fonctionnement g\u00e9n\u00e9ral du syst\u00e8me d\u2019information, il n\u2019en connait pas pour autant tous les arcanes de son informatisation.<\/p>\n<p style=\"text-align: justify;\">Le commissaire aux comptes et son \u00e9quipe ont besoin d\u2019une m\u00e9thodologie leur assurant la fiabilit\u00e9 des extractions et de m\u00e9thodes d\u2019exploitation des donn\u00e9es permettant de tirer profit des donn\u00e9es extraites. C\u2019est \u00e0 ce besoin que se propose de r\u00e9pondre ce m\u00e9moire.<\/p>\n<p style=\"text-align: justify;\">La m\u00e9thodologie propos\u00e9e suit un certain nombre d\u2019\u00e9tapes incontournables comme la mod\u00e9lisation du syst\u00e8me d\u2019information et la d\u00e9termination des champs de donn\u00e9es \u00e0 extraire, la formulation de la demande d\u2019extraction. La complexit\u00e9 du syst\u00e8me d\u2019information rencontr\u00e9e lors de la prise de connaissance et de l\u2019\u00e9valuation du contr\u00f4le interne, l\u2019auditeur la retrouve au moment de mod\u00e9liser le syst\u00e8me d\u2019information et de d\u00e9terminer les champs de donn\u00e9es \u00e0 extraire. L\u2019auditeur doit apprendre \u00e0 d\u00e9jouer les pi\u00e8ges qui ne manquent pas de se dresser et \u00e0 mettre en \u0153uvre des mesures de fiabilisation du processus de traitement des donn\u00e9es afin d\u2019\u00e9viter des erreurs d\u2019interpr\u00e9tation nuisibles \u00e0 la communication du commissaire aux comptes avec la soci\u00e9t\u00e9 audit\u00e9e. Une fois les donn\u00e9es demand\u00e9es obtenues, l\u2019auditeur op\u00e8re des contr\u00f4les et des retraitements sur les donn\u00e9es, de mani\u00e8re \u00e0 s\u2019assurer de l\u2019int\u00e9grit\u00e9 des donn\u00e9es obtenues et \u00e0 pr\u00e9parer leur exploitation. L\u2019auditeur dispose d\u2019une palette de logiciels (sp\u00e9cialis\u00e9s en analyse de donn\u00e9es ou g\u00e9n\u00e9ralistes) et de techniques (des plus simples aux plus \u00e9volu\u00e9es) permettant de retraiter les donn\u00e9es et de ressortir rapidement les exceptions \u00e0 des r\u00e8gles pr\u00e9d\u00e9finies, les anomalies. Il est possible de rapprocher des tables de donn\u00e9es entre elles, de synth\u00e9tiser des listes infinies de donn\u00e9es en un tableau de quelques lignes. Les extractions de donn\u00e9es et l\u2019exploitation qui en r\u00e9sulte accroissent la gamme de contr\u00f4les offerte \u00e0 l\u2019auditeur, la taille des \u00e9chantillons sond\u00e9s. Le suivi rigoureux de la m\u00e9thodologie expos\u00e9e et la ma\u00eetrise des techniques d\u2019exploitation des donn\u00e9es sont un gage de succ\u00e8s.<\/p>\n<p style=\"text-align: justify;\">Enfin, ce m\u00e9moire d\u00e9veloppe une dizaine des cas pratiques afin de mettre en application la m\u00e9thodologie propos\u00e9e et les diff\u00e9rentes techniques d\u2019exploitation des donn\u00e9es applicables \u00e0 l\u2019ensemble des phases de sa mission d\u2019audit. Ces cas, tr\u00e8s vari\u00e9s dans leurs domaines d\u2019application respectifs, seront \u00e0 adapter \u00e0 chaque cas particulier. Il ne restera plus au commissaire aux comptes qu\u2019\u00e0 analyser les r\u00e9sultats de l\u2019exploitation des donn\u00e9es, recueillir, le cas \u00e9ch\u00e9ant, des explications aupr\u00e8s de l\u2019entit\u00e9 audit\u00e9e et de tirer des conclusions avec \u00e9ventuellement une incidence sur la suite de la mission.<\/p>\n<p style=\"text-align: justify;\">Beno\u00eet-Ren\u00e9 RIVIERE<\/p>\n<div style=\"padding-bottom:20px; padding-top:10px;\" class=\"hupso-share-buttons\"><!-- Hupso Share Buttons - https:\/\/www.hupso.com\/share\/ --><a class=\"hupso_counters\" href=\"https:\/\/www.hupso.com\/share\/\"><img decoding=\"async\" src=\"https:\/\/static.hupso.com\/share\/buttons\/lang\/fr\/share-small.png\" style=\"border:0px; padding-top:2px; float:left;\" alt=\"Share Button\"\/><\/a><script type=\"text\/javascript\">var hupso_services_c=new Array(\"twitter\",\"facebook_like\",\"facebook_send\",\"email\",\"print\",\"linkedin\");var hupso_counters_lang = \"fr_FR\";var hupso_image_folder_url = \"\";var hupso_twitter_via=\"BenoitRiviere14\";var hupso_url_c=\"\";var hupso_title_c=\"M%C3%A9moire%20d%E2%80%99expertise-comptable\";<\/script><script type=\"text\/javascript\" src=\"https:\/\/static.hupso.com\/share\/js\/counters.js\"><\/script><!-- Hupso Share Buttons --><\/div>","protected":false},"excerpt":{"rendered":"<p>J&#8217;ai \u00e9crit mon m\u00e9moire en vue d&#8217;obtenir le dipl\u00f4me d&#8217;expertise-comptable sur le sujet &#8220;EXTRACTION ET EXPLOITATION DES DONNEES DU SYSTEME D\u2019INFORMATION DANS LE CADRE DU COMMISSARIAT AUX COMPTES : METHODOLOGIE &amp; OUTILS&#8221;. La note de synth\u00e8se de mon m\u00e9moire est reproduite ci-apr\u00e8s. Si vous souhaitez obtenir un exemplaire de mon m\u00e9moire, vous pouvez le t\u00e9l\u00e9charger &#8230;<\/p>\n<p><a href=\"https:\/\/www.auditsi.eu\/?page_id=459\" class=\"more-link\">Continue reading &lsquo;M\u00e9moire d\u2019expertise-comptable&rsquo; &raquo;<\/a><\/p>\n<div style=\"padding-bottom:20px; padding-top:10px;\" class=\"hupso-share-buttons\"><!-- Hupso Share Buttons - https:\/\/www.hupso.com\/share\/ --><a class=\"hupso_counters\" href=\"https:\/\/www.hupso.com\/share\/\"><img src=\"https:\/\/static.hupso.com\/share\/buttons\/lang\/fr\/share-small.png\" style=\"border:0px; padding-top:2px; float:left;\" alt=\"Share Button\"\/><\/a><script type=\"text\/javascript\">var hupso_services_c=new Array(\"twitter\",\"facebook_like\",\"facebook_send\",\"email\",\"print\",\"linkedin\");var hupso_counters_lang = \"fr_FR\";var hupso_image_folder_url = \"\";var hupso_twitter_via=\"BenoitRiviere14\";var hupso_url_c=\"\";var hupso_title_c=\"M%C3%A9moire%20d%E2%80%99expertise-comptable\";<\/script><script type=\"text\/javascript\" src=\"https:\/\/static.hupso.com\/share\/js\/counters.js\"><\/script><!-- Hupso Share Buttons --><\/div>","protected":false},"author":1,"featured_media":0,"parent":0,"menu_order":3,"comment_status":"closed","ping_status":"closed","template":"","meta":{"advanced_seo_description":"","jetpack_seo_html_title":"","jetpack_seo_noindex":false,"ngg_post_thumbnail":0,"footnotes":"","_links_to":"","_links_to_target":""},"class_list":["post-459","page","type-page","status-publish","hentry"],"jetpack_sharing_enabled":true,"jetpack_likes_enabled":false,"_links":{"self":[{"href":"https:\/\/www.auditsi.eu\/index.php?rest_route=\/wp\/v2\/pages\/459","targetHints":{"allow":["GET"]}}],"collection":[{"href":"https:\/\/www.auditsi.eu\/index.php?rest_route=\/wp\/v2\/pages"}],"about":[{"href":"https:\/\/www.auditsi.eu\/index.php?rest_route=\/wp\/v2\/types\/page"}],"author":[{"embeddable":true,"href":"https:\/\/www.auditsi.eu\/index.php?rest_route=\/wp\/v2\/users\/1"}],"replies":[{"embeddable":true,"href":"https:\/\/www.auditsi.eu\/index.php?rest_route=%2Fwp%2Fv2%2Fcomments&post=459"}],"version-history":[{"count":6,"href":"https:\/\/www.auditsi.eu\/index.php?rest_route=\/wp\/v2\/pages\/459\/revisions"}],"predecessor-version":[{"id":4261,"href":"https:\/\/www.auditsi.eu\/index.php?rest_route=\/wp\/v2\/pages\/459\/revisions\/4261"}],"wp:attachment":[{"href":"https:\/\/www.auditsi.eu\/index.php?rest_route=%2Fwp%2Fv2%2Fmedia&parent=459"}],"curies":[{"name":"wp","href":"https:\/\/api.w.org\/{rel}","templated":true}]}}