{"id":4507,"date":"2014-02-08T15:48:34","date_gmt":"2014-02-08T13:48:34","guid":{"rendered":"http:\/\/www.auditsi.eu\/?page_id=4507"},"modified":"2014-08-15T22:54:15","modified_gmt":"2014-08-15T20:54:15","slug":"mes-calculatrices","status":"publish","type":"page","link":"https:\/\/www.auditsi.eu\/?page_id=4507","title":{"rendered":"Mes machines \u00e0 calculer"},"content":{"rendered":"<p style=\"text-align: justify;\"><em><strong>De la machine \u00e0 calculer&#8230;<\/strong><\/em><\/p>\n<p style=\"text-align: justify;\">Avant que l&#8217;<a title=\"Les micro-processeurs envahissent notre quotidien\" href=\"http:\/\/www.auditsi.eu\/?page_id=3776\">\u00e9lectronique n&#8217;envahisse notre quotidien<\/a>, les calculs courants \u00e9taient effectu\u00e9s au moyen de machines \u00e0 calculer manuelles. Il en a exist\u00e9 de plusieurs sortes : le boulier, la r\u00e8gle \u00e0 calcul, la calculatrice \u00e0 crosses&#8230;<\/p>\n<div id=\"attachment_5079\" style=\"width: 428px\" class=\"wp-caption aligncenter\"><a href=\"https:\/\/www.auditsi.eu\/wp-content\/uploads\/2014\/02\/Pub-Addiator-SV1928-68.png\"><img loading=\"lazy\" decoding=\"async\" aria-describedby=\"caption-attachment-5079\" class=\" wp-image-5079\" src=\"https:\/\/www.auditsi.eu\/wp-content\/uploads\/2014\/02\/Pub-Addiator-SV1928-68.png\" alt=\"Publicit\u00e9 pour la machine \u00e0 calculer ADDIATOR (1928)\" width=\"418\" height=\"648\" srcset=\"https:\/\/www.auditsi.eu\/wp-content\/uploads\/2014\/02\/Pub-Addiator-SV1928-68.png 491w, https:\/\/www.auditsi.eu\/wp-content\/uploads\/2014\/02\/Pub-Addiator-SV1928-68-193x300.png 193w\" sizes=\"auto, (max-width: 418px) 100vw, 418px\" \/><\/a><p id=\"caption-attachment-5079\" class=\"wp-caption-text\">Publicit\u00e9 pour la machine \u00e0 calculer ADDIATOR (1928)<\/p><\/div>\n<p style=\"text-align: justify;\">La calculatrice (ou additionneuse) \u00e0 crosses a \u00e9t\u00e9 invent\u00e9e en 1847.<\/p>\n<div id=\"attachment_5236\" style=\"width: 484px\" class=\"wp-caption aligncenter\"><a href=\"https:\/\/www.auditsi.eu\/wp-content\/uploads\/2014\/02\/ARITHMOGRAPHE-TRONCET-INTERIEUR.png\"><img loading=\"lazy\" decoding=\"async\" aria-describedby=\"caption-attachment-5236\" class=\" wp-image-5236\" src=\"https:\/\/www.auditsi.eu\/wp-content\/uploads\/2014\/02\/ARITHMOGRAPHE-TRONCET-INTERIEUR.png\" alt=\"Vue de l'int\u00e9rieur de l'Arithmographe TRONCET (extrait du brevet d'invention de 1889)\" width=\"474\" height=\"688\" srcset=\"https:\/\/www.auditsi.eu\/wp-content\/uploads\/2014\/02\/ARITHMOGRAPHE-TRONCET-INTERIEUR.png 546w, https:\/\/www.auditsi.eu\/wp-content\/uploads\/2014\/02\/ARITHMOGRAPHE-TRONCET-INTERIEUR-206x300.png 206w\" sizes=\"auto, (max-width: 474px) 100vw, 474px\" \/><\/a><p id=\"caption-attachment-5236\" class=\"wp-caption-text\">Vue de l&#8217;int\u00e9rieur de l&#8217;Arithmographe TRONCET (extrait du brevet d&#8217;invention de 1889)<\/p><\/div>\n<p style=\"text-align: justify;\">Elle a suscit\u00e9 de nombreuses d\u00e9clinaisons dont la plus connue est l&#8217;ADDIATOR commercialis\u00e9e par la soci\u00e9t\u00e9 allemande du m\u00eame nom.<\/p>\n<p style=\"text-align: justify;\">Ces machines \u00e0 calculer m\u00e9caniques sont munies de r\u00e9glettes coulissantes qui permettent d&#8217;effectuer les op\u00e9rations de calcul \u00e9l\u00e9mentaires \u00e0 l&#8217;aide d&#8217;un stylet. Elles sont g\u00e9n\u00e9ralement plates et l\u00e9g\u00e8res et se pr\u00e9sentent sur deux faces : l&#8217;une pour les additions, l&#8217;autre pour les soustractions. Ces machines tirent leur nom de la forme particuli\u00e8re des tirettes (en forme de crosse). C&#8217;est d&#8217;ailleurs \u00e0 l&#8217;aide de cette crosse que la machine g\u00e8re &#8220;automatiquement&#8221; les retenues. Ces machines permettent, en outre, d&#8217;effectuer des multiplications et des divisions au prix de savantes manipulations.<\/p>\n<div id=\"attachment_5064\" style=\"width: 446px\" class=\"wp-caption aligncenter\"><a href=\"https:\/\/www.auditsi.eu\/wp-content\/uploads\/2014\/02\/DSCN0180.jpg\"><img loading=\"lazy\" decoding=\"async\" aria-describedby=\"caption-attachment-5064\" class=\" wp-image-5064\" src=\"https:\/\/www.auditsi.eu\/wp-content\/uploads\/2014\/02\/DSCN0180.jpg\" alt=\"Machine \u00e0 calculer MAXIMATOR (additions et soustractions)\" width=\"436\" height=\"666\" srcset=\"https:\/\/www.auditsi.eu\/wp-content\/uploads\/2014\/02\/DSCN0180.jpg 524w, https:\/\/www.auditsi.eu\/wp-content\/uploads\/2014\/02\/DSCN0180-196x300.jpg 196w\" sizes=\"auto, (max-width: 436px) 100vw, 436px\" \/><\/a><p id=\"caption-attachment-5064\" class=\"wp-caption-text\">Machine \u00e0 calculer MAXIMATOR (additions et soustractions)<\/p><\/div>\n<div id=\"attachment_5066\" style=\"width: 448px\" class=\"wp-caption aligncenter\"><a href=\"https:\/\/www.auditsi.eu\/wp-content\/uploads\/2014\/02\/DSCN0182.jpg\"><img loading=\"lazy\" decoding=\"async\" aria-describedby=\"caption-attachment-5066\" class=\" wp-image-5066\" src=\"https:\/\/www.auditsi.eu\/wp-content\/uploads\/2014\/02\/DSCN0182.jpg\" alt=\"Machine \u00e0 calculer ADDIATOR (additions, soustractions, multiplications et divisions)\" width=\"438\" height=\"677\" srcset=\"https:\/\/www.auditsi.eu\/wp-content\/uploads\/2014\/02\/DSCN0182.jpg 518w, https:\/\/www.auditsi.eu\/wp-content\/uploads\/2014\/02\/DSCN0182-194x300.jpg 194w\" sizes=\"auto, (max-width: 438px) 100vw, 438px\" \/><\/a><p id=\"caption-attachment-5066\" class=\"wp-caption-text\">Machine \u00e0 calculer ADDIATOR (additions, soustractions, multiplications et divisions)<\/p><\/div>\n<p style=\"text-align: justify;\">Pour apprendre \u00e0 manipuler une calculatrice \u00e0 crosses : <a title=\"Manipuler une calculatrice \u00e0 crosses\" href=\"http:\/\/www.auditsi.eu\/?page_id=5073\">c&#8217;est par ici<\/a> !<\/p>\n<div id=\"attachment_5077\" style=\"width: 448px\" class=\"wp-caption aligncenter\"><a href=\"https:\/\/www.auditsi.eu\/wp-content\/uploads\/2014\/02\/Publicit\u00e9-US-1972-ADDIATOR-ARITHMA.png\"><img loading=\"lazy\" decoding=\"async\" aria-describedby=\"caption-attachment-5077\" class=\" wp-image-5077\" src=\"https:\/\/www.auditsi.eu\/wp-content\/uploads\/2014\/02\/Publicit\u00e9-US-1972-ADDIATOR-ARITHMA.png\" alt=\"Publicit\u00e9 am\u00e9ricaine pour l'ADDIATOR ARITHMA (1972)\" width=\"438\" height=\"490\" \/><\/a><p id=\"caption-attachment-5077\" class=\"wp-caption-text\">Publicit\u00e9 am\u00e9ricaine pour l&#8217;ADDIATOR ARITHMA (1972)<\/p><\/div>\n<p style=\"text-align: justify;\">Surpass\u00e9es par les capacit\u00e9s de calcul et de m\u00e9morisation des calculatrices \u00e9lectroniques, la fabrication des machines \u00e0 calculer manuelles sera d\u00e9finitivement abandonn\u00e9 au d\u00e9but des ann\u00e9es 80 apr\u00e8s plus de cent ans de bons et loyaux services.<\/p>\n<div id=\"attachment_5262\" style=\"width: 472px\" class=\"wp-caption aligncenter\"><a href=\"https:\/\/www.auditsi.eu\/wp-content\/uploads\/2014\/02\/addiator2-1.jpg\"><img loading=\"lazy\" decoding=\"async\" aria-describedby=\"caption-attachment-5262\" class=\" wp-image-5262\" src=\"https:\/\/www.auditsi.eu\/wp-content\/uploads\/2014\/02\/addiator2-1.jpg\" alt=\"Machine \u00e0 calculer ADDIATOR \u00e0 double clavier fabriqu\u00e9e par les Etablissements &quot;Le Girondin&quot; \u00e0 Bordeaux\" width=\"462\" height=\"364\" \/><\/a><p id=\"caption-attachment-5262\" class=\"wp-caption-text\">Machine \u00e0 calculer ADDIATOR \u00e0 double clavier fabriqu\u00e9e par les Etablissements &#8220;Le Girondin&#8221; \u00e0 Bordeaux<\/p><\/div>\n<p style=\"text-align: justify;\">Approfondir le sujet des machines m\u00e9caniques :<\/p>\n<ul>\n<li>Page de <a title=\"Page de Claude SAULNIER sur les machines \u00e0 calculer\" href=\"http:\/\/www.retrordinateurs.com\/collection\/calculatrices-m%C3%A9caniques.cfm\" target=\"_blank\">Claude SAULNIER<\/a> sur les machines \u00e0 calculer,<\/li>\n<li>Page de l&#8217;<a title=\"Page de l'ANCMECA sur l'origine des machines \u00e0 calculer\" href=\"http:\/\/www.ancmeca.org\/?page_id=66\" target=\"_blank\">ANCMECA<\/a> retra\u00e7ant l&#8217;histoire de l&#8217;automatisation du calcul des origines aux premi\u00e8res machines \u00e0 calculer<\/li>\n<\/ul>\n<p style=\"text-align: justify;\"><strong><em>&#8230; A la calculatrice \u00e9lectronique<\/em><\/strong><\/p>\n<p style=\"text-align: justify;\">Rempla\u00e7antes des machines \u00e0 calculer manuelles et autres r\u00e8gles \u00e0 calculs \u00e0 la fin des ann\u00e9es 70 et alli\u00e9es incontournables des <a title=\"L\u2019expert-comptable, un mutant\" href=\"http:\/\/www.auditsi.eu\/?page_id=3952\">comptables<\/a>, les machines \u00e0 calculer \u00e9lectroniques (ou calculatrice) ont pleinement profit\u00e9 de la miniaturisation des composants dans les ann\u00e9es 70. Les plus \u00e9labor\u00e9es sont programmables \u00e0 l&#8217;image de la TI-58 de TEXAS INSTRUMENTS.<\/p>\n<div id=\"attachment_5202\" style=\"width: 488px\" class=\"wp-caption aligncenter\"><a href=\"https:\/\/www.auditsi.eu\/wp-content\/uploads\/2014\/02\/Pub-calculatrices-TI-59-TI-58-1979.jpg\"><img loading=\"lazy\" decoding=\"async\" aria-describedby=\"caption-attachment-5202\" class=\" wp-image-5202\" src=\"https:\/\/www.auditsi.eu\/wp-content\/uploads\/2014\/02\/Pub-calculatrices-TI-59-TI-58-1979.jpg\" alt=\"Publicit\u00e9 pour les calculatrices Texas Instruments TI-59 et TI-58 (1979)\" width=\"478\" height=\"765\" \/><\/a><p id=\"caption-attachment-5202\" class=\"wp-caption-text\">Publicit\u00e9 pour les calculatrices Texas Instruments TI-59 et TI-58 (1979)<\/p><\/div>\n<div id=\"attachment_4526\" style=\"width: 437px\" class=\"wp-caption aligncenter\"><a href=\"https:\/\/www.auditsi.eu\/wp-content\/uploads\/2012\/09\/DSCN9285.jpg\"><img loading=\"lazy\" decoding=\"async\" aria-describedby=\"caption-attachment-4526\" class=\"size-full wp-image-4526\" src=\"https:\/\/www.auditsi.eu\/wp-content\/uploads\/2012\/09\/DSCN9285.jpg\" alt=\"Merci \u00e0 TN14 (14) pour sa calculatrice programmable TI-58 de TEXAS INSTRUMENTS\" width=\"427\" height=\"640\" srcset=\"https:\/\/www.auditsi.eu\/wp-content\/uploads\/2012\/09\/DSCN9285.jpg 427w, https:\/\/www.auditsi.eu\/wp-content\/uploads\/2012\/09\/DSCN9285-200x300.jpg 200w\" sizes=\"auto, (max-width: 427px) 100vw, 427px\" \/><\/a><p id=\"caption-attachment-4526\" class=\"wp-caption-text\">Calculatrice programmable TI-58 de TEXAS INSTRUMENTS (1977) : m\u00e9moire volatile, 480 pas de programme<\/p><\/div>\n<p style=\"text-align: justify;\">Plusieurs technologies d&#8217;affichage ont exist\u00e9 : du LED de la TI-58 au LCD de la TI-30 LCD.<\/p>\n<div id=\"attachment_5055\" style=\"width: 442px\" class=\"wp-caption aligncenter\"><a href=\"https:\/\/www.auditsi.eu\/wp-content\/uploads\/2014\/02\/DSCN0185.jpg\"><img loading=\"lazy\" decoding=\"async\" aria-describedby=\"caption-attachment-5055\" class=\" wp-image-5055\" src=\"https:\/\/www.auditsi.eu\/wp-content\/uploads\/2014\/02\/DSCN0185.jpg\" alt=\"La calculatrice TI-30 LCD de TEXAS INSTRUMENTS (1980)\" width=\"432\" height=\"616\" srcset=\"https:\/\/www.auditsi.eu\/wp-content\/uploads\/2014\/02\/DSCN0185.jpg 449w, https:\/\/www.auditsi.eu\/wp-content\/uploads\/2014\/02\/DSCN0185-210x300.jpg 210w\" sizes=\"auto, (max-width: 432px) 100vw, 432px\" \/><\/a><p id=\"caption-attachment-5055\" class=\"wp-caption-text\">La calculatrice TI-30 LCD de TEXAS INSTRUMENTS (1980)<\/p><\/div>\n<p style=\"text-align: justify;\">Les calculatrices \u00e9lectroniques ont occup\u00e9 les poches et bureaux des comptables avant la d\u00e9mocratisation du <a title=\"La bureautique et les outils de gestion\" href=\"http:\/\/www.auditsi.eu\/?page_id=2402\">tableur<\/a>.<\/p>\n<div id=\"attachment_5085\" style=\"width: 442px\" class=\"wp-caption aligncenter\"><a href=\"https:\/\/www.auditsi.eu\/wp-content\/uploads\/2014\/02\/Pub-calculatrices-TI-1980.jpg\"><img loading=\"lazy\" decoding=\"async\" aria-describedby=\"caption-attachment-5085\" class=\" wp-image-5085\" src=\"https:\/\/www.auditsi.eu\/wp-content\/uploads\/2014\/02\/Pub-calculatrices-TI-1980.jpg\" alt=\"Publicit\u00e9 pour les calculatrices Texas Instruments (1980)\" width=\"432\" height=\"631\" srcset=\"https:\/\/www.auditsi.eu\/wp-content\/uploads\/2014\/02\/Pub-calculatrices-TI-1980.jpg 548w, https:\/\/www.auditsi.eu\/wp-content\/uploads\/2014\/02\/Pub-calculatrices-TI-1980-205x300.jpg 205w\" sizes=\"auto, (max-width: 432px) 100vw, 432px\" \/><\/a><p id=\"caption-attachment-5085\" class=\"wp-caption-text\">Publicit\u00e9 pour les calculatrices Texas Instruments (1980)<\/p><\/div>\n<div id=\"attachment_4532\" style=\"width: 477px\" class=\"wp-caption aligncenter\"><a href=\"https:\/\/www.auditsi.eu\/wp-content\/uploads\/2014\/02\/DSCN9290.jpg\"><img loading=\"lazy\" decoding=\"async\" aria-describedby=\"caption-attachment-4532\" class=\"size-full wp-image-4532\" src=\"https:\/\/www.auditsi.eu\/wp-content\/uploads\/2014\/02\/DSCN9290.jpg\" alt=\"Calculatrices : COMMODORE 776M (1974), TEXAS INSTRUMENTS TI-58 programmable (1977), CASIO CLASSPAD 300 avec tableur int\u00e9gr\u00e9 (2003), calculatrices diverses (convertisseur Franc\/Euro, solaire...)\" width=\"467\" height=\"453\" srcset=\"https:\/\/www.auditsi.eu\/wp-content\/uploads\/2014\/02\/DSCN9290.jpg 467w, https:\/\/www.auditsi.eu\/wp-content\/uploads\/2014\/02\/DSCN9290-300x291.jpg 300w\" sizes=\"auto, (max-width: 467px) 100vw, 467px\" \/><\/a><p id=\"caption-attachment-4532\" class=\"wp-caption-text\">Calculatrices : COMMODORE 776M (1974), TEXAS INSTRUMENTS TI-58 programmable (1977), CASIO CLASSPAD 300 avec tableur int\u00e9gr\u00e9 (2003), calculatrices diverses (convertisseur Franc\/Euro, solaire&#8230;)<\/p><\/div>\n<p style=\"text-align: justify;\">S\u00e9lection de documents sur le sujet :<\/p>\n<ul>\n<li>Instruction pour se servir de l&#8217;Arithmom\u00e8tre, machine \u00e0 calculer invent\u00e9e par M. THOMAS de Colmar (1884)<\/li>\n<li>Brevet d&#8217;invention de l&#8217;arithmographe (ou calculateur m\u00e9canique instantan\u00e9) accord\u00e9 \u00e0 M. Troncet en juin 1889<\/li>\n<li>Les calculatrices programmables : des ordinateurs pour toutes les poches, L&#8217;Ordinateur Individuel n\u00b0 7 (mai 1979), p. 21<\/li>\n<li>Les &#8220;programmables&#8221; disponibles en France de 250 ff \u00e0 4700 ff ttc, L&#8217;Ordinateur Individuel n\u00b0 7 (mai 1979), p. 26<\/li>\n<li>Le jeu des allumettes sur TI-57, L&#8217;Ordinateur Individuel n\u00b0 19 (juillet-ao\u00fbt 1980), p. 62<\/li>\n<\/ul>\n<p><em>Les photos d\u2019illustration sont issues de ma <a title=\"Ma collection\" href=\"http:\/\/www.auditsi.eu\/?page_id=1983\">collection personnelle<\/a>.<\/em><\/p>\n<p>Approfondir le sujet :<\/p>\n<p><a title=\"L'informatique des ann\u00e9es 80\" href=\"http:\/\/www.auditsi.eu\/?page_id=2119\">L\u2019informatique des ann\u00e9es 80<\/a> \/ <a title=\"Ma collection\" href=\"http:\/\/www.auditsi.eu\/?page_id=1983\">Ma collection<\/a> \/ <a title=\"Ma documentation\" href=\"http:\/\/www.auditsi.eu\/?page_id=3930\">Ma documentation<\/a> \/ <a title=\"Quelques id\u00e9es de lecture pour en savoir plus\" href=\"http:\/\/www.auditsi.eu\/?page_id=4631\">Quelques id\u00e9es de lecture<\/a><\/p>\n<div style=\"padding-bottom:20px; padding-top:10px;\" class=\"hupso-share-buttons\"><!-- Hupso Share Buttons - https:\/\/www.hupso.com\/share\/ --><a class=\"hupso_counters\" href=\"https:\/\/www.hupso.com\/share\/\"><img decoding=\"async\" src=\"https:\/\/static.hupso.com\/share\/buttons\/lang\/fr\/share-small.png\" style=\"border:0px; padding-top:2px; float:left;\" alt=\"Share Button\"\/><\/a><script type=\"text\/javascript\">var hupso_services_c=new Array(\"twitter\",\"facebook_like\",\"facebook_send\",\"email\",\"print\",\"linkedin\");var hupso_counters_lang = \"fr_FR\";var hupso_image_folder_url = \"\";var hupso_twitter_via=\"BenoitRiviere14\";var hupso_url_c=\"\";var hupso_title_c=\"Mes%20machines%20%C3%A0%20calculer\";<\/script><script type=\"text\/javascript\" src=\"https:\/\/static.hupso.com\/share\/js\/counters.js\"><\/script><!-- Hupso Share Buttons --><\/div>","protected":false},"excerpt":{"rendered":"<p>De la machine \u00e0 calculer&#8230; Avant que l&#8217;\u00e9lectronique n&#8217;envahisse notre quotidien, les calculs courants \u00e9taient effectu\u00e9s au moyen de machines \u00e0 calculer manuelles. Il en a exist\u00e9 de plusieurs sortes : le boulier, la r\u00e8gle \u00e0 calcul, la calculatrice \u00e0 crosses&#8230; La calculatrice (ou additionneuse) \u00e0 crosses a \u00e9t\u00e9 invent\u00e9e en 1847. Elle a suscit\u00e9 &#8230;<\/p>\n<p><a href=\"https:\/\/www.auditsi.eu\/?page_id=4507\" class=\"more-link\">Continue reading &lsquo;Mes machines \u00e0 calculer&rsquo; &raquo;<\/a><\/p>\n<div style=\"padding-bottom:20px; padding-top:10px;\" class=\"hupso-share-buttons\"><!-- Hupso Share Buttons - https:\/\/www.hupso.com\/share\/ --><a class=\"hupso_counters\" href=\"https:\/\/www.hupso.com\/share\/\"><img src=\"https:\/\/static.hupso.com\/share\/buttons\/lang\/fr\/share-small.png\" style=\"border:0px; padding-top:2px; float:left;\" alt=\"Share Button\"\/><\/a><script type=\"text\/javascript\">var hupso_services_c=new Array(\"twitter\",\"facebook_like\",\"facebook_send\",\"email\",\"print\",\"linkedin\");var hupso_counters_lang = \"fr_FR\";var hupso_image_folder_url = \"\";var hupso_twitter_via=\"BenoitRiviere14\";var hupso_url_c=\"\";var hupso_title_c=\"Mes%20machines%20%C3%A0%20calculer\";<\/script><script type=\"text\/javascript\" src=\"https:\/\/static.hupso.com\/share\/js\/counters.js\"><\/script><!-- Hupso Share Buttons --><\/div>","protected":false},"author":1,"featured_media":0,"parent":0,"menu_order":0,"comment_status":"open","ping_status":"open","template":"","meta":{"advanced_seo_description":"","jetpack_seo_html_title":"","jetpack_seo_noindex":false,"ngg_post_thumbnail":0,"footnotes":"","_links_to":"","_links_to_target":""},"class_list":["post-4507","page","type-page","status-publish","hentry"],"jetpack_sharing_enabled":true,"jetpack_likes_enabled":false,"_links":{"self":[{"href":"https:\/\/www.auditsi.eu\/index.php?rest_route=\/wp\/v2\/pages\/4507","targetHints":{"allow":["GET"]}}],"collection":[{"href":"https:\/\/www.auditsi.eu\/index.php?rest_route=\/wp\/v2\/pages"}],"about":[{"href":"https:\/\/www.auditsi.eu\/index.php?rest_route=\/wp\/v2\/types\/page"}],"author":[{"embeddable":true,"href":"https:\/\/www.auditsi.eu\/index.php?rest_route=\/wp\/v2\/users\/1"}],"replies":[{"embeddable":true,"href":"https:\/\/www.auditsi.eu\/index.php?rest_route=%2Fwp%2Fv2%2Fcomments&post=4507"}],"version-history":[{"count":36,"href":"https:\/\/www.auditsi.eu\/index.php?rest_route=\/wp\/v2\/pages\/4507\/revisions"}],"predecessor-version":[{"id":5054,"href":"https:\/\/www.auditsi.eu\/index.php?rest_route=\/wp\/v2\/pages\/4507\/revisions\/5054"}],"wp:attachment":[{"href":"https:\/\/www.auditsi.eu\/index.php?rest_route=%2Fwp%2Fv2%2Fmedia&parent=4507"}],"curies":[{"name":"wp","href":"https:\/\/api.w.org\/{rel}","templated":true}]}}