{"id":3930,"date":"2013-10-27T21:29:23","date_gmt":"2013-10-27T19:29:23","guid":{"rendered":"http:\/\/www.auditsi.eu\/?page_id=3930"},"modified":"2019-01-05T13:01:00","modified_gmt":"2019-01-05T12:01:00","slug":"ma-documentation","status":"publish","type":"page","link":"https:\/\/www.auditsi.eu\/?page_id=3930","title":{"rendered":"Ma documentation"},"content":{"rendered":"<p style=\"text-align: justify;\">Je dispose de centaines de livres, <a title=\"La presse sp\u00e9cialis\u00e9e\" href=\"http:\/\/www.auditsi.eu\/?page_id=2222\">journaux et magazines<\/a>, accumul\u00e9s au fil des ann\u00e9es, couvrant tous les domaines de l&#8217;informatique (techniques de programmation et langages, mat\u00e9riels et logiciels, entreprises&#8230;) des ann\u00e9es 70 \u00e0 aujourd&#8217;hui.<\/p>\n<p style=\"text-align: justify;\">Cet ensemble forme un v\u00e9ritable Centre de documentation personnel qui me permet de <a title=\"La micro-informatique des ann\u00e9es 80\" href=\"http:\/\/www.auditsi.eu\/?page_id=2119\">documenter ce site<\/a> d&#8217;informations de premi\u00e8re main et de r\u00e9pondre aux demandes diverses qui me sont faites sur les d\u00e9buts de l&#8217;informatique (je r\u00e9ponds toujours dans la mesure du possible).<\/p>\n<p style=\"text-align: justify;\">N&#8217;h\u00e9sitez pas \u00e0 me <a title=\"Avis de recherche\" href=\"http:\/\/www.auditsi.eu\/?page_id=1743\">contacter<\/a> si vous avez de la documentation qui vous encombre, je cherche en permanence \u00e0 compl\u00e9ter <a title=\"Ma collection\" href=\"http:\/\/www.auditsi.eu\/?page_id=1983\">ma collection<\/a>.<\/p>\n<div id=\"attachment_3935\" style=\"width: 379px\" class=\"wp-caption aligncenter\"><a href=\"https:\/\/www.auditsi.eu\/wp-content\/uploads\/2013\/10\/DSCN9037.jpg\"><img loading=\"lazy\" decoding=\"async\" aria-describedby=\"caption-attachment-3935\" width=\"369\" height=\"640\" class=\"size-full wp-image-3935\" alt=\"Une partie de ma biblioth\u00e8que\" src=\"https:\/\/www.auditsi.eu\/wp-content\/uploads\/2013\/10\/DSCN9037.jpg\"><\/a><p id=\"caption-attachment-3935\" class=\"wp-caption-text\">Une partie de ma biblioth\u00e8que<\/p><\/div>\n<div id=\"attachment_3941\" style=\"width: 442px\" class=\"wp-caption aligncenter\"><a href=\"https:\/\/www.auditsi.eu\/wp-content\/uploads\/2013\/10\/DSCN9038.jpg\"><img loading=\"lazy\" decoding=\"async\" aria-describedby=\"caption-attachment-3941\" width=\"432\" height=\"554\" class=\"size-full wp-image-3941\" alt=\"Une partie de mes magazines et revues\" src=\"https:\/\/www.auditsi.eu\/wp-content\/uploads\/2013\/10\/DSCN9038.jpg\" srcset=\"https:\/\/www.auditsi.eu\/wp-content\/uploads\/2013\/10\/DSCN9038.jpg 432w, https:\/\/www.auditsi.eu\/wp-content\/uploads\/2013\/10\/DSCN9038-233x300.jpg 233w\" sizes=\"auto, (max-width: 432px) 100vw, 432px\" \/><\/a><p id=\"caption-attachment-3941\" class=\"wp-caption-text\">Une partie de mes magazines et revues<\/p><\/div>\n<p style=\"text-align: justify;\">Pass\u00e9 un certain seuil, le classement et l&#8217;indexation sont essentiels pour s&#8217;y retrouver.<\/p>\n<div id=\"attachment_7822\" style=\"width: 2074px\" class=\"wp-caption aligncenter\"><a href=\"https:\/\/www.auditsi.eu\/?attachment_id=7822\" rel=\"attachment wp-att-7822\"><img loading=\"lazy\" decoding=\"async\" aria-describedby=\"caption-attachment-7822\" width=\"2064\" height=\"1161\" class=\"size-full wp-image-7822\" alt=\"Bo\u00eetes de rangement pour geek vintage\" src=\"https:\/\/www.auditsi.eu\/wp-content\/uploads\/2019\/01\/20190103_1904232.jpg\" srcset=\"https:\/\/www.auditsi.eu\/wp-content\/uploads\/2019\/01\/20190103_1904232.jpg 2064w, https:\/\/www.auditsi.eu\/wp-content\/uploads\/2019\/01\/20190103_1904232-300x169.jpg 300w, https:\/\/www.auditsi.eu\/wp-content\/uploads\/2019\/01\/20190103_1904232-768x432.jpg 768w, https:\/\/www.auditsi.eu\/wp-content\/uploads\/2019\/01\/20190103_1904232-1024x576.jpg 1024w, https:\/\/www.auditsi.eu\/wp-content\/uploads\/2019\/01\/20190103_1904232-730x411.jpg 730w\" sizes=\"auto, (max-width: 2064px) 100vw, 2064px\" \/><\/a><p id=\"caption-attachment-7822\" class=\"wp-caption-text\">Bo\u00eetes de rangement pour geek vintage<\/p><\/div>\n<p style=\"text-align: justify;\">Approfondir le sujet :<br \/>\n<a title=\"L'informatique des ann\u00e9es 80\" href=\"http:\/\/www.auditsi.eu\/?page_id=2119\">L\u2019informatique des ann\u00e9es 80<\/a> \/ <a title=\"Ma collection\" href=\"http:\/\/www.auditsi.eu\/?page_id=1983\">Ma collection<\/a> \/ <a title=\"Ma documentation\" href=\"http:\/\/www.auditsi.eu\/?page_id=3930\">Ma documentation<\/a> \/ <a title=\"Quelques id\u00e9es de lecture pour en savoir plus\" href=\"http:\/\/www.auditsi.eu\/?page_id=4631\">Quelques id\u00e9es de lecture<\/a><\/p>\n<div style=\"padding-bottom:20px; padding-top:10px;\" class=\"hupso-share-buttons\"><!-- Hupso Share Buttons - https:\/\/www.hupso.com\/share\/ --><a class=\"hupso_counters\" href=\"https:\/\/www.hupso.com\/share\/\"><img decoding=\"async\" src=\"https:\/\/static.hupso.com\/share\/buttons\/lang\/fr\/share-small.png\" style=\"border:0px; padding-top:2px; float:left;\" alt=\"Share Button\"\/><\/a><script type=\"text\/javascript\">var hupso_services_c=new Array(\"twitter\",\"facebook_like\",\"facebook_send\",\"email\",\"print\",\"linkedin\");var hupso_counters_lang = \"fr_FR\";var hupso_image_folder_url = \"\";var hupso_twitter_via=\"BenoitRiviere14\";var hupso_url_c=\"\";var hupso_title_c=\"Ma%20documentation\";<\/script><script type=\"text\/javascript\" src=\"https:\/\/static.hupso.com\/share\/js\/counters.js\"><\/script><!-- Hupso Share Buttons --><\/div>","protected":false},"excerpt":{"rendered":"<p>Je dispose de centaines de livres, journaux et magazines, accumul\u00e9s au fil des ann\u00e9es, couvrant tous les domaines de l&#8217;informatique (techniques de programmation et langages, mat\u00e9riels et logiciels, entreprises&#8230;) des ann\u00e9es 70 \u00e0 aujourd&#8217;hui. Cet ensemble forme un v\u00e9ritable Centre de documentation personnel qui me permet de documenter ce site d&#8217;informations de premi\u00e8re main et &#8230;<\/p>\n<p><a href=\"https:\/\/www.auditsi.eu\/?page_id=3930\" class=\"more-link\">Continue reading &lsquo;Ma documentation&rsquo; &raquo;<\/a><\/p>\n<div style=\"padding-bottom:20px; padding-top:10px;\" class=\"hupso-share-buttons\"><!-- Hupso Share Buttons - https:\/\/www.hupso.com\/share\/ --><a class=\"hupso_counters\" href=\"https:\/\/www.hupso.com\/share\/\"><img src=\"https:\/\/static.hupso.com\/share\/buttons\/lang\/fr\/share-small.png\" style=\"border:0px; padding-top:2px; float:left;\" alt=\"Share Button\"\/><\/a><script type=\"text\/javascript\">var hupso_services_c=new Array(\"twitter\",\"facebook_like\",\"facebook_send\",\"email\",\"print\",\"linkedin\");var hupso_counters_lang = \"fr_FR\";var hupso_image_folder_url = \"\";var hupso_twitter_via=\"BenoitRiviere14\";var hupso_url_c=\"\";var hupso_title_c=\"Ma%20documentation\";<\/script><script type=\"text\/javascript\" src=\"https:\/\/static.hupso.com\/share\/js\/counters.js\"><\/script><!-- Hupso Share Buttons --><\/div>","protected":false},"author":1,"featured_media":0,"parent":0,"menu_order":0,"comment_status":"open","ping_status":"open","template":"","meta":{"advanced_seo_description":"","jetpack_seo_html_title":"","jetpack_seo_noindex":false,"ngg_post_thumbnail":0,"footnotes":"","_links_to":"","_links_to_target":""},"class_list":["post-3930","page","type-page","status-publish","hentry"],"jetpack_sharing_enabled":true,"jetpack_likes_enabled":false,"_links":{"self":[{"href":"https:\/\/www.auditsi.eu\/index.php?rest_route=\/wp\/v2\/pages\/3930","targetHints":{"allow":["GET"]}}],"collection":[{"href":"https:\/\/www.auditsi.eu\/index.php?rest_route=\/wp\/v2\/pages"}],"about":[{"href":"https:\/\/www.auditsi.eu\/index.php?rest_route=\/wp\/v2\/types\/page"}],"author":[{"embeddable":true,"href":"https:\/\/www.auditsi.eu\/index.php?rest_route=\/wp\/v2\/users\/1"}],"replies":[{"embeddable":true,"href":"https:\/\/www.auditsi.eu\/index.php?rest_route=%2Fwp%2Fv2%2Fcomments&post=3930"}],"version-history":[{"count":17,"href":"https:\/\/www.auditsi.eu\/index.php?rest_route=\/wp\/v2\/pages\/3930\/revisions"}],"predecessor-version":[{"id":7823,"href":"https:\/\/www.auditsi.eu\/index.php?rest_route=\/wp\/v2\/pages\/3930\/revisions\/7823"}],"wp:attachment":[{"href":"https:\/\/www.auditsi.eu\/index.php?rest_route=%2Fwp%2Fv2%2Fmedia&parent=3930"}],"curies":[{"name":"wp","href":"https:\/\/api.w.org\/{rel}","templated":true}]}}