{"id":3901,"date":"2013-10-27T17:26:13","date_gmt":"2013-10-27T15:26:13","guid":{"rendered":"http:\/\/www.auditsi.eu\/?page_id=3901"},"modified":"2014-07-13T01:11:11","modified_gmt":"2014-07-12T23:11:11","slug":"la-prise-peritel","status":"publish","type":"page","link":"https:\/\/www.auditsi.eu\/?page_id=3901","title":{"rendered":"La prise p\u00e9ritel"},"content":{"rendered":"<p style=\"text-align: justify;\">La prise p\u00e9rit\u00e9l\u00e9vision ou p\u00e9ritel a \u00e9t\u00e9 d\u00e9finie par l&#8217;AFNOR en 1978 et rendue obligatoire sur les t\u00e9l\u00e9viseurs couleur en France en 1980. Elle avait pour objectif de faciliter l&#8217;utilisation des appareils audiovisuels (magn\u00e9toscopes, cam\u00e9ras&#8230;) et micro-informatiques. De fait, les <a title=\"Les consoles de jeux : des micros\u2026 ludiques\" href=\"http:\/\/www.auditsi.eu\/?page_id=2179\">consoles<\/a> ainsi que les <a title=\"La micro-informatique des ann\u00e9es 80, l\u2019\u00e2ge d\u2019or de l\u2019informatique personnelle\" href=\"http:\/\/www.auditsi.eu\/?page_id=2119\">ordinateurs familiaux<\/a> sortis \u00e0 la fin des ann\u00e9es 70 \/ d\u00e9but 80, se connectaient au t\u00e9l\u00e9viseur par le biais de la prise d\u2019antenne.<\/p>\n<div id=\"attachment_5188\" style=\"width: 307px\" class=\"wp-caption aligncenter\"><a href=\"https:\/\/www.auditsi.eu\/wp-content\/uploads\/2013\/10\/PERITEL-MS-37-12-1983-p35.jpg\"><img loading=\"lazy\" decoding=\"async\" aria-describedby=\"caption-attachment-5188\" class=\"size-full wp-image-5188\" src=\"https:\/\/www.auditsi.eu\/wp-content\/uploads\/2013\/10\/PERITEL-MS-37-12-1983-p35.jpg\" alt=\"L'interface CGV-PHS 60, la proth\u00e8se P\u00e9ritel, Micro-Syst\u00e8mes n\u00b0 37 (d\u00e9cembre 1983), p. 35\" width=\"297\" height=\"448\" srcset=\"https:\/\/www.auditsi.eu\/wp-content\/uploads\/2013\/10\/PERITEL-MS-37-12-1983-p35.jpg 297w, https:\/\/www.auditsi.eu\/wp-content\/uploads\/2013\/10\/PERITEL-MS-37-12-1983-p35-198x300.jpg 198w\" sizes=\"auto, (max-width: 297px) 100vw, 297px\" \/><\/a><p id=\"caption-attachment-5188\" class=\"wp-caption-text\">L&#8217;interface CGV-PHS 60, la proth\u00e8se P\u00e9ritel, Micro-Syst\u00e8mes n\u00b0 37 (d\u00e9cembre 1983), p. 35<\/p><\/div>\n<div id=\"attachment_3912\" style=\"width: 239px\" class=\"wp-caption aligncenter\"><a href=\"https:\/\/www.auditsi.eu\/wp-content\/uploads\/2013\/10\/MS-20-Question-prise-P\u00e9ritel.jpg\"><img loading=\"lazy\" decoding=\"async\" aria-describedby=\"caption-attachment-3912\" class=\"size-full wp-image-3912\" src=\"https:\/\/www.auditsi.eu\/wp-content\/uploads\/2013\/10\/MS-20-Question-prise-P\u00e9ritel.jpg\" alt=\"Les d\u00e9buts de la prise P\u00e9ritel suscitent des questions de la part des lecteurs de Micro-Syst\u00e8mes (n\u00b0 20, novembre-d\u00e9cembre 1981)\" width=\"229\" height=\"640\" srcset=\"https:\/\/www.auditsi.eu\/wp-content\/uploads\/2013\/10\/MS-20-Question-prise-P\u00e9ritel.jpg 229w, https:\/\/www.auditsi.eu\/wp-content\/uploads\/2013\/10\/MS-20-Question-prise-P\u00e9ritel-107x300.jpg 107w\" sizes=\"auto, (max-width: 229px) 100vw, 229px\" \/><\/a><p id=\"caption-attachment-3912\" class=\"wp-caption-text\">Les d\u00e9buts de la prise P\u00e9ritel suscitent des questions de la part des lecteurs de Micro-Syst\u00e8mes (n\u00b0 20, novembre-d\u00e9cembre 1981)<\/p><\/div>\n<p style=\"text-align: justify;\">Ce connecteur femelle dispose de 21 contacts. Le sch\u00e9ma ci-apr\u00e8s donne l&#8217;usage de chaque contact.<\/p>\n<div id=\"attachment_3910\" style=\"width: 463px\" class=\"wp-caption aligncenter\"><a href=\"https:\/\/www.auditsi.eu\/wp-content\/uploads\/2013\/10\/MS-20-Prise-P\u00e9ritel.jpg\"><img loading=\"lazy\" decoding=\"async\" aria-describedby=\"caption-attachment-3910\" class=\"size-full wp-image-3910\" src=\"https:\/\/www.auditsi.eu\/wp-content\/uploads\/2013\/10\/MS-20-Prise-P\u00e9ritel.jpg\" alt=\"Brochage de la prise P\u00e9ritel (Micro-Syst\u00e8mes n\u00b0 20)\" width=\"453\" height=\"367\" srcset=\"https:\/\/www.auditsi.eu\/wp-content\/uploads\/2013\/10\/MS-20-Prise-P\u00e9ritel.jpg 453w, https:\/\/www.auditsi.eu\/wp-content\/uploads\/2013\/10\/MS-20-Prise-P\u00e9ritel-300x243.jpg 300w\" sizes=\"auto, (max-width: 453px) 100vw, 453px\" \/><\/a><p id=\"caption-attachment-3910\" class=\"wp-caption-text\">Brochage de la prise P\u00e9ritel (Micro-Syst\u00e8mes n\u00b0 20)<\/p><\/div>\n<p style=\"text-align: justify;\">La prise p\u00e9ritel, analogique, est vou\u00e9e \u00e0 \u00eatre remplac\u00e9e, apr\u00e8s 30 ans de bons et loyaux services, par la prise HDMI, num\u00e9rique.<\/p>\n<p style=\"text-align: justify;\">Approfondir le sujet :<br \/>\n<a title=\"L'informatique des ann\u00e9es 80\" href=\"http:\/\/www.auditsi.eu\/?page_id=2119\">L\u2019informatique des ann\u00e9es 80<\/a> \/ <a title=\"Ma collection\" href=\"http:\/\/www.auditsi.eu\/?page_id=1983\">Ma collection<\/a> \/ <a title=\"Ma documentation\" href=\"http:\/\/www.auditsi.eu\/?page_id=3930\">Ma documentation<\/a> \/ <a title=\"Quelques id\u00e9es de lecture pour en savoir plus\" href=\"http:\/\/www.auditsi.eu\/?page_id=4631\">Quelques id\u00e9es de lecture<\/a><\/p>\n<div style=\"padding-bottom:20px; padding-top:10px;\" class=\"hupso-share-buttons\"><!-- Hupso Share Buttons - https:\/\/www.hupso.com\/share\/ --><a class=\"hupso_counters\" href=\"https:\/\/www.hupso.com\/share\/\"><img decoding=\"async\" src=\"https:\/\/static.hupso.com\/share\/buttons\/lang\/fr\/share-small.png\" style=\"border:0px; padding-top:2px; float:left;\" alt=\"Share Button\"\/><\/a><script type=\"text\/javascript\">var hupso_services_c=new Array(\"twitter\",\"facebook_like\",\"facebook_send\",\"email\",\"print\",\"linkedin\");var hupso_counters_lang = \"fr_FR\";var hupso_image_folder_url = \"\";var hupso_twitter_via=\"BenoitRiviere14\";var hupso_url_c=\"\";var hupso_title_c=\"La%20prise%20p%C3%A9ritel\";<\/script><script type=\"text\/javascript\" src=\"https:\/\/static.hupso.com\/share\/js\/counters.js\"><\/script><!-- Hupso Share Buttons --><\/div>","protected":false},"excerpt":{"rendered":"<p>La prise p\u00e9rit\u00e9l\u00e9vision ou p\u00e9ritel a \u00e9t\u00e9 d\u00e9finie par l&#8217;AFNOR en 1978 et rendue obligatoire sur les t\u00e9l\u00e9viseurs couleur en France en 1980. Elle avait pour objectif de faciliter l&#8217;utilisation des appareils audiovisuels (magn\u00e9toscopes, cam\u00e9ras&#8230;) et micro-informatiques. De fait, les consoles ainsi que les ordinateurs familiaux sortis \u00e0 la fin des ann\u00e9es 70 \/ d\u00e9but &#8230;<\/p>\n<p><a href=\"https:\/\/www.auditsi.eu\/?page_id=3901\" class=\"more-link\">Continue reading &lsquo;La prise p\u00e9ritel&rsquo; &raquo;<\/a><\/p>\n<div style=\"padding-bottom:20px; padding-top:10px;\" class=\"hupso-share-buttons\"><!-- Hupso Share Buttons - https:\/\/www.hupso.com\/share\/ --><a class=\"hupso_counters\" href=\"https:\/\/www.hupso.com\/share\/\"><img src=\"https:\/\/static.hupso.com\/share\/buttons\/lang\/fr\/share-small.png\" style=\"border:0px; padding-top:2px; float:left;\" alt=\"Share Button\"\/><\/a><script type=\"text\/javascript\">var hupso_services_c=new Array(\"twitter\",\"facebook_like\",\"facebook_send\",\"email\",\"print\",\"linkedin\");var hupso_counters_lang = \"fr_FR\";var hupso_image_folder_url = \"\";var hupso_twitter_via=\"BenoitRiviere14\";var hupso_url_c=\"\";var hupso_title_c=\"La%20prise%20p%C3%A9ritel\";<\/script><script type=\"text\/javascript\" src=\"https:\/\/static.hupso.com\/share\/js\/counters.js\"><\/script><!-- Hupso Share Buttons --><\/div>","protected":false},"author":1,"featured_media":0,"parent":0,"menu_order":0,"comment_status":"open","ping_status":"open","template":"","meta":{"advanced_seo_description":"","jetpack_seo_html_title":"","jetpack_seo_noindex":false,"ngg_post_thumbnail":0,"footnotes":"","_links_to":"","_links_to_target":""},"class_list":["post-3901","page","type-page","status-publish","hentry"],"jetpack_sharing_enabled":true,"jetpack_likes_enabled":false,"_links":{"self":[{"href":"https:\/\/www.auditsi.eu\/index.php?rest_route=\/wp\/v2\/pages\/3901","targetHints":{"allow":["GET"]}}],"collection":[{"href":"https:\/\/www.auditsi.eu\/index.php?rest_route=\/wp\/v2\/pages"}],"about":[{"href":"https:\/\/www.auditsi.eu\/index.php?rest_route=\/wp\/v2\/types\/page"}],"author":[{"embeddable":true,"href":"https:\/\/www.auditsi.eu\/index.php?rest_route=\/wp\/v2\/users\/1"}],"replies":[{"embeddable":true,"href":"https:\/\/www.auditsi.eu\/index.php?rest_route=%2Fwp%2Fv2%2Fcomments&post=3901"}],"version-history":[{"count":8,"href":"https:\/\/www.auditsi.eu\/index.php?rest_route=\/wp\/v2\/pages\/3901\/revisions"}],"predecessor-version":[{"id":5189,"href":"https:\/\/www.auditsi.eu\/index.php?rest_route=\/wp\/v2\/pages\/3901\/revisions\/5189"}],"wp:attachment":[{"href":"https:\/\/www.auditsi.eu\/index.php?rest_route=%2Fwp%2Fv2%2Fmedia&parent=3901"}],"curies":[{"name":"wp","href":"https:\/\/api.w.org\/{rel}","templated":true}]}}