{"id":3869,"date":"2013-10-26T12:15:56","date_gmt":"2013-10-26T10:15:56","guid":{"rendered":"http:\/\/www.auditsi.eu\/?page_id=3869"},"modified":"2014-08-26T23:40:52","modified_gmt":"2014-08-26T21:40:52","slug":"les-imprimantes","status":"publish","type":"page","link":"https:\/\/www.auditsi.eu\/?page_id=3869","title":{"rendered":"Les imprimantes"},"content":{"rendered":"<p style=\"text-align: justify;\">Les machines \u00e0 \u00e9crire ont rapidement \u00e9t\u00e9 supplant\u00e9es par les imprimantes : \u00e9ditions automatiques, applications multiples&#8230; Elles ne pouvaient rivaliser m\u00eame avec les derniers perfectionnements techniques&#8230;<\/p>\n<p>S\u00e9lection d\u2019articles sur le sujet :<\/p>\n<ul>\n<li>Les imprimantes, Micro-Syst\u00e8mes n\u00b0 17 (mai-juin 1981), p. 87 : les m\u00e9thodes d&#8217;impression peuvent \u00eatre class\u00e9es en trois cat\u00e9gories : imprimantes \u00e0 impact (principe de la machine \u00e0 \u00e9crire : impression \u00e0 partir d&#8217;un marteau frappant un ruban encreur) ou sans impact (le proc\u00e9d\u00e9 n&#8217;est plus m\u00e9canique mais bas\u00e9 sur un ph\u00e9nom\u00e8ne physique : impression \u00e9lectrostatique, \u00e9lectrolytique, thermique ou par ph\u00e9nom\u00e8nes lumineux : la x\u00e9rographie ou laser), impression caract\u00e8re par caract\u00e8re ou ligne par ligne, caract\u00e8res pr\u00e9form\u00e9s ou g\u00e9n\u00e9r\u00e9s par une matrice de points&#8230;<\/li>\n<\/ul>\n<p style=\"text-align: justify;\">Approfondir le sujet :<br \/>\n<a title=\"L'informatique des ann\u00e9es 80\" href=\"http:\/\/www.auditsi.eu\/?page_id=2119\">L\u2019informatique des ann\u00e9es 80<\/a> \/ <a title=\"Ma collection\" href=\"http:\/\/www.auditsi.eu\/?page_id=1983\">Ma collection<\/a> \/ <a title=\"Ma documentation\" href=\"http:\/\/www.auditsi.eu\/?page_id=3930\">Ma documentation<\/a> \/ <a title=\"Quelques id\u00e9es de lecture pour en savoir plus\" href=\"http:\/\/www.auditsi.eu\/?page_id=4631\">Quelques id\u00e9es de lecture<\/a><\/p>\n<div style=\"padding-bottom:20px; padding-top:10px;\" class=\"hupso-share-buttons\"><!-- Hupso Share Buttons - https:\/\/www.hupso.com\/share\/ --><a class=\"hupso_counters\" href=\"https:\/\/www.hupso.com\/share\/\"><img decoding=\"async\" src=\"https:\/\/static.hupso.com\/share\/buttons\/lang\/fr\/share-small.png\" style=\"border:0px; padding-top:2px; float:left;\" alt=\"Share Button\"\/><\/a><script type=\"text\/javascript\">var hupso_services_c=new Array(\"twitter\",\"facebook_like\",\"facebook_send\",\"email\",\"print\",\"linkedin\");var hupso_counters_lang = \"fr_FR\";var hupso_image_folder_url = \"\";var hupso_twitter_via=\"BenoitRiviere14\";var hupso_url_c=\"\";var hupso_title_c=\"Les%20imprimantes\";<\/script><script type=\"text\/javascript\" src=\"https:\/\/static.hupso.com\/share\/js\/counters.js\"><\/script><!-- Hupso Share Buttons --><\/div>","protected":false},"excerpt":{"rendered":"<p>Les machines \u00e0 \u00e9crire ont rapidement \u00e9t\u00e9 supplant\u00e9es par les imprimantes : \u00e9ditions automatiques, applications multiples&#8230; Elles ne pouvaient rivaliser m\u00eame avec les derniers perfectionnements techniques&#8230; S\u00e9lection d\u2019articles sur le sujet : Les imprimantes, Micro-Syst\u00e8mes n\u00b0 17 (mai-juin 1981), p. 87 : les m\u00e9thodes d&#8217;impression peuvent \u00eatre class\u00e9es en trois cat\u00e9gories : imprimantes \u00e0 impact &#8230;<\/p>\n<p><a href=\"https:\/\/www.auditsi.eu\/?page_id=3869\" class=\"more-link\">Continue reading &lsquo;Les imprimantes&rsquo; &raquo;<\/a><\/p>\n<div style=\"padding-bottom:20px; padding-top:10px;\" class=\"hupso-share-buttons\"><!-- Hupso Share Buttons - https:\/\/www.hupso.com\/share\/ --><a class=\"hupso_counters\" href=\"https:\/\/www.hupso.com\/share\/\"><img src=\"https:\/\/static.hupso.com\/share\/buttons\/lang\/fr\/share-small.png\" style=\"border:0px; padding-top:2px; float:left;\" alt=\"Share Button\"\/><\/a><script type=\"text\/javascript\">var hupso_services_c=new Array(\"twitter\",\"facebook_like\",\"facebook_send\",\"email\",\"print\",\"linkedin\");var hupso_counters_lang = \"fr_FR\";var hupso_image_folder_url = \"\";var hupso_twitter_via=\"BenoitRiviere14\";var hupso_url_c=\"\";var hupso_title_c=\"Les%20imprimantes\";<\/script><script type=\"text\/javascript\" src=\"https:\/\/static.hupso.com\/share\/js\/counters.js\"><\/script><!-- Hupso Share Buttons --><\/div>","protected":false},"author":1,"featured_media":0,"parent":0,"menu_order":0,"comment_status":"open","ping_status":"open","template":"","meta":{"advanced_seo_description":"","jetpack_seo_html_title":"","jetpack_seo_noindex":false,"ngg_post_thumbnail":0,"footnotes":"","_links_to":"","_links_to_target":""},"class_list":["post-3869","page","type-page","status-publish","hentry"],"jetpack_sharing_enabled":true,"jetpack_likes_enabled":false,"_links":{"self":[{"href":"https:\/\/www.auditsi.eu\/index.php?rest_route=\/wp\/v2\/pages\/3869","targetHints":{"allow":["GET"]}}],"collection":[{"href":"https:\/\/www.auditsi.eu\/index.php?rest_route=\/wp\/v2\/pages"}],"about":[{"href":"https:\/\/www.auditsi.eu\/index.php?rest_route=\/wp\/v2\/types\/page"}],"author":[{"embeddable":true,"href":"https:\/\/www.auditsi.eu\/index.php?rest_route=\/wp\/v2\/users\/1"}],"replies":[{"embeddable":true,"href":"https:\/\/www.auditsi.eu\/index.php?rest_route=%2Fwp%2Fv2%2Fcomments&post=3869"}],"version-history":[{"count":4,"href":"https:\/\/www.auditsi.eu\/index.php?rest_route=\/wp\/v2\/pages\/3869\/revisions"}],"predecessor-version":[{"id":5291,"href":"https:\/\/www.auditsi.eu\/index.php?rest_route=\/wp\/v2\/pages\/3869\/revisions\/5291"}],"wp:attachment":[{"href":"https:\/\/www.auditsi.eu\/index.php?rest_route=%2Fwp%2Fv2%2Fmedia&parent=3869"}],"curies":[{"name":"wp","href":"https:\/\/api.w.org\/{rel}","templated":true}]}}