{"id":3858,"date":"2013-10-26T11:44:16","date_gmt":"2013-10-26T09:44:16","guid":{"rendered":"http:\/\/www.auditsi.eu\/?page_id=3858"},"modified":"2013-10-26T16:26:08","modified_gmt":"2013-10-26T14:26:08","slug":"imagerie-video-son-et-multimedia","status":"publish","type":"page","link":"https:\/\/www.auditsi.eu\/?page_id=3858","title":{"rendered":"Imagerie, vid\u00e9o, son et multim\u00e9dia"},"content":{"rendered":"<p style=\"text-align: justify;\">La vid\u00e9o, le traitement de l&#8217;image et plus g\u00e9n\u00e9ralement le multimedia ont largement b\u00e9n\u00e9fici\u00e9 du d\u00e9veloppement de l&#8217;informatique et ce d\u00e8s les ann\u00e9es 70&#8230;<\/p>\n<p>S\u00e9lection d\u2019articles sur le sujet :<\/p>\n<ul>\n<li>CCD : des registres \u00e0 transfert de charges, Micro-Syst\u00e8mes n\u00b0 19 (septembre-octobre 1981), p. 189 : de la cellule \u00e9l\u00e9mentaire \u00e0 la cam\u00e9ra de t\u00e9l\u00e9vision couleur<\/li>\n<li>Le &#8220;Compact Disc Digital Audio&#8221; : une nouveaut\u00e9 en mati\u00e8re de reproduction sonore, Micro-Syst\u00e8mes n\u00b0 17 (mai-juin 1981), p. 135<\/li>\n<\/ul>\n<div style=\"padding-bottom:20px; padding-top:10px;\" class=\"hupso-share-buttons\"><!-- Hupso Share Buttons - https:\/\/www.hupso.com\/share\/ --><a class=\"hupso_counters\" href=\"https:\/\/www.hupso.com\/share\/\"><img decoding=\"async\" src=\"https:\/\/static.hupso.com\/share\/buttons\/lang\/fr\/share-small.png\" style=\"border:0px; padding-top:2px; float:left;\" alt=\"Share Button\"\/><\/a><script type=\"text\/javascript\">var hupso_services_c=new Array(\"twitter\",\"facebook_like\",\"facebook_send\",\"email\",\"print\",\"linkedin\");var hupso_counters_lang = \"fr_FR\";var hupso_image_folder_url = \"\";var hupso_twitter_via=\"BenoitRiviere14\";var hupso_url_c=\"\";var hupso_title_c=\"Imagerie%2C%20vid%C3%A9o%2C%20son%20et%20multim%C3%A9dia\";<\/script><script type=\"text\/javascript\" src=\"https:\/\/static.hupso.com\/share\/js\/counters.js\"><\/script><!-- Hupso Share Buttons --><\/div>","protected":false},"excerpt":{"rendered":"<p>La vid\u00e9o, le traitement de l&#8217;image et plus g\u00e9n\u00e9ralement le multimedia ont largement b\u00e9n\u00e9fici\u00e9 du d\u00e9veloppement de l&#8217;informatique et ce d\u00e8s les ann\u00e9es 70&#8230; S\u00e9lection d\u2019articles sur le sujet : CCD : des registres \u00e0 transfert de charges, Micro-Syst\u00e8mes n\u00b0 19 (septembre-octobre 1981), p. 189 : de la cellule \u00e9l\u00e9mentaire \u00e0 la cam\u00e9ra de t\u00e9l\u00e9vision &#8230;<\/p>\n<p><a href=\"https:\/\/www.auditsi.eu\/?page_id=3858\" class=\"more-link\">Continue reading &lsquo;Imagerie, vid\u00e9o, son et multim\u00e9dia&rsquo; &raquo;<\/a><\/p>\n<div style=\"padding-bottom:20px; padding-top:10px;\" class=\"hupso-share-buttons\"><!-- Hupso Share Buttons - https:\/\/www.hupso.com\/share\/ --><a class=\"hupso_counters\" href=\"https:\/\/www.hupso.com\/share\/\"><img src=\"https:\/\/static.hupso.com\/share\/buttons\/lang\/fr\/share-small.png\" style=\"border:0px; padding-top:2px; float:left;\" alt=\"Share Button\"\/><\/a><script type=\"text\/javascript\">var hupso_services_c=new Array(\"twitter\",\"facebook_like\",\"facebook_send\",\"email\",\"print\",\"linkedin\");var hupso_counters_lang = \"fr_FR\";var hupso_image_folder_url = \"\";var hupso_twitter_via=\"BenoitRiviere14\";var hupso_url_c=\"\";var hupso_title_c=\"Imagerie%2C%20vid%C3%A9o%2C%20son%20et%20multim%C3%A9dia\";<\/script><script type=\"text\/javascript\" src=\"https:\/\/static.hupso.com\/share\/js\/counters.js\"><\/script><!-- Hupso Share Buttons --><\/div>","protected":false},"author":1,"featured_media":0,"parent":0,"menu_order":0,"comment_status":"open","ping_status":"open","template":"","meta":{"advanced_seo_description":"","jetpack_seo_html_title":"","jetpack_seo_noindex":false,"ngg_post_thumbnail":0,"footnotes":"","_links_to":"","_links_to_target":""},"class_list":["post-3858","page","type-page","status-publish","hentry"],"jetpack_sharing_enabled":true,"jetpack_likes_enabled":false,"_links":{"self":[{"href":"https:\/\/www.auditsi.eu\/index.php?rest_route=\/wp\/v2\/pages\/3858","targetHints":{"allow":["GET"]}}],"collection":[{"href":"https:\/\/www.auditsi.eu\/index.php?rest_route=\/wp\/v2\/pages"}],"about":[{"href":"https:\/\/www.auditsi.eu\/index.php?rest_route=\/wp\/v2\/types\/page"}],"author":[{"embeddable":true,"href":"https:\/\/www.auditsi.eu\/index.php?rest_route=\/wp\/v2\/users\/1"}],"replies":[{"embeddable":true,"href":"https:\/\/www.auditsi.eu\/index.php?rest_route=%2Fwp%2Fv2%2Fcomments&post=3858"}],"version-history":[{"count":4,"href":"https:\/\/www.auditsi.eu\/index.php?rest_route=\/wp\/v2\/pages\/3858\/revisions"}],"predecessor-version":[{"id":3876,"href":"https:\/\/www.auditsi.eu\/index.php?rest_route=\/wp\/v2\/pages\/3858\/revisions\/3876"}],"wp:attachment":[{"href":"https:\/\/www.auditsi.eu\/index.php?rest_route=%2Fwp%2Fv2%2Fmedia&parent=3858"}],"curies":[{"name":"wp","href":"https:\/\/api.w.org\/{rel}","templated":true}]}}