{"id":3776,"date":"2013-10-13T15:07:59","date_gmt":"2013-10-13T13:07:59","guid":{"rendered":"http:\/\/www.auditsi.eu\/?page_id=3776"},"modified":"2020-08-29T17:42:51","modified_gmt":"2020-08-29T15:42:51","slug":"3776-2","status":"publish","type":"page","link":"https:\/\/www.auditsi.eu\/?page_id=3776","title":{"rendered":"Les micro-processeurs envahissent notre quotidien"},"content":{"rendered":"<p style=\"text-align: justify;\">La miniaturisation et la baisse du co\u00fbt de fabrication des composants \u00e9lectroniques a entra\u00een\u00e9 un d\u00e9veloppement sans fin de leur utilisation. Au point qu&#8217;aujourd&#8217;hui, la plupart des objets de la vie courante contiennent un <a title=\"Le microprocesseur, cerveau de l\u2019ordinateur\" href=\"http:\/\/www.auditsi.eu\/?page_id=3759\">micro-processeur<\/a> ou un de ses d\u00e9riv\u00e9s : machine \u00e0 caf\u00e9, cha\u00eene hifi, <a href=\"https:\/\/www.auditsi.eu\/?p=6593\">voiture<\/a>, <a title=\"La Smart Watch, une invention des ann\u00e9es 80\" href=\"https:\/\/www.auditsi.eu\/?page_id=3291\">montre<\/a>, <a title=\"Mes machines \u00e0 calculer\" href=\"http:\/\/www.auditsi.eu\/?page_id=4507\">machine \u00e0 calculer<\/a>&#8230;<\/p>\n<div id=\"attachment_4624\" style=\"width: 467px\" class=\"wp-caption aligncenter\"><a href=\"https:\/\/www.auditsi.eu\/wp-content\/uploads\/2013\/10\/microprocesseur-caisse-enregistreuse.png\"><img loading=\"lazy\" decoding=\"async\" aria-describedby=\"caption-attachment-4624\" class=\"size-full wp-image-4624\" src=\"https:\/\/www.auditsi.eu\/wp-content\/uploads\/2013\/10\/microprocesseur-caisse-enregistreuse.png\" alt=\"Le microprocesseur se retrouve m\u00eame dans une caisse enregistreuse (Basic Plus)\" width=\"457\" height=\"339\" srcset=\"https:\/\/www.auditsi.eu\/wp-content\/uploads\/2013\/10\/microprocesseur-caisse-enregistreuse.png 457w, https:\/\/www.auditsi.eu\/wp-content\/uploads\/2013\/10\/microprocesseur-caisse-enregistreuse-300x222.png 300w\" sizes=\"auto, (max-width: 457px) 100vw, 457px\" \/><\/a><p id=\"caption-attachment-4624\" class=\"wp-caption-text\">Le microprocesseur se retrouve m\u00eame dans une caisse enregistreuse (Source : encyclop\u00e9die Basic Plus)<\/p><\/div>\n<p style=\"text-align: justify;\">Les jeux de soci\u00e9t\u00e9 et d&#8221;apprentissage n&#8217;\u00e9chappe pas au ph\u00e9nom\u00e8ne \u00e0 l&#8217;image de l&#8217;ordinateur &#8220;nouveau et performant&#8221; Super M\u00e9ga 10 000 produit par les Jeux Nathan.<\/p>\n<div id=\"attachment_4803\" style=\"width: 443px\" class=\"wp-caption aligncenter\"><a href=\"https:\/\/www.auditsi.eu\/wp-content\/uploads\/2013\/10\/Ordinateur-Super-Mega-10000.jpg\"><img loading=\"lazy\" decoding=\"async\" aria-describedby=\"caption-attachment-4803\" class=\"size-full wp-image-4803\" src=\"https:\/\/www.auditsi.eu\/wp-content\/uploads\/2013\/10\/Ordinateur-Super-Mega-10000.jpg\" alt=\"Ordinateur Super Mega 10 000 produit par Jeux Nathan (1984) : 10 livrets, 40 th\u00e8mes, 11600 questions !\" width=\"433\" height=\"513\" srcset=\"https:\/\/www.auditsi.eu\/wp-content\/uploads\/2013\/10\/Ordinateur-Super-Mega-10000.jpg 433w, https:\/\/www.auditsi.eu\/wp-content\/uploads\/2013\/10\/Ordinateur-Super-Mega-10000-253x300.jpg 253w\" sizes=\"auto, (max-width: 433px) 100vw, 433px\" \/><\/a><p id=\"caption-attachment-4803\" class=\"wp-caption-text\">Ordinateur Super Mega 10 000 produit par Jeux Nathan (1984) : 10 livrets, 40 th\u00e8mes, 11600 questions !<\/p><\/div>\n<p style=\"text-align: justify;\">La plupart des technologies que nous utilisons aujourd&#8217;hui ont \u00e9t\u00e9 invent\u00e9es entre les ann\u00e9es 40 et 80 (voire bien avant) : t\u00e9l\u00e9vision, t\u00e9l\u00e9phonie sans fil, 3D, LCD, stockage de donn\u00e9es sur supports laser (CD, DVD)&#8230; Ces technologies, tr\u00e8s co\u00fbteuses dans les ann\u00e9es 80, n&#8217;ont \u00e9t\u00e9 que perfectionn\u00e9es et industrialis\u00e9es par la suite.<\/p>\n<div id=\"attachment_5146\" style=\"width: 480px\" class=\"wp-caption aligncenter\"><a href=\"https:\/\/www.auditsi.eu\/wp-content\/uploads\/2013\/10\/TV-3D-PUCE-FM-MS-30-p17.jpg\"><img loading=\"lazy\" decoding=\"async\" aria-describedby=\"caption-attachment-5146\" class=\"size-full wp-image-5146\" src=\"https:\/\/www.auditsi.eu\/wp-content\/uploads\/2013\/10\/TV-3D-PUCE-FM-MS-30-p17.jpg\" alt=\"Les soci\u00e9t\u00e9s SABA et NORDMENSE annoncent la t\u00e9l\u00e9vision 3D et PHILIPS miniaturise la radio FM \u00e0 outrance (Micro-Syst\u00e8mes n\u00b0 30, avril 1983, page 17)\" width=\"470\" height=\"432\" srcset=\"https:\/\/www.auditsi.eu\/wp-content\/uploads\/2013\/10\/TV-3D-PUCE-FM-MS-30-p17.jpg 470w, https:\/\/www.auditsi.eu\/wp-content\/uploads\/2013\/10\/TV-3D-PUCE-FM-MS-30-p17-300x275.jpg 300w\" sizes=\"auto, (max-width: 470px) 100vw, 470px\" \/><\/a><p id=\"caption-attachment-5146\" class=\"wp-caption-text\">Les soci\u00e9t\u00e9s SABA et NORDMENSE annoncent la t\u00e9l\u00e9vision 3D et PHILIPS miniaturise la radio FM \u00e0 outrance (Micro-Syst\u00e8mes n\u00b0 30, avril 1983, page 17)<\/p><\/div>\n<div id=\"attachment_5169\" style=\"width: 420px\" class=\"wp-caption aligncenter\"><a href=\"https:\/\/www.auditsi.eu\/wp-content\/uploads\/2013\/10\/JEUX-3D-MS-21-06-1983-p21.jpg\"><img loading=\"lazy\" decoding=\"async\" aria-describedby=\"caption-attachment-5169\" class=\"size-full wp-image-5169\" src=\"https:\/\/www.auditsi.eu\/wp-content\/uploads\/2013\/10\/JEUX-3D-MS-21-06-1983-p21.jpg\" alt=\"Au coeur de l'action dans la troisi\u00e8me dimension, les jeux vid\u00e9o de caf\u00e9 3D selon SEGA, Micro-Syst\u00e8mes n\u00b0 21 (juin 1983), p. 21\" width=\"410\" height=\"640\" srcset=\"https:\/\/www.auditsi.eu\/wp-content\/uploads\/2013\/10\/JEUX-3D-MS-21-06-1983-p21.jpg 410w, https:\/\/www.auditsi.eu\/wp-content\/uploads\/2013\/10\/JEUX-3D-MS-21-06-1983-p21-192x300.jpg 192w\" sizes=\"auto, (max-width: 410px) 100vw, 410px\" \/><\/a><p id=\"caption-attachment-5169\" class=\"wp-caption-text\">Au coeur de l&#8217;action dans la troisi\u00e8me dimension, les jeux vid\u00e9o de caf\u00e9 3D selon SEGA, Micro-Syst\u00e8mes n\u00b0 21 (juin 1983), p. 21<\/p><\/div>\n<p style=\"text-align: justify;\">Ce processus a notamment concern\u00e9 les voitures : contr\u00f4le de l&#8217;injection, t\u00e9moins d&#8217;\u00e9tat (jauge carburant&#8230;) jusqu&#8217;\u00e0 l&#8217;<a href=\"https:\/\/www.auditsi.eu\/?p=6593\">assistance \u00e0 la conduite<\/a>.<\/p>\n<div id=\"attachment_7804\" style=\"width: 999px\" class=\"wp-caption aligncenter\"><a href=\"https:\/\/www.auditsi.eu\/?attachment_id=7804\" rel=\"attachment wp-att-7804\"><img loading=\"lazy\" decoding=\"async\" aria-describedby=\"caption-attachment-7804\" class=\"size-full wp-image-7804\" src=\"https:\/\/www.auditsi.eu\/wp-content\/uploads\/2018\/12\/205-la-bombe-Micro7-15-04-1984-p.18.jpg\" alt=\"205, la bombe bombe fran\u00e7aise (Micro 7 n\u00b0 15, avril 1984, p. 18) : injection \u00e9lectronique L Jetronic avec gestion par microprocesseur\" width=\"989\" height=\"1659\" srcset=\"https:\/\/www.auditsi.eu\/wp-content\/uploads\/2018\/12\/205-la-bombe-Micro7-15-04-1984-p.18.jpg 989w, https:\/\/www.auditsi.eu\/wp-content\/uploads\/2018\/12\/205-la-bombe-Micro7-15-04-1984-p.18-179x300.jpg 179w, https:\/\/www.auditsi.eu\/wp-content\/uploads\/2018\/12\/205-la-bombe-Micro7-15-04-1984-p.18-768x1288.jpg 768w, https:\/\/www.auditsi.eu\/wp-content\/uploads\/2018\/12\/205-la-bombe-Micro7-15-04-1984-p.18-610x1024.jpg 610w, https:\/\/www.auditsi.eu\/wp-content\/uploads\/2018\/12\/205-la-bombe-Micro7-15-04-1984-p.18-730x1225.jpg 730w\" sizes=\"auto, (max-width: 989px) 100vw, 989px\" \/><\/a><p id=\"caption-attachment-7804\" class=\"wp-caption-text\">Peugeot 205, la bombe bombe fran\u00e7aise (Micro 7 n\u00b0 15, avril 1984, p. 18) : injection \u00e9lectronique L Jetronic avec gestion par microprocesseur<\/p><\/div>\n<div id=\"attachment_5176\" style=\"width: 440px\" class=\"wp-caption aligncenter\"><a href=\"https:\/\/www.auditsi.eu\/wp-content\/uploads\/2013\/10\/NRV-II-NISSAN-MS-36-11-1983-P27.jpg\"><img loading=\"lazy\" decoding=\"async\" aria-describedby=\"caption-attachment-5176\" class=\" wp-image-5176\" src=\"https:\/\/www.auditsi.eu\/wp-content\/uploads\/2013\/10\/NRV-II-NISSAN-MS-36-11-1983-P27.jpg\" alt=\"Automobile : le Japon dans la course au futur... Apr\u00e8s Ford et Renault, Nissan joue la carte de l'an 2000 avec NRV II, Micro-Syst\u00e8mes n\u00b0 36 (novembre 1983), p. 27\" width=\"430\" height=\"490\" srcset=\"https:\/\/www.auditsi.eu\/wp-content\/uploads\/2013\/10\/NRV-II-NISSAN-MS-36-11-1983-P27.jpg 600w, https:\/\/www.auditsi.eu\/wp-content\/uploads\/2013\/10\/NRV-II-NISSAN-MS-36-11-1983-P27-263x300.jpg 263w\" sizes=\"auto, (max-width: 430px) 100vw, 430px\" \/><\/a><p id=\"caption-attachment-5176\" class=\"wp-caption-text\">Automobile : le Japon dans la course au futur&#8230; Apr\u00e8s Ford et Renault, Nissan joue la carte de l&#8217;an 2000 avec NRV II, Micro-Syst\u00e8mes n\u00b0 36 (novembre 1983), p. 27<\/p><\/div>\n<p>L&#8217;informatique simplifie la vie du quotidien et facilite l&#8217;int\u00e9gration des personnes handicap\u00e9es :<\/p>\n<div id=\"attachment_7851\" style=\"width: 531px\" class=\"wp-caption aligncenter\"><a href=\"https:\/\/www.auditsi.eu\/?attachment_id=7851\" rel=\"attachment wp-att-7851\"><img loading=\"lazy\" decoding=\"async\" aria-describedby=\"caption-attachment-7851\" class=\"size-full wp-image-7851\" src=\"https:\/\/www.auditsi.eu\/wp-content\/uploads\/2019\/01\/Un-poste-de-travail-pour-aveugles-SVM-23-12-1985-p20.jpg\" alt=\"Un poste de travail pour aveugles (SVM n\u00b0 23 12\/1985, p. 20)\" width=\"521\" height=\"1287\" srcset=\"https:\/\/www.auditsi.eu\/wp-content\/uploads\/2019\/01\/Un-poste-de-travail-pour-aveugles-SVM-23-12-1985-p20.jpg 521w, https:\/\/www.auditsi.eu\/wp-content\/uploads\/2019\/01\/Un-poste-de-travail-pour-aveugles-SVM-23-12-1985-p20-121x300.jpg 121w, https:\/\/www.auditsi.eu\/wp-content\/uploads\/2019\/01\/Un-poste-de-travail-pour-aveugles-SVM-23-12-1985-p20-415x1024.jpg 415w\" sizes=\"auto, (max-width: 521px) 100vw, 521px\" \/><\/a><p id=\"caption-attachment-7851\" class=\"wp-caption-text\">Un poste de travail pour aveugles (SVM n\u00b0 23 12\/1985, p. 20)<\/p><\/div>\n<p>S\u00e9lection d\u2019articles sur le sujet :<\/p>\n<ul>\n<li>Introduction des micro-processeurs dans l&#8217;\u00e9lectronique automobile, Micro-Syst\u00e8mes n\u00b0 3 (janvier-f\u00e9vrier 1979), p. 9<\/li>\n<li>Volvo : voiture et ordinateur, Micro-Syst\u00e8mes n\u00b0 13 (septembre-octobre 1980), p. 37 : ce concept-car de Volvo est dot\u00e9 d&#8217;un micro-processeur qui assure le suivi des principaux \u00e9l\u00e9ments vitaux de la voiture : temp\u00e9rature du moteur, pression des pneus&#8230; Ces informations s&#8217;affichent sur deux \u00e9crans cathodiques situ\u00e9s au niveau du tableau de bord.<\/li>\n<li>Un ordinateur sur votre bicyclette, Science &amp; Vie n\u00b0 757 (octobre 1980), p. 157<\/li>\n<li>15 microprocesseurs dans une voiture, des machines \u00e0 coudre qui savent \u00e9crire&#8230;, Micro-Syst\u00e8mes n\u00b0 17 (mai-juin 1981), p. 46<\/li>\n<li>Une Renault 5 informatis\u00e9e, Micro-Syst\u00e8mes n\u00b0 21 (janvier-f\u00e9vrier 1982), p. 46 : petit bijou de technicit\u00e9 au services des handicap\u00e9s physiques, cette R5 informatis\u00e9e con\u00e7ue par Kempf Equipement permet aux personnes priv\u00e9es de l&#8217;usage de leurs bras de conduire. Un syst\u00e8me de reconnaissance de la parole mis au point par Siemens actionne les commandes de la voiture : d\u00e9marrage du moteur, changement de vitesse&#8230;<\/li>\n<li>Un bison fut\u00e9 \u00e9lectronique, Micro-Syst\u00e8mes n\u00b0 22 (mars-avril 1982), p. 49 : Honda installera bien un &#8220;bison fut\u00e9 \u00e9lectronique&#8221; dans ses voitures : il s&#8217;agit d&#8217;un syst\u00e8me offrant la possibilit\u00e9, gr\u00e2ce \u00e0 un \u00e9cran sur le tableau de bord, de se diriger et de visualiser le chemin parcouru.<\/li>\n<li>Automobile : le Japon dans la course au futur, Micro-Syst\u00e8mes n\u00b0 36 (novembre 1983), p. 27 : apr\u00e8s Ford et Renault, Nissan joue la carte &#8211; routi\u00e8re &#8211; de l&#8217;an 2000&#8230; avec sa NRV II. Ce v\u00e9hicule surveille le conducteur et traque sa moindre d\u00e9faillance. Un synth\u00e9tiseur vocal rappelle le conducteur \u00e0 l&#8217;ordre. Bien entendu, les cartes routi\u00e8res s&#8217;affichent sur le tableau de bord avec synth\u00e8se vocale&#8230;<\/li>\n<li>Publicit\u00e9 pour la Renault 11 Electronic (1985) : pour 65 800 Francs, la Renault 11 Electronic est dot\u00e9e d&#8217;un ordinateur de bord avec voix de synth\u00e8se et affichage num\u00e9rique : \u00e9clairage d\u00e9fectueux, manque d&#8217;essence, temp\u00e9rature&#8230; le conducteur est assist\u00e9 en permanence&#8230; Mieux que K2000 !<\/li>\n<li>Au service des handicap\u00e9s, Science &amp; Vie Micro n\u00b0 68 (janvier 1990), p. 161<\/li>\n<\/ul>\n<p>Approfondir le sujet :<br \/>\n<a title=\"L'informatique des ann\u00e9es 80\" href=\"http:\/\/www.auditsi.eu\/?page_id=2119\">L\u2019informatique des ann\u00e9es 80<\/a> \/ <a title=\"Ma collection\" href=\"http:\/\/www.auditsi.eu\/?page_id=1983\">Ma collection<\/a> \/ <a title=\"Ma documentation\" href=\"http:\/\/www.auditsi.eu\/?page_id=3930\">Ma documentation<\/a><\/p>\n<div style=\"padding-bottom:20px; padding-top:10px;\" class=\"hupso-share-buttons\"><!-- Hupso Share Buttons - https:\/\/www.hupso.com\/share\/ --><a class=\"hupso_counters\" href=\"https:\/\/www.hupso.com\/share\/\"><img decoding=\"async\" src=\"https:\/\/static.hupso.com\/share\/buttons\/lang\/fr\/share-small.png\" style=\"border:0px; padding-top:2px; float:left;\" alt=\"Share Button\"\/><\/a><script type=\"text\/javascript\">var hupso_services_c=new Array(\"twitter\",\"facebook_like\",\"facebook_send\",\"email\",\"print\",\"linkedin\");var hupso_counters_lang = \"fr_FR\";var hupso_image_folder_url = \"\";var hupso_twitter_via=\"BenoitRiviere14\";var hupso_url_c=\"\";var hupso_title_c=\"Les%20micro-processeurs%20envahissent%20notre%20quotidien\";<\/script><script type=\"text\/javascript\" src=\"https:\/\/static.hupso.com\/share\/js\/counters.js\"><\/script><!-- Hupso Share Buttons --><\/div>","protected":false},"excerpt":{"rendered":"<p>La miniaturisation et la baisse du co\u00fbt de fabrication des composants \u00e9lectroniques a entra\u00een\u00e9 un d\u00e9veloppement sans fin de leur utilisation. Au point qu&#8217;aujourd&#8217;hui, la plupart des objets de la vie courante contiennent un micro-processeur ou un de ses d\u00e9riv\u00e9s : machine \u00e0 caf\u00e9, cha\u00eene hifi, voiture, montre, machine \u00e0 calculer&#8230; Les jeux de soci\u00e9t\u00e9 &#8230;<\/p>\n<p><a href=\"https:\/\/www.auditsi.eu\/?page_id=3776\" class=\"more-link\">Continue reading &lsquo;Les micro-processeurs envahissent notre quotidien&rsquo; &raquo;<\/a><\/p>\n<div style=\"padding-bottom:20px; padding-top:10px;\" class=\"hupso-share-buttons\"><!-- Hupso Share Buttons - https:\/\/www.hupso.com\/share\/ --><a class=\"hupso_counters\" href=\"https:\/\/www.hupso.com\/share\/\"><img src=\"https:\/\/static.hupso.com\/share\/buttons\/lang\/fr\/share-small.png\" style=\"border:0px; padding-top:2px; float:left;\" alt=\"Share Button\"\/><\/a><script type=\"text\/javascript\">var hupso_services_c=new Array(\"twitter\",\"facebook_like\",\"facebook_send\",\"email\",\"print\",\"linkedin\");var hupso_counters_lang = \"fr_FR\";var hupso_image_folder_url = \"\";var hupso_twitter_via=\"BenoitRiviere14\";var hupso_url_c=\"\";var hupso_title_c=\"Les%20micro-processeurs%20envahissent%20notre%20quotidien\";<\/script><script type=\"text\/javascript\" src=\"https:\/\/static.hupso.com\/share\/js\/counters.js\"><\/script><!-- Hupso Share Buttons --><\/div>","protected":false},"author":1,"featured_media":0,"parent":0,"menu_order":0,"comment_status":"open","ping_status":"open","template":"","meta":{"advanced_seo_description":"","jetpack_seo_html_title":"","jetpack_seo_noindex":false,"ngg_post_thumbnail":0,"footnotes":"","_links_to":"","_links_to_target":""},"class_list":["post-3776","page","type-page","status-publish","hentry"],"jetpack_sharing_enabled":true,"jetpack_likes_enabled":false,"_links":{"self":[{"href":"https:\/\/www.auditsi.eu\/index.php?rest_route=\/wp\/v2\/pages\/3776","targetHints":{"allow":["GET"]}}],"collection":[{"href":"https:\/\/www.auditsi.eu\/index.php?rest_route=\/wp\/v2\/pages"}],"about":[{"href":"https:\/\/www.auditsi.eu\/index.php?rest_route=\/wp\/v2\/types\/page"}],"author":[{"embeddable":true,"href":"https:\/\/www.auditsi.eu\/index.php?rest_route=\/wp\/v2\/users\/1"}],"replies":[{"embeddable":true,"href":"https:\/\/www.auditsi.eu\/index.php?rest_route=%2Fwp%2Fv2%2Fcomments&post=3776"}],"version-history":[{"count":23,"href":"https:\/\/www.auditsi.eu\/index.php?rest_route=\/wp\/v2\/pages\/3776\/revisions"}],"predecessor-version":[{"id":9221,"href":"https:\/\/www.auditsi.eu\/index.php?rest_route=\/wp\/v2\/pages\/3776\/revisions\/9221"}],"wp:attachment":[{"href":"https:\/\/www.auditsi.eu\/index.php?rest_route=%2Fwp%2Fv2%2Fmedia&parent=3776"}],"curies":[{"name":"wp","href":"https:\/\/api.w.org\/{rel}","templated":true}]}}