{"id":3740,"date":"2013-10-12T15:39:40","date_gmt":"2013-10-12T13:39:40","guid":{"rendered":"http:\/\/www.auditsi.eu\/?page_id=3740"},"modified":"2014-08-26T23:39:06","modified_gmt":"2014-08-26T21:39:06","slug":"ecran-informatique","status":"publish","type":"page","link":"https:\/\/www.auditsi.eu\/?page_id=3740","title":{"rendered":"Ecran informatique"},"content":{"rendered":"<p style=\"text-align: justify;\">La communication homme-machine s&#8217;effectue \u00e0 l&#8217;aide de diff\u00e9rents vecteurs : le clavier et la souris pour donner des informations \u00e0 la machine et la machine r\u00e9pond \u00e0 l&#8217;aide d&#8217;un \u00e9cran. Au d\u00e9part cathodique, l&#8217;\u00e9cran est maintenant LCD&#8230;<\/p>\n<div id=\"attachment_3284\" style=\"width: 459px\" class=\"wp-caption aligncenter\"><a href=\"https:\/\/www.auditsi.eu\/wp-content\/uploads\/2013\/04\/MS-25-ANTICIPATION-LCD.jpg\"><img loading=\"lazy\" decoding=\"async\" aria-describedby=\"caption-attachment-3284\" class=\"size-full wp-image-3284\" src=\"https:\/\/www.auditsi.eu\/wp-content\/uploads\/2013\/04\/MS-25-ANTICIPATION-LCD.jpg\" alt=\"&quot;Les \u00e9crans plats \u00e9lectroluminescents devraient remplacer, dans un proche avenir, la plupart des tubes cathodiques des ordinateurs et peut-\u00eatre ceux de nos t\u00e9l\u00e9viseurs...&quot; (Micro Syst\u00e8mes n\u00b0 25, septembre-octobre 1982, page 145)\" width=\"449\" height=\"252\" srcset=\"https:\/\/www.auditsi.eu\/wp-content\/uploads\/2013\/04\/MS-25-ANTICIPATION-LCD.jpg 449w, https:\/\/www.auditsi.eu\/wp-content\/uploads\/2013\/04\/MS-25-ANTICIPATION-LCD-300x168.jpg 300w\" sizes=\"auto, (max-width: 449px) 100vw, 449px\" \/><\/a><p id=\"caption-attachment-3284\" class=\"wp-caption-text\">&#8220;Les \u00e9crans plats \u00e9lectroluminescents devraient remplacer, dans un proche avenir, la plupart des tubes cathodiques des ordinateurs et peut-\u00eatre ceux de nos t\u00e9l\u00e9viseurs&#8230;&#8221; (Micro Syst\u00e8mes n\u00b0 25, septembre-octobre 1982, page 145)<\/p><\/div>\n<p>S\u00e9lection d\u2019articles sur le sujet :<\/p>\n<ul>\n<li>Les principes de la visualisation, Micro-Syst\u00e8mes n\u00b0 6 (juillet-ao\u00fbt 1979), p. 47<\/li>\n<li>Vid\u00e9odisques et \u00e9crans plats : deux p\u00e9riph\u00e9riques du futur, Micro-Syst\u00e8mes n\u00b0 18 (juillet-ao\u00fbt 1981), p. 96<\/li>\n<li>Cristaux liquides : la couleur pour les \u00e9crans plats, L&#8217;Ordinateur Individuel n\u00b0 87 (d\u00e9cembre 1986), p. 140 : des \u00e9crans plats et en couleur pour le Minitel, les ordinateurs portables et la TV de demain : les cristaux liquides sont de vieilles connaissances. Avec un fort potentiel de d\u00e9couvertes scientifiques. Qui se heurtent toutefois au monde industriel impitoyable.<\/li>\n<\/ul>\n<p style=\"text-align: justify;\"><span style=\"font-size: small;\"><em>Les photos d\u2019illustration sont issues de ma <a title=\"Ma collection\" href=\"http:\/\/www.auditsi.eu\/?page_id=1983\">collection personnelle<\/a>.<\/em><\/span><\/p>\n<p style=\"text-align: justify;\">Approfondir le sujet :<br \/>\n<a title=\"L'informatique des ann\u00e9es 80\" href=\"http:\/\/www.auditsi.eu\/?page_id=2119\">L\u2019informatique des ann\u00e9es 80<\/a> \/ <a title=\"Ma collection\" href=\"http:\/\/www.auditsi.eu\/?page_id=1983\">Ma collection<\/a> \/ <a title=\"Ma documentation\" href=\"http:\/\/www.auditsi.eu\/?page_id=3930\">Ma documentation<\/a> \/ <a title=\"Quelques id\u00e9es de lecture pour en savoir plus\" href=\"http:\/\/www.auditsi.eu\/?page_id=4631\">Quelques id\u00e9es de lecture<\/a><\/p>\n<div style=\"padding-bottom:20px; padding-top:10px;\" class=\"hupso-share-buttons\"><!-- Hupso Share Buttons - https:\/\/www.hupso.com\/share\/ --><a class=\"hupso_counters\" href=\"https:\/\/www.hupso.com\/share\/\"><img decoding=\"async\" src=\"https:\/\/static.hupso.com\/share\/buttons\/lang\/fr\/share-small.png\" style=\"border:0px; padding-top:2px; float:left;\" alt=\"Share Button\"\/><\/a><script type=\"text\/javascript\">var hupso_services_c=new Array(\"twitter\",\"facebook_like\",\"facebook_send\",\"email\",\"print\",\"linkedin\");var hupso_counters_lang = \"fr_FR\";var hupso_image_folder_url = \"\";var hupso_twitter_via=\"BenoitRiviere14\";var hupso_url_c=\"\";var hupso_title_c=\"Ecran%20informatique\";<\/script><script type=\"text\/javascript\" src=\"https:\/\/static.hupso.com\/share\/js\/counters.js\"><\/script><!-- Hupso Share Buttons --><\/div>","protected":false},"excerpt":{"rendered":"<p>La communication homme-machine s&#8217;effectue \u00e0 l&#8217;aide de diff\u00e9rents vecteurs : le clavier et la souris pour donner des informations \u00e0 la machine et la machine r\u00e9pond \u00e0 l&#8217;aide d&#8217;un \u00e9cran. Au d\u00e9part cathodique, l&#8217;\u00e9cran est maintenant LCD&#8230; S\u00e9lection d\u2019articles sur le sujet : Les principes de la visualisation, Micro-Syst\u00e8mes n\u00b0 6 (juillet-ao\u00fbt 1979), p. 47 &#8230;<\/p>\n<p><a href=\"https:\/\/www.auditsi.eu\/?page_id=3740\" class=\"more-link\">Continue reading &lsquo;Ecran informatique&rsquo; &raquo;<\/a><\/p>\n<div style=\"padding-bottom:20px; padding-top:10px;\" class=\"hupso-share-buttons\"><!-- Hupso Share Buttons - https:\/\/www.hupso.com\/share\/ --><a class=\"hupso_counters\" href=\"https:\/\/www.hupso.com\/share\/\"><img src=\"https:\/\/static.hupso.com\/share\/buttons\/lang\/fr\/share-small.png\" style=\"border:0px; padding-top:2px; float:left;\" alt=\"Share Button\"\/><\/a><script type=\"text\/javascript\">var hupso_services_c=new Array(\"twitter\",\"facebook_like\",\"facebook_send\",\"email\",\"print\",\"linkedin\");var hupso_counters_lang = \"fr_FR\";var hupso_image_folder_url = \"\";var hupso_twitter_via=\"BenoitRiviere14\";var hupso_url_c=\"\";var hupso_title_c=\"Ecran%20informatique\";<\/script><script type=\"text\/javascript\" src=\"https:\/\/static.hupso.com\/share\/js\/counters.js\"><\/script><!-- Hupso Share Buttons --><\/div>","protected":false},"author":1,"featured_media":0,"parent":0,"menu_order":0,"comment_status":"open","ping_status":"open","template":"","meta":{"advanced_seo_description":"","jetpack_seo_html_title":"","jetpack_seo_noindex":false,"ngg_post_thumbnail":0,"footnotes":"","_links_to":"","_links_to_target":""},"class_list":["post-3740","page","type-page","status-publish","hentry"],"jetpack_sharing_enabled":true,"jetpack_likes_enabled":false,"_links":{"self":[{"href":"https:\/\/www.auditsi.eu\/index.php?rest_route=\/wp\/v2\/pages\/3740","targetHints":{"allow":["GET"]}}],"collection":[{"href":"https:\/\/www.auditsi.eu\/index.php?rest_route=\/wp\/v2\/pages"}],"about":[{"href":"https:\/\/www.auditsi.eu\/index.php?rest_route=\/wp\/v2\/types\/page"}],"author":[{"embeddable":true,"href":"https:\/\/www.auditsi.eu\/index.php?rest_route=\/wp\/v2\/users\/1"}],"replies":[{"embeddable":true,"href":"https:\/\/www.auditsi.eu\/index.php?rest_route=%2Fwp%2Fv2%2Fcomments&post=3740"}],"version-history":[{"count":6,"href":"https:\/\/www.auditsi.eu\/index.php?rest_route=\/wp\/v2\/pages\/3740\/revisions"}],"predecessor-version":[{"id":5289,"href":"https:\/\/www.auditsi.eu\/index.php?rest_route=\/wp\/v2\/pages\/3740\/revisions\/5289"}],"wp:attachment":[{"href":"https:\/\/www.auditsi.eu\/index.php?rest_route=%2Fwp%2Fv2%2Fmedia&parent=3740"}],"curies":[{"name":"wp","href":"https:\/\/api.w.org\/{rel}","templated":true}]}}