{"id":3728,"date":"2013-10-12T13:53:07","date_gmt":"2013-10-12T11:53:07","guid":{"rendered":"http:\/\/www.auditsi.eu\/?page_id=3728"},"modified":"2014-08-28T13:15:17","modified_gmt":"2014-08-28T11:15:17","slug":"la-cybernetique-la-fin-de-lhumanite","status":"publish","type":"page","link":"https:\/\/www.auditsi.eu\/?page_id=3728","title":{"rendered":"La cybern\u00e9tique : la fin de l&#8217;humanit\u00e9 ?"},"content":{"rendered":"<p style=\"text-align: justify;\">La cybern\u00e9tique est une science effrayante en soi puisqu&#8217;elle permet d&#8217;entrevoir une soci\u00e9t\u00e9 o\u00f9 les machines, auto-r\u00e9gul\u00e9es voire auto-produites, n&#8217;ont plus besoin de l&#8217;homme pour exister. Si l&#8217;id\u00e9e de d\u00e9part s\u00e9duit (les machines aident l&#8217;homme dans son quotidien en ex\u00e9cutant des t\u00e2ches m\u00e9nag\u00e8res par exemple), la d\u00e9shumanisation du monde qui s&#8217;en suit fait froid dans le dos : l&#8217;homme ne tisse plus de relations avec d&#8217;autres hommes mais dialogue avec des machines.\u00a0 Et si un jour, ces machines prenaient le pouvoir ?<\/p>\n<p style=\"text-align: justify;\">Science-fiction ? R\u00e9fl\u00e9chissez quelques instants \u00e0 votre vie quotidienne : courses sur internet, distributeurs automatiques de billet, caisses automatiques (p\u00e9ages, magasins, cin\u00e9ma&#8230;)&#8230; La d\u00e9shumanisation du monde est en marche !<\/p>\n<p style=\"text-align: justify;\">Heureusement, avec les trois lois d&#8217;Asimov, les robots ne peuvent pas s&#8217;en prendre \u00e0 l&#8217;homme !<\/p>\n<div id=\"attachment_5167\" style=\"width: 195px\" class=\"wp-caption aligncenter\"><a href=\"https:\/\/www.auditsi.eu\/wp-content\/uploads\/2013\/10\/3-LOIS-ASIMOV-ROBOTIQUE-MS-33-07-08-1983.jpg\"><img loading=\"lazy\" decoding=\"async\" aria-describedby=\"caption-attachment-5167\" class=\"size-full wp-image-5167\" src=\"https:\/\/www.auditsi.eu\/wp-content\/uploads\/2013\/10\/3-LOIS-ASIMOV-ROBOTIQUE-MS-33-07-08-1983.jpg\" alt=\"Les trois lois fondamentales d'Asimov pour la robotique sont publi\u00e9es en 1957 dans le livre &quot;I, Robot, Micro-Syst\u00e8mes n\u00b0 33 (juillet-ao\u00fbt 1983), p. 151\" width=\"185\" height=\"640\" \/><\/a><p id=\"caption-attachment-5167\" class=\"wp-caption-text\">Les trois lois fondamentales d&#8217;Asimov pour la robotique sont publi\u00e9es en 1957 dans le livre &#8220;I, Robot, Micro-Syst\u00e8mes n\u00b0 33 (juillet-ao\u00fbt 1983), p. 151<\/p><\/div>\n<p>S\u00e9lection d\u2019articles sur le sujet :<\/p>\n<ul>\n<li>Cybern\u00e9tique : applications fondamentales, Micro-Syst\u00e8mes n\u00b0 5 (mai-juin 1979), p. 89 : la cybern\u00e9tisation ou informatisation de la soci\u00e9t\u00e9 est le d\u00e9but de la fin de l&#8217;individu. &#8220;La premi\u00e8re machine sup\u00e9rieurement intelligente sera n\u00e9cessairement la derni\u00e8re invention de l&#8217;homme, pourvu qu&#8217;elle soit assez docile pour se laisser contr\u00f4ler par lui !&#8221; (Irving John Good, Advances in Computers).<\/li>\n<li>Cybern\u00e9tique : Robots, automates programmables, syst\u00e8mes dynamiques et th\u00e9orie des syst\u00e8mes, Micro-Syst\u00e8mes n\u00b0 6 (juillet-ao\u00fbt 1979), p. 95<\/li>\n<\/ul>\n<p>Approfondir le sujet :<br \/>\n<a title=\"L'informatique des ann\u00e9es 80\" href=\"http:\/\/www.auditsi.eu\/?page_id=2119\">L&#8217;informatique des ann\u00e9es 80<\/a> \/ <a title=\"Ma collection\" href=\"http:\/\/www.auditsi.eu\/?page_id=1983\">Ma collection<\/a> \/ <a title=\"Ma documentation\" href=\"http:\/\/www.auditsi.eu\/?page_id=3930\">Ma documentation<\/a><\/p>\n<div style=\"padding-bottom:20px; padding-top:10px;\" class=\"hupso-share-buttons\"><!-- Hupso Share Buttons - https:\/\/www.hupso.com\/share\/ --><a class=\"hupso_counters\" href=\"https:\/\/www.hupso.com\/share\/\"><img decoding=\"async\" src=\"https:\/\/static.hupso.com\/share\/buttons\/lang\/fr\/share-small.png\" style=\"border:0px; padding-top:2px; float:left;\" alt=\"Share Button\"\/><\/a><script type=\"text\/javascript\">var hupso_services_c=new Array(\"twitter\",\"facebook_like\",\"facebook_send\",\"email\",\"print\",\"linkedin\");var hupso_counters_lang = \"fr_FR\";var hupso_image_folder_url = \"\";var hupso_twitter_via=\"BenoitRiviere14\";var hupso_url_c=\"\";var hupso_title_c=\"La%20cybern%C3%A9tique%20%3A%20la%20fin%20de%20l%27humanit%C3%A9%20%3F\";<\/script><script type=\"text\/javascript\" src=\"https:\/\/static.hupso.com\/share\/js\/counters.js\"><\/script><!-- Hupso Share Buttons --><\/div>","protected":false},"excerpt":{"rendered":"<p>La cybern\u00e9tique est une science effrayante en soi puisqu&#8217;elle permet d&#8217;entrevoir une soci\u00e9t\u00e9 o\u00f9 les machines, auto-r\u00e9gul\u00e9es voire auto-produites, n&#8217;ont plus besoin de l&#8217;homme pour exister. Si l&#8217;id\u00e9e de d\u00e9part s\u00e9duit (les machines aident l&#8217;homme dans son quotidien en ex\u00e9cutant des t\u00e2ches m\u00e9nag\u00e8res par exemple), la d\u00e9shumanisation du monde qui s&#8217;en suit fait froid dans &#8230;<\/p>\n<p><a href=\"https:\/\/www.auditsi.eu\/?page_id=3728\" class=\"more-link\">Continue reading &lsquo;La cybern\u00e9tique : la fin de l&#8217;humanit\u00e9 ?&rsquo; &raquo;<\/a><\/p>\n<div style=\"padding-bottom:20px; padding-top:10px;\" class=\"hupso-share-buttons\"><!-- Hupso Share Buttons - https:\/\/www.hupso.com\/share\/ --><a class=\"hupso_counters\" href=\"https:\/\/www.hupso.com\/share\/\"><img src=\"https:\/\/static.hupso.com\/share\/buttons\/lang\/fr\/share-small.png\" style=\"border:0px; padding-top:2px; float:left;\" alt=\"Share Button\"\/><\/a><script type=\"text\/javascript\">var hupso_services_c=new Array(\"twitter\",\"facebook_like\",\"facebook_send\",\"email\",\"print\",\"linkedin\");var hupso_counters_lang = \"fr_FR\";var hupso_image_folder_url = \"\";var hupso_twitter_via=\"BenoitRiviere14\";var hupso_url_c=\"\";var hupso_title_c=\"La%20cybern%C3%A9tique%20%3A%20la%20fin%20de%20l%27humanit%C3%A9%20%3F\";<\/script><script type=\"text\/javascript\" src=\"https:\/\/static.hupso.com\/share\/js\/counters.js\"><\/script><!-- Hupso Share Buttons --><\/div>","protected":false},"author":1,"featured_media":0,"parent":0,"menu_order":0,"comment_status":"open","ping_status":"open","template":"","meta":{"advanced_seo_description":"","jetpack_seo_html_title":"","jetpack_seo_noindex":false,"ngg_post_thumbnail":0,"footnotes":"","_links_to":"","_links_to_target":""},"class_list":["post-3728","page","type-page","status-publish","hentry"],"jetpack_sharing_enabled":true,"jetpack_likes_enabled":false,"_links":{"self":[{"href":"https:\/\/www.auditsi.eu\/index.php?rest_route=\/wp\/v2\/pages\/3728","targetHints":{"allow":["GET"]}}],"collection":[{"href":"https:\/\/www.auditsi.eu\/index.php?rest_route=\/wp\/v2\/pages"}],"about":[{"href":"https:\/\/www.auditsi.eu\/index.php?rest_route=\/wp\/v2\/types\/page"}],"author":[{"embeddable":true,"href":"https:\/\/www.auditsi.eu\/index.php?rest_route=\/wp\/v2\/users\/1"}],"replies":[{"embeddable":true,"href":"https:\/\/www.auditsi.eu\/index.php?rest_route=%2Fwp%2Fv2%2Fcomments&post=3728"}],"version-history":[{"count":5,"href":"https:\/\/www.auditsi.eu\/index.php?rest_route=\/wp\/v2\/pages\/3728\/revisions"}],"predecessor-version":[{"id":5316,"href":"https:\/\/www.auditsi.eu\/index.php?rest_route=\/wp\/v2\/pages\/3728\/revisions\/5316"}],"wp:attachment":[{"href":"https:\/\/www.auditsi.eu\/index.php?rest_route=%2Fwp%2Fv2%2Fmedia&parent=3728"}],"curies":[{"name":"wp","href":"https:\/\/api.w.org\/{rel}","templated":true}]}}