{"id":3703,"date":"2013-10-06T22:36:51","date_gmt":"2013-10-06T20:36:51","guid":{"rendered":"http:\/\/www.auditsi.eu\/?page_id=3703"},"modified":"2014-03-02T13:28:15","modified_gmt":"2014-03-02T11:28:15","slug":"alea-et-hasard","status":"publish","type":"page","link":"https:\/\/www.auditsi.eu\/?page_id=3703","title":{"rendered":"Al\u00e9a et hasard"},"content":{"rendered":"<p>Y-a-t-il une place au hasard ?<\/p>\n<p style=\"text-align: justify;\">En informatique, le hasard n&#8217;existe pas, pas plus que les nombres al\u00e9atoires. En effet, la fonction &#8220;random&#8221; ne renvoie qu&#8217;un nombre pseudo al\u00e9atoire pioch\u00e9 dans une table&#8230; L&#8217;ordinateur ne fait que simuler le hasard.<\/p>\n<p>S\u00e9lection d\u2019articles sur le sujet :<\/p>\n<ul>\n<li>Micro-ordinateurs et nombres al\u00e9atoires, Micro-Syst\u00e8mes n\u00b0 15 (janvier-f\u00e9vrier 1981), p. 71 : les nombres engendr\u00e9s par les machines sont qualifi\u00e9s de pseudo-al\u00e9atoires car ils sont issus d&#8217;un calcul qui conduit toujours au m\u00eame r\u00e9sultat<\/li>\n<li>Casino, Soft &amp; Micro n\u00b0 21 (juillet-ao\u00fbt 1986), p. 118 : le programme Casino permet de calculer les possibilit\u00e9s de gain aux principaux jeux de casino (roulette fran\u00e7aise et am\u00e9ricaine, boule black jack, craps), simuler une martingale, s&#8217;exercer aux jeux de loteries et bingo.<\/li>\n<\/ul>\n<p>Approfondir le sujet :<br \/>\n<a title=\"L'informatique des ann\u00e9es 80\" href=\"http:\/\/www.auditsi.eu\/?page_id=2119\">L\u2019informatique des ann\u00e9es 80<\/a> \/ <a title=\"Ma collection\" href=\"http:\/\/www.auditsi.eu\/?page_id=1983\">Ma collection<\/a> \/ <a title=\"Ma documentation\" href=\"http:\/\/www.auditsi.eu\/?page_id=3930\">Ma documentation<\/a><\/p>\n<div style=\"padding-bottom:20px; padding-top:10px;\" class=\"hupso-share-buttons\"><!-- Hupso Share Buttons - https:\/\/www.hupso.com\/share\/ --><a class=\"hupso_counters\" href=\"https:\/\/www.hupso.com\/share\/\"><img decoding=\"async\" src=\"https:\/\/static.hupso.com\/share\/buttons\/lang\/fr\/share-small.png\" style=\"border:0px; padding-top:2px; float:left;\" alt=\"Share Button\"\/><\/a><script type=\"text\/javascript\">var hupso_services_c=new Array(\"twitter\",\"facebook_like\",\"facebook_send\",\"email\",\"print\",\"linkedin\");var hupso_counters_lang = \"fr_FR\";var hupso_image_folder_url = \"\";var hupso_twitter_via=\"BenoitRiviere14\";var hupso_url_c=\"\";var hupso_title_c=\"Al%C3%A9a%20et%20hasard\";<\/script><script type=\"text\/javascript\" src=\"https:\/\/static.hupso.com\/share\/js\/counters.js\"><\/script><!-- Hupso Share Buttons --><\/div>","protected":false},"excerpt":{"rendered":"<p>Y-a-t-il une place au hasard ? En informatique, le hasard n&#8217;existe pas, pas plus que les nombres al\u00e9atoires. En effet, la fonction &#8220;random&#8221; ne renvoie qu&#8217;un nombre pseudo al\u00e9atoire pioch\u00e9 dans une table&#8230; L&#8217;ordinateur ne fait que simuler le hasard. S\u00e9lection d\u2019articles sur le sujet : Micro-ordinateurs et nombres al\u00e9atoires, Micro-Syst\u00e8mes n\u00b0 15 (janvier-f\u00e9vrier 1981), &#8230;<\/p>\n<p><a href=\"https:\/\/www.auditsi.eu\/?page_id=3703\" class=\"more-link\">Continue reading &lsquo;Al\u00e9a et hasard&rsquo; &raquo;<\/a><\/p>\n<div style=\"padding-bottom:20px; padding-top:10px;\" class=\"hupso-share-buttons\"><!-- Hupso Share Buttons - https:\/\/www.hupso.com\/share\/ --><a class=\"hupso_counters\" href=\"https:\/\/www.hupso.com\/share\/\"><img src=\"https:\/\/static.hupso.com\/share\/buttons\/lang\/fr\/share-small.png\" style=\"border:0px; padding-top:2px; float:left;\" alt=\"Share Button\"\/><\/a><script type=\"text\/javascript\">var hupso_services_c=new Array(\"twitter\",\"facebook_like\",\"facebook_send\",\"email\",\"print\",\"linkedin\");var hupso_counters_lang = \"fr_FR\";var hupso_image_folder_url = \"\";var hupso_twitter_via=\"BenoitRiviere14\";var hupso_url_c=\"\";var hupso_title_c=\"Al%C3%A9a%20et%20hasard\";<\/script><script type=\"text\/javascript\" src=\"https:\/\/static.hupso.com\/share\/js\/counters.js\"><\/script><!-- Hupso Share Buttons --><\/div>","protected":false},"author":1,"featured_media":0,"parent":0,"menu_order":0,"comment_status":"open","ping_status":"open","template":"","meta":{"advanced_seo_description":"","jetpack_seo_html_title":"","jetpack_seo_noindex":false,"ngg_post_thumbnail":0,"footnotes":"","_links_to":"","_links_to_target":""},"class_list":["post-3703","page","type-page","status-publish","hentry"],"jetpack_sharing_enabled":true,"jetpack_likes_enabled":false,"_links":{"self":[{"href":"https:\/\/www.auditsi.eu\/index.php?rest_route=\/wp\/v2\/pages\/3703","targetHints":{"allow":["GET"]}}],"collection":[{"href":"https:\/\/www.auditsi.eu\/index.php?rest_route=\/wp\/v2\/pages"}],"about":[{"href":"https:\/\/www.auditsi.eu\/index.php?rest_route=\/wp\/v2\/types\/page"}],"author":[{"embeddable":true,"href":"https:\/\/www.auditsi.eu\/index.php?rest_route=\/wp\/v2\/users\/1"}],"replies":[{"embeddable":true,"href":"https:\/\/www.auditsi.eu\/index.php?rest_route=%2Fwp%2Fv2%2Fcomments&post=3703"}],"version-history":[{"count":4,"href":"https:\/\/www.auditsi.eu\/index.php?rest_route=\/wp\/v2\/pages\/3703\/revisions"}],"predecessor-version":[{"id":4664,"href":"https:\/\/www.auditsi.eu\/index.php?rest_route=\/wp\/v2\/pages\/3703\/revisions\/4664"}],"wp:attachment":[{"href":"https:\/\/www.auditsi.eu\/index.php?rest_route=%2Fwp%2Fv2%2Fmedia&parent=3703"}],"curies":[{"name":"wp","href":"https:\/\/api.w.org\/{rel}","templated":true}]}}