{"id":3693,"date":"2013-10-06T18:59:51","date_gmt":"2013-10-06T16:59:51","guid":{"rendered":"http:\/\/www.auditsi.eu\/?page_id=3693"},"modified":"2014-07-13T22:42:07","modified_gmt":"2014-07-13T20:42:07","slug":"mesure-du-qi-et-des-capacites-de-memorisation","status":"publish","type":"page","link":"https:\/\/www.auditsi.eu\/?page_id=3693","title":{"rendered":"Mesure du QI et des capacit\u00e9s de m\u00e9morisation"},"content":{"rendered":"<p style=\"text-align: justify;\">Logique, m\u00e9moire, QI&#8230; Ces th\u00e9matiques fascinent et int\u00e9ressent. Tout un chacun s&#8217;est essay\u00e9 \u00e0 remplir des tests de magazines t\u00e9l\u00e9 sur la plage ou plus s\u00e9rieusement lors d&#8217;une embauche.<\/p>\n<p style=\"text-align: justify;\">L&#8217;arriv\u00e9e de la micro-informatique a permis d&#8217;intensifier l&#8217;usage des tests dans les milieux du recrutement (automatisation des tests et surtout de l&#8217;exploitation des r\u00e9ponses).<\/p>\n<p>S\u00e9lection d\u2019articles sur le sujet :<\/p>\n<ul>\n<li>Votre quotient intellectuel dans un jeu de r\u00e9flexion, L&#8217;Ordinateur Individuel n\u00b0 16 (avril 1980), p. 83<\/li>\n<li>Testez vos facult\u00e9s parapsychologiques : le programme ESP (Extra Sensory Perception), Micro-Syst\u00e8mes n\u00b0 22 (mars-avril 1982), p. 131<\/li>\n<li>Match contre Einstein, Soft &amp; Micro 1 (octobre 1984), p. 140 : 40 minutes pour mesurer votre quotient intellectuel (QI), un programme pour \u00e9valuer votre QI<\/li>\n<li>MEMOTEST, un programme pour tester et am\u00e9liorer votre m\u00e9moire, Soft &amp; Micro n\u00b0 11 (septembre 1985), p. 150<\/li>\n<li>REFLEXES, Soft &amp; Micro n\u00b0 20 (juin 1986), p. 152 : un programme en Basic et assembleur pour Apple II pour tester sa vitesse de r\u00e9action en r\u00e9ponse \u00e0 des stimuli visuels ou auditifs.<\/li>\n<\/ul>\n<div style=\"padding-bottom:20px; padding-top:10px;\" class=\"hupso-share-buttons\"><!-- Hupso Share Buttons - https:\/\/www.hupso.com\/share\/ --><a class=\"hupso_counters\" href=\"https:\/\/www.hupso.com\/share\/\"><img decoding=\"async\" src=\"https:\/\/static.hupso.com\/share\/buttons\/lang\/fr\/share-small.png\" style=\"border:0px; padding-top:2px; float:left;\" alt=\"Share Button\"\/><\/a><script type=\"text\/javascript\">var hupso_services_c=new Array(\"twitter\",\"facebook_like\",\"facebook_send\",\"email\",\"print\",\"linkedin\");var hupso_counters_lang = \"fr_FR\";var hupso_image_folder_url = \"\";var hupso_twitter_via=\"BenoitRiviere14\";var hupso_url_c=\"\";var hupso_title_c=\"Mesure%20du%20QI%20et%20des%20capacit%C3%A9s%20de%20m%C3%A9morisation\";<\/script><script type=\"text\/javascript\" src=\"https:\/\/static.hupso.com\/share\/js\/counters.js\"><\/script><!-- Hupso Share Buttons --><\/div>","protected":false},"excerpt":{"rendered":"<p>Logique, m\u00e9moire, QI&#8230; Ces th\u00e9matiques fascinent et int\u00e9ressent. Tout un chacun s&#8217;est essay\u00e9 \u00e0 remplir des tests de magazines t\u00e9l\u00e9 sur la plage ou plus s\u00e9rieusement lors d&#8217;une embauche. L&#8217;arriv\u00e9e de la micro-informatique a permis d&#8217;intensifier l&#8217;usage des tests dans les milieux du recrutement (automatisation des tests et surtout de l&#8217;exploitation des r\u00e9ponses). S\u00e9lection d\u2019articles &#8230;<\/p>\n<p><a href=\"https:\/\/www.auditsi.eu\/?page_id=3693\" class=\"more-link\">Continue reading &lsquo;Mesure du QI et des capacit\u00e9s de m\u00e9morisation&rsquo; &raquo;<\/a><\/p>\n<div style=\"padding-bottom:20px; padding-top:10px;\" class=\"hupso-share-buttons\"><!-- Hupso Share Buttons - https:\/\/www.hupso.com\/share\/ --><a class=\"hupso_counters\" href=\"https:\/\/www.hupso.com\/share\/\"><img src=\"https:\/\/static.hupso.com\/share\/buttons\/lang\/fr\/share-small.png\" style=\"border:0px; padding-top:2px; float:left;\" alt=\"Share Button\"\/><\/a><script type=\"text\/javascript\">var hupso_services_c=new Array(\"twitter\",\"facebook_like\",\"facebook_send\",\"email\",\"print\",\"linkedin\");var hupso_counters_lang = \"fr_FR\";var hupso_image_folder_url = \"\";var hupso_twitter_via=\"BenoitRiviere14\";var hupso_url_c=\"\";var hupso_title_c=\"Mesure%20du%20QI%20et%20des%20capacit%C3%A9s%20de%20m%C3%A9morisation\";<\/script><script type=\"text\/javascript\" src=\"https:\/\/static.hupso.com\/share\/js\/counters.js\"><\/script><!-- Hupso Share Buttons --><\/div>","protected":false},"author":1,"featured_media":0,"parent":0,"menu_order":0,"comment_status":"open","ping_status":"open","template":"","meta":{"advanced_seo_description":"","jetpack_seo_html_title":"","jetpack_seo_noindex":false,"ngg_post_thumbnail":0,"footnotes":"","_links_to":"","_links_to_target":""},"class_list":["post-3693","page","type-page","status-publish","hentry"],"jetpack_sharing_enabled":true,"jetpack_likes_enabled":false,"_links":{"self":[{"href":"https:\/\/www.auditsi.eu\/index.php?rest_route=\/wp\/v2\/pages\/3693","targetHints":{"allow":["GET"]}}],"collection":[{"href":"https:\/\/www.auditsi.eu\/index.php?rest_route=\/wp\/v2\/pages"}],"about":[{"href":"https:\/\/www.auditsi.eu\/index.php?rest_route=\/wp\/v2\/types\/page"}],"author":[{"embeddable":true,"href":"https:\/\/www.auditsi.eu\/index.php?rest_route=\/wp\/v2\/users\/1"}],"replies":[{"embeddable":true,"href":"https:\/\/www.auditsi.eu\/index.php?rest_route=%2Fwp%2Fv2%2Fcomments&post=3693"}],"version-history":[{"count":5,"href":"https:\/\/www.auditsi.eu\/index.php?rest_route=\/wp\/v2\/pages\/3693\/revisions"}],"predecessor-version":[{"id":5214,"href":"https:\/\/www.auditsi.eu\/index.php?rest_route=\/wp\/v2\/pages\/3693\/revisions\/5214"}],"wp:attachment":[{"href":"https:\/\/www.auditsi.eu\/index.php?rest_route=%2Fwp%2Fv2%2Fmedia&parent=3693"}],"curies":[{"name":"wp","href":"https:\/\/api.w.org\/{rel}","templated":true}]}}