{"id":3672,"date":"2013-09-22T15:33:00","date_gmt":"2013-09-22T13:33:00","guid":{"rendered":"http:\/\/www.auditsi.eu\/?page_id=3672"},"modified":"2015-08-22T15:26:32","modified_gmt":"2015-08-22T13:26:32","slug":"protection-des-logiciels","status":"publish","type":"page","link":"https:\/\/www.auditsi.eu\/?page_id=3672","title":{"rendered":"Protection des logiciels"},"content":{"rendered":"<p style=\"text-align: justify;\">Pourquoi acheter un logiciel quand il est si facile de le copier ?<\/p>\n<p style=\"text-align: justify;\">Cette question beaucoup d&#8217;utilisateurs se la posent au moment o\u00f9 un besoin de logiciels se fait jour. A l&#8217;\u00e9poque, non seulement les logiciels \u00e9taient rares mais en plus il \u00e9taient chers !<\/p>\n<p style=\"text-align: justify;\">La plupart des logiciels \u00e9taient distribu\u00e9s sur cassette&#8230; Pour les dupliquer, il suffisait de disposer d&#8217;une cha\u00eene hifi \u00e0 double lecteurs de cassette&#8230; Inutile de pr\u00e9ciser qu&#8217;\u00e9changer des jeux sous le manteau \u00e9tait une pratique tr\u00e8s r\u00e9pandue dans les cours d&#8217;\u00e9cole. Ce ph\u00e9nom\u00e8ne n&#8217;\u00e9tait gu\u00e8re encourageant pour les \u00e9diteurs de logiciels. De fait, un logiciel avait une dur\u00e9e de vie commerciale tr\u00e8s courte ; d\u00e8s lors que la commercialisation avait d\u00e9but\u00e9, les copies envahissaient le march\u00e9 (il est m\u00eame arriv\u00e9 que les copies pirate circulent avait le lancement officiel de l&#8217;original), les ventes officielles s&#8217;effondraient. La protection l\u00e9gale se r\u00e9v\u00e9lait souvent inefficace pour contrer ces copies pirate.<\/p>\n<p style=\"text-align: justify;\">Pour tenter d&#8217;enrayer cette tendance et de rentabiliser leurs investissements, les \u00e9diteurs de logiciels ont progressivement mis en place de nouvelles parades avec plus ou moins de succ\u00e8s. La distribution des logiciels sur cartouches est une des solutions les plus efficaces car le cartouches \u00e9taient difficilement copiables mais le support \u00e9tait co\u00fbteux pour l&#8217;utilisateur. Les disquettes se sont \u00e9galement r\u00e9v\u00e9l\u00e9s un moyen efficace de protection contre la copie : protection physique par perforation du disque magn\u00e9tique ou protection logique (pistes fant\u00f4mes, secteurs non format\u00e9s&#8230;). Les \u00e9diteurs de logiciels professionnels ont assorti leurs logiciels de dongles (un petit bo\u00eetier connect\u00e9 au port parall\u00e8le de l&#8217;ordinateur ; en l&#8217;absence du dongle, le logiciel interrompt son ex\u00e9cution&#8230;). La course \u00e0 l&#8217;armement est ouverte entre d&#8217;une part les \u00e9diteurs qui font preuve d&#8217;imagination pour trouver de nouvelles techniques de protection et d&#8217;autre part les pirates qui passent des heures \u00e0 d\u00e9plomber leurs logiciels&#8230;<\/p>\n<div id=\"attachment_6211\" style=\"width: 630px\" class=\"wp-caption aligncenter\"><a href=\"https:\/\/www.auditsi.eu\/wp-content\/uploads\/2013\/09\/GRENOUILLE-PIRATES-SVM19-07-08-1985-p11.jpg\"><img loading=\"lazy\" decoding=\"async\" aria-describedby=\"caption-attachment-6211\" class=\"size-full wp-image-6211\" src=\"https:\/\/www.auditsi.eu\/wp-content\/uploads\/2013\/09\/GRENOUILLE-PIRATES-SVM19-07-08-1985-p11.jpg\" alt=\"La grenouille contre les pirates, SVM n\u00b0 19 (juillet-ao\u00fbt 1985), p. 11 : clef de protection physique (codage \u00e0 clef publique)\" width=\"620\" height=\"652\" srcset=\"https:\/\/www.auditsi.eu\/wp-content\/uploads\/2013\/09\/GRENOUILLE-PIRATES-SVM19-07-08-1985-p11.jpg 620w, https:\/\/www.auditsi.eu\/wp-content\/uploads\/2013\/09\/GRENOUILLE-PIRATES-SVM19-07-08-1985-p11-285x300.jpg 285w\" sizes=\"auto, (max-width: 620px) 100vw, 620px\" \/><\/a><p id=\"caption-attachment-6211\" class=\"wp-caption-text\">La grenouille contre les pirates, SVM n\u00b0 19 (juillet-ao\u00fbt 1985), p. 11 : clef de protection physique (codage \u00e0 clef publique)<\/p><\/div>\n<p>La <a title=\"La presse sp\u00e9cialis\u00e9e des ann\u00e9es 80\" href=\"http:\/\/www.auditsi.eu\/?page_id=2222\">presse informatique des ann\u00e9es 80<\/a> a publi\u00e9 de multiples articles sur le sujet :<\/p>\n<ul>\n<li>La protection du logiciel en France, Micro-Syst\u00e8mes n\u00b0 6 (juillet-ao\u00fbt 1979), p. 19 : revue de la l\u00e9gislation applicable en mati\u00e8re de protection des logiciels : protection industrielle, brevet d&#8217;invention, savoir-faire, enveloppe &#8220;Soleau&#8221;, marque de fabrique, droit des auteurs&#8230;<\/li>\n<li>La protection des logiciels, Soft &amp; Micro n\u00b0 10 (juillet-ao\u00fbt 1985), p. 50 : cryptage, sectorisation de la disquette, recopie en m\u00e9moire morte, syst\u00e8me Prolok, dongle&#8230; Un dossier complet sur les nouveaux outils de protection des logiciels en quatre volets : protection hard et soft, d\u00e9tournements informatiques et bombes logiques, protection juridique et enfin comment prot\u00e9ger son logiciel<\/li>\n<\/ul>\n<p><em>Les documents reproduits ci-dessus sont issus de ma <a title=\"Ma collection\" href=\"http:\/\/www.auditsi.eu\/?page_id=1983\">collection personnelle<\/a>.<\/em><\/p>\n<p>Approfondir le sujet :<br \/>\n<a title=\"L'informatique des ann\u00e9es 80\" href=\"http:\/\/www.auditsi.eu\/?page_id=2119\">L\u2019informatique des ann\u00e9es 80<\/a> \/ <a title=\"Ma collection\" href=\"http:\/\/www.auditsi.eu\/?page_id=1983\">Ma collection<\/a> \/ <a title=\"Ma documentation\" href=\"http:\/\/www.auditsi.eu\/?page_id=3930\">Ma documentation<\/a><\/p>\n<div style=\"padding-bottom:20px; padding-top:10px;\" class=\"hupso-share-buttons\"><!-- Hupso Share Buttons - https:\/\/www.hupso.com\/share\/ --><a class=\"hupso_counters\" href=\"https:\/\/www.hupso.com\/share\/\"><img decoding=\"async\" src=\"https:\/\/static.hupso.com\/share\/buttons\/lang\/fr\/share-small.png\" style=\"border:0px; padding-top:2px; float:left;\" alt=\"Share Button\"\/><\/a><script type=\"text\/javascript\">var hupso_services_c=new Array(\"twitter\",\"facebook_like\",\"facebook_send\",\"email\",\"print\",\"linkedin\");var hupso_counters_lang = \"fr_FR\";var hupso_image_folder_url = \"\";var hupso_twitter_via=\"BenoitRiviere14\";var hupso_url_c=\"\";var hupso_title_c=\"Protection%20des%20logiciels\";<\/script><script type=\"text\/javascript\" src=\"https:\/\/static.hupso.com\/share\/js\/counters.js\"><\/script><!-- Hupso Share Buttons --><\/div>","protected":false},"excerpt":{"rendered":"<p>Pourquoi acheter un logiciel quand il est si facile de le copier ? Cette question beaucoup d&#8217;utilisateurs se la posent au moment o\u00f9 un besoin de logiciels se fait jour. A l&#8217;\u00e9poque, non seulement les logiciels \u00e9taient rares mais en plus il \u00e9taient chers ! La plupart des logiciels \u00e9taient distribu\u00e9s sur cassette&#8230; Pour les &#8230;<\/p>\n<p><a href=\"https:\/\/www.auditsi.eu\/?page_id=3672\" class=\"more-link\">Continue reading &lsquo;Protection des logiciels&rsquo; &raquo;<\/a><\/p>\n<div style=\"padding-bottom:20px; padding-top:10px;\" class=\"hupso-share-buttons\"><!-- Hupso Share Buttons - https:\/\/www.hupso.com\/share\/ --><a class=\"hupso_counters\" href=\"https:\/\/www.hupso.com\/share\/\"><img src=\"https:\/\/static.hupso.com\/share\/buttons\/lang\/fr\/share-small.png\" style=\"border:0px; padding-top:2px; float:left;\" alt=\"Share Button\"\/><\/a><script type=\"text\/javascript\">var hupso_services_c=new Array(\"twitter\",\"facebook_like\",\"facebook_send\",\"email\",\"print\",\"linkedin\");var hupso_counters_lang = \"fr_FR\";var hupso_image_folder_url = \"\";var hupso_twitter_via=\"BenoitRiviere14\";var hupso_url_c=\"\";var hupso_title_c=\"Protection%20des%20logiciels\";<\/script><script type=\"text\/javascript\" src=\"https:\/\/static.hupso.com\/share\/js\/counters.js\"><\/script><!-- Hupso Share Buttons --><\/div>","protected":false},"author":1,"featured_media":0,"parent":0,"menu_order":0,"comment_status":"open","ping_status":"open","template":"","meta":{"advanced_seo_description":"","jetpack_seo_html_title":"","jetpack_seo_noindex":false,"ngg_post_thumbnail":0,"footnotes":"","_links_to":"","_links_to_target":""},"class_list":["post-3672","page","type-page","status-publish","hentry"],"jetpack_sharing_enabled":true,"jetpack_likes_enabled":false,"_links":{"self":[{"href":"https:\/\/www.auditsi.eu\/index.php?rest_route=\/wp\/v2\/pages\/3672","targetHints":{"allow":["GET"]}}],"collection":[{"href":"https:\/\/www.auditsi.eu\/index.php?rest_route=\/wp\/v2\/pages"}],"about":[{"href":"https:\/\/www.auditsi.eu\/index.php?rest_route=\/wp\/v2\/types\/page"}],"author":[{"embeddable":true,"href":"https:\/\/www.auditsi.eu\/index.php?rest_route=\/wp\/v2\/users\/1"}],"replies":[{"embeddable":true,"href":"https:\/\/www.auditsi.eu\/index.php?rest_route=%2Fwp%2Fv2%2Fcomments&post=3672"}],"version-history":[{"count":5,"href":"https:\/\/www.auditsi.eu\/index.php?rest_route=\/wp\/v2\/pages\/3672\/revisions"}],"predecessor-version":[{"id":6213,"href":"https:\/\/www.auditsi.eu\/index.php?rest_route=\/wp\/v2\/pages\/3672\/revisions\/6213"}],"wp:attachment":[{"href":"https:\/\/www.auditsi.eu\/index.php?rest_route=%2Fwp%2Fv2%2Fmedia&parent=3672"}],"curies":[{"name":"wp","href":"https:\/\/api.w.org\/{rel}","templated":true}]}}