{"id":3629,"date":"2013-09-15T19:48:25","date_gmt":"2013-09-15T17:48:25","guid":{"rendered":"http:\/\/www.auditsi.eu\/?page_id=3629"},"modified":"2020-10-11T18:50:29","modified_gmt":"2020-10-11T16:50:29","slug":"apple-a-croque-la-pomme","status":"publish","type":"page","link":"https:\/\/www.auditsi.eu\/?page_id=3629","title":{"rendered":"Apple a croqu\u00e9 la pomme !"},"content":{"rendered":"<p style=\"text-align: justify;\">La l\u00e9gende le dit : la firme Apple et sa cr\u00e9ature l&#8217;Apple I ont \u00e9t\u00e9 cr\u00e9\u00e9es dans un garage par les visionnaires Steve JOBS et Steve WOZNIAK \u00e0 la fin des ann\u00e9es 70. Lorsqu&#8217;en 1981 IBM met sur le march\u00e9 son PC, Apple domine un <a title=\"La micro-informatique des ann\u00e9es 80, l\u2019\u00e2ge d\u2019or de l\u2019informatique personnelle\" href=\"http:\/\/www.auditsi.eu\/?page_id=2119\">march\u00e9<\/a> qu&#8217;elle a largement contribu\u00e9 \u00e0 cr\u00e9er.<\/p>\n<p style=\"text-align: justify;\"><a href=\"https:\/\/www.auditsi.eu\/wp-content\/uploads\/2013\/09\/Logo-Apple-multicolore.gif\"><img loading=\"lazy\" decoding=\"async\" class=\"aligncenter size-full wp-image-3654\" src=\"https:\/\/www.auditsi.eu\/wp-content\/uploads\/2013\/09\/Logo-Apple-multicolore.gif\" alt=\"Logo Apple multicolore\" width=\"206\" height=\"235\"><\/a>Les principales machines d&#8217;Apple :<\/p>\n<ul>\n<li>Apple I,<\/li>\n<li><a title=\"L\u2019APPLE II\" href=\"http:\/\/www.auditsi.eu\/?page_id=5159\">Apple II<\/a>,<\/li>\n<li>Lisa,<\/li>\n<li><a title=\"En 1984 naissait le Macintosh !\" href=\"http:\/\/www.auditsi.eu\/?p=5558\">Macintosh<\/a>.<\/li>\n<\/ul>\n<p style=\"text-align: justify;\">L&#8217;<a title=\"L\u2019APPLE II\" href=\"http:\/\/www.auditsi.eu\/?page_id=5159\">Apple II<\/a>, commercialis\u00e9 sous diff\u00e9rentes versions de 1977 \u00e0 1988, est une machine embl\u00e9matique de la marque qui aura \u00e9quip\u00e9 largement les \u00e9coles am\u00e9ricaines, les entreprises et les foyers.<\/p>\n<div id=\"attachment_3990\" style=\"width: 490px\" class=\"wp-caption aligncenter\"><a href=\"https:\/\/www.auditsi.eu\/wp-content\/uploads\/2013\/09\/DSCN9047.jpg\"><img loading=\"lazy\" decoding=\"async\" aria-describedby=\"caption-attachment-3990\" class=\"size-full wp-image-3990\" src=\"https:\/\/www.auditsi.eu\/wp-content\/uploads\/2013\/09\/DSCN9047.jpg\" alt=\"Les entrailles de l'Apple IIe (1983)\" width=\"480\" height=\"495\" srcset=\"https:\/\/www.auditsi.eu\/wp-content\/uploads\/2013\/09\/DSCN9047.jpg 480w, https:\/\/www.auditsi.eu\/wp-content\/uploads\/2013\/09\/DSCN9047-290x300.jpg 290w\" sizes=\"auto, (max-width: 480px) 100vw, 480px\" \/><\/a><p id=\"caption-attachment-3990\" class=\"wp-caption-text\">Les entrailles de l&#8217;Apple IIe (1983)<\/p><\/div>\n<div id=\"attachment_3991\" style=\"width: 458px\" class=\"wp-caption aligncenter\"><a href=\"https:\/\/www.auditsi.eu\/wp-content\/uploads\/2013\/09\/DSCN9043-ext-m\u00e9m-64K.jpg\"><img loading=\"lazy\" decoding=\"async\" aria-describedby=\"caption-attachment-3991\" class=\"size-full wp-image-3991\" src=\"https:\/\/www.auditsi.eu\/wp-content\/uploads\/2013\/09\/DSCN9043-ext-m\u00e9m-64K.jpg\" alt=\"Carte m\u00e9moire pour Apple II (1981) : 64 Ko, une capacit\u00e9 ph\u00e9nom\u00e9nale \u00e0 l'\u00e9poque !\" width=\"448\" height=\"234\" srcset=\"https:\/\/www.auditsi.eu\/wp-content\/uploads\/2013\/09\/DSCN9043-ext-m\u00e9m-64K.jpg 448w, https:\/\/www.auditsi.eu\/wp-content\/uploads\/2013\/09\/DSCN9043-ext-m\u00e9m-64K-300x156.jpg 300w\" sizes=\"auto, (max-width: 448px) 100vw, 448px\" \/><\/a><p id=\"caption-attachment-3991\" class=\"wp-caption-text\">Carte m\u00e9moire pour Apple II (1981) : 64 Ko, une capacit\u00e9 ph\u00e9nom\u00e9nale \u00e0 l&#8217;\u00e9poque !<\/p><\/div>\n<div id=\"attachment_6181\" style=\"width: 602px\" class=\"wp-caption aligncenter\"><a href=\"https:\/\/www.auditsi.eu\/wp-content\/uploads\/2013\/09\/Publicit\u00e9-APPLE-IIc-1985.jpg\"><img loading=\"lazy\" decoding=\"async\" aria-describedby=\"caption-attachment-6181\" class=\" wp-image-6181\" src=\"https:\/\/www.auditsi.eu\/wp-content\/uploads\/2013\/09\/Publicit\u00e9-APPLE-IIc-1985.jpg\" alt=\"Publicit\u00e9 pour l'APPLE IIc (1985)\" width=\"592\" height=\"792\" srcset=\"https:\/\/www.auditsi.eu\/wp-content\/uploads\/2013\/09\/Publicit\u00e9-APPLE-IIc-1985.jpg 765w, https:\/\/www.auditsi.eu\/wp-content\/uploads\/2013\/09\/Publicit\u00e9-APPLE-IIc-1985-224x300.jpg 224w, https:\/\/www.auditsi.eu\/wp-content\/uploads\/2013\/09\/Publicit\u00e9-APPLE-IIc-1985-730x977.jpg 730w\" sizes=\"auto, (max-width: 592px) 100vw, 592px\" \/><\/a><p id=\"caption-attachment-6181\" class=\"wp-caption-text\">Publicit\u00e9 pour l&#8217;APPLE IIc (1985)<\/p><\/div>\n<p style=\"text-align: justify;\">L&#8217;histoire d&#8217;Apple n&#8217;a pas \u00e9t\u00e9 un long fleuve tranquille. L&#8217;intensification de la concurrence et le rythme des innovations ont mis \u00e0 mal beaucoup de constructeur pionniers. Au d\u00e9but des ann\u00e9es 80, Apple s&#8217;essouffle, ses produits ne se vendent plus aussi bien ; Apple vacille. Pourtant <a title=\"Apple a croqu\u00e9 la pomme !\" href=\"http:\/\/www.auditsi.eu\/?page_id=3629\">Apple<\/a> a tr\u00e8s largement contribu\u00e9 \u00e0 la cr\u00e9ation du march\u00e9 de la <a title=\"La micro-informatique des ann\u00e9es 80, l\u2019\u00e2ge d\u2019or de l\u2019informatique personnelle\" href=\"http:\/\/www.auditsi.eu\/?page_id=2119\">micro-informatique<\/a> dans les ann\u00e9es 70.<\/p>\n<div id=\"attachment_5141\" style=\"width: 445px\" class=\"wp-caption aligncenter\"><a href=\"https:\/\/www.auditsi.eu\/wp-content\/uploads\/2012\/10\/MARCHE-MS-30-avril-83-p67.jpg\"><img loading=\"lazy\" decoding=\"async\" aria-describedby=\"caption-attachment-5141\" class=\"size-full wp-image-5141\" src=\"https:\/\/www.auditsi.eu\/wp-content\/uploads\/2012\/10\/MARCHE-MS-30-avril-83-p67.jpg\" alt=\"L'informatique en 1983 : un gros gateau, beaucoup de pr\u00e9tendants... mais beaucoup de faillites annonc\u00e9es... (Micro-Syst\u00e8mes n\u00b0 30, avril 1983, p.67)\" width=\"435\" height=\"640\" srcset=\"https:\/\/www.auditsi.eu\/wp-content\/uploads\/2012\/10\/MARCHE-MS-30-avril-83-p67.jpg 435w, https:\/\/www.auditsi.eu\/wp-content\/uploads\/2012\/10\/MARCHE-MS-30-avril-83-p67-203x300.jpg 203w\" sizes=\"auto, (max-width: 435px) 100vw, 435px\" \/><\/a><p id=\"caption-attachment-5141\" class=\"wp-caption-text\">L&#8217;informatique en 1983 : un gros gateau, beaucoup de pr\u00e9tendants&#8230; mais beaucoup de faillites annonc\u00e9es&#8230; (Micro-Syst\u00e8mes n\u00b0 30, avril 1983, p.67)<\/p><\/div>\n<p style=\"text-align: justify;\">Au d\u00e9but des ann\u00e9es 80, Apple tenait encore 21 % du march\u00e9. Aussi, Apple mise tous ses espoirs de retour en gr\u00e2ce lorsque le <a title=\"En 1984 naissait le Macintosh !\" href=\"http:\/\/www.auditsi.eu\/?p=5558\">Macintosh<\/a> (ou Mac) est mis sur le march\u00e9 en 1984. Steve Jobs, co-fondateur d&#8217;Apple, a m\u00eame \u00e9t\u00e9 remerci\u00e9 en 1985&#8230; avant de revenir quelques ann\u00e9es plus tard pour relancer la marque, toujours moribonde. En attendant, il fondera la soci\u00e9t\u00e9 Next et concevra des ordinateurs haut de gamme.<\/p>\n<div id=\"attachment_6209\" style=\"width: 480px\" class=\"wp-caption aligncenter\"><a href=\"https:\/\/www.auditsi.eu\/wp-content\/uploads\/2013\/09\/JOBS-WOZNIAK-DIVORCE-SVM-15-03-1985-p21.jpg\"><img loading=\"lazy\" decoding=\"async\" aria-describedby=\"caption-attachment-6209\" class=\" wp-image-6209\" src=\"https:\/\/www.auditsi.eu\/wp-content\/uploads\/2013\/09\/JOBS-WOZNIAK-DIVORCE-SVM-15-03-1985-p21.jpg\" alt=\"JOBS-WOZNIAK : le divorce, SVM n\u00b0 15 (mard 1985), p. 21\" width=\"470\" height=\"502\" srcset=\"https:\/\/www.auditsi.eu\/wp-content\/uploads\/2013\/09\/JOBS-WOZNIAK-DIVORCE-SVM-15-03-1985-p21.jpg 662w, https:\/\/www.auditsi.eu\/wp-content\/uploads\/2013\/09\/JOBS-WOZNIAK-DIVORCE-SVM-15-03-1985-p21-281x300.jpg 281w\" sizes=\"auto, (max-width: 470px) 100vw, 470px\" \/><\/a><p id=\"caption-attachment-6209\" class=\"wp-caption-text\">JOBS-WOZNIAK : le divorce, SVM n\u00b0 15 (mars 1985), p. 21<\/p><\/div>\n<div id=\"attachment_5323\" style=\"width: 481px\" class=\"wp-caption aligncenter\"><a href=\"https:\/\/www.auditsi.eu\/wp-content\/uploads\/2013\/09\/INFOWORLD-24-06-1985-REDUCTION-COUTS.png\"><img loading=\"lazy\" decoding=\"async\" aria-describedby=\"caption-attachment-5323\" class=\" wp-image-5323\" src=\"https:\/\/www.auditsi.eu\/wp-content\/uploads\/2013\/09\/INFOWORLD-24-06-1985-REDUCTION-COUTS.png\" alt=\"Malgr\u00e9s la r\u00e9duction des co\u00fbts, les licenciements et fermetures d'usines, les r\u00e9sultats d'Apple continuent de baisser (INFOWORLD, 24 juin 1985)\" width=\"471\" height=\"600\" srcset=\"https:\/\/www.auditsi.eu\/wp-content\/uploads\/2013\/09\/INFOWORLD-24-06-1985-REDUCTION-COUTS.png 640w, https:\/\/www.auditsi.eu\/wp-content\/uploads\/2013\/09\/INFOWORLD-24-06-1985-REDUCTION-COUTS-235x300.png 235w\" sizes=\"auto, (max-width: 471px) 100vw, 471px\" \/><\/a><p id=\"caption-attachment-5323\" class=\"wp-caption-text\">Malgr\u00e9 la r\u00e9duction des co\u00fbts, les licenciements et fermetures d&#8217;usines, les r\u00e9sultats d&#8217;Apple continuent de baisser (INFOWORLD, 24 juin 1985)<\/p><\/div>\n<p style=\"text-align: justify;\">Apple a \u00e9t\u00e9 un pr\u00e9curseur dans les <a title=\"Syst\u00e8mes d'exploitation : de la console \u00e0 la fen\u00eatre\" href=\"http:\/\/www.auditsi.eu\/?page_id=2493\">interfaces graphiques<\/a>, a introduit l&#8217;usage de la souris, les machines mono-blocs int\u00e9grant l&#8217;\u00e9cran avec son <a title=\"En 1984 naissait le Macintosh !\" href=\"http:\/\/www.auditsi.eu\/?p=5558\">Macintosh<\/a>. Si le design tant de la machine que de ses interfaces est soign\u00e9, la marque \u00e0 la pomme a toujours pratiqu\u00e9 une politique commerciale \u00e9litiste qui a failli la perdre lorsque les prix de la concurrence directe (les compatibles PC) ont commenc\u00e9 \u00e0 baisser dans les ann\u00e9es 80\/90 creusant l&#8217;\u00e9cart de prix. D&#8217;autant que les PC ont entre temps gagn\u00e9 en ergonomie avec l&#8217;arriv\u00e9e de Windows et de la souris&#8230;<\/p>\n<p style=\"text-align: justify;\">C&#8217;est ainsi au bord de la faillite qu&#8217;Apple, apr\u00e8s le retour de Steve Jobs aux manettes, met sur le march\u00e9 l&#8217;iMac G3 en ao\u00fbt 1998, un ordinateur mono-bloc tout en rondeur et en couleur. L&#8217;iMac a \u00e9t\u00e9 con\u00e7u nativement pour utiliser internet (d&#8217;o\u00f9 le i de iMac). En moins de 6 mois, Apple en \u00e9coule huit cents mille exemplaires, une r\u00e9ussite commerciale qui n&#8217;est plus \u00e0 d\u00e9montrer et qui permet de relancer le constructeur. Apple est un des rares constructeurs informatiques qui est parvenu \u00e0 traverser toutes les r\u00e9volutions de la micro-informatique.<\/p>\n<p style=\"text-align: justify;\">L&#8217;histoire d&#8217;Apple (en deux parties) :<\/p>\n<p style=\"text-align: center;\">[youtube b1J8cMUtGuc]<\/p>\n<p style=\"text-align: center;\">[youtube bZ_7eYBEP6U]<\/p>\n<p style=\"text-align: justify;\">Depuis les ann\u00e9es 80, Apple a su rebondir et a cr\u00e9\u00e9 une fois encore de nouveaux besoins et de nouveaux march\u00e9s avec des produits devenus l\u00e9gendaires : <a title=\"La tablette, une invention des ann\u00e9es 80\" href=\"http:\/\/www.auditsi.eu\/?page_id=5594\">iPad<\/a>, iPhone, <a title=\"La Smart Watch, une invention des ann\u00e9es 80\" href=\"http:\/\/www.auditsi.eu\/?page_id=3291\">iWatch<\/a>\u2026 Nombre de ces produits que les <em>geeks<\/em> s\u2019arrachent aujourd&#8217;hui ont \u00e9t\u00e9 invent\u00e9s dans les ann\u00e9es 80.<\/p>\n<p>S\u00e9lection d\u2019articles sur le sujet :<\/p>\n<ul>\n<li>Apple II au banc d&#8217;essai, L&#8217;Ordinateur Individuel n\u00b0 10 (septembre 1979), p. 56<\/li>\n<li>Apple III, Micro-Syst\u00e8mes n\u00b0 13 (septembre-octobre 1980), p. 151 : avec ses possibilit\u00e9s am\u00e9lior\u00e9es par rapport \u00e0 l&#8217;Apple II, ce nouveau micro-ordinateur vise particuli\u00e8rement les applications professionnelles.<\/li>\n<li>Les langages de l&#8217;APPLE, Micro-Syst\u00e8mes n\u00b0 19 (septembre-octobre 1981), p. 139<\/li>\n<li>L&#8217;Apple III au banc d&#8217;essai, L&#8217;Ordinateur Individuel n\u00b0 36 (avril 1982), p. 164<\/li>\n<li>De nouvelles instructions pour l&#8217;Apple, Micro-Syst\u00e8mes n\u00b0 25 (septembre-octobre 1982), p. 149<\/li>\n<li>L&#8217;Apple nouveau est arriv\u00e9, il s&#8217;appelle &#8220;MacIntosh&#8221;, Golden n\u00b0 2 (f\u00e9vrier 1984), p. 29<\/li>\n<li>Macintosh, l&#8217;ordinateur familier d&#8217;Apple, Science &amp; Vie Micro 4 (mars 1984), p. 36 : le Macintosh est b\u00e2ti sur les principes de Lisa pour un prix quatre fois inf\u00e9rieur&#8230;<\/li>\n<li>Apple : le commencement de la fin, Hebdogiciel 76 (29 mars 1985), p. 1<\/li>\n<li>Macintosh : le meilleur ami de l&#8217;homme, Soft &amp; Micro 7 (avril 1985), p. 82 : toute la philosophie du Macintosh (ic\u00f4nes, souris, multifen\u00eatrage&#8230;) repose sur sa simplicit\u00e9 d&#8217;utilisation<\/li>\n<li>Les flics d&#8217;Apple, Hebdogiciel 90 (5 juillet 1985), p. 1<\/li>\n<li>COPYDISK, Soft &amp; Micro n\u00b0 11 (septembre 1985), p. 163 : programme en Basic Apple II permettant la copie de disquettes Apple en moins de trois minutes.<\/li>\n<li>Apple, Science &amp; Vie Micro&nbsp;n\u00b0 23&nbsp;(d\u00e9cembre 1985), p.&nbsp;54 : Apple est remis sur pied. Si ses machines sont le c\u0153ur de syst\u00e8mes performants, elles souffrent de prix trop \u00e9lev\u00e9s.<\/li>\n<li>L&#8217;Apple IIGS arrive, Hebdogiciel 153 (19 septembre 1986), p. 1<\/li>\n<li>Plus profond avec l&#8217;Apple IIGS, Hebdogiciel 165 (12 d\u00e9cembre 1986), p. 1<\/li>\n<li>Macintosh face au standard PC, Soft &amp; Micro n\u00b0 25 (d\u00e9cembre 1986), p. 115 : l&#8217;av\u00e8nement de l&#8217;IBM PC dans le monde de la micro-informatique professionnelle en 1982 a eu pour cons\u00e9quence des pertes de part de march\u00e9 pour Apple. Des rumeurs persistantes faisaient \u00e9tat de la mauvaise sant\u00e9 d&#8217;Apple, provoquant le d\u00e9part de Steve JOBS. Quel est le positionnement du Macintosh par rapport au PC ?<\/li>\n<li>Les p\u00e9pins d&#8217;Apple, Science &amp; Vie Micro 59 (mars 1989), p. 11 :Apple a-t-elle mang\u00e9 son pain blanc ? La soci\u00e9t\u00e9 californienne a probablement connu, en 1988, une apog\u00e9e de sa forme. En effet, pr\u00e8s de 15 ans apr\u00e8s sa cr\u00e9ation, elle affichait encore une croissance insolente de plus de 50 % de son chiffre d&#8217;affaires et de plus de 80 % pour son b\u00e9n\u00e9fice sur l&#8217;ann\u00e9e pr\u00e9c\u00e9dente. [&#8230; ] Les marges d&#8217;Apple pour 1989 ne seront pas aussi importantes que celles de l&#8217;ann\u00e9e pr\u00e9c\u00e9dente, et les fortes hausses de prix de la gamme Macintosh \u00e0 l&#8217;automne dernier ont eu un impact assez n\u00e9gatif sur les ventes depuis le d\u00e9but de cette ann\u00e9e. [&#8230;] Le Macintosh portatif, annonc\u00e9 pour cet \u00e9t\u00e9 par John Sculley, saura-t-il cr\u00e9er l&#8217;effet positif capable de relancer cette machine qui s&#8217;est un peu essouffl\u00e9e ?<\/li>\n<\/ul>\n<p><em>Les documents cit\u00e9s ou reproduits ci-dessus ainsi que les photos sont issus de ma <a title=\"Ma collection\" href=\"http:\/\/www.auditsi.eu\/?page_id=1983\">collection personnelle<\/a>.<\/em><\/p>\n<p>Approfondir le sujet :<br \/>\n<a title=\"L'informatique des ann\u00e9es 80\" href=\"http:\/\/www.auditsi.eu\/?page_id=2119\">L\u2019informatique des ann\u00e9es 80<\/a> \/ <a title=\"Ma collection\" href=\"http:\/\/www.auditsi.eu\/?page_id=1983\">Ma collection<\/a> \/ <a title=\"Ma documentation\" href=\"http:\/\/www.auditsi.eu\/?page_id=3930\">Ma documentation<\/a> \/ <a title=\"Quelques id\u00e9es de lecture pour en savoir plus\" href=\"http:\/\/www.auditsi.eu\/?page_id=4631\">Quelques id\u00e9es de lecture<\/a><\/p>\n<div style=\"padding-bottom:20px; padding-top:10px;\" class=\"hupso-share-buttons\"><!-- Hupso Share Buttons - https:\/\/www.hupso.com\/share\/ --><a class=\"hupso_counters\" href=\"https:\/\/www.hupso.com\/share\/\"><img decoding=\"async\" src=\"https:\/\/static.hupso.com\/share\/buttons\/lang\/fr\/share-small.png\" style=\"border:0px; padding-top:2px; float:left;\" alt=\"Share Button\"\/><\/a><script type=\"text\/javascript\">var hupso_services_c=new Array(\"twitter\",\"facebook_like\",\"facebook_send\",\"email\",\"print\",\"linkedin\");var hupso_counters_lang = \"fr_FR\";var hupso_image_folder_url = \"\";var hupso_twitter_via=\"BenoitRiviere14\";var hupso_url_c=\"\";var hupso_title_c=\"Apple%20a%20croqu%C3%A9%20la%20pomme%20%21\";<\/script><script type=\"text\/javascript\" src=\"https:\/\/static.hupso.com\/share\/js\/counters.js\"><\/script><!-- Hupso Share Buttons --><\/div>","protected":false},"excerpt":{"rendered":"<p>La l\u00e9gende le dit : la firme Apple et sa cr\u00e9ature l&#8217;Apple I ont \u00e9t\u00e9 cr\u00e9\u00e9es dans un garage par les visionnaires Steve JOBS et Steve WOZNIAK \u00e0 la fin des ann\u00e9es 70. Lorsqu&#8217;en 1981 IBM met sur le march\u00e9 son PC, Apple domine un march\u00e9 qu&#8217;elle a largement contribu\u00e9 \u00e0 cr\u00e9er. Les principales machines &#8230;<\/p>\n<p><a href=\"https:\/\/www.auditsi.eu\/?page_id=3629\" class=\"more-link\">Continue reading &lsquo;Apple a croqu\u00e9 la pomme !&rsquo; &raquo;<\/a><\/p>\n<div style=\"padding-bottom:20px; padding-top:10px;\" class=\"hupso-share-buttons\"><!-- Hupso Share Buttons - https:\/\/www.hupso.com\/share\/ --><a class=\"hupso_counters\" href=\"https:\/\/www.hupso.com\/share\/\"><img src=\"https:\/\/static.hupso.com\/share\/buttons\/lang\/fr\/share-small.png\" style=\"border:0px; padding-top:2px; float:left;\" alt=\"Share Button\"\/><\/a><script type=\"text\/javascript\">var hupso_services_c=new Array(\"twitter\",\"facebook_like\",\"facebook_send\",\"email\",\"print\",\"linkedin\");var hupso_counters_lang = \"fr_FR\";var hupso_image_folder_url = \"\";var hupso_twitter_via=\"BenoitRiviere14\";var hupso_url_c=\"\";var hupso_title_c=\"Apple%20a%20croqu%C3%A9%20la%20pomme%20%21\";<\/script><script type=\"text\/javascript\" src=\"https:\/\/static.hupso.com\/share\/js\/counters.js\"><\/script><!-- Hupso Share Buttons --><\/div>","protected":false},"author":1,"featured_media":0,"parent":0,"menu_order":0,"comment_status":"open","ping_status":"open","template":"","meta":{"advanced_seo_description":"","jetpack_seo_html_title":"","jetpack_seo_noindex":false,"ngg_post_thumbnail":0,"footnotes":"","_links_to":"","_links_to_target":""},"class_list":["post-3629","page","type-page","status-publish","hentry"],"jetpack_sharing_enabled":true,"jetpack_likes_enabled":false,"_links":{"self":[{"href":"https:\/\/www.auditsi.eu\/index.php?rest_route=\/wp\/v2\/pages\/3629","targetHints":{"allow":["GET"]}}],"collection":[{"href":"https:\/\/www.auditsi.eu\/index.php?rest_route=\/wp\/v2\/pages"}],"about":[{"href":"https:\/\/www.auditsi.eu\/index.php?rest_route=\/wp\/v2\/types\/page"}],"author":[{"embeddable":true,"href":"https:\/\/www.auditsi.eu\/index.php?rest_route=\/wp\/v2\/users\/1"}],"replies":[{"embeddable":true,"href":"https:\/\/www.auditsi.eu\/index.php?rest_route=%2Fwp%2Fv2%2Fcomments&post=3629"}],"version-history":[{"count":42,"href":"https:\/\/www.auditsi.eu\/index.php?rest_route=\/wp\/v2\/pages\/3629\/revisions"}],"predecessor-version":[{"id":9299,"href":"https:\/\/www.auditsi.eu\/index.php?rest_route=\/wp\/v2\/pages\/3629\/revisions\/9299"}],"wp:attachment":[{"href":"https:\/\/www.auditsi.eu\/index.php?rest_route=%2Fwp%2Fv2%2Fmedia&parent=3629"}],"curies":[{"name":"wp","href":"https:\/\/api.w.org\/{rel}","templated":true}]}}