{"id":3598,"date":"2013-09-15T13:13:21","date_gmt":"2013-09-15T11:13:21","guid":{"rendered":"http:\/\/www.auditsi.eu\/?page_id=3598"},"modified":"2016-10-29T17:12:15","modified_gmt":"2016-10-29T15:12:15","slug":"nos-hommes-politiques-ne-sont-pas-des-informaticiens","status":"publish","type":"page","link":"https:\/\/www.auditsi.eu\/?page_id=3598","title":{"rendered":"Nos hommes politiques ne sont pas des informaticiens !"},"content":{"rendered":"<p style=\"text-align: justify;\">Trop occup\u00e9s \u00e0 alourdir le mille-feuille l\u00e9gislatif, cr\u00e9er de nouvelles taxes ou calibrer le diam\u00e8tres des bananes, les hommes politiques sont peu au fait de la vie normale, la n\u00f4tre, et de ses r\u00e9volutions technologiques : ils ne prennent pas le m\u00e9tro (et ne le d\u00e9couvrent qu&#8217;au moment des \u00e9lections, \u00e0 l&#8217;image d&#8217;<a title=\"Visite Edouard Balladur dans le m\u00e9tro et le RER\" href=\"http:\/\/www.ina.fr\/video\/PAC9311031633\" target=\"_blank\">Edouard BALLADUR en 1993<\/a> : &#8220;Je trouve qu&#8217;il fait chaud&#8230; enfin il para\u00eet qu&#8217;on va avoir des m\u00e9tros climatis\u00e9s en l&#8217;an 2000, alors c&#8217;est demain l&#8217;an 2000 !&#8221;), ne connaissent pas le prix d&#8217;une baguette de pain et pour eux <a href=\"https:\/\/www.auditsi.eu\/?page_id=2119\">l\u2019informatique<\/a> est une science obscure !<\/p>\n<p style=\"text-align: justify;\">Ainsi, en 1985, le tr\u00e8s ch\u00e9bran Fran\u00e7ois MITTERRAND, alors Pr\u00e9sident de la R\u00e9publique, a parl\u00e9 d&#8217;informateur au lieu d&#8217;ordinateur (il est vrai que les ordinateurs actuels informent beaucoup nos gouvernants sur nous, ce n&#8217;est pas la NSA qui me contredira).<\/p>\n<div id=\"attachment_3605\" style=\"width: 490px\" class=\"wp-caption aligncenter\"><a href=\"https:\/\/www.auditsi.eu\/wp-content\/uploads\/2013\/09\/HEBDOGICIEL-115-MITTERRAND.jpg\"><img loading=\"lazy\" decoding=\"async\" aria-describedby=\"caption-attachment-3605\" class=\"size-full wp-image-3605\" src=\"https:\/\/www.auditsi.eu\/wp-content\/uploads\/2013\/09\/HEBDOGICIEL-115-MITTERRAND.jpg\" alt=\"Dans son num\u00e9ro dat\u00e9 du 27 d\u00e9cembre 1985 (n\u00b0 115), HEBDOGICIEL se moquait gentillement du Pr\u00e9sident MITTERRAND qui au cours d'une interview avec Yves MOUROUSI avait prononc\u00e9 APLEU pour Apple et parl\u00e9 de Micro-Informateur au lieu de Micro-Ordinateur...\" height=\"590\" width=\"480\" srcset=\"https:\/\/www.auditsi.eu\/wp-content\/uploads\/2013\/09\/HEBDOGICIEL-115-MITTERRAND.jpg 480w, https:\/\/www.auditsi.eu\/wp-content\/uploads\/2013\/09\/HEBDOGICIEL-115-MITTERRAND-244x300.jpg 244w\" sizes=\"auto, (max-width: 480px) 100vw, 480px\" \/><\/a><p id=\"caption-attachment-3605\" class=\"wp-caption-text\">Dans son num\u00e9ro dat\u00e9 du 27 d\u00e9cembre 1985 (n\u00b0 115), HEBDOGICIEL se moquait gentillement du Pr\u00e9sident MITTERRAND qui au cours d&#8217;une interview avec Yves MOUROUSI avait prononc\u00e9 APLEU pour Apple et parl\u00e9 de Micro-Informateur au lieu de Micro-Ordinateur&#8230;<\/p><\/div>\n<p style=\"text-align: justify;\">Lors de l&#8217;inauguration de la Biblioth\u00e8que Nationale de France Fran\u00e7ois MITTERRAND en 1996, son successeur \u00e0 la pr\u00e9sidence, Jacques CHIRAC, avait demand\u00e9 \u00e0 son ministre de la culture d&#8217;alors, Jacques TOUBON, ce qu&#8217;\u00e9tait une souris. Il n&#8217;a pas fallu longtemps pour que les Guignols de l&#8217;Info s&#8217;emparent de l&#8217;incident et lui fassent parler de mulot au lieu de souris.<\/p>\n<p style=\"text-align: center;\">[dailymotion xa9r0y]<\/p>\n<p style=\"text-align: justify;\">Plus r\u00e9cemment, Nicolas SARKOZY parle de buzz au lieu de bug ! Finalement, nos Pr\u00e9sidents font une belle brochette !<\/p>\n<p style=\"text-align: justify;\">Et Fran\u00e7ois HOLLANDE ? Il ne se mouille pas, il ne parle pas d&#8217;informatique&#8230;<\/p>\n<p style=\"text-align: justify;\">Pour finir, Michel PLATINI, footballeur mythique des ann\u00e9es 80, a \u00e9t\u00e9 appel\u00e9 \u00e0 la rescousse par THOMSON pour tenter de sauver commercialement le <a title=\"TO et MO de THOMSON\" href=\"http:\/\/www.auditsi.eu\/?page_id=2993\">MO5<\/a> en perdition. Montrer l&#8217;int\u00e9r\u00eat d&#8217;un ordinateur \u00e0 la t\u00e9l\u00e9vision n&#8217;est d\u00e9j\u00e0 pas chose facile mais si le d\u00e9monstrateur n&#8217;est lui-m\u00eame pas convaincu&#8230; :<\/p>\n<p style=\"text-align: center;\">[youtube tY23ZhrXocY]<\/p>\n<p style=\"text-align: justify;\">Allez, Michel, on est de tout coeur avec toi !<\/p>\n<p>S\u00e9lection d\u2019articles sur le sujet :<\/p>\n<ul>\n<li>ADI : sous les pav\u00e9s, Fabius, Science &amp; Vie Micro n\u00b0 15 (mars 1985), p. 14 : l&#8217;Agence de l&#8217;Informatique (ADI) change de t\u00eates ; nomm\u00e9s par le gouvernement Fabius, Olivier Marec (ancien chef de cabinet de Laurent Fabius) et Alain Geismar (leader du mouvement de 68 et animateur de la Gauche Prol\u00e9tarienne) sont charg\u00e9s de prendre les rennes de l&#8217;ADI, gouffre financier, dont la vocation est la promotion de l&#8217;informatique.<\/li>\n<\/ul>\n<p style=\"text-align: justify;\">Approfondir le sujet :<br \/>\n<a title=\"L'informatique des ann\u00e9es 80\" href=\"http:\/\/www.auditsi.eu\/?page_id=2119\">L&#8217;informatique des ann\u00e9es 80<\/a> \/ <a title=\"Ma collection\" href=\"http:\/\/www.auditsi.eu\/?page_id=1983\">Ma collection<\/a> \/ <a title=\"Ma documentation\" href=\"http:\/\/www.auditsi.eu\/?page_id=3930\">Ma documentation<\/a><\/p>\n<div style=\"padding-bottom:20px; padding-top:10px;\" class=\"hupso-share-buttons\"><!-- Hupso Share Buttons - https:\/\/www.hupso.com\/share\/ --><a class=\"hupso_counters\" href=\"https:\/\/www.hupso.com\/share\/\"><img decoding=\"async\" src=\"https:\/\/static.hupso.com\/share\/buttons\/lang\/fr\/share-small.png\" style=\"border:0px; padding-top:2px; float:left;\" alt=\"Share Button\"\/><\/a><script type=\"text\/javascript\">var hupso_services_c=new Array(\"twitter\",\"facebook_like\",\"facebook_send\",\"email\",\"print\",\"linkedin\");var hupso_counters_lang = \"fr_FR\";var hupso_image_folder_url = \"\";var hupso_twitter_via=\"BenoitRiviere14\";var hupso_url_c=\"\";var hupso_title_c=\"Nos%20hommes%20politiques%20ne%20sont%20pas%20des%20informaticiens%20%21\";<\/script><script type=\"text\/javascript\" src=\"https:\/\/static.hupso.com\/share\/js\/counters.js\"><\/script><!-- Hupso Share Buttons --><\/div>","protected":false},"excerpt":{"rendered":"<p>Trop occup\u00e9s \u00e0 alourdir le mille-feuille l\u00e9gislatif, cr\u00e9er de nouvelles taxes ou calibrer le diam\u00e8tres des bananes, les hommes politiques sont peu au fait de la vie normale, la n\u00f4tre, et de ses r\u00e9volutions technologiques : ils ne prennent pas le m\u00e9tro (et ne le d\u00e9couvrent qu&#8217;au moment des \u00e9lections, \u00e0 l&#8217;image d&#8217;Edouard BALLADUR en &#8230;<\/p>\n<p><a href=\"https:\/\/www.auditsi.eu\/?page_id=3598\" class=\"more-link\">Continue reading &lsquo;Nos hommes politiques ne sont pas des informaticiens !&rsquo; &raquo;<\/a><\/p>\n<div style=\"padding-bottom:20px; padding-top:10px;\" class=\"hupso-share-buttons\"><!-- Hupso Share Buttons - https:\/\/www.hupso.com\/share\/ --><a class=\"hupso_counters\" href=\"https:\/\/www.hupso.com\/share\/\"><img src=\"https:\/\/static.hupso.com\/share\/buttons\/lang\/fr\/share-small.png\" style=\"border:0px; padding-top:2px; float:left;\" alt=\"Share Button\"\/><\/a><script type=\"text\/javascript\">var hupso_services_c=new Array(\"twitter\",\"facebook_like\",\"facebook_send\",\"email\",\"print\",\"linkedin\");var hupso_counters_lang = \"fr_FR\";var hupso_image_folder_url = \"\";var hupso_twitter_via=\"BenoitRiviere14\";var hupso_url_c=\"\";var hupso_title_c=\"Nos%20hommes%20politiques%20ne%20sont%20pas%20des%20informaticiens%20%21\";<\/script><script type=\"text\/javascript\" src=\"https:\/\/static.hupso.com\/share\/js\/counters.js\"><\/script><!-- Hupso Share Buttons --><\/div>","protected":false},"author":1,"featured_media":0,"parent":0,"menu_order":0,"comment_status":"open","ping_status":"open","template":"","meta":{"advanced_seo_description":"","jetpack_seo_html_title":"","jetpack_seo_noindex":false,"ngg_post_thumbnail":0,"footnotes":"","_links_to":"","_links_to_target":""},"class_list":["post-3598","page","type-page","status-publish","hentry"],"jetpack_sharing_enabled":true,"jetpack_likes_enabled":false,"_links":{"self":[{"href":"https:\/\/www.auditsi.eu\/index.php?rest_route=\/wp\/v2\/pages\/3598","targetHints":{"allow":["GET"]}}],"collection":[{"href":"https:\/\/www.auditsi.eu\/index.php?rest_route=\/wp\/v2\/pages"}],"about":[{"href":"https:\/\/www.auditsi.eu\/index.php?rest_route=\/wp\/v2\/types\/page"}],"author":[{"embeddable":true,"href":"https:\/\/www.auditsi.eu\/index.php?rest_route=\/wp\/v2\/users\/1"}],"replies":[{"embeddable":true,"href":"https:\/\/www.auditsi.eu\/index.php?rest_route=%2Fwp%2Fv2%2Fcomments&post=3598"}],"version-history":[{"count":14,"href":"https:\/\/www.auditsi.eu\/index.php?rest_route=\/wp\/v2\/pages\/3598\/revisions"}],"predecessor-version":[{"id":6714,"href":"https:\/\/www.auditsi.eu\/index.php?rest_route=\/wp\/v2\/pages\/3598\/revisions\/6714"}],"wp:attachment":[{"href":"https:\/\/www.auditsi.eu\/index.php?rest_route=%2Fwp%2Fv2%2Fmedia&parent=3598"}],"curies":[{"name":"wp","href":"https:\/\/api.w.org\/{rel}","templated":true}]}}