{"id":3585,"date":"2013-09-15T01:46:22","date_gmt":"2013-09-14T23:46:22","guid":{"rendered":"http:\/\/www.auditsi.eu\/?page_id=3585"},"modified":"2014-06-27T13:09:47","modified_gmt":"2014-06-27T11:09:47","slug":"ti-994a-de-texas-instruments","status":"publish","type":"page","link":"https:\/\/www.auditsi.eu\/?page_id=3585","title":{"rendered":"TI-99\/4A de TEXAS INSTRUMENTS"},"content":{"rendered":"<p style=\"text-align: justify;\">En 1981, le constructeur am\u00e9ricain TEXAS INSTRUMENTS met sur le march\u00e9 le TI-99\/4A, un hybride 8 et 16 bits, sans complexe avec son clavier QWERTY sans accents&#8230; am\u00e9ricain quoi !<\/p>\n<div id=\"attachment_3586\" style=\"width: 458px\" class=\"wp-caption aligncenter\"><a href=\"https:\/\/www.auditsi.eu\/wp-content\/uploads\/2013\/09\/DSCN8912.jpg\"><img loading=\"lazy\" decoding=\"async\" aria-describedby=\"caption-attachment-3586\" class=\"size-full wp-image-3586\" src=\"https:\/\/www.auditsi.eu\/wp-content\/uploads\/2013\/09\/DSCN8912.jpg\" alt=\"Le TI-99\/4A de TEXAS INSTRUMENTS\" width=\"448\" height=\"252\" srcset=\"https:\/\/www.auditsi.eu\/wp-content\/uploads\/2013\/09\/DSCN8912.jpg 448w, https:\/\/www.auditsi.eu\/wp-content\/uploads\/2013\/09\/DSCN8912-300x168.jpg 300w\" sizes=\"auto, (max-width: 448px) 100vw, 448px\" \/><\/a><p id=\"caption-attachment-3586\" class=\"wp-caption-text\">Le TI-99\/4A de TEXAS INSTRUMENTS<\/p><\/div>\n<p style=\"text-align: justify;\">Cette machine est dot\u00e9e d&#8217;un lecteur de cartouche. Les principaux connecteurs (vid\u00e9o, alimentation \u00e9lectrique&#8230;) ont des formats \u00e9sot\u00e9riques&#8230; tr\u00e8s ann\u00e9es 80 !<\/p>\n<div id=\"attachment_3587\" style=\"width: 458px\" class=\"wp-caption aligncenter\"><a href=\"https:\/\/www.auditsi.eu\/wp-content\/uploads\/2013\/09\/DSCN8916.jpg\"><img loading=\"lazy\" decoding=\"async\" aria-describedby=\"caption-attachment-3587\" class=\"size-full wp-image-3587\" src=\"https:\/\/www.auditsi.eu\/wp-content\/uploads\/2013\/09\/DSCN8916.jpg\" alt=\"L'alimentation \u00e9lectrique du TI-99\/4A : une fiche fichtrement singuli\u00e8re qui fournit du 16, 8 et 5 volts !\" width=\"448\" height=\"327\" srcset=\"https:\/\/www.auditsi.eu\/wp-content\/uploads\/2013\/09\/DSCN8916.jpg 448w, https:\/\/www.auditsi.eu\/wp-content\/uploads\/2013\/09\/DSCN8916-300x218.jpg 300w\" sizes=\"auto, (max-width: 448px) 100vw, 448px\" \/><\/a><p id=\"caption-attachment-3587\" class=\"wp-caption-text\">L&#8217;alimentation \u00e9lectrique du TI-99\/4A : une fiche fichtrement singuli\u00e8re qui d\u00e9livre du 16, 8 et 5 volts !<\/p><\/div>\n<div id=\"attachment_3588\" style=\"width: 458px\" class=\"wp-caption aligncenter\"><a href=\"https:\/\/www.auditsi.eu\/wp-content\/uploads\/2013\/09\/DSCN8943.jpg\"><img loading=\"lazy\" decoding=\"async\" aria-describedby=\"caption-attachment-3588\" class=\"size-full wp-image-3588\" src=\"https:\/\/www.auditsi.eu\/wp-content\/uploads\/2013\/09\/DSCN8943.jpg\" alt=\"L'\u00e9cran d'accueil du TI-99\/4A\" width=\"448\" height=\"336\" srcset=\"https:\/\/www.auditsi.eu\/wp-content\/uploads\/2013\/09\/DSCN8943.jpg 448w, https:\/\/www.auditsi.eu\/wp-content\/uploads\/2013\/09\/DSCN8943-300x224.jpg 300w\" sizes=\"auto, (max-width: 448px) 100vw, 448px\" \/><\/a><p id=\"caption-attachment-3588\" class=\"wp-caption-text\">L&#8217;\u00e9cran d&#8217;accueil du TI-99\/4A<\/p><\/div>\n<div id=\"attachment_3589\" style=\"width: 432px\" class=\"wp-caption aligncenter\"><a href=\"https:\/\/www.auditsi.eu\/wp-content\/uploads\/2013\/09\/DSCN8913.jpg\"><img loading=\"lazy\" decoding=\"async\" aria-describedby=\"caption-attachment-3589\" class=\"size-full wp-image-3589\" src=\"https:\/\/www.auditsi.eu\/wp-content\/uploads\/2013\/09\/DSCN8913.jpg\" alt=\"Logiciels et jeux sur cartouches pour TI-99\/4A dont Munchman, une des nombreuses adaptations de Pac Man\" width=\"422\" height=\"336\" srcset=\"https:\/\/www.auditsi.eu\/wp-content\/uploads\/2013\/09\/DSCN8913.jpg 422w, https:\/\/www.auditsi.eu\/wp-content\/uploads\/2013\/09\/DSCN8913-300x238.jpg 300w\" sizes=\"auto, (max-width: 422px) 100vw, 422px\" \/><\/a><p id=\"caption-attachment-3589\" class=\"wp-caption-text\">Logiciels et jeux sur cartouches pour TI-99\/4A dont Munchman, une des nombreuses adaptations de Pac Man<\/p><\/div>\n<div id=\"attachment_3590\" style=\"width: 458px\" class=\"wp-caption aligncenter\"><a href=\"https:\/\/www.auditsi.eu\/wp-content\/uploads\/2013\/09\/DSCN8962.jpg\"><img loading=\"lazy\" decoding=\"async\" aria-describedby=\"caption-attachment-3590\" class=\"size-full wp-image-3590\" src=\"https:\/\/www.auditsi.eu\/wp-content\/uploads\/2013\/09\/DSCN8962.jpg\" alt=\"Munchman sur TI-99\/4A\" width=\"448\" height=\"312\" srcset=\"https:\/\/www.auditsi.eu\/wp-content\/uploads\/2013\/09\/DSCN8962.jpg 448w, https:\/\/www.auditsi.eu\/wp-content\/uploads\/2013\/09\/DSCN8962-300x208.jpg 300w\" sizes=\"auto, (max-width: 448px) 100vw, 448px\" \/><\/a><p id=\"caption-attachment-3590\" class=\"wp-caption-text\">Munchman sur TI-99\/4A<\/p><\/div>\n<p><em>Les photos d\u2019illustration sont issues de ma <a title=\"Ma collection\" href=\"http:\/\/www.auditsi.eu\/?page_id=1983\">collection personnelle<\/a>.<\/em><\/p>\n<p>Approfondir le sujet :<br \/>\n<a title=\"L'informatique des ann\u00e9es 80\" href=\"http:\/\/www.auditsi.eu\/?page_id=2119\">L\u2019informatique des ann\u00e9es 80<\/a> \/ <a title=\"Ma collection\" href=\"http:\/\/www.auditsi.eu\/?page_id=1983\">Ma collection<\/a> \/ <a title=\"Ma documentation\" href=\"http:\/\/www.auditsi.eu\/?page_id=3930\">Ma documentation<\/a> \/ <a title=\"Quelques id\u00e9es de lecture pour en savoir plus\" href=\"http:\/\/www.auditsi.eu\/?page_id=4631\">Quelques id\u00e9es de lecture<\/a><\/p>\n<div style=\"padding-bottom:20px; padding-top:10px;\" class=\"hupso-share-buttons\"><!-- Hupso Share Buttons - https:\/\/www.hupso.com\/share\/ --><a class=\"hupso_counters\" href=\"https:\/\/www.hupso.com\/share\/\"><img decoding=\"async\" src=\"https:\/\/static.hupso.com\/share\/buttons\/lang\/fr\/share-small.png\" style=\"border:0px; padding-top:2px; float:left;\" alt=\"Share Button\"\/><\/a><script type=\"text\/javascript\">var hupso_services_c=new Array(\"twitter\",\"facebook_like\",\"facebook_send\",\"email\",\"print\",\"linkedin\");var hupso_counters_lang = \"fr_FR\";var hupso_image_folder_url = \"\";var hupso_twitter_via=\"BenoitRiviere14\";var hupso_url_c=\"\";var hupso_title_c=\"TI-99%2F4A%20de%20TEXAS%20INSTRUMENTS\";<\/script><script type=\"text\/javascript\" src=\"https:\/\/static.hupso.com\/share\/js\/counters.js\"><\/script><!-- Hupso Share Buttons --><\/div>","protected":false},"excerpt":{"rendered":"<p>En 1981, le constructeur am\u00e9ricain TEXAS INSTRUMENTS met sur le march\u00e9 le TI-99\/4A, un hybride 8 et 16 bits, sans complexe avec son clavier QWERTY sans accents&#8230; am\u00e9ricain quoi ! Cette machine est dot\u00e9e d&#8217;un lecteur de cartouche. Les principaux connecteurs (vid\u00e9o, alimentation \u00e9lectrique&#8230;) ont des formats \u00e9sot\u00e9riques&#8230; tr\u00e8s ann\u00e9es 80 ! Les photos d\u2019illustration &#8230;<\/p>\n<p><a href=\"https:\/\/www.auditsi.eu\/?page_id=3585\" class=\"more-link\">Continue reading &lsquo;TI-99\/4A de TEXAS INSTRUMENTS&rsquo; &raquo;<\/a><\/p>\n<div style=\"padding-bottom:20px; padding-top:10px;\" class=\"hupso-share-buttons\"><!-- Hupso Share Buttons - https:\/\/www.hupso.com\/share\/ --><a class=\"hupso_counters\" href=\"https:\/\/www.hupso.com\/share\/\"><img src=\"https:\/\/static.hupso.com\/share\/buttons\/lang\/fr\/share-small.png\" style=\"border:0px; padding-top:2px; float:left;\" alt=\"Share Button\"\/><\/a><script type=\"text\/javascript\">var hupso_services_c=new Array(\"twitter\",\"facebook_like\",\"facebook_send\",\"email\",\"print\",\"linkedin\");var hupso_counters_lang = \"fr_FR\";var hupso_image_folder_url = \"\";var hupso_twitter_via=\"BenoitRiviere14\";var hupso_url_c=\"\";var hupso_title_c=\"TI-99%2F4A%20de%20TEXAS%20INSTRUMENTS\";<\/script><script type=\"text\/javascript\" src=\"https:\/\/static.hupso.com\/share\/js\/counters.js\"><\/script><!-- Hupso Share Buttons --><\/div>","protected":false},"author":1,"featured_media":0,"parent":0,"menu_order":0,"comment_status":"open","ping_status":"open","template":"","meta":{"advanced_seo_description":"","jetpack_seo_html_title":"","jetpack_seo_noindex":false,"ngg_post_thumbnail":0,"footnotes":"","_links_to":"","_links_to_target":""},"class_list":["post-3585","page","type-page","status-publish","hentry"],"jetpack_sharing_enabled":true,"jetpack_likes_enabled":false,"_links":{"self":[{"href":"https:\/\/www.auditsi.eu\/index.php?rest_route=\/wp\/v2\/pages\/3585","targetHints":{"allow":["GET"]}}],"collection":[{"href":"https:\/\/www.auditsi.eu\/index.php?rest_route=\/wp\/v2\/pages"}],"about":[{"href":"https:\/\/www.auditsi.eu\/index.php?rest_route=\/wp\/v2\/types\/page"}],"author":[{"embeddable":true,"href":"https:\/\/www.auditsi.eu\/index.php?rest_route=\/wp\/v2\/users\/1"}],"replies":[{"embeddable":true,"href":"https:\/\/www.auditsi.eu\/index.php?rest_route=%2Fwp%2Fv2%2Fcomments&post=3585"}],"version-history":[{"count":4,"href":"https:\/\/www.auditsi.eu\/index.php?rest_route=\/wp\/v2\/pages\/3585\/revisions"}],"predecessor-version":[{"id":4988,"href":"https:\/\/www.auditsi.eu\/index.php?rest_route=\/wp\/v2\/pages\/3585\/revisions\/4988"}],"wp:attachment":[{"href":"https:\/\/www.auditsi.eu\/index.php?rest_route=%2Fwp%2Fv2%2Fmedia&parent=3585"}],"curies":[{"name":"wp","href":"https:\/\/api.w.org\/{rel}","templated":true}]}}