{"id":3515,"date":"2013-08-04T22:50:50","date_gmt":"2013-08-04T20:50:50","guid":{"rendered":"http:\/\/www.auditsi.eu\/?page_id=3515"},"modified":"2014-06-27T22:45:25","modified_gmt":"2014-06-27T20:45:25","slug":"la-console-atari-xe","status":"publish","type":"page","link":"https:\/\/www.auditsi.eu\/?page_id=3515","title":{"rendered":"La console ATARI XE"},"content":{"rendered":"<p style=\"text-align: justify;\">La console ATARI XE est sorti en 1987. En d\u00e9pit de ses r\u00e9elles capacit\u00e9s (la XE est dot\u00e9e d&#8217;un processeur graphique d\u00e9di\u00e9, une caract\u00e9ristique rare pour l&#8217;\u00e9poque), cette console n&#8217;a pas connu le succ\u00e8s face aux consoles Nintendo et Sega.<\/p>\n<p style=\"text-align: justify;\">Toute une gamme de p\u00e9riph\u00e9riques (clavier, lecteur de cassette&#8230;) permettait de transformer la console en v\u00e9ritable ordinateur.<\/p>\n<p style=\"text-align: justify;\">Caract\u00e9ristiques techniques : processeur 6502C \u00e0 1.77 Mhz (8 bits), RAM 64Ko, ROM 16 Ko, graphisme 390 x 192, 16 couleurs sur une palette de 256, son 4 voies.<\/p>\n<div id=\"attachment_3516\" style=\"width: 458px\" class=\"wp-caption aligncenter\"><a href=\"https:\/\/www.auditsi.eu\/wp-content\/uploads\/2013\/08\/DSCN8871.jpg\"><img loading=\"lazy\" decoding=\"async\" aria-describedby=\"caption-attachment-3516\" class=\"size-full wp-image-3516\" src=\"https:\/\/www.auditsi.eu\/wp-content\/uploads\/2013\/08\/DSCN8871.jpg\" alt=\"La console ATARI XE\" width=\"448\" height=\"252\" srcset=\"https:\/\/www.auditsi.eu\/wp-content\/uploads\/2013\/08\/DSCN8871.jpg 448w, https:\/\/www.auditsi.eu\/wp-content\/uploads\/2013\/08\/DSCN8871-300x168.jpg 300w\" sizes=\"auto, (max-width: 448px) 100vw, 448px\" \/><\/a><p id=\"caption-attachment-3516\" class=\"wp-caption-text\">La console ATARI XE<\/p><\/div>\n<div id=\"attachment_3517\" style=\"width: 444px\" class=\"wp-caption aligncenter\"><a href=\"https:\/\/www.auditsi.eu\/wp-content\/uploads\/2013\/08\/DSCN8873.jpg\"><img loading=\"lazy\" decoding=\"async\" aria-describedby=\"caption-attachment-3517\" class=\"size-full wp-image-3517\" src=\"https:\/\/www.auditsi.eu\/wp-content\/uploads\/2013\/08\/DSCN8873.jpg\" alt=\"Cartouches de jeu pour console ATARI XE : Ballblazer, Final Legacy et Tennis\" width=\"434\" height=\"336\" srcset=\"https:\/\/www.auditsi.eu\/wp-content\/uploads\/2013\/08\/DSCN8873.jpg 434w, https:\/\/www.auditsi.eu\/wp-content\/uploads\/2013\/08\/DSCN8873-300x232.jpg 300w\" sizes=\"auto, (max-width: 434px) 100vw, 434px\" \/><\/a><p id=\"caption-attachment-3517\" class=\"wp-caption-text\">Cartouches de jeu pour console ATARI XE : Ballblazer, Final Legacy et Tennis<\/p><\/div>\n<div id=\"attachment_3518\" style=\"width: 444px\" class=\"wp-caption aligncenter\"><a href=\"https:\/\/www.auditsi.eu\/wp-content\/uploads\/2013\/08\/DSCN8865.jpg\"><img loading=\"lazy\" decoding=\"async\" aria-describedby=\"caption-attachment-3518\" class=\"size-full wp-image-3518\" src=\"https:\/\/www.auditsi.eu\/wp-content\/uploads\/2013\/08\/DSCN8865.jpg\" alt=\"Ballblazer sur console ATARI XE\" width=\"434\" height=\"336\" srcset=\"https:\/\/www.auditsi.eu\/wp-content\/uploads\/2013\/08\/DSCN8865.jpg 434w, https:\/\/www.auditsi.eu\/wp-content\/uploads\/2013\/08\/DSCN8865-300x232.jpg 300w\" sizes=\"auto, (max-width: 434px) 100vw, 434px\" \/><\/a><p id=\"caption-attachment-3518\" class=\"wp-caption-text\">Ballblazer sur console ATARI XE<\/p><\/div>\n<p><em>Les photos d\u2019illustration sont issues de ma <a title=\"Ma collection\" href=\"http:\/\/www.auditsi.eu\/?page_id=1983\">collection personnelle<\/a>.<\/em><\/p>\n<p>Approfondir le sujet :<br \/>\n<a title=\"L'informatique des ann\u00e9es 80\" href=\"http:\/\/www.auditsi.eu\/?page_id=2119\">L\u2019informatique des ann\u00e9es 80<\/a> \/ <a title=\"Ma collection\" href=\"http:\/\/www.auditsi.eu\/?page_id=1983\">Ma collection<\/a> \/ <a title=\"Ma documentation\" href=\"http:\/\/www.auditsi.eu\/?page_id=3930\">Ma documentation<\/a> \/ <a title=\"Quelques id\u00e9es de lecture pour en savoir plus\" href=\"http:\/\/www.auditsi.eu\/?page_id=4631\">Quelques id\u00e9es de lecture<\/a><\/p>\n<div style=\"padding-bottom:20px; padding-top:10px;\" class=\"hupso-share-buttons\"><!-- Hupso Share Buttons - https:\/\/www.hupso.com\/share\/ --><a class=\"hupso_counters\" href=\"https:\/\/www.hupso.com\/share\/\"><img decoding=\"async\" src=\"https:\/\/static.hupso.com\/share\/buttons\/lang\/fr\/share-small.png\" style=\"border:0px; padding-top:2px; float:left;\" alt=\"Share Button\"\/><\/a><script type=\"text\/javascript\">var hupso_services_c=new Array(\"twitter\",\"facebook_like\",\"facebook_send\",\"email\",\"print\",\"linkedin\");var hupso_counters_lang = \"fr_FR\";var hupso_image_folder_url = \"\";var hupso_twitter_via=\"BenoitRiviere14\";var hupso_url_c=\"\";var hupso_title_c=\"La%20console%20ATARI%20XE\";<\/script><script type=\"text\/javascript\" src=\"https:\/\/static.hupso.com\/share\/js\/counters.js\"><\/script><!-- Hupso Share Buttons --><\/div>","protected":false},"excerpt":{"rendered":"<p>La console ATARI XE est sorti en 1987. En d\u00e9pit de ses r\u00e9elles capacit\u00e9s (la XE est dot\u00e9e d&#8217;un processeur graphique d\u00e9di\u00e9, une caract\u00e9ristique rare pour l&#8217;\u00e9poque), cette console n&#8217;a pas connu le succ\u00e8s face aux consoles Nintendo et Sega. Toute une gamme de p\u00e9riph\u00e9riques (clavier, lecteur de cassette&#8230;) permettait de transformer la console en &#8230;<\/p>\n<p><a href=\"https:\/\/www.auditsi.eu\/?page_id=3515\" class=\"more-link\">Continue reading &lsquo;La console ATARI XE&rsquo; &raquo;<\/a><\/p>\n<div style=\"padding-bottom:20px; padding-top:10px;\" class=\"hupso-share-buttons\"><!-- Hupso Share Buttons - https:\/\/www.hupso.com\/share\/ --><a class=\"hupso_counters\" href=\"https:\/\/www.hupso.com\/share\/\"><img src=\"https:\/\/static.hupso.com\/share\/buttons\/lang\/fr\/share-small.png\" style=\"border:0px; padding-top:2px; float:left;\" alt=\"Share Button\"\/><\/a><script type=\"text\/javascript\">var hupso_services_c=new Array(\"twitter\",\"facebook_like\",\"facebook_send\",\"email\",\"print\",\"linkedin\");var hupso_counters_lang = \"fr_FR\";var hupso_image_folder_url = \"\";var hupso_twitter_via=\"BenoitRiviere14\";var hupso_url_c=\"\";var hupso_title_c=\"La%20console%20ATARI%20XE\";<\/script><script type=\"text\/javascript\" src=\"https:\/\/static.hupso.com\/share\/js\/counters.js\"><\/script><!-- Hupso Share Buttons --><\/div>","protected":false},"author":1,"featured_media":0,"parent":0,"menu_order":0,"comment_status":"open","ping_status":"open","template":"","meta":{"advanced_seo_description":"","jetpack_seo_html_title":"","jetpack_seo_noindex":false,"ngg_post_thumbnail":0,"footnotes":"","_links_to":"","_links_to_target":""},"class_list":["post-3515","page","type-page","status-publish","hentry"],"jetpack_sharing_enabled":true,"jetpack_likes_enabled":false,"_links":{"self":[{"href":"https:\/\/www.auditsi.eu\/index.php?rest_route=\/wp\/v2\/pages\/3515","targetHints":{"allow":["GET"]}}],"collection":[{"href":"https:\/\/www.auditsi.eu\/index.php?rest_route=\/wp\/v2\/pages"}],"about":[{"href":"https:\/\/www.auditsi.eu\/index.php?rest_route=\/wp\/v2\/types\/page"}],"author":[{"embeddable":true,"href":"https:\/\/www.auditsi.eu\/index.php?rest_route=\/wp\/v2\/users\/1"}],"replies":[{"embeddable":true,"href":"https:\/\/www.auditsi.eu\/index.php?rest_route=%2Fwp%2Fv2%2Fcomments&post=3515"}],"version-history":[{"count":8,"href":"https:\/\/www.auditsi.eu\/index.php?rest_route=\/wp\/v2\/pages\/3515\/revisions"}],"predecessor-version":[{"id":5003,"href":"https:\/\/www.auditsi.eu\/index.php?rest_route=\/wp\/v2\/pages\/3515\/revisions\/5003"}],"wp:attachment":[{"href":"https:\/\/www.auditsi.eu\/index.php?rest_route=%2Fwp%2Fv2%2Fmedia&parent=3515"}],"curies":[{"name":"wp","href":"https:\/\/api.w.org\/{rel}","templated":true}]}}