{"id":3496,"date":"2013-08-04T19:57:39","date_gmt":"2013-08-04T17:57:39","guid":{"rendered":"http:\/\/www.auditsi.eu\/?page_id=3496"},"modified":"2020-02-16T14:32:56","modified_gmt":"2020-02-16T13:32:56","slug":"les-consoles-game-watch-de-nintendo","status":"publish","type":"page","link":"https:\/\/www.auditsi.eu\/?page_id=3496","title":{"rendered":"Les consoles Game &#038; Watch de Nintendo"},"content":{"rendered":"<p style=\"text-align: justify;\">Gamins, on se rassemblait dans la cours de l&#8217;\u00e9cole pour voir ces nouveaux jouets : les consoles Game &amp; Watch !<\/p>\n<p style=\"text-align: justify;\">Les consoles Game &amp; Watch ont \u00e9t\u00e9 cr\u00e9\u00e9es par Nintendo, l\u2019inventeur de la Game Boy. Il s\u2019agit de jeux \u00e9lectroniques dot\u00e9s d\u2019\u00e9crans \u00e0 cristaux liquides (donc noir et blanc) et dont les d\u00e9cors en couleur sont pr\u00e9-imprim\u00e9s ; de ce fait, ces consoles sont limit\u00e9es \u00e0 un jeu. Au d\u00e9part cr\u00e9\u00e9es pour occuper les hommes d\u2019affaires pendant leur temps de transport, les Game &amp; Watch ont rapidement \u00e9t\u00e9 adopt\u00e9es par les enfants. C\u2019est \u00e0 cette occasion que les c\u00e9l\u00e8bres h\u00e9ros Mario et Donkey Kong sont n\u00e9s.<\/p>\n<p style=\"text-align: justify;\">Entre 1980 et 1991, Nintendo a produit 59 jeux \u00e9lectroniques Game &amp; Watch diff\u00e9rents. Au total, il s\u2019en est \u00e9coul\u00e9 43 millions d\u2019exemplaires dans le monde entier.<\/p>\n<p style=\"text-align: justify;\">Les consoles portables auront raison de l\u2019h\u00e9g\u00e9monie des Game &amp; Watch dans les ann\u00e9es 90. Ces consoles offraient la possibilit\u00e9 de jouer \u00e0 de nouveaux jeux par simple changement de cartouche, ce que ne pouvaient offrir les Game &amp; Watch.<\/p>\n<div id=\"attachment_8704\" style=\"width: 1082px\" class=\"wp-caption aligncenter\"><a href=\"https:\/\/www.auditsi.eu\/?attachment_id=8704\" rel=\"attachment wp-att-8704\"><img loading=\"lazy\" decoding=\"async\" aria-describedby=\"caption-attachment-8704\" class=\"size-full wp-image-8704\" src=\"https:\/\/www.auditsi.eu\/wp-content\/uploads\/2020\/02\/GW-TURTLE-BRIDGE.jpg\" alt=\"Console Game &amp; Watch Turtle Bridge de Nintendo (1982)\" width=\"1072\" height=\"646\" srcset=\"https:\/\/www.auditsi.eu\/wp-content\/uploads\/2020\/02\/GW-TURTLE-BRIDGE.jpg 1072w, https:\/\/www.auditsi.eu\/wp-content\/uploads\/2020\/02\/GW-TURTLE-BRIDGE-300x181.jpg 300w, https:\/\/www.auditsi.eu\/wp-content\/uploads\/2020\/02\/GW-TURTLE-BRIDGE-1024x617.jpg 1024w, https:\/\/www.auditsi.eu\/wp-content\/uploads\/2020\/02\/GW-TURTLE-BRIDGE-768x463.jpg 768w, https:\/\/www.auditsi.eu\/wp-content\/uploads\/2020\/02\/GW-TURTLE-BRIDGE-730x440.jpg 730w\" sizes=\"auto, (max-width: 1072px) 100vw, 1072px\" \/><\/a><p id=\"caption-attachment-8704\" class=\"wp-caption-text\">Console Game &amp; Watch Turtle Bridge de Nintendo (1982)<\/p><\/div>\n<div id=\"attachment_3506\" style=\"width: 490px\" class=\"wp-caption aligncenter\"><a href=\"https:\/\/www.auditsi.eu\/wp-content\/uploads\/2013\/08\/DSCN8796.jpg\"><img loading=\"lazy\" decoding=\"async\" aria-describedby=\"caption-attachment-3506\" class=\"size-full wp-image-3506\" src=\"https:\/\/www.auditsi.eu\/wp-content\/uploads\/2013\/08\/DSCN8796.jpg\" alt=\"Console Game &amp; Watch Donkey Kong de Nintendo (1982)\" width=\"480\" height=\"540\" srcset=\"https:\/\/www.auditsi.eu\/wp-content\/uploads\/2013\/08\/DSCN8796.jpg 480w, https:\/\/www.auditsi.eu\/wp-content\/uploads\/2013\/08\/DSCN8796-266x300.jpg 266w\" sizes=\"auto, (max-width: 480px) 100vw, 480px\" \/><\/a><p id=\"caption-attachment-3506\" class=\"wp-caption-text\">Console Game &amp; Watch Donkey Kong de Nintendo (1982)<\/p><\/div>\n<div id=\"attachment_3508\" style=\"width: 458px\" class=\"wp-caption aligncenter\"><a href=\"https:\/\/www.auditsi.eu\/wp-content\/uploads\/2013\/08\/DSCN8795.jpg\"><img loading=\"lazy\" decoding=\"async\" aria-describedby=\"caption-attachment-3508\" class=\"size-full wp-image-3508\" src=\"https:\/\/www.auditsi.eu\/wp-content\/uploads\/2013\/08\/DSCN8795.jpg\" alt=\"Console Game &amp; Watch Donkey Kong de Nintendo (1982)\" width=\"448\" height=\"265\" srcset=\"https:\/\/www.auditsi.eu\/wp-content\/uploads\/2013\/08\/DSCN8795.jpg 448w, https:\/\/www.auditsi.eu\/wp-content\/uploads\/2013\/08\/DSCN8795-300x177.jpg 300w\" sizes=\"auto, (max-width: 448px) 100vw, 448px\" \/><\/a><p id=\"caption-attachment-3508\" class=\"wp-caption-text\">Console Game &amp; Watch Donkey Kong de Nintendo (1982)<\/p><\/div>\n<div id=\"attachment_3509\" style=\"width: 490px\" class=\"wp-caption aligncenter\"><a href=\"https:\/\/www.auditsi.eu\/wp-content\/uploads\/2013\/08\/DSCN8793.jpg\"><img loading=\"lazy\" decoding=\"async\" aria-describedby=\"caption-attachment-3509\" class=\"size-full wp-image-3509\" src=\"https:\/\/www.auditsi.eu\/wp-content\/uploads\/2013\/08\/DSCN8793.jpg\" alt=\"Console Game &amp; Watch Donkey Kong II de Nintendo (1983)\" width=\"480\" height=\"512\" srcset=\"https:\/\/www.auditsi.eu\/wp-content\/uploads\/2013\/08\/DSCN8793.jpg 480w, https:\/\/www.auditsi.eu\/wp-content\/uploads\/2013\/08\/DSCN8793-281x300.jpg 281w\" sizes=\"auto, (max-width: 480px) 100vw, 480px\" \/><\/a><p id=\"caption-attachment-3509\" class=\"wp-caption-text\">Console Game &amp; Watch Donkey Kong II de Nintendo (1983)<\/p><\/div>\n<div id=\"attachment_3510\" style=\"width: 458px\" class=\"wp-caption aligncenter\"><a href=\"https:\/\/www.auditsi.eu\/wp-content\/uploads\/2013\/08\/DSCN8794.jpg\"><img loading=\"lazy\" decoding=\"async\" aria-describedby=\"caption-attachment-3510\" class=\"size-full wp-image-3510\" src=\"https:\/\/www.auditsi.eu\/wp-content\/uploads\/2013\/08\/DSCN8794.jpg\" alt=\"Console Game &amp; Watch Donkey Kong II de Nintendo (1983)\" width=\"448\" height=\"272\" srcset=\"https:\/\/www.auditsi.eu\/wp-content\/uploads\/2013\/08\/DSCN8794.jpg 448w, https:\/\/www.auditsi.eu\/wp-content\/uploads\/2013\/08\/DSCN8794-300x182.jpg 300w\" sizes=\"auto, (max-width: 448px) 100vw, 448px\" \/><\/a><p id=\"caption-attachment-3510\" class=\"wp-caption-text\">Console Game &amp; Watch Donkey Kong II de Nintendo (1983)<\/p><\/div>\n<div id=\"attachment_3511\" style=\"width: 490px\" class=\"wp-caption aligncenter\"><a href=\"https:\/\/www.auditsi.eu\/wp-content\/uploads\/2013\/08\/DSCN8790.jpg\"><img loading=\"lazy\" decoding=\"async\" aria-describedby=\"caption-attachment-3511\" class=\"size-full wp-image-3511\" src=\"https:\/\/www.auditsi.eu\/wp-content\/uploads\/2013\/08\/DSCN8790.jpg\" alt=\"Console Game &amp; Watch Zelda de Nintendo (1989)\" width=\"480\" height=\"553\" srcset=\"https:\/\/www.auditsi.eu\/wp-content\/uploads\/2013\/08\/DSCN8790.jpg 480w, https:\/\/www.auditsi.eu\/wp-content\/uploads\/2013\/08\/DSCN8790-260x300.jpg 260w\" sizes=\"auto, (max-width: 480px) 100vw, 480px\" \/><\/a><p id=\"caption-attachment-3511\" class=\"wp-caption-text\">Console Game &amp; Watch Zelda de Nintendo (1989)<\/p><\/div>\n<div id=\"attachment_3512\" style=\"width: 458px\" class=\"wp-caption aligncenter\"><a href=\"https:\/\/www.auditsi.eu\/wp-content\/uploads\/2013\/08\/DSCN8791.jpg\"><img loading=\"lazy\" decoding=\"async\" aria-describedby=\"caption-attachment-3512\" class=\"size-full wp-image-3512\" src=\"https:\/\/www.auditsi.eu\/wp-content\/uploads\/2013\/08\/DSCN8791.jpg\" alt=\"Console Game &amp; Watch Zelda de Nintendo (1989)\" width=\"448\" height=\"271\" srcset=\"https:\/\/www.auditsi.eu\/wp-content\/uploads\/2013\/08\/DSCN8791.jpg 448w, https:\/\/www.auditsi.eu\/wp-content\/uploads\/2013\/08\/DSCN8791-300x181.jpg 300w\" sizes=\"auto, (max-width: 448px) 100vw, 448px\" \/><\/a><p id=\"caption-attachment-3512\" class=\"wp-caption-text\">Console Game &amp; Watch Zelda de Nintendo (1989)<\/p><\/div>\n<p style=\"text-align: justify;\">D\u00e9couvrez ou red\u00e9couvrez les consoles Game &amp; Watch et bien d&#8217;autres, jouez en ligne sur : <a title=\"PicaPic\" href=\"http:\/\/www.pica-pic.com\/\">PicaPic<\/a><\/p>\n<p>Plus d&#8217;infos sur les jeux \u00e9lectroniques Game &amp; Watch : <a title=\"Game &amp; Watch (Wikipedia)\" href=\"http:\/\/fr.wikipedia.org\/wiki\/Game_%26_Watch\" target=\"_blank\" rel=\"noopener noreferrer\">article Wikipedia sur les Game &amp; Watch<\/a><\/p>\n<div id=\"attachment_3505\" style=\"width: 458px\" class=\"wp-caption aligncenter\"><a href=\"https:\/\/www.auditsi.eu\/wp-content\/uploads\/2013\/08\/DSCN8802.jpg\"><img loading=\"lazy\" decoding=\"async\" aria-describedby=\"caption-attachment-3505\" class=\"size-full wp-image-3505\" src=\"https:\/\/www.auditsi.eu\/wp-content\/uploads\/2013\/08\/DSCN8802.jpg\" alt=\"Les piles bouton, fid\u00e8les compagnons des Game &amp; Watch\" width=\"448\" height=\"225\" srcset=\"https:\/\/www.auditsi.eu\/wp-content\/uploads\/2013\/08\/DSCN8802.jpg 448w, https:\/\/www.auditsi.eu\/wp-content\/uploads\/2013\/08\/DSCN8802-300x150.jpg 300w\" sizes=\"auto, (max-width: 448px) 100vw, 448px\" \/><\/a><p id=\"caption-attachment-3505\" class=\"wp-caption-text\">Les piles bouton, fid\u00e8les compagnons des Game &amp; Watch<\/p><\/div>\n<p><em>Les photos d\u2019illustration sont issues de ma <a title=\"Ma collection\" href=\"http:\/\/www.auditsi.eu\/?page_id=1983\">collection personnelle<\/a>.<\/em><\/p>\n<p>Approfondir le sujet :<br \/>\n<a title=\"L'informatique des ann\u00e9es 80\" href=\"http:\/\/www.auditsi.eu\/?page_id=2119\">L\u2019informatique des ann\u00e9es 80<\/a> \/ <a title=\"Ma collection\" href=\"http:\/\/www.auditsi.eu\/?page_id=1983\">Ma collection<\/a> \/ <a title=\"Ma documentation\" href=\"http:\/\/www.auditsi.eu\/?page_id=3930\">Ma documentation<\/a> \/ <a title=\"Quelques id\u00e9es de lecture pour en savoir plus\" href=\"http:\/\/www.auditsi.eu\/?page_id=4631\">Quelques id\u00e9es de lecture<\/a><\/p>\n<div style=\"padding-bottom:20px; padding-top:10px;\" class=\"hupso-share-buttons\"><!-- Hupso Share Buttons - https:\/\/www.hupso.com\/share\/ --><a class=\"hupso_counters\" href=\"https:\/\/www.hupso.com\/share\/\"><img decoding=\"async\" src=\"https:\/\/static.hupso.com\/share\/buttons\/lang\/fr\/share-small.png\" style=\"border:0px; padding-top:2px; float:left;\" alt=\"Share Button\"\/><\/a><script type=\"text\/javascript\">var hupso_services_c=new Array(\"twitter\",\"facebook_like\",\"facebook_send\",\"email\",\"print\",\"linkedin\");var hupso_counters_lang = \"fr_FR\";var hupso_image_folder_url = \"\";var hupso_twitter_via=\"BenoitRiviere14\";var hupso_url_c=\"\";var hupso_title_c=\"Les%20consoles%20Game%20%26%20Watch%20de%20Nintendo\";<\/script><script type=\"text\/javascript\" src=\"https:\/\/static.hupso.com\/share\/js\/counters.js\"><\/script><!-- Hupso Share Buttons --><\/div>","protected":false},"excerpt":{"rendered":"<p>Gamins, on se rassemblait dans la cours de l&#8217;\u00e9cole pour voir ces nouveaux jouets : les consoles Game &amp; Watch ! Les consoles Game &amp; Watch ont \u00e9t\u00e9 cr\u00e9\u00e9es par Nintendo, l\u2019inventeur de la Game Boy. Il s\u2019agit de jeux \u00e9lectroniques dot\u00e9s d\u2019\u00e9crans \u00e0 cristaux liquides (donc noir et blanc) et dont les d\u00e9cors en &#8230;<\/p>\n<p><a href=\"https:\/\/www.auditsi.eu\/?page_id=3496\" class=\"more-link\">Continue reading &lsquo;Les consoles Game &#038; Watch de Nintendo&rsquo; &raquo;<\/a><\/p>\n<div style=\"padding-bottom:20px; padding-top:10px;\" class=\"hupso-share-buttons\"><!-- Hupso Share Buttons - https:\/\/www.hupso.com\/share\/ --><a class=\"hupso_counters\" href=\"https:\/\/www.hupso.com\/share\/\"><img src=\"https:\/\/static.hupso.com\/share\/buttons\/lang\/fr\/share-small.png\" style=\"border:0px; padding-top:2px; float:left;\" alt=\"Share Button\"\/><\/a><script type=\"text\/javascript\">var hupso_services_c=new Array(\"twitter\",\"facebook_like\",\"facebook_send\",\"email\",\"print\",\"linkedin\");var hupso_counters_lang = \"fr_FR\";var hupso_image_folder_url = \"\";var hupso_twitter_via=\"BenoitRiviere14\";var hupso_url_c=\"\";var hupso_title_c=\"Les%20consoles%20Game%20%26%20Watch%20de%20Nintendo\";<\/script><script type=\"text\/javascript\" src=\"https:\/\/static.hupso.com\/share\/js\/counters.js\"><\/script><!-- Hupso Share Buttons --><\/div>","protected":false},"author":1,"featured_media":0,"parent":0,"menu_order":0,"comment_status":"open","ping_status":"open","template":"","meta":{"advanced_seo_description":"","jetpack_seo_html_title":"","jetpack_seo_noindex":false,"ngg_post_thumbnail":0,"footnotes":"","_links_to":"","_links_to_target":""},"class_list":["post-3496","page","type-page","status-publish","hentry"],"jetpack_sharing_enabled":true,"jetpack_likes_enabled":false,"_links":{"self":[{"href":"https:\/\/www.auditsi.eu\/index.php?rest_route=\/wp\/v2\/pages\/3496","targetHints":{"allow":["GET"]}}],"collection":[{"href":"https:\/\/www.auditsi.eu\/index.php?rest_route=\/wp\/v2\/pages"}],"about":[{"href":"https:\/\/www.auditsi.eu\/index.php?rest_route=\/wp\/v2\/types\/page"}],"author":[{"embeddable":true,"href":"https:\/\/www.auditsi.eu\/index.php?rest_route=\/wp\/v2\/users\/1"}],"replies":[{"embeddable":true,"href":"https:\/\/www.auditsi.eu\/index.php?rest_route=%2Fwp%2Fv2%2Fcomments&post=3496"}],"version-history":[{"count":10,"href":"https:\/\/www.auditsi.eu\/index.php?rest_route=\/wp\/v2\/pages\/3496\/revisions"}],"predecessor-version":[{"id":8705,"href":"https:\/\/www.auditsi.eu\/index.php?rest_route=\/wp\/v2\/pages\/3496\/revisions\/8705"}],"wp:attachment":[{"href":"https:\/\/www.auditsi.eu\/index.php?rest_route=%2Fwp%2Fv2%2Fmedia&parent=3496"}],"curies":[{"name":"wp","href":"https:\/\/api.w.org\/{rel}","templated":true}]}}