{"id":3413,"date":"2013-07-23T10:56:20","date_gmt":"2013-07-23T08:56:20","guid":{"rendered":"http:\/\/www.auditsi.eu\/?page_id=3413"},"modified":"2013-07-23T11:32:48","modified_gmt":"2013-07-23T09:32:48","slug":"un-format-de-support-de-stockage-original-le-disque-a-microsillon","status":"publish","type":"page","link":"https:\/\/www.auditsi.eu\/?page_id=3413","title":{"rendered":"Un format de support de stockage original : le disque \u00e0 microsillon"},"content":{"rendered":"<p style=\"text-align: justify;\">Les supports de stockage de donn\u00e9es depuis la cr\u00e9ation des ordinateurs ont \u00e9t\u00e9 assez divers : carte perfor\u00e9e, bande magn\u00e9tique, cartouches, disquette (plus ou moins) souple, disque dur, CD-ROM, clef USB, cartes m\u00e9moire, stockage en ligne\u2026 Le plus surprenant aura \u00e9t\u00e9 pour moi le &#8220;disque vinyle&#8221; (disque \u00e0 microsillon), ce format \u00e9tant \u00e0 l&#8217;\u00e9poque exclusivement destin\u00e9 \u00e0 contenir de la musique. A ma connaissance, le seul disque de ce format utilis\u00e9 pour diffuser un programme informatique en France est celui qui a \u00e9t\u00e9 encart\u00e9 dans le num\u00e9ro 31 de la revue Micro-Syst\u00e8mes en mai 1983.<\/p>\n<div id=\"attachment_3414\" style=\"width: 475px\" class=\"wp-caption aligncenter\"><a href=\"https:\/\/www.auditsi.eu\/wp-content\/uploads\/2013\/07\/DISQUE-NUMERIQUE-ZX81.jpg\"><img loading=\"lazy\" decoding=\"async\" aria-describedby=\"caption-attachment-3414\" class=\"size-full wp-image-3414\" alt=\"Disque num\u00e9rique pour ZX81 encart\u00e9 dans la revue Micro-Syst\u00e8me n\u00b0 31 (mai 1983)\" src=\"https:\/\/www.auditsi.eu\/wp-content\/uploads\/2013\/07\/DISQUE-NUMERIQUE-ZX81.jpg\" width=\"465\" height=\"433\" srcset=\"https:\/\/www.auditsi.eu\/wp-content\/uploads\/2013\/07\/DISQUE-NUMERIQUE-ZX81.jpg 465w, https:\/\/www.auditsi.eu\/wp-content\/uploads\/2013\/07\/DISQUE-NUMERIQUE-ZX81-300x279.jpg 300w\" sizes=\"auto, (max-width: 465px) 100vw, 465px\" \/><\/a><p id=\"caption-attachment-3414\" class=\"wp-caption-text\">Disque num\u00e9rique pour ZX81 encart\u00e9 dans la revue Micro-Syst\u00e8mes n\u00b0 31 (mai 1983)<\/p><\/div>\n<p style=\"text-align: justify;\">Ce support, pr\u00e9sent\u00e9 comme un disque num\u00e9rique* (<em>sic<\/em>), renfermait un programme de jeu (d\u2019une taille mirifique de 8 Ko) intitul\u00e9 JEU DE BANQUE pour ordinateur <a title=\"Le ZX81 de Sinclair\" href=\"http:\/\/www.auditsi.eu\/?page_id=2945\">ZX81<\/a>. Brancher un tourne-disque sur son micro-ordinateur devait \u00eatre tr\u00e8s classe pour l&#8217;\u00e9poque !<\/p>\n<p style=\"text-align: justify;\"><span style=\"font-size: small;\"><em>* Il s&#8217;agit en r\u00e9alit\u00e9 d&#8217;un support analogique sur lequel est stock\u00e9 un programme informatique (donc num\u00e9rique)<\/em><\/span><\/p>\n<p><em>Les photos d\u2019illustration sont issues de ma <a title=\"Ma collection\" href=\"http:\/\/www.auditsi.eu\/?page_id=1983\">collection personnelle<\/a>.<\/em><\/p>\n<div style=\"padding-bottom:20px; padding-top:10px;\" class=\"hupso-share-buttons\"><!-- Hupso Share Buttons - https:\/\/www.hupso.com\/share\/ --><a class=\"hupso_counters\" href=\"https:\/\/www.hupso.com\/share\/\"><img decoding=\"async\" src=\"https:\/\/static.hupso.com\/share\/buttons\/lang\/fr\/share-small.png\" style=\"border:0px; padding-top:2px; float:left;\" alt=\"Share Button\"\/><\/a><script type=\"text\/javascript\">var hupso_services_c=new Array(\"twitter\",\"facebook_like\",\"facebook_send\",\"email\",\"print\",\"linkedin\");var hupso_counters_lang = \"fr_FR\";var hupso_image_folder_url = \"\";var hupso_twitter_via=\"BenoitRiviere14\";var hupso_url_c=\"\";var hupso_title_c=\"Un%20format%20de%20support%20de%20stockage%20original%20%3A%20le%20disque%20%C3%A0%20microsillon\";<\/script><script type=\"text\/javascript\" src=\"https:\/\/static.hupso.com\/share\/js\/counters.js\"><\/script><!-- Hupso Share Buttons --><\/div>","protected":false},"excerpt":{"rendered":"<p>Les supports de stockage de donn\u00e9es depuis la cr\u00e9ation des ordinateurs ont \u00e9t\u00e9 assez divers : carte perfor\u00e9e, bande magn\u00e9tique, cartouches, disquette (plus ou moins) souple, disque dur, CD-ROM, clef USB, cartes m\u00e9moire, stockage en ligne\u2026 Le plus surprenant aura \u00e9t\u00e9 pour moi le &#8220;disque vinyle&#8221; (disque \u00e0 microsillon), ce format \u00e9tant \u00e0 l&#8217;\u00e9poque exclusivement &#8230;<\/p>\n<p><a href=\"https:\/\/www.auditsi.eu\/?page_id=3413\" class=\"more-link\">Continue reading &lsquo;Un format de support de stockage original : le disque \u00e0 microsillon&rsquo; &raquo;<\/a><\/p>\n<div style=\"padding-bottom:20px; padding-top:10px;\" class=\"hupso-share-buttons\"><!-- Hupso Share Buttons - https:\/\/www.hupso.com\/share\/ --><a class=\"hupso_counters\" href=\"https:\/\/www.hupso.com\/share\/\"><img src=\"https:\/\/static.hupso.com\/share\/buttons\/lang\/fr\/share-small.png\" style=\"border:0px; padding-top:2px; float:left;\" alt=\"Share Button\"\/><\/a><script type=\"text\/javascript\">var hupso_services_c=new Array(\"twitter\",\"facebook_like\",\"facebook_send\",\"email\",\"print\",\"linkedin\");var hupso_counters_lang = \"fr_FR\";var hupso_image_folder_url = \"\";var hupso_twitter_via=\"BenoitRiviere14\";var hupso_url_c=\"\";var hupso_title_c=\"Un%20format%20de%20support%20de%20stockage%20original%20%3A%20le%20disque%20%C3%A0%20microsillon\";<\/script><script type=\"text\/javascript\" src=\"https:\/\/static.hupso.com\/share\/js\/counters.js\"><\/script><!-- Hupso Share Buttons --><\/div>","protected":false},"author":1,"featured_media":0,"parent":0,"menu_order":0,"comment_status":"open","ping_status":"open","template":"","meta":{"advanced_seo_description":"","jetpack_seo_html_title":"","jetpack_seo_noindex":false,"ngg_post_thumbnail":0,"footnotes":"","_links_to":"","_links_to_target":""},"class_list":["post-3413","page","type-page","status-publish","hentry"],"jetpack_sharing_enabled":true,"jetpack_likes_enabled":false,"_links":{"self":[{"href":"https:\/\/www.auditsi.eu\/index.php?rest_route=\/wp\/v2\/pages\/3413","targetHints":{"allow":["GET"]}}],"collection":[{"href":"https:\/\/www.auditsi.eu\/index.php?rest_route=\/wp\/v2\/pages"}],"about":[{"href":"https:\/\/www.auditsi.eu\/index.php?rest_route=\/wp\/v2\/types\/page"}],"author":[{"embeddable":true,"href":"https:\/\/www.auditsi.eu\/index.php?rest_route=\/wp\/v2\/users\/1"}],"replies":[{"embeddable":true,"href":"https:\/\/www.auditsi.eu\/index.php?rest_route=%2Fwp%2Fv2%2Fcomments&post=3413"}],"version-history":[{"count":7,"href":"https:\/\/www.auditsi.eu\/index.php?rest_route=\/wp\/v2\/pages\/3413\/revisions"}],"predecessor-version":[{"id":3416,"href":"https:\/\/www.auditsi.eu\/index.php?rest_route=\/wp\/v2\/pages\/3413\/revisions\/3416"}],"wp:attachment":[{"href":"https:\/\/www.auditsi.eu\/index.php?rest_route=%2Fwp%2Fv2%2Fmedia&parent=3413"}],"curies":[{"name":"wp","href":"https:\/\/api.w.org\/{rel}","templated":true}]}}