{"id":3382,"date":"2013-07-14T00:13:39","date_gmt":"2013-07-13T22:13:39","guid":{"rendered":"http:\/\/www.auditsi.eu\/?page_id=3382"},"modified":"2013-07-26T10:16:58","modified_gmt":"2013-07-26T08:16:58","slug":"remerciements-2012","status":"publish","type":"page","link":"https:\/\/www.auditsi.eu\/?page_id=3382","title":{"rendered":"Remerciements 2012"},"content":{"rendered":"<p style=\"text-align: justify;\"><a title=\"Remerciements\" href=\"http:\/\/www.auditsi.eu\/?page_id=2065\">Retour vers la page des remerciements&#8230;<\/a><\/p>\n<p style=\"text-align: center;\">&#8212;&#8211;2012&#8212;&#8211;<\/p>\n<p style=\"text-align: justify;\">En 2012, ma collection de machines des ann\u00e9es 80 a une nouvelle fois pris un coup de fouet avec des dons (Oric Atmos, Atari ST et Mega ST, Thomson TO7\u2026) en provenance de toute la France : Vaucluse, Calvados, r\u00e9gion parisienne\u2026 Petit \u00e0 petit, ma collection d\u2019ordinateurs se compl\u00e8te et atteint mon objectif : \u00e0 fin 2012, j\u2019ai quasiment toutes les machines que je recherchais (il est vrai que mon objectif est modeste) ! Le rayon documentation est moins fourni, c\u2019est mon seul regret pour cette ann\u00e9e 2012. J\u2019apprends en effet r\u00e9guli\u00e8rement de mes donateurs qu\u2019ils ont jet\u00e9 livres et journaux qu\u2019ils pensaient sans int\u00e9r\u00eat (un donateur que je ne citerais pas a mis en d\u00e9ch\u00e8terie sa collection d\u2019Hebdogiciel, snif) alors que c\u2019est finalement ce qui m\u2019int\u00e9resse le plus pour pouvoir compl\u00e9ter ma r\u00e9trospective de l\u2019informatique des ann\u00e9es 80.<\/p>\n<p style=\"text-align: justify;\">En conclusion, l\u2019ann\u00e9e 2012 m\u2019a permis de compl\u00e9ter ma collection beaucoup plus rapidement que je ne l\u2019avais envisag\u00e9. Je vais axer 2013 sur la recherche de documentation. Le temps presse. Les greniers et caves se vident au fur et \u00e0 mesure des d\u00e9m\u00e9nagements. Les \u00ab vieux papiers \u00bb jet\u00e9s en d\u00e9ch\u00e8teries sont autant de m\u00e9moire de l\u2019histoire de l\u2019informatique perdue irr\u00e9m\u00e9diablement\u2026<\/p>\n<p style=\"text-align: justify;\"><span style=\"font-size: small;\"><em>Je n\u2019ai eu l\u2019id\u00e9e de remercier publiquement mes g\u00e9n\u00e9reux donateurs qu\u2019en cours d\u2019ann\u00e9e. M\u00eame si les pr\u00e9c\u00e9dents dons n\u2019ont pas fait l\u2019objet d\u2019une mention sur cette page, je les ai personnellement contact\u00e9s pour leur faire part de ma gratitude et je leur renouvelle mes remerciements encore une fois. <\/em><\/span><\/p>\n<div id=\"attachment_2741\" style=\"width: 421px\" class=\"wp-caption aligncenter\"><a href=\"http:\/\/www.auditsi.eu\/?attachment_id=2741\" rel=\"attachment wp-att-2741\"><img loading=\"lazy\" decoding=\"async\" aria-describedby=\"caption-attachment-2741\" class=\"size-full wp-image-2741\" alt=\"Merci \u00e0 B\u00e9atrice (51) pour ses livres et magazines pour APPLE II\" src=\"https:\/\/www.auditsi.eu\/wp-content\/uploads\/2012\/09\/DSCN7848.jpg\" width=\"411\" height=\"336\" srcset=\"https:\/\/www.auditsi.eu\/wp-content\/uploads\/2012\/09\/DSCN7848.jpg 411w, https:\/\/www.auditsi.eu\/wp-content\/uploads\/2012\/09\/DSCN7848-300x245.jpg 300w\" sizes=\"auto, (max-width: 411px) 100vw, 411px\" \/><\/a><p id=\"caption-attachment-2741\" class=\"wp-caption-text\">Merci \u00e0 B\u00e9atrice (51) pour ses livres et magazines pour APPLE II<\/p><\/div>\n<div id=\"attachment_2661\" style=\"width: 458px\" class=\"wp-caption aligncenter\"><a href=\"https:\/\/www.auditsi.eu\/wp-content\/uploads\/2012\/09\/DSCN7734.jpg\"><img loading=\"lazy\" decoding=\"async\" aria-describedby=\"caption-attachment-2661\" class=\"size-full wp-image-2661\" title=\"Merci \u00e0 Micka\u00ebl (14) pour son ATARI 1040 STE allemand et son moniteur SM124\" alt=\"Merci \u00e0 Micka\u00ebl (14) pour son ATARI 1040 STE allemand et son moniteur SM124\" src=\"https:\/\/www.auditsi.eu\/wp-content\/uploads\/2012\/09\/DSCN7734.jpg\" width=\"448\" height=\"336\" srcset=\"https:\/\/www.auditsi.eu\/wp-content\/uploads\/2012\/09\/DSCN7734.jpg 448w, https:\/\/www.auditsi.eu\/wp-content\/uploads\/2012\/09\/DSCN7734-300x224.jpg 300w\" sizes=\"auto, (max-width: 448px) 100vw, 448px\" \/><\/a><p id=\"caption-attachment-2661\" class=\"wp-caption-text\">Merci \u00e0 Micka\u00ebl (14) pour son ATARI 1040 STE allemand et son moniteur SM124<\/p><\/div>\n<div id=\"attachment_2490\" style=\"width: 389px\" class=\"wp-caption aligncenter\"><a href=\"https:\/\/www.auditsi.eu\/wp-content\/uploads\/2012\/09\/DSCN7722.jpg\"><img loading=\"lazy\" decoding=\"async\" aria-describedby=\"caption-attachment-2490\" class=\"size-full wp-image-2490\" title=\"Merci \u00e0 Claude (38) pour son manuel utilisateur BULL MICRAL 65, son MS\/DOS 5.0 et ses manuels utilisateur Word DOS et Windows\" alt=\"Merci \u00e0 Claude (38) pour son manuel utilisateur BULL MICRAL 65, son MS\/DOS 5.0 et ses manuels utilisateur Word DOS et Windows\" src=\"https:\/\/www.auditsi.eu\/wp-content\/uploads\/2012\/09\/DSCN7722.jpg\" width=\"379\" height=\"336\" srcset=\"https:\/\/www.auditsi.eu\/wp-content\/uploads\/2012\/09\/DSCN7722.jpg 379w, https:\/\/www.auditsi.eu\/wp-content\/uploads\/2012\/09\/DSCN7722-300x265.jpg 300w\" sizes=\"auto, (max-width: 379px) 100vw, 379px\" \/><\/a><p id=\"caption-attachment-2490\" class=\"wp-caption-text\">Merci \u00e0 Claude (38) pour son manuel utilisateur BULL MICRAL 65, son MS\/DOS 5.0 et ses manuels utilisateur Word DOS et Windows<\/p><\/div>\n<div id=\"attachment_2418\" style=\"width: 458px\" class=\"wp-caption aligncenter\"><a href=\"https:\/\/www.auditsi.eu\/wp-content\/uploads\/2012\/09\/DSCN7688.jpg\"><img loading=\"lazy\" decoding=\"async\" aria-describedby=\"caption-attachment-2418\" class=\"size-full wp-image-2418\" title=\"Merci \u00e0 Y\u00e9y\u00e9 www.osid.fr (61) pour ses logiciels pour ATARI ST : Silent Service, The Music Studio, Arkanoid...\" alt=\"Merci \u00e0 Y\u00e9y\u00e9 www.osid.fr (61) pour ses logiciels pour ATARI ST : Silent Service, The Music Studio, Arkanoid...\" src=\"https:\/\/www.auditsi.eu\/wp-content\/uploads\/2012\/09\/DSCN7688.jpg\" width=\"448\" height=\"295\" srcset=\"https:\/\/www.auditsi.eu\/wp-content\/uploads\/2012\/09\/DSCN7688.jpg 448w, https:\/\/www.auditsi.eu\/wp-content\/uploads\/2012\/09\/DSCN7688-300x197.jpg 300w\" sizes=\"auto, (max-width: 448px) 100vw, 448px\" \/><\/a><p id=\"caption-attachment-2418\" class=\"wp-caption-text\">Merci \u00e0 <a title=\"http:\/\/www.osid.fr\" href=\"http:\/\/www.osid.fr\" target=\"_blank\">Y\u00e9y\u00e9<\/a> (61) pour ses logiciels pour ATARI ST : Silent Service, The Music Studio, Arkanoid&#8230;<\/p><\/div>\n<div id=\"attachment_2416\" style=\"width: 346px\" class=\"wp-caption aligncenter\"><a href=\"https:\/\/www.auditsi.eu\/wp-content\/uploads\/2012\/09\/DSCN7685.jpg\"><img loading=\"lazy\" decoding=\"async\" aria-describedby=\"caption-attachment-2416\" class=\"size-full wp-image-2416\" title=\"Merci \u00e0 Y\u00e9y\u00e9 www.osid.fr (61) pour ses manuels BASIC IBM PC et BASIC \u00e9tendu pour TI-99\/4 et TI-99\/4A\" alt=\"Merci \u00e0 Y\u00e9y\u00e9 www.osid.fr (61) pour ses manuels BASIC IBM PC et BASIC \u00e9tendu pour TI-99\/4 et TI-99\/4A\" src=\"https:\/\/www.auditsi.eu\/wp-content\/uploads\/2012\/09\/DSCN7685.jpg\" width=\"336\" height=\"384\" srcset=\"https:\/\/www.auditsi.eu\/wp-content\/uploads\/2012\/09\/DSCN7685.jpg 336w, https:\/\/www.auditsi.eu\/wp-content\/uploads\/2012\/09\/DSCN7685-262x300.jpg 262w\" sizes=\"auto, (max-width: 336px) 100vw, 336px\" \/><\/a><p id=\"caption-attachment-2416\" class=\"wp-caption-text\">Merci \u00e0 <a title=\"http:\/\/www.osid.fr\" href=\"http:\/\/www.osid.fr\" target=\"_blank\">Y\u00e9y\u00e9<\/a> (61) pour ses manuels BASIC IBM PC et BASIC \u00e9tendu pour TI-99\/4 et TI-99\/4A<\/p><\/div>\n<div id=\"attachment_2414\" style=\"width: 447px\" class=\"wp-caption aligncenter\"><a href=\"https:\/\/www.auditsi.eu\/wp-content\/uploads\/2012\/09\/DSCN7684.jpg\"><img loading=\"lazy\" decoding=\"async\" aria-describedby=\"caption-attachment-2414\" class=\"size-full wp-image-2414\" title=\"Merci \u00e0 Y\u00e9y\u00e9 www.osid.fr (61) pour ses manuels utilisateur AMSTRAD CPC 6128 et PPC 512 \/ 640, livres et logiciels \u00e9ducatifs et jeux (Head Over Heels)\" alt=\"Merci \u00e0 Y\u00e9y\u00e9 www.osid.fr (61) pour ses manuels utilisateur AMSTRAD CPC 6128 et PPC 512 \/ 640, livres et logiciels \u00e9ducatifs et jeux (Head Over Heels)\" src=\"https:\/\/www.auditsi.eu\/wp-content\/uploads\/2012\/09\/DSCN7684.jpg\" width=\"437\" height=\"336\" srcset=\"https:\/\/www.auditsi.eu\/wp-content\/uploads\/2012\/09\/DSCN7684.jpg 437w, https:\/\/www.auditsi.eu\/wp-content\/uploads\/2012\/09\/DSCN7684-300x230.jpg 300w\" sizes=\"auto, (max-width: 437px) 100vw, 437px\" \/><\/a><p id=\"caption-attachment-2414\" class=\"wp-caption-text\">Merci \u00e0 <a title=\"http:\/\/www.osid.fr\" href=\"http:\/\/www.osid.fr\" target=\"_blank\">Y\u00e9y\u00e9<\/a> (61) pour ses manuels utilisateur AMSTRAD CPC 6128 et PPC 512 \/ 640, livres et logiciels \u00e9ducatifs et jeux (Head Over Heels)<\/p><\/div>\n<div id=\"attachment_2413\" style=\"width: 389px\" class=\"wp-caption aligncenter\"><a href=\"https:\/\/www.auditsi.eu\/wp-content\/uploads\/2012\/09\/DSCN7683.jpg\"><img loading=\"lazy\" decoding=\"async\" aria-describedby=\"caption-attachment-2413\" class=\"size-full wp-image-2413\" title=\"Merci \u00e0 Y\u00e9y\u00e9 www.osid.fr (61) pour cassettes pour Oric 1 et Atmos, Sinclair, ZX Spectrum, MO5 \/ TO7 et VG 5000\" alt=\"Merci \u00e0 Y\u00e9y\u00e9 www.osid.fr (61) pour cassettes pour Oric 1 et Atmos, Sinclair, ZX Spectrum, MO5 \/ TO7 et VG 5000\" src=\"https:\/\/www.auditsi.eu\/wp-content\/uploads\/2012\/09\/DSCN7683.jpg\" width=\"379\" height=\"336\" srcset=\"https:\/\/www.auditsi.eu\/wp-content\/uploads\/2012\/09\/DSCN7683.jpg 379w, https:\/\/www.auditsi.eu\/wp-content\/uploads\/2012\/09\/DSCN7683-300x265.jpg 300w\" sizes=\"auto, (max-width: 379px) 100vw, 379px\" \/><\/a><p id=\"caption-attachment-2413\" class=\"wp-caption-text\">Merci \u00e0 <a title=\"http:\/\/www.osid.fr\" href=\"http:\/\/www.osid.fr\" target=\"_blank\">Y\u00e9y\u00e9<\/a> (61) pour ses cassettes pour Oric 1 et Atmos, Sinclair, ZX Spectrum, MO5 \/ TO7 et VG 5000<\/p><\/div>\n<div id=\"attachment_2412\" style=\"width: 490px\" class=\"wp-caption aligncenter\"><a href=\"https:\/\/www.auditsi.eu\/wp-content\/uploads\/2012\/09\/DSCN7678.jpg\"><img loading=\"lazy\" decoding=\"async\" aria-describedby=\"caption-attachment-2412\" class=\"size-full wp-image-2412\" title=\"Merci \u00e0 Y\u00e9y\u00e9 www.osid.fr (61) pour son manuel utilisateur PC SHARP MZ-700 et cassettes\" alt=\"Merci \u00e0 Y\u00e9y\u00e9 www.osid.fr (61) pour son manuel utilisateur PC SHARP MZ-700 et cassettes\" src=\"https:\/\/www.auditsi.eu\/wp-content\/uploads\/2012\/09\/DSCN7678.jpg\" width=\"480\" height=\"614\" srcset=\"https:\/\/www.auditsi.eu\/wp-content\/uploads\/2012\/09\/DSCN7678.jpg 480w, https:\/\/www.auditsi.eu\/wp-content\/uploads\/2012\/09\/DSCN7678-234x300.jpg 234w\" sizes=\"auto, (max-width: 480px) 100vw, 480px\" \/><\/a><p id=\"caption-attachment-2412\" class=\"wp-caption-text\">Merci \u00e0 <a title=\"http:\/\/www.osid.fr\" href=\"http:\/\/www.osid.fr\" target=\"_blank\">Y\u00e9y\u00e9<\/a> (61) pour son manuel utilisateur PC SHARP MZ-700 et cassettes<\/p><\/div>\n<div id=\"attachment_2284\" style=\"width: 458px\" class=\"wp-caption aligncenter\"><a href=\"https:\/\/www.auditsi.eu\/wp-content\/uploads\/2012\/09\/DSCN7624.jpg\"><img loading=\"lazy\" decoding=\"async\" aria-describedby=\"caption-attachment-2284\" class=\"size-full wp-image-2284\" title=\"Merci \u00e0 JeanFi (27) pour ses quatre jeux MSX en cartouches : Super Cobra, Banana, Time Pilot et un jeu de chars\" alt=\"Merci \u00e0 JeanFi (27) pour ses quatre jeux MSX en cartouches : Super Cobra, Banana, Time Pilot et un jeu de chars\" src=\"https:\/\/www.auditsi.eu\/wp-content\/uploads\/2012\/09\/DSCN7624.jpg\" width=\"448\" height=\"640\" srcset=\"https:\/\/www.auditsi.eu\/wp-content\/uploads\/2012\/09\/DSCN7624.jpg 448w, https:\/\/www.auditsi.eu\/wp-content\/uploads\/2012\/09\/DSCN7624-210x300.jpg 210w\" sizes=\"auto, (max-width: 448px) 100vw, 448px\" \/><\/a><p id=\"caption-attachment-2284\" class=\"wp-caption-text\">Merci \u00e0 JeanPhi (27) pour ses quatre jeux MSX en cartouches : Super Cobra, Helitank, Banana et Time Pilot<\/p><\/div>\n<div id=\"attachment_2207\" style=\"width: 458px\" class=\"wp-caption aligncenter\"><a href=\"https:\/\/www.auditsi.eu\/wp-content\/uploads\/2012\/09\/DSCN7467.jpg\"><img loading=\"lazy\" decoding=\"async\" aria-describedby=\"caption-attachment-2207\" class=\"size-full wp-image-2207\" title=\"Merci \u00e0 Fran\u00e7oise (91) pour son ATARI MEGA ST, ses nombreux logiciels et documentation\" alt=\"Merci \u00e0 Fran\u00e7oise (91) pour son ATARI MEGA ST, ses nombreux logiciels et documentation\" src=\"https:\/\/www.auditsi.eu\/wp-content\/uploads\/2012\/09\/DSCN7467.jpg\" width=\"448\" height=\"248\" srcset=\"https:\/\/www.auditsi.eu\/wp-content\/uploads\/2012\/09\/DSCN7467.jpg 448w, https:\/\/www.auditsi.eu\/wp-content\/uploads\/2012\/09\/DSCN7467-300x166.jpg 300w\" sizes=\"auto, (max-width: 448px) 100vw, 448px\" \/><\/a><p id=\"caption-attachment-2207\" class=\"wp-caption-text\">Merci \u00e0 Fran\u00e7oise (91) pour son ATARI MEGA ST, ses nombreux logiciels et documentation<\/p><\/div>\n<div id=\"attachment_2206\" style=\"width: 458px\" class=\"wp-caption aligncenter\"><a href=\"https:\/\/www.auditsi.eu\/wp-content\/uploads\/2012\/09\/DSCN7471.jpg\"><img loading=\"lazy\" decoding=\"async\" aria-describedby=\"caption-attachment-2206\" class=\"size-full wp-image-2206\" title=\"Merci \u00e0 Fran\u00e7oise (91) pour son TO7\/70, ses accessoires et logiciels\" alt=\"Merci \u00e0 Fran\u00e7oise (91) pour son TO7\/70, ses accessoires et logiciels\" src=\"https:\/\/www.auditsi.eu\/wp-content\/uploads\/2012\/09\/DSCN7471.jpg\" width=\"448\" height=\"336\" srcset=\"https:\/\/www.auditsi.eu\/wp-content\/uploads\/2012\/09\/DSCN7471.jpg 448w, https:\/\/www.auditsi.eu\/wp-content\/uploads\/2012\/09\/DSCN7471-300x224.jpg 300w\" sizes=\"auto, (max-width: 448px) 100vw, 448px\" \/><\/a><p id=\"caption-attachment-2206\" class=\"wp-caption-text\">Merci \u00e0 Fran\u00e7oise (91) pour son TO7\/70, ses accessoires et logiciels<\/p><\/div>\n<div id=\"attachment_2078\" style=\"width: 458px\" class=\"wp-caption aligncenter\"><a href=\"https:\/\/www.auditsi.eu\/wp-content\/uploads\/2012\/09\/DSCN7267.jpg\"><img loading=\"lazy\" decoding=\"async\" aria-describedby=\"caption-attachment-2078\" class=\"size-full wp-image-2078\" title=\"Merci \u00e0 Odile (84) pour son Oric Atmos en mallette\" alt=\"Merci \u00e0 Odile (84) pour son Oric Atmos en mallette\" src=\"https:\/\/www.auditsi.eu\/wp-content\/uploads\/2012\/09\/DSCN7267.jpg\" width=\"448\" height=\"336\" srcset=\"https:\/\/www.auditsi.eu\/wp-content\/uploads\/2012\/09\/DSCN7267.jpg 448w, https:\/\/www.auditsi.eu\/wp-content\/uploads\/2012\/09\/DSCN7267-300x224.jpg 300w\" sizes=\"auto, (max-width: 448px) 100vw, 448px\" \/><\/a><p id=\"caption-attachment-2078\" class=\"wp-caption-text\">Merci \u00e0 Odile (84) pour son Oric Atmos en mallette<\/p><\/div>\n<div id=\"attachment_2071\" style=\"width: 458px\" class=\"wp-caption aligncenter\"><a href=\"https:\/\/www.auditsi.eu\/wp-content\/uploads\/2012\/09\/DSCN72631.jpg\"><img loading=\"lazy\" decoding=\"async\" aria-describedby=\"caption-attachment-2071\" class=\"size-full wp-image-2071\" title=\"Merci \u00e0 Fabrice (38) pour ces livres ATARI ST\" alt=\"Merci \u00e0 Fabrice (38) pour ces livres ATARI ST\" src=\"https:\/\/www.auditsi.eu\/wp-content\/uploads\/2012\/09\/DSCN72631.jpg\" width=\"448\" height=\"336\" srcset=\"https:\/\/www.auditsi.eu\/wp-content\/uploads\/2012\/09\/DSCN72631.jpg 448w, https:\/\/www.auditsi.eu\/wp-content\/uploads\/2012\/09\/DSCN72631-300x224.jpg 300w\" sizes=\"auto, (max-width: 448px) 100vw, 448px\" \/><\/a><p id=\"caption-attachment-2071\" class=\"wp-caption-text\">Merci \u00e0 Fabrice (38, Is\u00e8re) pour ses livres et logiciels pour ATARI ST<\/p><\/div>\n<div style=\"padding-bottom:20px; padding-top:10px;\" class=\"hupso-share-buttons\"><!-- Hupso Share Buttons - https:\/\/www.hupso.com\/share\/ --><a class=\"hupso_counters\" href=\"https:\/\/www.hupso.com\/share\/\"><img decoding=\"async\" src=\"https:\/\/static.hupso.com\/share\/buttons\/lang\/fr\/share-small.png\" style=\"border:0px; padding-top:2px; float:left;\" alt=\"Share Button\"\/><\/a><script type=\"text\/javascript\">var hupso_services_c=new Array(\"twitter\",\"facebook_like\",\"facebook_send\",\"email\",\"print\",\"linkedin\");var hupso_counters_lang = \"fr_FR\";var hupso_image_folder_url = \"\";var hupso_twitter_via=\"BenoitRiviere14\";var hupso_url_c=\"\";var hupso_title_c=\"Remerciements%202012\";<\/script><script type=\"text\/javascript\" src=\"https:\/\/static.hupso.com\/share\/js\/counters.js\"><\/script><!-- Hupso Share Buttons --><\/div>","protected":false},"excerpt":{"rendered":"<p>Retour vers la page des remerciements&#8230; &#8212;&#8211;2012&#8212;&#8211; En 2012, ma collection de machines des ann\u00e9es 80 a une nouvelle fois pris un coup de fouet avec des dons (Oric Atmos, Atari ST et Mega ST, Thomson TO7\u2026) en provenance de toute la France : Vaucluse, Calvados, r\u00e9gion parisienne\u2026 Petit \u00e0 petit, ma collection d\u2019ordinateurs se &#8230;<\/p>\n<p><a href=\"https:\/\/www.auditsi.eu\/?page_id=3382\" class=\"more-link\">Continue reading &lsquo;Remerciements 2012&rsquo; &raquo;<\/a><\/p>\n<div style=\"padding-bottom:20px; padding-top:10px;\" class=\"hupso-share-buttons\"><!-- Hupso Share Buttons - https:\/\/www.hupso.com\/share\/ --><a class=\"hupso_counters\" href=\"https:\/\/www.hupso.com\/share\/\"><img src=\"https:\/\/static.hupso.com\/share\/buttons\/lang\/fr\/share-small.png\" style=\"border:0px; padding-top:2px; float:left;\" alt=\"Share Button\"\/><\/a><script type=\"text\/javascript\">var hupso_services_c=new Array(\"twitter\",\"facebook_like\",\"facebook_send\",\"email\",\"print\",\"linkedin\");var hupso_counters_lang = \"fr_FR\";var hupso_image_folder_url = \"\";var hupso_twitter_via=\"BenoitRiviere14\";var hupso_url_c=\"\";var hupso_title_c=\"Remerciements%202012\";<\/script><script type=\"text\/javascript\" src=\"https:\/\/static.hupso.com\/share\/js\/counters.js\"><\/script><!-- Hupso Share Buttons --><\/div>","protected":false},"author":1,"featured_media":0,"parent":0,"menu_order":0,"comment_status":"open","ping_status":"open","template":"","meta":{"advanced_seo_description":"","jetpack_seo_html_title":"","jetpack_seo_noindex":false,"ngg_post_thumbnail":0,"footnotes":"","_links_to":"","_links_to_target":""},"class_list":["post-3382","page","type-page","status-publish","hentry"],"jetpack_sharing_enabled":true,"jetpack_likes_enabled":false,"_links":{"self":[{"href":"https:\/\/www.auditsi.eu\/index.php?rest_route=\/wp\/v2\/pages\/3382","targetHints":{"allow":["GET"]}}],"collection":[{"href":"https:\/\/www.auditsi.eu\/index.php?rest_route=\/wp\/v2\/pages"}],"about":[{"href":"https:\/\/www.auditsi.eu\/index.php?rest_route=\/wp\/v2\/types\/page"}],"author":[{"embeddable":true,"href":"https:\/\/www.auditsi.eu\/index.php?rest_route=\/wp\/v2\/users\/1"}],"replies":[{"embeddable":true,"href":"https:\/\/www.auditsi.eu\/index.php?rest_route=%2Fwp%2Fv2%2Fcomments&post=3382"}],"version-history":[{"count":4,"href":"https:\/\/www.auditsi.eu\/index.php?rest_route=\/wp\/v2\/pages\/3382\/revisions"}],"predecessor-version":[{"id":4523,"href":"https:\/\/www.auditsi.eu\/index.php?rest_route=\/wp\/v2\/pages\/3382\/revisions\/4523"}],"wp:attachment":[{"href":"https:\/\/www.auditsi.eu\/index.php?rest_route=%2Fwp%2Fv2%2Fmedia&parent=3382"}],"curies":[{"name":"wp","href":"https:\/\/api.w.org\/{rel}","templated":true}]}}